{"id":91525,"date":"2023-09-27T18:14:20","date_gmt":"2023-09-27T16:14:20","guid":{"rendered":"https:\/\/secureus.se\/elslutbleck-960m-rattvand-12-24v-kolvkontakt-5m-kabel\/"},"modified":"2026-04-23T12:21:10","modified_gmt":"2026-04-23T10:21:10","slug":"elslutbleck-960m-rattvand-12-24v-kolvkontakt-5m-kabel","status":"publish","type":"product","link":"https:\/\/secureus.se\/pl\/elslutbleck-960m-rattvand-12-24v-kolvkontakt-5m-kabel\/","title":{"rendered":"Elektryczna p\u0142yta ko\u0144cowa 960M Skierowana w prawo 12\u201324 V Z\u0142\u0105cze t\u0142okowe Kabel 5 m"},"content":{"rendered":"<h1>Elektryczna p\u0142yta ko\u0144cowa 960M Skierowana w prawo 12\u201324 V Z\u0142\u0105cze t\u0142okowe Kabel 5 m<\/h1>\n<p class=\"\" data-start=\"389\" data-end=\"582\">Elektryczna p\u0142yta zaczepowa 960M z funkcj\u0105 prawego zamka, napi\u0119cie 12-24 V, styk t\u0142okowy i kabel 5 m. Do drzwi o wysokich wymaganiach dotycz\u0105cych bezpiecze\u0144stwa i docisku. Klasa ogniowa E\/EI 120.<\/p>\n<p class=\"\" data-start=\"618\" data-end=\"1000\">Elektrozaczep 960M przeznaczony jest do drzwi o du\u017cych wymaganiach dotycz\u0105cych docisku listwy i standardowych wymaganiach bezpiecze\u0144stwa.<\/p>\n<p class=\"\" data-start=\"618\" data-end=\"1000\">Model ten szczeg\u00f3lnie nadaje si\u0119 do stosowania w systemach drzwiowych s\u0142u\u017c\u0105cych do blokowania dziennego w obiektach ochrony przeciwpo\u017carowej oraz do blokowania wewn\u0119trznego w obiektach handlowych, biurowych, przemys\u0142owych, a tak\u017ce w wej\u015bciach i pomieszczeniach u\u017cyteczno\u015bci publicznej w budynkach mieszkalnych.<\/p>\n<p class=\"\" data-start=\"1002\" data-end=\"1433\">Dzi\u0119ki funkcji otwierania po prawej stronie (blokada w przypadku zaniku zasilania), wytrzyma\u0142o\u015bci na zerwanie 1500 kg (15 kN) i odporno\u015bci ogniowej do E\/EI 120 zamek 960M nadaje si\u0119 do drzwi nara\u017conych na wi\u0119ksze obci\u0105\u017cenia, w tym wysoki nacisk pas\u00f3w i \u015brodowiska o du\u017cej cz\u0119stotliwo\u015bci otwierania i zamykania.<\/p>\n<p class=\"\" data-start=\"1002\" data-end=\"1433\">Zaczep elektryczny zaprojektowano tak, aby wytrzymywa\u0142 wstrz\u0105sy i uderzenia, dzi\u0119ki czemu doskonale nadaje si\u0119 do zastosowa\u0144 komercyjnych i przemys\u0142owych.<\/p>\n<p class=\"\" data-start=\"1435\" data-end=\"1722\">Zamek elektryczny 960M wyposa\u017cony jest w styk t\u0142okowy i styk kotwi\u0105cy. Dostarczany jest z 5-metrowym kablem przy\u0142\u0105czeniowym dla \u0142atwej instalacji.<\/p>\n<p class=\"\" data-start=\"1435\" data-end=\"1722\">Nadaje si\u0119 do stosowania z zamkami z pojedynczym lub podw\u00f3jnym zatrzaskiem i jest kompatybilny ze wszystkimi s\u0142upkami monta\u017cowymi serii 900.<\/p>\n<p class=\"\" data-start=\"1724\" data-end=\"1984\">Opatentowana technologia docisku listwy umo\u017cliwia otwarcie drzwi nawet przy nara\u017ceniu na nacisk listwy wynosz\u0105cy do 200 kg.<\/p>\n<p class=\"\" data-start=\"1724\" data-end=\"1984\">P\u0142yta zaczepu elektrycznego jest solidna, wykonana ze stali i wyposa\u017cona w stalowy sworze\u0144, kt\u00f3ry zapewnia wysok\u0105 trwa\u0142o\u015b\u0107 i d\u0142ug\u0105 \u017cywotno\u015b\u0107.<\/p>\n<p class=\"\" data-start=\"1986\" data-end=\"2016\">G\u0142\u00f3wne cechy i korzy\u015bci:<\/p>\n<ul data-start=\"2017\" data-end=\"2561\">\n<li class=\"\" data-start=\"2017\" data-end=\"2123\">\n<p class=\"\" data-start=\"2019\" data-end=\"2123\">Prawid\u0142owe dzia\u0142anie: Blokada w przypadku zaniku zasilania, zapewnia, \u017ce drzwi pozostan\u0105 zamkni\u0119te w przypadku zaniku zasilania.<\/p>\n<\/li>\n<li class=\"\" data-start=\"2124\" data-end=\"2204\">\n<p class=\"\" data-start=\"2126\" data-end=\"2204\">Wytrzyma\u0142o\u015b\u0107 na zerwanie: Wysoka wytrzyma\u0142o\u015b\u0107 na zerwanie wynosz\u0105ca 1500 kg (15 kN) zapewnia dodatkowe bezpiecze\u0144stwo.<\/p>\n<\/li>\n<li class=\"\" data-start=\"2205\" data-end=\"2275\">\n<p class=\"\" data-start=\"2207\" data-end=\"2275\">Klasyfikacja ogniowa: Zatwierdzona odporno\u015b\u0107 ogniowa do E\/EI 120.<\/p>\n<\/li>\n<li class=\"\" data-start=\"2276\" data-end=\"2355\">\n<p class=\"\" data-start=\"2278\" data-end=\"2355\">Wysoka odporno\u015b\u0107 na wstrz\u0105sy i uderzenia: Solidna konstrukcja wytrzymuje trudne warunki otoczenia.<\/p>\n<\/li>\n<li class=\"\" data-start=\"2356\" data-end=\"2419\">\n<p class=\"\" data-start=\"2358\" data-end=\"2419\">Nacisk ta\u015bmy: Otwiera si\u0119 nawet przy nacisku ta\u015bmy do 200 kg.<\/p>\n<\/li>\n<li class=\"\" data-start=\"2420\" data-end=\"2488\">\n<p class=\"\" data-start=\"2422\" data-end=\"2488\">Styk t\u0142oka i styk wirnika: dla niezawodnej i bezpiecznej pracy.<\/p>\n<\/li>\n<li class=\"\" data-start=\"2489\" data-end=\"2561\">\n<p class=\"\" data-start=\"2491\" data-end=\"2561\">D\u0142ugi kabel: w zestawie znajduje si\u0119 5-metrowy kabel po\u0142\u0105czeniowy umo\u017cliwiaj\u0105cy \u0142atw\u0105 instalacj\u0119.<\/p>\n<\/li>\n<\/ul>\n<p class=\"\" data-start=\"2563\" data-end=\"2838\">Zgodno\u015b\u0107: Pasuje do zamk\u00f3w jedno- i dwuskrzyd\u0142owych i jest kompatybilny ze wszystkimi s\u0142upkami monta\u017cowymi serii 900.<\/p>\n<p class=\"\" data-start=\"2563\" data-end=\"2838\">Doskonale nadaje si\u0119 do stosowania w drzwiach o wysokich wymaganiach bezpiecze\u0144stwa i wysokim ci\u015bnieniu formowania. Mo\u017cna go u\u017cywa\u0107 zar\u00f3wno w obiektach komercyjnych, jak i przemys\u0142owych.<\/p>\n<p class=\"\" data-start=\"2840\" data-end=\"2869\">Dane techniczne:<\/p>\n<ul data-start=\"2870\" data-end=\"3332\">\n<li class=\"\" data-start=\"2870\" data-end=\"2898\">\n<p class=\"\" data-start=\"2872\" data-end=\"2898\">Szeroko\u015b\u0107 produktu: 26,5 mm<\/p>\n<\/li>\n<li class=\"\" data-start=\"2899\" data-end=\"2925\">\n<p class=\"\" data-start=\"2901\" data-end=\"2925\">Wysoko\u015b\u0107 produktu: 140 mm<\/p>\n<\/li>\n<li class=\"\" data-start=\"2926\" data-end=\"2951\">\n<p class=\"\" data-start=\"2928\" data-end=\"2951\">G\u0142\u0119boko\u015b\u0107 produktu: 35 mm<\/p>\n<\/li>\n<li class=\"\" data-start=\"2952\" data-end=\"2977\">\n<p class=\"\" data-start=\"2954\" data-end=\"2977\">D\u0142ugo\u015b\u0107 kabla: 5 metr\u00f3w<\/p>\n<\/li>\n<li class=\"\" data-start=\"2978\" data-end=\"3027\">\n<p class=\"\" data-start=\"2980\" data-end=\"3027\">Zasilanie: 12-24V AC\/DC, +15% \/ -10%<\/p>\n<\/li>\n<li class=\"\" data-start=\"3028\" data-end=\"3070\">\n<p class=\"\" data-start=\"3030\" data-end=\"3070\">Maksymalna si\u0142a zrywaj\u0105ca: 1500 kg (15 kN)<\/p>\n<\/li>\n<li class=\"\" data-start=\"3071\" data-end=\"3094\">\n<p class=\"\" data-start=\"3073\" data-end=\"3094\">Nacisk ta\u015bmy: 200 kg<\/p>\n<\/li>\n<li class=\"\" data-start=\"3095\" data-end=\"3144\">\n<p class=\"\" data-start=\"3097\" data-end=\"3144\">Pr\u0105d pocz\u0105tkowy przy 24 V: 240 mA, pr\u0105d roboczy 145 mA<\/p>\n<\/li>\n<li class=\"\" data-start=\"3145\" data-end=\"3194\">\n<p class=\"\" data-start=\"3147\" data-end=\"3194\">Pr\u0105d rozruchowy przy 12V: 620mA, pr\u0105d roboczy 310mA<\/p>\n<\/li>\n<li class=\"\" data-start=\"3195\" data-end=\"3229\">\n<p class=\"\" data-start=\"3197\" data-end=\"3229\">Kolor\/obr\u00f3bka powierzchni: ocynkowana<\/p>\n<\/li>\n<li class=\"\" data-start=\"3230\" data-end=\"3251\">\n<p class=\"\" data-start=\"3232\" data-end=\"3251\">Kontakt t\u0142okowy: Tak<\/p>\n<\/li>\n<li class=\"\" data-start=\"3252\" data-end=\"3278\">\n<p class=\"\" data-start=\"3254\" data-end=\"3278\">Maksymalne napi\u0119cie: 27,6 V<\/p>\n<\/li>\n<li class=\"\" data-start=\"3279\" data-end=\"3305\">\n<p class=\"\" data-start=\"3281\" data-end=\"3305\">Napi\u0119cie min: 10,8 V<\/p>\n<\/li>\n<li class=\"\" data-start=\"3306\" data-end=\"3332\">\n<p class=\"\" data-start=\"3308\" data-end=\"3332\">Klasa ogniowa: E\/EI 120<\/p>\n<\/li>\n<\/ul>","protected":false},"excerpt":{"rendered":"<h5><a href=\"https:\/\/elslutblecksguiden.se\/\" target=\"_blank\" rel=\"noopener\">Przewodnik po zamkach elektrycznych ASSA, zamkach silnikowych, blachach zaczepowych i przewodniku wymiany<\/a><\/h5>","protected":false},"featured_media":138967,"template":"","meta":{"_acf_changed":false},"product_brand":[],"product_cat":[3355],"product_tag":[4196,4200,2967],"class_list":{"0":"post-91525","1":"product","2":"type-product","3":"status-publish","4":"has-post-thumbnail","6":"product_cat-elslutbleck","7":"product_tag-12-24v","8":"product_tag-rattvand","9":"product_tag-rg-assa-abloy","10":"product_shipping_class-tunga-paket","11":"pa_brands-abloy","12":"tm-no-options","14":"first","15":"onbackorder","16":"sale","17":"taxable","18":"shipping-taxable","19":"purchasable","20":"product-type-simple"},"acf":[],"_links":{"self":[{"href":"https:\/\/secureus.se\/pl\/wp-json\/wp\/v2\/product\/91525","targetHints":{"allow":["GET"]}}],"collection":[{"href":"https:\/\/secureus.se\/pl\/wp-json\/wp\/v2\/product"}],"about":[{"href":"https:\/\/secureus.se\/pl\/wp-json\/wp\/v2\/types\/product"}],"wp:featuredmedia":[{"embeddable":true,"href":"https:\/\/secureus.se\/pl\/wp-json\/wp\/v2\/media\/138967"}],"wp:attachment":[{"href":"https:\/\/secureus.se\/pl\/wp-json\/wp\/v2\/media?parent=91525"}],"wp:term":[{"taxonomy":"product_brand","embeddable":true,"href":"https:\/\/secureus.se\/pl\/wp-json\/wp\/v2\/product_brand?post=91525"},{"taxonomy":"product_cat","embeddable":true,"href":"https:\/\/secureus.se\/pl\/wp-json\/wp\/v2\/product_cat?post=91525"},{"taxonomy":"product_tag","embeddable":true,"href":"https:\/\/secureus.se\/pl\/wp-json\/wp\/v2\/product_tag?post=91525"}],"curies":[{"name":"wp","href":"https:\/\/api.w.org\/{rel}","templated":true}]}}