{"id":91527,"date":"2023-09-27T18:14:17","date_gmt":"2023-09-27T16:14:17","guid":{"rendered":"https:\/\/secureus.se\/elslutbleck-114-omvand-12v\/"},"modified":"2026-04-08T15:56:00","modified_gmt":"2026-04-08T13:56:00","slug":"elslutbleck-114-omvand-12v","status":"publish","type":"product","link":"https:\/\/secureus.se\/pl\/elslutbleck-114-omvand-12v\/","title":{"rendered":"Elektryczna p\u0142yta ko\u0144cowa 114 Bieg wsteczny 12V"},"content":{"rendered":"<h1>Elektryczna p\u0142yta ko\u0144cowa 114 Bieg wsteczny 12V<\/h1>\n<div>\n<p>Elektrozaczep 114 Reverse 12V, do drzwi o niskich wymaganiach bezpiecze\u0144stwa. Funkcja odwrotna, wytrzyma\u0142o\u015b\u0107 na zerwanie 400 kg, nadaje si\u0119 do zamykania wewn\u0119trznego w handlu, biurach i przemy\u015ble.<\/p>\n<p class=\"\" data-start=\"591\" data-end=\"942\">Elektryczny zamek rygluj\u0105cy 114 Reverse 12V to elektryczny zamek rygluj\u0105cy przeznaczony do drzwi o niskich wymaganiach bezpiecze\u0144stwa, dzi\u0119ki czemu doskonale sprawdza si\u0119 jako wewn\u0119trzne zamkni\u0119cie w obiektach handlowych, biurowych i przemys\u0142owych.<\/p>\n<p class=\"\" data-start=\"591\" data-end=\"942\">Jest to rozwi\u0105zanie szczeg\u00f3lnie przydatne w przypadku drzwi, kt\u00f3re nie wymagaj\u0105 wysokiego poziomu bezpiecze\u0144stwa, ale w kt\u00f3rych liczy si\u0119 proste i niezawodne zamykanie.<\/p>\n<p class=\"\" data-start=\"944\" data-end=\"1441\">Ten elektrozaczep ma funkcj\u0119 rewersyjn\u0105, co oznacza, \u017ce drzwi pozostan\u0105 odblokowane w przypadku zaniku zasilania. Zamek wykonany jest ze stali, posiada zapi\u0119cie typu twist lock oraz obudow\u0119 ze stopu cynku, co zapewnia solidn\u0105 konstrukcj\u0119.<\/p>\n<p class=\"\" data-start=\"944\" data-end=\"1441\">Dzi\u0119ki wytrzyma\u0142o\u015bci na zerwanie wynosz\u0105cej 4 kN (400 kg) jest ona wystarczaj\u0105co wytrzyma\u0142a, aby stosowa\u0107 j\u0105 w drzwiach, w kt\u00f3rych bezpiecze\u0144stwo nie musi by\u0107 tak rygorystyczne, jak w przypadku drzwi oddzielaj\u0105cych strefy przeciwpo\u017carowe.<\/p>\n<p class=\"\" data-start=\"944\" data-end=\"1441\">Wa\u017cne jest, aby pami\u0119ta\u0107, \u017ce tej p\u0142yty zaczepu elektrycznego NIGDY nie wolno stosowa\u0107 w drzwiach oddzielaj\u0105cych pomieszczenia przeciwpo\u017carowe.<\/p>\n<p class=\"\" data-start=\"1443\" data-end=\"1825\">Dobrze nadaje si\u0119 do stosowania w po\u0142\u0105czeniu z zamkami jedno- lub dwuskrzyd\u0142owymi i stanowi skuteczne rozwi\u0105zanie do codziennego u\u017cytku w miejscach, w kt\u00f3rych nie s\u0105 wymagane zaawansowane rozwi\u0105zania zabezpieczaj\u0105ce.<\/p>\n<p class=\"\" data-start=\"1443\" data-end=\"1825\">Aby uzyska\u0107 optymaln\u0105 wydajno\u015b\u0107, zaleca si\u0119 zamontowanie diody zabezpieczaj\u0105cej (np. 1N4004) w pobli\u017cu cewki zap\u0142onowej w celu ochrony elektroniki steruj\u0105cej przed mo\u017cliwymi przepi\u0119ciami (szczytami napi\u0119cia).<\/p>\n<p class=\"\" data-start=\"1827\" data-end=\"1857\">G\u0142\u00f3wne cechy i korzy\u015bci:<\/p>\n<ul data-start=\"1858\" data-end=\"2248\">\n<li class=\"\" data-start=\"1858\" data-end=\"1934\">\n<p class=\"\" data-start=\"1860\" data-end=\"1934\">Funkcja odwrotna: Drzwi s\u0105 odblokowane w pozycji od\u0142\u0105czonej od zasilania, co u\u0142atwia obs\u0142ug\u0119.<\/p>\n<\/li>\n<li class=\"\" data-start=\"1935\" data-end=\"1992\">\n<p class=\"\" data-start=\"1937\" data-end=\"1992\">Stalowy dr\u0105\u017cek skr\u0119tny: solidna i trwa\u0142a konstrukcja.<\/p>\n<\/li>\n<li class=\"\" data-start=\"1993\" data-end=\"2071\">\n<p class=\"\" data-start=\"1995\" data-end=\"2071\">Wytrzyma\u0142o\u015b\u0107 na zerwanie: Wytrzymuje do 4 kN (400 kg) i zapewnia niezawodne blokowanie.<\/p>\n<\/li>\n<li class=\"\" data-start=\"2072\" data-end=\"2151\">\n<p class=\"\" data-start=\"2074\" data-end=\"2151\">Kompatybilno\u015b\u0107: Nadaje si\u0119 do \u0142\u0105czenia z zamkami jedno- i dwuskrzyd\u0142owymi.<\/p>\n<\/li>\n<li class=\"\" data-start=\"2152\" data-end=\"2248\">\n<p class=\"\" data-start=\"2154\" data-end=\"2248\">Nie stosowa\u0107 w drzwiach oddzielaj\u0105cych pomieszczenia przeciwpo\u017carowe: Nie nadaje si\u0119 do stosowania w miejscach, w kt\u00f3rych wymagana jest ochrona przeciwpo\u017carowa.<\/p>\n<\/li>\n<\/ul>\n<p class=\"\" data-start=\"2250\" data-end=\"2279\">Dane techniczne:<\/p>\n<ul data-start=\"2280\" data-end=\"2569\">\n<li class=\"\" data-start=\"2280\" data-end=\"2308\">\n<p class=\"\" data-start=\"2282\" data-end=\"2308\">Napi\u0119cie: 12VDC \u00b110%<\/p>\n<\/li>\n<li class=\"\" data-start=\"2309\" data-end=\"2341\">\n<p class=\"\" data-start=\"2311\" data-end=\"2341\">Pob\u00f3r pr\u0105du: 0-190 mA<\/p>\n<\/li>\n<li class=\"\" data-start=\"2342\" data-end=\"2452\">\n<p class=\"\" data-start=\"2344\" data-end=\"2452\">Dioda ochronna: Zaleca si\u0119 stosowanie diody ochronnej w pobli\u017cu cewki zamka elektrycznego w celu ochrony uk\u0142ad\u00f3w elektronicznych.<\/p>\n<\/li>\n<li class=\"\" data-start=\"2453\" data-end=\"2493\">\n<p class=\"\" data-start=\"2455\" data-end=\"2493\">Maksymalna si\u0142a zrywaj\u0105ca: 4 kN (400 kg)<\/p>\n<\/li>\n<li class=\"\" data-start=\"2494\" data-end=\"2514\">\n<p class=\"\" data-start=\"2496\" data-end=\"2514\">Skr\u0119canie: Stal<\/p>\n<\/li>\n<li class=\"\" data-start=\"2515\" data-end=\"2541\">\n<p class=\"\" data-start=\"2517\" data-end=\"2541\">Korpus zamka: stop cynku<\/p>\n<\/li>\n<li class=\"\" data-start=\"2542\" data-end=\"2569\">\n<p class=\"\" data-start=\"2544\" data-end=\"2569\">Napi\u0119cie robocze: 12 VDC<\/p>\n<\/li>\n<\/ul>\n<\/div>\n<div><\/div>","protected":false},"excerpt":{"rendered":"<h5><a href=\"https:\/\/elslutblecksguiden.se\/\" target=\"_blank\" rel=\"noopener\">Przewodnik po zamkach elektrycznych ASSA, zamkach silnikowych, blachach zaczepowych i przewodniku wymiany<\/a><\/h5>","protected":false},"featured_media":139009,"template":"","meta":{"_acf_changed":false},"product_brand":[],"product_cat":[3355],"product_tag":[4198,4201,2967],"class_list":{"0":"post-91527","1":"product","2":"type-product","3":"status-publish","4":"has-post-thumbnail","6":"product_cat-elslutbleck","7":"product_tag-12v","8":"product_tag-omvand","9":"product_tag-rg-assa-abloy","10":"product_shipping_class-tunga-paket","11":"pa_brands-abloy","12":"tm-no-options","14":"first","15":"onbackorder","16":"sale","17":"taxable","18":"shipping-taxable","19":"purchasable","20":"product-type-simple"},"acf":[],"_links":{"self":[{"href":"https:\/\/secureus.se\/pl\/wp-json\/wp\/v2\/product\/91527","targetHints":{"allow":["GET"]}}],"collection":[{"href":"https:\/\/secureus.se\/pl\/wp-json\/wp\/v2\/product"}],"about":[{"href":"https:\/\/secureus.se\/pl\/wp-json\/wp\/v2\/types\/product"}],"wp:featuredmedia":[{"embeddable":true,"href":"https:\/\/secureus.se\/pl\/wp-json\/wp\/v2\/media\/139009"}],"wp:attachment":[{"href":"https:\/\/secureus.se\/pl\/wp-json\/wp\/v2\/media?parent=91527"}],"wp:term":[{"taxonomy":"product_brand","embeddable":true,"href":"https:\/\/secureus.se\/pl\/wp-json\/wp\/v2\/product_brand?post=91527"},{"taxonomy":"product_cat","embeddable":true,"href":"https:\/\/secureus.se\/pl\/wp-json\/wp\/v2\/product_cat?post=91527"},{"taxonomy":"product_tag","embeddable":true,"href":"https:\/\/secureus.se\/pl\/wp-json\/wp\/v2\/product_tag?post=91527"}],"curies":[{"name":"wp","href":"https:\/\/api.w.org\/{rel}","templated":true}]}}