{"id":91529,"date":"2023-09-27T18:14:14","date_gmt":"2023-09-27T16:14:14","guid":{"rendered":"https:\/\/secureus.se\/elslutbleck-14-rattvand-24v\/"},"modified":"2026-04-08T15:57:17","modified_gmt":"2026-04-08T13:57:17","slug":"elslutbleck-14-rattvand-24v","status":"publish","type":"product","link":"https:\/\/secureus.se\/pl\/elslutbleck-14-rattvand-24v\/","title":{"rendered":"Elektryczna p\u0142yta ko\u0144cowa 14 Prawa strona 24 V"},"content":{"rendered":"<h1>Elektryczna p\u0142yta ko\u0144cowa 14 Prawa strona 24 V<\/h1>\n<div>\n<p>Elektrozaczep 14 prawy 24V, do drzwi o niskich wymaganiach bezpiecze\u0144stwa. Funkcja prosta, wytrzyma\u0142o\u015b\u0107 na zerwanie 400 kg, nadaje si\u0119 do zamykania wewn\u0119trznego w handlu, biurach i przemy\u015ble.<\/p>\n<p class=\"\" data-start=\"599\" data-end=\"974\">Elektrozaczep 14 prawy 24 V to elektrozaczep przeznaczony do drzwi o niskich wymaganiach bezpiecze\u0144stwa, dzi\u0119ki czemu doskonale sprawdza si\u0119 jako wewn\u0119trzne ryglowanie w obiektach handlowych, biurach i przemy\u015ble.<\/p>\n<p class=\"\" data-start=\"599\" data-end=\"974\">Stanowi niezawodne i ekonomiczne rozwi\u0105zanie dla drzwi, kt\u00f3re nie wymagaj\u0105 zaawansowanych zabezpiecze\u0144, ale nadal potrzebuj\u0105 niezawodnego systemu zamykania.<\/p>\n<p class=\"\" data-start=\"976\" data-end=\"1594\">Ten elektrozaczep ma funkcj\u0119 odwracaln\u0105, co oznacza, \u017ce drzwi zostan\u0105 zablokowane w przypadku awarii zasilania, co zwi\u0119ksza bezpiecze\u0144stwo, zapewniaj\u0105c zamkni\u0119cie drzwi nawet w przypadku awarii zasilania.<\/p>\n<p class=\"\" data-start=\"976\" data-end=\"1594\">Zamek wykonany jest ze stalowego zamka skr\u0119canego i obudowy ze stopu cynku, co zapewnia solidn\u0105 konstrukcj\u0119 i d\u0142ugotrwa\u0142\u0105 trwa\u0142o\u015b\u0107. Dzi\u0119ki wytrzyma\u0142o\u015bci na zerwanie wynosz\u0105cej 4000 N (400 kg) jest ona wystarczaj\u0105co wytrzyma\u0142a, aby stosowa\u0107 j\u0105 w drzwiach, w kt\u00f3rych bezpiecze\u0144stwo nie musi by\u0107 tak rygorystyczne, jak w przypadku drzwi przeciwpo\u017carowych.<\/p>\n<p class=\"\" data-start=\"976\" data-end=\"1594\">Wa\u017cne jest, aby pami\u0119ta\u0107, \u017ce tej p\u0142yty zaczepu elektrycznego NIGDY nie wolno stosowa\u0107 w drzwiach oddzielaj\u0105cych pomieszczenia przeciwpo\u017carowe.<\/p>\n<p class=\"\" data-start=\"1596\" data-end=\"1968\">Dobrze nadaje si\u0119 do stosowania w po\u0142\u0105czeniu z zamkami jedno- lub dwuskrzyd\u0142owymi i stanowi skuteczne rozwi\u0105zanie do codziennego u\u017cytku w miejscach, w kt\u00f3rych nie s\u0105 wymagane zaawansowane rozwi\u0105zania zabezpieczaj\u0105ce.<\/p>\n<p class=\"\" data-start=\"1596\" data-end=\"1968\">Aby uzyska\u0107 optymaln\u0105 wydajno\u015b\u0107, zaleca si\u0119 zamontowanie diody zabezpieczaj\u0105cej (np. 1N4004) w pobli\u017cu cewki zap\u0142onowej w celu ochrony elektroniki steruj\u0105cej przed mo\u017cliwymi skokami napi\u0119cia.<\/p>\n<p class=\"\" data-start=\"1970\" data-end=\"2000\">G\u0142\u00f3wne cechy i korzy\u015bci:<\/p>\n<ul data-start=\"2001\" data-end=\"2388\">\n<li class=\"\" data-start=\"2001\" data-end=\"2071\">\n<p class=\"\" data-start=\"2003\" data-end=\"2071\">Prawid\u0142owe dzia\u0142anie: Blokada w przypadku awarii zasilania, zapewniaj\u0105ca wi\u0119ksze bezpiecze\u0144stwo.<\/p>\n<\/li>\n<li class=\"\" data-start=\"2072\" data-end=\"2135\">\n<p class=\"\" data-start=\"2074\" data-end=\"2135\">Stalowy dr\u0105\u017cek skr\u0119tny: solidna konstrukcja zapewniaj\u0105ca d\u0142ug\u0105 \u017cywotno\u015b\u0107.<\/p>\n<\/li>\n<li class=\"\" data-start=\"2136\" data-end=\"2216\">\n<p class=\"\" data-start=\"2138\" data-end=\"2216\">Wytrzyma\u0142o\u015b\u0107 na zerwanie: Wytrzymuje nacisk do 4000 N (400 kg) i zapewnia niezawodne blokowanie.<\/p>\n<\/li>\n<li class=\"\" data-start=\"2217\" data-end=\"2295\">\n<p class=\"\" data-start=\"2219\" data-end=\"2295\">Zgodno\u015b\u0107: Nadaje si\u0119 do stosowania z zamkami jedno- i dwuskrzyd\u0142owymi.<\/p>\n<\/li>\n<li class=\"\" data-start=\"2296\" data-end=\"2388\">\n<p class=\"\" data-start=\"2298\" data-end=\"2388\">Nie stosowa\u0107 w drzwiach przeciwpo\u017carowych: Nie nadaje si\u0119 do stosowania w drzwiach przeciwpo\u017carowych.<\/p>\n<\/li>\n<\/ul>\n<p class=\"\" data-start=\"2390\" data-end=\"2419\">Dane techniczne:<\/p>\n<ul data-start=\"2420\" data-end=\"2711\">\n<li class=\"\" data-start=\"2420\" data-end=\"2448\">\n<p class=\"\" data-start=\"2422\" data-end=\"2448\">Napi\u0119cie: 24VDC \u00b110%<\/p>\n<\/li>\n<li class=\"\" data-start=\"2449\" data-end=\"2481\">\n<p class=\"\" data-start=\"2451\" data-end=\"2481\">Pob\u00f3r pr\u0105du: 0-110 mA<\/p>\n<\/li>\n<li class=\"\" data-start=\"2482\" data-end=\"2592\">\n<p class=\"\" data-start=\"2484\" data-end=\"2592\">Dioda ochronna: Zaleca si\u0119 stosowanie diody ochronnej w pobli\u017cu cewki zamka elektrycznego w celu ochrony uk\u0142ad\u00f3w elektronicznych.<\/p>\n<\/li>\n<li class=\"\" data-start=\"2593\" data-end=\"2635\">\n<p class=\"\" data-start=\"2595\" data-end=\"2635\">Maksymalna wytrzyma\u0142o\u015b\u0107 na zerwanie: 4000 N (400 kg)<\/p>\n<\/li>\n<li class=\"\" data-start=\"2636\" data-end=\"2656\">\n<p class=\"\" data-start=\"2638\" data-end=\"2656\">Skr\u0119canie: Stal<\/p>\n<\/li>\n<li class=\"\" data-start=\"2657\" data-end=\"2683\">\n<p class=\"\" data-start=\"2659\" data-end=\"2683\">Korpus zamka: stop cynku<\/p>\n<\/li>\n<li class=\"\" data-start=\"2684\" data-end=\"2711\">\n<p class=\"\" data-start=\"2686\" data-end=\"2711\">Napi\u0119cie robocze: 24 VDC<\/p>\n<\/li>\n<\/ul>\n<\/div>","protected":false},"excerpt":{"rendered":"<h5><a href=\"https:\/\/elslutblecksguiden.se\/\" target=\"_blank\" rel=\"noopener\">Przewodnik po zamkach elektrycznych ASSA, zamkach silnikowych, blachach zaczepowych i przewodniku wymiany<\/a><\/h5>","protected":false},"featured_media":159496,"template":"","meta":{"_acf_changed":false},"product_brand":[],"product_cat":[3355],"product_tag":[4197,4200,2967],"class_list":{"0":"post-91529","1":"product","2":"type-product","3":"status-publish","4":"has-post-thumbnail","6":"product_cat-elslutbleck","7":"product_tag-24v","8":"product_tag-rattvand","9":"product_tag-rg-assa-abloy","10":"product_shipping_class-tunga-paket","11":"pa_brands-abloy","12":"tm-no-options","14":"first","15":"instock","16":"sale","17":"taxable","18":"shipping-taxable","19":"purchasable","20":"product-type-simple"},"acf":[],"_links":{"self":[{"href":"https:\/\/secureus.se\/pl\/wp-json\/wp\/v2\/product\/91529","targetHints":{"allow":["GET"]}}],"collection":[{"href":"https:\/\/secureus.se\/pl\/wp-json\/wp\/v2\/product"}],"about":[{"href":"https:\/\/secureus.se\/pl\/wp-json\/wp\/v2\/types\/product"}],"wp:featuredmedia":[{"embeddable":true,"href":"https:\/\/secureus.se\/pl\/wp-json\/wp\/v2\/media\/159496"}],"wp:attachment":[{"href":"https:\/\/secureus.se\/pl\/wp-json\/wp\/v2\/media?parent=91529"}],"wp:term":[{"taxonomy":"product_brand","embeddable":true,"href":"https:\/\/secureus.se\/pl\/wp-json\/wp\/v2\/product_brand?post=91529"},{"taxonomy":"product_cat","embeddable":true,"href":"https:\/\/secureus.se\/pl\/wp-json\/wp\/v2\/product_cat?post=91529"},{"taxonomy":"product_tag","embeddable":true,"href":"https:\/\/secureus.se\/pl\/wp-json\/wp\/v2\/product_tag?post=91529"}],"curies":[{"name":"wp","href":"https:\/\/api.w.org\/{rel}","templated":true}]}}