{"id":91530,"date":"2023-09-27T18:14:12","date_gmt":"2023-09-27T16:14:12","guid":{"rendered":"https:\/\/secureus.se\/elslutbleck-131-rattvand-24v\/"},"modified":"2026-04-08T16:02:15","modified_gmt":"2026-04-08T14:02:15","slug":"elslutbleck-131-rattvand-24v","status":"publish","type":"product","link":"https:\/\/secureus.se\/pl\/elslutbleck-131-rattvand-24v\/","title":{"rendered":"Elektryczna p\u0142yta ko\u0144cowa 131 Prawa strona 24 V"},"content":{"rendered":"<div>\n<div>\n<h1>Elektryczna p\u0142yta ko\u0144cowa 131 Prawa strona 24 V<\/h1>\n<p class=\"\" data-start=\"384\" data-end=\"581\">Zaczep elektryczny 131 prawy 24V, do drzwi o du\u017cej cz\u0119stotliwo\u015bci otwierania w handlu, biurach i przemy\u015ble. Wytrzyma\u0142o\u015b\u0107 na zerwanie 1500 kg, gwarancja otwarcia przy nacisku ta\u015bmy 25 kg, zabezpieczenie antywibracyjne.<\/p>\n<p class=\"\" data-start=\"617\" data-end=\"1018\">Elektrozaczep 131 R\u00e4ttv\u00e4nd 24V to wyj\u0105tkowo mocny elektrozaczep, kt\u00f3ry idealnie nadaje si\u0119 do drzwi o du\u017cej cz\u0119stotliwo\u015bci otwierania stosowanych w handlu detalicznym, biurach, przemy\u015ble i wej\u015bciach.<\/p>\n<p class=\"\" data-start=\"617\" data-end=\"1018\">Bardzo wysoka odporno\u015b\u0107 na zu\u017cycie i wytrzyma\u0142o\u015b\u0107 na p\u0119kanie sprawiaj\u0105, \u017ce jest to niezawodny wyb\u00f3r do ochrony pancerzy, bram i innych drzwi, w kt\u00f3rych wymagana jest d\u0142uga trwa\u0142o\u015b\u0107 i bezpieczne funkcjonowanie nawet przy intensywnym u\u017cytkowaniu.<\/p>\n<p class=\"\" data-start=\"1020\" data-end=\"1370\">Ten elektrozaczep ma funkcj\u0119 odwracaln\u0105, co oznacza, \u017ce drzwi s\u0105 blokowane w pozycji bez zasilania, co zapewnia wysoki poziom bezpiecze\u0144stwa.<\/p>\n<p class=\"\" data-start=\"1020\" data-end=\"1370\">Dzi\u0119ki wytrzyma\u0142o\u015bci na zerwanie wynosz\u0105cej 15 kN (1500 kg) oraz stalowej konstrukcji blokuj\u0105cej i zamka obrotowego, ten elektrozaczep charakteryzuje si\u0119 wyj\u0105tkow\u0105 trwa\u0142o\u015bci\u0105 i odporno\u015bci\u0105 na obci\u0105\u017cenia mechaniczne i elektryczne.<\/p>\n<p class=\"\" data-start=\"1372\" data-end=\"1763\">Zaczep elektryczny 131 R\u00e4ttv\u00e4nd 24V zaprojektowano tak, aby wytrzyma\u0142 nacisk listwy o warto\u015bci do 250 N (25 kg), co oznacza, \u017ce mo\u017cna go otworzy\u0107 nawet wtedy, gdy drzwi s\u0105 nara\u017cone na nacisk, np. przez krzywe drzwi lub \u017cwir i \u015bnieg gromadz\u0105cy si\u0119 na progu.<\/p>\n<p class=\"\" data-start=\"1372\" data-end=\"1763\">Dla zapewnienia dodatkowego bezpiecze\u0144stwa, elektrozaczep wyposa\u017cono w zabezpieczenie przeciwpora\u017ceniowe, dzi\u0119ki kt\u00f3remu jest jeszcze bardziej odporny na manipulacje i uderzenia fizyczne.<\/p>\n<p class=\"\" data-start=\"1765\" data-end=\"1795\">G\u0142\u00f3wne cechy i korzy\u015bci:<\/p>\n<ul data-start=\"1796\" data-end=\"2138\">\n<li class=\"\" data-start=\"1796\" data-end=\"1856\">\n<p class=\"\" data-start=\"1798\" data-end=\"1856\">Prawid\u0142owe dzia\u0142anie: Zablokowane w pozycji od\u0142\u0105czonej od zasilania ze wzgl\u0119d\u00f3w bezpiecze\u0144stwa.<\/p>\n<\/li>\n<li class=\"\" data-start=\"1857\" data-end=\"1912\">\n<p class=\"\" data-start=\"1859\" data-end=\"1912\">Wysoka trwa\u0142o\u015b\u0107: wytrzymuje miliony cykli otwierania.<\/p>\n<\/li>\n<li class=\"\" data-start=\"1913\" data-end=\"1973\">\n<p class=\"\" data-start=\"1915\" data-end=\"1973\">Wysoka wytrzyma\u0142o\u015b\u0107 na zerwanie: 15 kN (1500 kg) dla pewnego bezpiecze\u0144stwa.<\/p>\n<\/li>\n<li class=\"\" data-start=\"1974\" data-end=\"2064\">\n<p class=\"\" data-start=\"1976\" data-end=\"2064\">Otwiera si\u0119 po naci\u015bni\u0119ciu: Gwarancja funkcjonowania nawet przy nacisku do 250 N (25 kg).<\/p>\n<\/li>\n<li class=\"\" data-start=\"2065\" data-end=\"2138\">\n<p class=\"\" data-start=\"2067\" data-end=\"2138\">Antywstrz\u0105sowy: zapewnia wi\u0119ksze bezpiecze\u0144stwo i odporno\u015b\u0107 na manipulacje.<\/p>\n<\/li>\n<\/ul>\n<p class=\"\" data-start=\"2140\" data-end=\"2169\">Dane techniczne:<\/p>\n<ul data-start=\"2170\" data-end=\"2603\">\n<li class=\"\" data-start=\"2170\" data-end=\"2198\">\n<p class=\"\" data-start=\"2172\" data-end=\"2198\">Napi\u0119cie: 24VDC \u00b110%<\/p>\n<\/li>\n<li class=\"\" data-start=\"2199\" data-end=\"2257\">\n<p class=\"\" data-start=\"2201\" data-end=\"2257\">Pob\u00f3r pr\u0105du: 240 mA przy uruchomieniu, 145 mA podczas pracy<\/p>\n<\/li>\n<li class=\"\" data-start=\"2258\" data-end=\"2300\">\n<p class=\"\" data-start=\"2260\" data-end=\"2300\">Maksymalna si\u0142a zrywaj\u0105ca: 1500 kg (15 kN)<\/p>\n<\/li>\n<li class=\"\" data-start=\"2301\" data-end=\"2340\">\n<p class=\"\" data-start=\"2303\" data-end=\"2340\">Nacisk ta\u015bmy: do 250 N (25 kg)<\/p>\n<\/li>\n<li class=\"\" data-start=\"2341\" data-end=\"2359\">\n<p class=\"\" data-start=\"2343\" data-end=\"2359\">Obudowa zamka: stal<\/p>\n<\/li>\n<li class=\"\" data-start=\"2360\" data-end=\"2380\">\n<p class=\"\" data-start=\"2362\" data-end=\"2380\">Skr\u0119canie: Stal<\/p>\n<\/li>\n<li class=\"\" data-start=\"2381\" data-end=\"2408\">\n<p class=\"\" data-start=\"2383\" data-end=\"2408\">Napi\u0119cie robocze: 24 VDC<\/p>\n<\/li>\n<li class=\"\" data-start=\"2409\" data-end=\"2521\">\n<p class=\"\" data-start=\"2411\" data-end=\"2521\">Dioda ochronna: Zaleca si\u0119 stosowanie diody ochronnej w pobli\u017cu cewki zamka elektrycznego w celu ochrony uk\u0142ad\u00f3w elektronicznych.<\/p>\n<\/li>\n<li class=\"\" data-start=\"2522\" data-end=\"2603\">\n<p class=\"\" data-start=\"2524\" data-end=\"2603\">Kabel po\u0142\u0105czeniowy: Nie znajduje si\u0119 w zestawie, ale mo\u017cna go pod\u0142\u0105czy\u0107 do wszystkich standardowych z\u0142\u0105czy.<\/p>\n<\/li>\n<\/ul>\n<\/div>\n<\/div>","protected":false},"excerpt":{"rendered":"<h5><a href=\"https:\/\/elslutblecksguiden.se\/\" target=\"_blank\" rel=\"noopener\">Przewodnik po zamkach elektrycznych ASSA, zamkach silnikowych, blachach zaczepowych i przewodniku wymiany<\/a><\/h5>","protected":false},"featured_media":138704,"template":"","meta":{"_acf_changed":false},"product_brand":[],"product_cat":[3355],"product_tag":[4197,4200,2967],"class_list":{"0":"post-91530","1":"product","2":"type-product","3":"status-publish","4":"has-post-thumbnail","6":"product_cat-elslutbleck","7":"product_tag-24v","8":"product_tag-rattvand","9":"product_tag-rg-assa-abloy","10":"product_shipping_class-tunga-paket","11":"pa_brands-abloy","12":"tm-no-options","14":"first","15":"outofstock","16":"sale","17":"taxable","18":"shipping-taxable","19":"purchasable","20":"product-type-simple"},"acf":[],"_links":{"self":[{"href":"https:\/\/secureus.se\/pl\/wp-json\/wp\/v2\/product\/91530","targetHints":{"allow":["GET"]}}],"collection":[{"href":"https:\/\/secureus.se\/pl\/wp-json\/wp\/v2\/product"}],"about":[{"href":"https:\/\/secureus.se\/pl\/wp-json\/wp\/v2\/types\/product"}],"wp:featuredmedia":[{"embeddable":true,"href":"https:\/\/secureus.se\/pl\/wp-json\/wp\/v2\/media\/138704"}],"wp:attachment":[{"href":"https:\/\/secureus.se\/pl\/wp-json\/wp\/v2\/media?parent=91530"}],"wp:term":[{"taxonomy":"product_brand","embeddable":true,"href":"https:\/\/secureus.se\/pl\/wp-json\/wp\/v2\/product_brand?post=91530"},{"taxonomy":"product_cat","embeddable":true,"href":"https:\/\/secureus.se\/pl\/wp-json\/wp\/v2\/product_cat?post=91530"},{"taxonomy":"product_tag","embeddable":true,"href":"https:\/\/secureus.se\/pl\/wp-json\/wp\/v2\/product_tag?post=91530"}],"curies":[{"name":"wp","href":"https:\/\/api.w.org\/{rel}","templated":true}]}}