{"id":91531,"date":"2023-09-27T18:14:11","date_gmt":"2023-09-27T16:14:11","guid":{"rendered":"https:\/\/secureus.se\/elslutbleck-5114-omvand-24v-kolvkontakt\/"},"modified":"2026-04-08T15:56:15","modified_gmt":"2026-04-08T13:56:15","slug":"elslutbleck-5114-omvand-24v-kolvkontakt","status":"publish","type":"product","link":"https:\/\/secureus.se\/pl\/elslutbleck-5114-omvand-24v-kolvkontakt\/","title":{"rendered":"Elektryczna p\u0142yta ko\u0144cowa 5114 Odwrotny 24 V Styk t\u0142okowy"},"content":{"rendered":"<h1>Elektryczna p\u0142yta ko\u0144cowa 5114 Odwrotny 24 V Styk t\u0142okowy<\/h1>\n<p class=\"\" data-start=\"399\" data-end=\"589\">Zamek elektryczny 5114 Reverse 24V z zestykiem t\u0142okowym, do drzwi o niskich wymaganiach bezpiecze\u0144stwa w handlu, biurach i przemy\u015ble. Odblokowywany w przypadku zaniku zasilania, wytrzyma\u0142o\u015b\u0107 na zerwanie 400 kg.<\/p>\n<p class=\"\" data-start=\"625\" data-end=\"1023\">Elektryczny zamek zatrzaskowy 5114 Reverse 24V Piston Contact to elektryczny zamek zatrzaskowy, kt\u00f3ry doskonale nadaje si\u0119 do drzwi o niskich wymaganiach bezpiecze\u0144stwa, dzi\u0119ki czemu \u015bwietnie nadaje si\u0119 do stosowania w handlu, biurach i przemy\u015ble.<\/p>\n<p class=\"\" data-start=\"625\" data-end=\"1023\">Dobrze nadaje si\u0119 do zamykania wewn\u0119trznego, gdzie wymagany jest niezawodny i ekonomiczny system zamykania, ale gdzie bezpiecze\u0144stwo nie musi by\u0107 tak rygorystyczne, jak w bardziej nara\u017conych \u015brodowiskach.<\/p>\n<p class=\"\" data-start=\"1025\" data-end=\"1532\">Ten elektrozaczep ma funkcj\u0119 rewersyjn\u0105, co oznacza, \u017ce drzwi pozostan\u0105 odblokowane w przypadku zaniku zasilania. Jest to praktyczne rozwi\u0105zanie w sytuacjach, gdy drzwi musz\u0105 zosta\u0107 odblokowane podczas przerwy w dostawie pr\u0105du.<\/p>\n<p class=\"\" data-start=\"1025\" data-end=\"1532\">Zamek elektryczny posiada stalowy sworze\u0144 i obudow\u0119 zamka ze stopu cynku, dzi\u0119ki czemu jest to solidny i trwa\u0142y produkt, kt\u00f3ry wytrzymuje d\u0142ugotrwa\u0142e u\u017cytkowanie.<\/p>\n<p class=\"\" data-start=\"1025\" data-end=\"1532\">Dzi\u0119ki wytrzyma\u0142o\u015bci na zerwanie wynosz\u0105cej 4000 N (400 kg) zamek jest wystarczaj\u0105co mocny, aby mo\u017cna go by\u0142o stosowa\u0107 w wielu drzwiach wymagaj\u0105cych niezawodnego zamykania.<\/p>\n<p class=\"\" data-start=\"1534\" data-end=\"1822\">Elektrozaczep 5114 Reverse 24V Styk popychacza mo\u017ce by\u0107 stosowany w po\u0142\u0105czeniu z zamkami jedno- lub dwuryglowymi, a tak\u017ce mo\u017ce by\u0107 dostarczony z mikrowy\u0142\u0105cznikiem i stykiem popychacza blokuj\u0105cego, co umo\u017cliwia jego integracj\u0119 z automatycznym systemem blokowania lub z innymi rozwi\u0105zaniami zabezpieczaj\u0105cymi.<\/p>\n<p class=\"\" data-start=\"1824\" data-end=\"1854\">G\u0142\u00f3wne cechy i korzy\u015bci:<\/p>\n<ul data-start=\"1855\" data-end=\"2374\">\n<li class=\"\" data-start=\"1855\" data-end=\"1930\">\n<p class=\"\" data-start=\"1857\" data-end=\"1930\">Funkcja rewersyjna: Odblokowuje si\u0119 w przypadku awarii zasilania, zapewniaj\u0105c elastyczno\u015b\u0107 u\u017cytkowania.<\/p>\n<\/li>\n<li class=\"\" data-start=\"1931\" data-end=\"2006\">\n<p class=\"\" data-start=\"1933\" data-end=\"2006\">Wytrzyma\u0142o\u015b\u0107 na zerwanie: Wytrzymuje nacisk do 4000 N (400 kg) i zapewnia niezawodne blokowanie.<\/p>\n<\/li>\n<li class=\"\" data-start=\"2007\" data-end=\"2084\">\n<p class=\"\" data-start=\"2009\" data-end=\"2084\">Stalowy dr\u0105\u017cek skr\u0119tny: trwa\u0142a i odporna na zu\u017cycie konstrukcja zapewniaj\u0105ca d\u0142ug\u0105 \u017cywotno\u015b\u0107.<\/p>\n<\/li>\n<li class=\"\" data-start=\"2085\" data-end=\"2163\">\n<p class=\"\" data-start=\"2087\" data-end=\"2163\">Zgodno\u015b\u0107: Nadaje si\u0119 do stosowania z zamkami jedno- i dwuskrzyd\u0142owymi.<\/p>\n<\/li>\n<li class=\"\" data-start=\"2164\" data-end=\"2281\">\n<p class=\"\" data-start=\"2166\" data-end=\"2281\">Mo\u017cna dostarczy\u0107 z mikrowy\u0142\u0105cznikiem i stykiem blokuj\u0105cym t\u0142ok: w celu zwi\u0119kszenia elastyczno\u015bci i bezpiecze\u0144stwa instalacji.<\/p>\n<\/li>\n<li class=\"\" data-start=\"2282\" data-end=\"2374\">\n<p class=\"\" data-start=\"2284\" data-end=\"2374\">Nie stosowa\u0107 w drzwiach przeciwpo\u017carowych: Nie nadaje si\u0119 do stosowania w drzwiach przeciwpo\u017carowych.<\/p>\n<\/li>\n<\/ul>\n<p class=\"\" data-start=\"2376\" data-end=\"2405\">Dane techniczne:<\/p>\n<ul data-start=\"2406\" data-end=\"2719\">\n<li class=\"\" data-start=\"2406\" data-end=\"2434\">\n<p class=\"\" data-start=\"2408\" data-end=\"2434\">Napi\u0119cie: 24VDC \u00b110%<\/p>\n<\/li>\n<li class=\"\" data-start=\"2435\" data-end=\"2467\">\n<p class=\"\" data-start=\"2437\" data-end=\"2467\">Pob\u00f3r pr\u0105du: 0-110 mA<\/p>\n<\/li>\n<li class=\"\" data-start=\"2468\" data-end=\"2510\">\n<p class=\"\" data-start=\"2470\" data-end=\"2510\">Maksymalna wytrzyma\u0142o\u015b\u0107 na zerwanie: 4000 N (400 kg)<\/p>\n<\/li>\n<li class=\"\" data-start=\"2511\" data-end=\"2531\">\n<p class=\"\" data-start=\"2513\" data-end=\"2531\">Skr\u0119canie: Stal<\/p>\n<\/li>\n<li class=\"\" data-start=\"2532\" data-end=\"2558\">\n<p class=\"\" data-start=\"2534\" data-end=\"2558\">Korpus zamka: stop cynku<\/p>\n<\/li>\n<li class=\"\" data-start=\"2559\" data-end=\"2586\">\n<p class=\"\" data-start=\"2561\" data-end=\"2586\">Napi\u0119cie robocze: 24 VDC<\/p>\n<\/li>\n<li class=\"\" data-start=\"2587\" data-end=\"2608\">\n<p class=\"\" data-start=\"2589\" data-end=\"2608\">Kontakt t\u0142okowy: Tak<\/p>\n<\/li>\n<li class=\"\" data-start=\"2609\" data-end=\"2719\">\n<p class=\"\" data-start=\"2611\" data-end=\"2719\">Dioda ochronna: Zaleca si\u0119 stosowanie diody ochronnej w pobli\u017cu cewki zamka elektrycznego w celu ochrony uk\u0142ad\u00f3w elektronicznych.<\/p>\n<\/li>\n<\/ul>\n<div>\n<p>&nbsp;<\/p>\n<\/div>","protected":false},"excerpt":{"rendered":"<h5><a href=\"https:\/\/elslutblecksguiden.se\/\" target=\"_blank\" rel=\"noopener\">Przewodnik po zamkach elektrycznych ASSA, zamkach silnikowych, blachach zaczepowych i przewodniku wymiany<\/a><\/h5>","protected":false},"featured_media":139039,"template":"","meta":{"_acf_changed":false},"product_brand":[],"product_cat":[3355],"product_tag":[4197,4201,2967],"class_list":{"0":"post-91531","1":"product","2":"type-product","3":"status-publish","4":"has-post-thumbnail","6":"product_cat-elslutbleck","7":"product_tag-24v","8":"product_tag-omvand","9":"product_tag-rg-assa-abloy","10":"product_shipping_class-tunga-paket","11":"pa_brands-abloy","12":"tm-no-options","14":"first","15":"onbackorder","16":"sale","17":"taxable","18":"shipping-taxable","19":"purchasable","20":"product-type-simple"},"acf":[],"_links":{"self":[{"href":"https:\/\/secureus.se\/pl\/wp-json\/wp\/v2\/product\/91531","targetHints":{"allow":["GET"]}}],"collection":[{"href":"https:\/\/secureus.se\/pl\/wp-json\/wp\/v2\/product"}],"about":[{"href":"https:\/\/secureus.se\/pl\/wp-json\/wp\/v2\/types\/product"}],"wp:featuredmedia":[{"embeddable":true,"href":"https:\/\/secureus.se\/pl\/wp-json\/wp\/v2\/media\/139039"}],"wp:attachment":[{"href":"https:\/\/secureus.se\/pl\/wp-json\/wp\/v2\/media?parent=91531"}],"wp:term":[{"taxonomy":"product_brand","embeddable":true,"href":"https:\/\/secureus.se\/pl\/wp-json\/wp\/v2\/product_brand?post=91531"},{"taxonomy":"product_cat","embeddable":true,"href":"https:\/\/secureus.se\/pl\/wp-json\/wp\/v2\/product_cat?post=91531"},{"taxonomy":"product_tag","embeddable":true,"href":"https:\/\/secureus.se\/pl\/wp-json\/wp\/v2\/product_tag?post=91531"}],"curies":[{"name":"wp","href":"https:\/\/api.w.org\/{rel}","templated":true}]}}