{"id":91532,"date":"2023-09-27T18:14:09","date_gmt":"2023-09-27T16:14:09","guid":{"rendered":"https:\/\/secureus.se\/elslutbleck-570-rattvand-24v-kolvkontakt\/"},"modified":"2026-04-08T15:56:22","modified_gmt":"2026-04-08T13:56:22","slug":"elslutbleck-570-rattvand-24v-kolvkontakt","status":"publish","type":"product","link":"https:\/\/secureus.se\/pl\/elslutbleck-570-rattvand-24v-kolvkontakt\/","title":{"rendered":"Elektryczna p\u0142yta ko\u0144cowa 570 Skierowana w prawo 24 V Styk t\u0142okowy"},"content":{"rendered":"<div>\n<div>\n<h1>Elektryczna p\u0142yta ko\u0144cowa 570 Skierowana w prawo 24 V Styk t\u0142okowy<\/h1>\n<p class=\"\" data-start=\"392\" data-end=\"603\">Zaczep elektryczny 570 prawy, 24 V, ze stykiem t\u0142okowym, do drzwi o normalnych wymaganiach bezpiecze\u0144stwa. Nadaje si\u0119 do ochrony pocisk\u00f3w, wewn\u0119trznego blokowania i wej\u015b\u0107. Wytrzyma\u0142o\u015b\u0107 na zerwanie 700 kg, dla zamk\u00f3w z pojedyncz\u0105 i podw\u00f3jn\u0105 zapadk\u0105.<\/p>\n<p class=\"\" data-start=\"639\" data-end=\"1164\">Elektrozaczep 570 prawy, 24 V, styk t\u0142okowy to standardowy elektrozaczep przeznaczony do stosowania w drzwiach o standardowych wymaganiach bezpiecze\u0144stwa. Doskonale sprawdza si\u0119 w ochronie drzwi, ryglowaniu wewn\u0119trznym oraz wej\u015bciach do obiekt\u00f3w handlowych, biurowych, przemys\u0142owych i publicznych w budynkach wielorodzinnych.<\/p>\n<p class=\"\" data-start=\"639\" data-end=\"1164\">Elektrozaczep zaprojektowano do stosowania w po\u0142\u0105czeniu z pojedynczymi lub podw\u00f3jnymi zamkami rygluj\u0105cymi, dzi\u0119ki czemu jest uniwersalnym rozwi\u0105zaniem dla r\u00f3\u017cnych konfiguracji drzwi i wymaga\u0144 bezpiecze\u0144stwa.<\/p>\n<p class=\"\" data-start=\"1166\" data-end=\"1504\">Jedn\u0105 z wyj\u0105tkowych funkcji jest funkcja fail-safe, kt\u00f3ra blokuje drzwi w przypadku awarii zasilania, zapewniaj\u0105c dodatkowe bezpiecze\u0144stwo.<\/p>\n<p class=\"\" data-start=\"1166\" data-end=\"1504\">Elektrozaczep 570 wyposa\u017cony jest w styk t\u0142okowy umo\u017cliwiaj\u0105cy wskazanie, czy drzwi s\u0105 zamkni\u0119te\/otwarte, co stanowi dobre uzupe\u0142nienie zabezpiecze\u0144 dla zautomatyzowanych system\u00f3w zamykania.<\/p>\n<p class=\"\" data-start=\"1506\" data-end=\"1923\">Ten zamek elektryczny jest wyposa\u017cony w zamek obrotowy z br\u0105zu oraz obudow\u0119 zamka ze stopu cynku, co zapewnia wysok\u0105 odporno\u015b\u0107 na zu\u017cycie i wstrz\u0105sy, gwarantuj\u0105c d\u0142ug\u0105 trwa\u0142o\u015b\u0107 i niezawodno\u015b\u0107 podczas wielu cykli otwierania.<\/p>\n<p class=\"\" data-start=\"1506\" data-end=\"1923\">Dzi\u0119ki wytrzyma\u0142o\u015bci na zerwanie wynosz\u0105cej 700 kg (7 kN) jest wystarczaj\u0105co wytrzyma\u0142e, aby wytrzyma\u0107 napr\u0119\u017cenia wyst\u0119puj\u0105ce w miejscach o du\u017cym nat\u0119\u017ceniu ruchu, dzi\u0119ki czemu nadaje si\u0119 do drzwi nara\u017conych na cz\u0119ste u\u017cytkowanie.<\/p>\n<p class=\"\" data-start=\"1925\" data-end=\"1955\">G\u0142\u00f3wne cechy i korzy\u015bci:<\/p>\n<ul data-start=\"1956\" data-end=\"2348\">\n<li class=\"\" data-start=\"1956\" data-end=\"2026\">\n<p class=\"\" data-start=\"1958\" data-end=\"2026\">Prawid\u0142owe dzia\u0142anie: Blokada w przypadku awarii zasilania, zapewniaj\u0105ca wi\u0119ksze bezpiecze\u0144stwo.<\/p>\n<\/li>\n<li class=\"\" data-start=\"2027\" data-end=\"2107\">\n<p class=\"\" data-start=\"2029\" data-end=\"2107\">Wytrzyma\u0142o\u015b\u0107 na zerwanie: 700 kg (7 kN), gwarantuje trwa\u0142o\u015b\u0107 i niezawodno\u015b\u0107.<\/p>\n<\/li>\n<li class=\"\" data-start=\"2108\" data-end=\"2192\">\n<p class=\"\" data-start=\"2110\" data-end=\"2192\">Obudowa zamka z br\u0105zu i stopu cynku: zapewnia d\u0142ug\u0105 \u017cywotno\u015b\u0107 i trwa\u0142o\u015b\u0107.<\/p>\n<\/li>\n<li class=\"\" data-start=\"2193\" data-end=\"2271\">\n<p class=\"\" data-start=\"2195\" data-end=\"2271\">Kontakt t\u0142okowy: umo\u017cliwia sygnalizacj\u0119 zamkni\u0119cia\/otwarcia drzwi.<\/p>\n<\/li>\n<li class=\"\" data-start=\"2272\" data-end=\"2348\">\n<p class=\"\" data-start=\"2274\" data-end=\"2348\">Wysoka odporno\u015b\u0107 na uderzenia i wibracje: Dla zwi\u0119kszonej odporno\u015bci na napr\u0119\u017cenia.<\/p>\n<\/li>\n<\/ul>\n<p class=\"\" data-start=\"2350\" data-end=\"2379\">Dane techniczne:<\/p>\n<ul data-start=\"2380\" data-end=\"2722\">\n<li class=\"\" data-start=\"2380\" data-end=\"2408\">\n<p class=\"\" data-start=\"2382\" data-end=\"2408\">Napi\u0119cie: 24VDC \u00b110%<\/p>\n<\/li>\n<li class=\"\" data-start=\"2409\" data-end=\"2449\">\n<p class=\"\" data-start=\"2411\" data-end=\"2449\">Pob\u00f3r pr\u0105du: 185 mA podczas pracy<\/p>\n<\/li>\n<li class=\"\" data-start=\"2450\" data-end=\"2485\">\n<p class=\"\" data-start=\"2452\" data-end=\"2485\">Maksymalna si\u0142a zrywaj\u0105ca: 700 kg (7 kN)<\/p>\n<\/li>\n<li class=\"\" data-start=\"2486\" data-end=\"2542\">\n<p class=\"\" data-start=\"2488\" data-end=\"2542\">Obudowa zamka i zatrzask obrotowy: stal (stop br\u0105zu i cynku)<\/p>\n<\/li>\n<li class=\"\" data-start=\"2543\" data-end=\"2570\">\n<p class=\"\" data-start=\"2545\" data-end=\"2570\">Napi\u0119cie robocze: 24 VDC<\/p>\n<\/li>\n<li class=\"\" data-start=\"2571\" data-end=\"2592\">\n<p class=\"\" data-start=\"2573\" data-end=\"2592\">Kontakt t\u0142okowy: Tak<\/p>\n<\/li>\n<li class=\"\" data-start=\"2593\" data-end=\"2674\">\n<p class=\"\" data-start=\"2595\" data-end=\"2674\">Dioda ochronna: Zaleca si\u0119 stosowanie diody ochronnej w pobli\u017cu cewki zamka elektrycznego.<\/p>\n<\/li>\n<li class=\"\" data-start=\"2675\" data-end=\"2722\">\n<p class=\"\" data-start=\"2677\" data-end=\"2722\"><strong data-start=\"2677\" data-end=\"2696\">Zgodno\u015b\u0107:<\/strong> Zamek jedno- lub dwuskrzyd\u0142owy<\/p>\n<\/li>\n<\/ul>\n<\/div>\n<div><\/div>\n<\/div>","protected":false},"excerpt":{"rendered":"<h5><a href=\"https:\/\/elslutblecksguiden.se\/\" target=\"_blank\" rel=\"noopener\">Przewodnik po zamkach elektrycznych ASSA, zamkach silnikowych, blachach zaczepowych i przewodniku wymiany<\/a><\/h5>","protected":false},"featured_media":159497,"template":"","meta":{"_acf_changed":false},"product_brand":[],"product_cat":[3355],"product_tag":[4197,4200,2967],"class_list":{"0":"post-91532","1":"product","2":"type-product","3":"status-publish","4":"has-post-thumbnail","6":"product_cat-elslutbleck","7":"product_tag-24v","8":"product_tag-rattvand","9":"product_tag-rg-assa-abloy","10":"product_shipping_class-tunga-paket","11":"pa_brands-abloy","12":"tm-no-options","14":"first","15":"instock","16":"sale","17":"taxable","18":"shipping-taxable","19":"purchasable","20":"product-type-simple"},"acf":[],"_links":{"self":[{"href":"https:\/\/secureus.se\/pl\/wp-json\/wp\/v2\/product\/91532","targetHints":{"allow":["GET"]}}],"collection":[{"href":"https:\/\/secureus.se\/pl\/wp-json\/wp\/v2\/product"}],"about":[{"href":"https:\/\/secureus.se\/pl\/wp-json\/wp\/v2\/types\/product"}],"wp:featuredmedia":[{"embeddable":true,"href":"https:\/\/secureus.se\/pl\/wp-json\/wp\/v2\/media\/159497"}],"wp:attachment":[{"href":"https:\/\/secureus.se\/pl\/wp-json\/wp\/v2\/media?parent=91532"}],"wp:term":[{"taxonomy":"product_brand","embeddable":true,"href":"https:\/\/secureus.se\/pl\/wp-json\/wp\/v2\/product_brand?post=91532"},{"taxonomy":"product_cat","embeddable":true,"href":"https:\/\/secureus.se\/pl\/wp-json\/wp\/v2\/product_cat?post=91532"},{"taxonomy":"product_tag","embeddable":true,"href":"https:\/\/secureus.se\/pl\/wp-json\/wp\/v2\/product_tag?post=91532"}],"curies":[{"name":"wp","href":"https:\/\/api.w.org\/{rel}","templated":true}]}}