{"id":91533,"date":"2023-09-27T18:14:08","date_gmt":"2023-09-27T16:14:08","guid":{"rendered":"https:\/\/secureus.se\/elslutbleck-5131-rattvand-24v-kolvkontakt\/"},"modified":"2026-04-23T12:21:41","modified_gmt":"2026-04-23T10:21:41","slug":"elslutbleck-5131-rattvand-24v-kolvkontakt","status":"publish","type":"product","link":"https:\/\/secureus.se\/pl\/elslutbleck-5131-rattvand-24v-kolvkontakt\/","title":{"rendered":"Elektryczna p\u0142yta ko\u0144cowa 5131 Styk t\u0142okowy 24 V skierowany w prawo"},"content":{"rendered":"<div><\/div>\n<div>\n<h1>Elektryczna p\u0142yta ko\u0144cowa 5131 Styk t\u0142okowy 24 V skierowany w prawo<\/h1>\n<p>Zaczep elektryczny 5131 Styk t\u0142okowy 24 V skierowany w prawo do drzwi o du\u017cej cz\u0119stotliwo\u015bci otwierania w handlu, przemy\u015ble i ochronie przeciwpancernej. Wytrzyma\u0142o\u015b\u0107 na zerwanie 1500 kg, gwarantuje otwarcie przy nacisku zatrzasku 25 kg. Wysokie bezpiecze\u0144stwo i d\u0142uga trwa\u0142o\u015b\u0107.<\/p>\n<p class=\"\" data-start=\"687\" data-end=\"1229\">Elektrozaczep 5131 z prawym stykiem t\u0142okowym 24 V to wyj\u0105tkowo mocny elektrozaczep firmy ASSA ABLOY przeznaczony do drzwi o du\u017cym nat\u0119\u017ceniu ruchu, kt\u00f3re stawiaj\u0105 wysokie wymagania pod wzgl\u0119dem odporno\u015bci na zu\u017cycie i wytrzyma\u0142o\u015bci na p\u0119kanie.<\/p>\n<p class=\"\" data-start=\"687\" data-end=\"1229\">Doskonale nadaj\u0105 si\u0119 do stosowania w budynkach, wej\u015bciach, bramach i miejscach publicznych w obiektach handlowych, biurowych, przemys\u0142owych i budynkach wielorodzinnych.<\/p>\n<p class=\"\" data-start=\"687\" data-end=\"1229\">Ten zamek elektryczny jest przeznaczony do zamk\u00f3w z pojedyncz\u0105 i podw\u00f3jn\u0105 zasuwk\u0105 i idealnie nadaje si\u0119 do blokowania drzwi w ci\u0105gu dnia, gdzie wymagania dotycz\u0105ce bezpiecze\u0144stwa s\u0105 wysokie, a u\u017cytkowanie jest cz\u0119ste.<\/p>\n<p class=\"\" data-start=\"1231\" data-end=\"1581\">Dzi\u0119ki wytrzyma\u0142o\u015bci na rozerwanie wynosz\u0105cej 1500 kg (15 kN) i mo\u017cliwo\u015bci zagwarantowania otwarcia pomimo nacisku ta\u015bmy wynosz\u0105cego do 250 N (25 kg), ten elektrozaczep oferuje najwy\u017csz\u0105 niezawodno\u015b\u0107 i bezpiecze\u0144stwo nawet w trudnych warunkach.<\/p>\n<p class=\"\" data-start=\"1231\" data-end=\"1581\">Funkcja odwrotnego dzia\u0142ania oznacza, \u017ce drzwi s\u0105 blokowane w pozycji bez zasilania, co zapewnia wi\u0119ksze bezpiecze\u0144stwo w przypadku zaniku zasilania.<\/p>\n<p class=\"\" data-start=\"1583\" data-end=\"1613\">G\u0142\u00f3wne cechy i korzy\u015bci:<\/p>\n<ul data-start=\"1614\" data-end=\"2005\">\n<li class=\"\" data-start=\"1614\" data-end=\"1696\">\n<p class=\"\" data-start=\"1616\" data-end=\"1696\">Prawid\u0142owe dzia\u0142anie: Blokada w przypadku awarii zasilania, w celu zapewnienia bezpiecze\u0144stwa na wypadek przerwy w dostawie pr\u0105du.<\/p>\n<\/li>\n<li class=\"\" data-start=\"1697\" data-end=\"1773\">\n<p class=\"\" data-start=\"1699\" data-end=\"1773\">Styk t\u0142oka blokuj\u0105cego: zapewnia niezawodne wskazanie, czy drzwi s\u0105 zamkni\u0119te czy otwarte.<\/p>\n<\/li>\n<li class=\"\" data-start=\"1774\" data-end=\"1835\">\n<p class=\"\" data-start=\"1776\" data-end=\"1835\">Wysoka wytrzyma\u0142o\u015b\u0107 na zerwanie: 1500 kg (15 kN) zapewnia maksymaln\u0105 trwa\u0142o\u015b\u0107.<\/p>\n<\/li>\n<li class=\"\" data-start=\"1836\" data-end=\"1913\">\n<p class=\"\" data-start=\"1838\" data-end=\"1913\">Antywstrz\u0105sowy: zapewnia wi\u0119ksze bezpiecze\u0144stwo i odporno\u015b\u0107 na czynniki zewn\u0119trzne.<\/p>\n<\/li>\n<li class=\"\" data-start=\"1914\" data-end=\"2005\">\n<p class=\"\" data-start=\"1916\" data-end=\"2005\">D\u0142uga trwa\u0142o\u015b\u0107: Wytrzymuje miliony cykli otwierania, idealny do drzwi o du\u017cym nat\u0119\u017ceniu ruchu.<\/p>\n<\/li>\n<\/ul>\n<p class=\"\" data-start=\"2007\" data-end=\"2024\">Dane techniczne:<\/p>\n<ul data-start=\"2025\" data-end=\"2450\">\n<li class=\"\" data-start=\"2025\" data-end=\"2054\">\n<p class=\"\" data-start=\"2027\" data-end=\"2054\">Napi\u0119cie: 24 VDC \u00b1 10 %<\/p>\n<\/li>\n<li class=\"\" data-start=\"2055\" data-end=\"2117\">\n<p class=\"\" data-start=\"2057\" data-end=\"2117\">Pob\u00f3r pr\u0105du: 240 mA (start), 145 mA (praca) przy 24 V<\/p>\n<\/li>\n<li class=\"\" data-start=\"2118\" data-end=\"2151\">\n<p class=\"\" data-start=\"2120\" data-end=\"2151\">Wytrzyma\u0142o\u015b\u0107 na zerwanie: 1500 kg (15 kN)<\/p>\n<\/li>\n<li class=\"\" data-start=\"2152\" data-end=\"2182\">\n<p class=\"\" data-start=\"2154\" data-end=\"2182\">Nacisk ta\u015bmy: 250 N (25 kg)<\/p>\n<\/li>\n<li class=\"\" data-start=\"2183\" data-end=\"2237\">\n<p class=\"\" data-start=\"2185\" data-end=\"2237\">Mikrowy\u0142\u0105cznik: Pojedynczy biegun prze\u0142\u0105czaj\u0105cy, maks. 30 V pr\u0105du sta\u0142ego, 1 A<\/p>\n<\/li>\n<li class=\"\" data-start=\"2238\" data-end=\"2285\">\n<p class=\"\" data-start=\"2240\" data-end=\"2285\">Zgodno\u015b\u0107: zamek z pojedynczym b\u0142\u0119dem, zamek z podw\u00f3jnym b\u0142\u0119dem<\/p>\n<\/li>\n<li class=\"\" data-start=\"2286\" data-end=\"2307\">\n<p class=\"\" data-start=\"2288\" data-end=\"2307\">Kontakt t\u0142okowy: Tak<\/p>\n<\/li>\n<li class=\"\" data-start=\"2308\" data-end=\"2354\">\n<p class=\"\" data-start=\"2310\" data-end=\"2354\">Dioda ochronna: Zalecana (np. 1N4004)<\/p>\n<\/li>\n<li class=\"\" data-start=\"2355\" data-end=\"2387\">\n<p class=\"\" data-start=\"2357\" data-end=\"2387\">Kolor\/Wyko\u0144czenie: Stal nierdzewna<\/p>\n<\/li>\n<li class=\"\" data-start=\"2388\" data-end=\"2412\">\n<p class=\"\" data-start=\"2390\" data-end=\"2412\">Napi\u0119cie robocze: 24V<\/p>\n<\/li>\n<li class=\"\" data-start=\"2413\" data-end=\"2450\">\n<p class=\"\" data-start=\"2415\" data-end=\"2450\">Napi\u0119cie maks.\/min.: 26,4 V \/ 21,6 V<\/p>\n<\/li>\n<\/ul>\n<\/div>","protected":false},"excerpt":{"rendered":"<h5><a href=\"https:\/\/elslutblecksguiden.se\/\" target=\"_blank\" rel=\"noopener\">Przewodnik po zamkach elektrycznych ASSA, zamkach silnikowych, blachach zaczepowych i przewodniku wymiany<\/a><\/h5>","protected":false},"featured_media":138713,"template":"","meta":{"_acf_changed":false},"product_brand":[],"product_cat":[3355],"product_tag":[4197,4200,2967],"class_list":{"0":"post-91533","1":"product","2":"type-product","3":"status-publish","4":"has-post-thumbnail","6":"product_cat-elslutbleck","7":"product_tag-24v","8":"product_tag-rattvand","9":"product_tag-rg-assa-abloy","10":"product_shipping_class-tunga-paket","11":"pa_brands-abloy","12":"tm-no-options","14":"first","15":"outofstock","16":"sale","17":"taxable","18":"shipping-taxable","19":"purchasable","20":"product-type-simple"},"acf":[],"_links":{"self":[{"href":"https:\/\/secureus.se\/pl\/wp-json\/wp\/v2\/product\/91533","targetHints":{"allow":["GET"]}}],"collection":[{"href":"https:\/\/secureus.se\/pl\/wp-json\/wp\/v2\/product"}],"about":[{"href":"https:\/\/secureus.se\/pl\/wp-json\/wp\/v2\/types\/product"}],"wp:featuredmedia":[{"embeddable":true,"href":"https:\/\/secureus.se\/pl\/wp-json\/wp\/v2\/media\/138713"}],"wp:attachment":[{"href":"https:\/\/secureus.se\/pl\/wp-json\/wp\/v2\/media?parent=91533"}],"wp:term":[{"taxonomy":"product_brand","embeddable":true,"href":"https:\/\/secureus.se\/pl\/wp-json\/wp\/v2\/product_brand?post=91533"},{"taxonomy":"product_cat","embeddable":true,"href":"https:\/\/secureus.se\/pl\/wp-json\/wp\/v2\/product_cat?post=91533"},{"taxonomy":"product_tag","embeddable":true,"href":"https:\/\/secureus.se\/pl\/wp-json\/wp\/v2\/product_tag?post=91533"}],"curies":[{"name":"wp","href":"https:\/\/api.w.org\/{rel}","templated":true}]}}