{"id":91534,"date":"2023-09-27T18:14:05","date_gmt":"2023-09-27T16:14:05","guid":{"rendered":"https:\/\/secureus.se\/elslutbleck-571-omvand-24v-kolvkontakt\/"},"modified":"2026-03-25T15:40:44","modified_gmt":"2026-03-25T14:40:44","slug":"elslutbleck-571-omvand-24v-kolvkontakt","status":"publish","type":"product","link":"https:\/\/secureus.se\/pl\/elslutbleck-571-omvand-24v-kolvkontakt\/","title":{"rendered":"Elektryczna p\u0142yta ko\u0144cowa 571 Odwrotny 24 V Styk t\u0142okowy"},"content":{"rendered":"<h1>Elektryczna p\u0142yta ko\u0144cowa 571 Odwrotny 24 V Styk t\u0142okowy<\/h1>\n<p class=\"\" data-start=\"407\" data-end=\"632\">Zamek elektryczny 571 Reverse 24V z zestykiem t\u0142okowym do drzwi w konstrukcjach stalowych i przemys\u0142owych. Wytrzyma\u0142o\u015b\u0107 na zerwanie 700 kg, odblokowanie w przypadku zaniku zasilania, wysokie bezpiecze\u0144stwo. Stosowany w po\u0142\u0105czeniu z zamkami jedno- i dwuskrzyd\u0142owymi.<\/p>\n<p class=\"\" data-start=\"668\" data-end=\"1144\">Elektrozaczep 571 Reverse 24V Piston Contact marki ASSA ABLOY to standardowy elektrozaczep przeznaczony do stosowania w drzwiach o standardowych wymaganiach bezpiecze\u0144stwa, takich jak ryglowanie dzienne w drzwiach o konstrukcji opancerzonej, w obiektach handlowych, biurowych, przemys\u0142owych oraz wej\u015bciach do budynk\u00f3w wielorodzinnych.<\/p>\n<p class=\"\" data-start=\"668\" data-end=\"1144\">Ten zamek elektryczny jest szczeg\u00f3lnie kompatybilny z pojedynczymi lub podw\u00f3jnymi zamkami rygluj\u0105cymi, dzi\u0119ki czemu mo\u017cna go stosowa\u0107 zar\u00f3wno w drzwiach przeciwpo\u017carowych, jak i innych drzwiach o okre\u015blonych wymaganiach bezpiecze\u0144stwa.<\/p>\n<p class=\"\" data-start=\"1146\" data-end=\"1176\">G\u0142\u00f3wne cechy i korzy\u015bci:<\/p>\n<ul data-start=\"1177\" data-end=\"1600\">\n<li class=\"\" data-start=\"1177\" data-end=\"1263\">\n<p class=\"\" data-start=\"1179\" data-end=\"1263\">Funkcja odwrotna: Drzwi s\u0105 odblokowane w pozycji bez zasilania (odblokowane w przypadku zaniku zasilania).<\/p>\n<\/li>\n<li class=\"\" data-start=\"1264\" data-end=\"1369\">\n<p class=\"\" data-start=\"1266\" data-end=\"1369\">Wysoki poziom bezpiecze\u0144stwa: Wytrzyma\u0142o\u015b\u0107 na zerwanie wynosz\u0105ca 700 kg i system antywibracyjny zapewniaj\u0105 wi\u0119ksz\u0105 trwa\u0142o\u015b\u0107 i bezpiecze\u0144stwo.<\/p>\n<\/li>\n<li class=\"\" data-start=\"1370\" data-end=\"1436\">\n<p class=\"\" data-start=\"1372\" data-end=\"1436\">Kontakt t\u0142okowy: Wskazuje, czy drzwi s\u0105 zamkni\u0119te czy otwarte.<\/p>\n<\/li>\n<li class=\"\" data-start=\"1437\" data-end=\"1508\">\n<p class=\"\" data-start=\"1439\" data-end=\"1508\">Konstrukcja: O\u015b z br\u0105zu i obudowa zamka ze stopu cynku.<\/p>\n<\/li>\n<li class=\"\" data-start=\"1509\" data-end=\"1597\">\n<p class=\"\" data-start=\"1511\" data-end=\"1597\">Drzwi rozdzielaj\u0105ce strefy przeciwpo\u017carowe: Przeznaczone do stosowania w drzwiach rozdzielaj\u0105cych strefy przeciwpo\u017carowe.<\/p>\n<\/li>\n<\/ul>\n<p class=\"\" data-start=\"1601\" data-end=\"1618\">Dane techniczne:<\/p>\n<ul data-start=\"1619\" data-end=\"1916\">\n<li class=\"\" data-start=\"1619\" data-end=\"1647\">\n<p class=\"\" data-start=\"1621\" data-end=\"1647\">Napi\u0119cie: 24VDC \u00b110%<\/p>\n<\/li>\n<li class=\"\" data-start=\"1648\" data-end=\"1694\">\n<p class=\"\" data-start=\"1650\" data-end=\"1694\">Pob\u00f3r pr\u0105du: 185 mA przy 24 V (praca)<\/p>\n<\/li>\n<li class=\"\" data-start=\"1695\" data-end=\"1726\">\n<p class=\"\" data-start=\"1697\" data-end=\"1726\">Wytrzyma\u0142o\u015b\u0107 na zerwanie: 700 kg (7 kN)<\/p>\n<\/li>\n<li class=\"\" data-start=\"1727\" data-end=\"1758\">\n<p class=\"\" data-start=\"1729\" data-end=\"1758\">Nacisk listwy: do 25 kg<\/p>\n<\/li>\n<li class=\"\" data-start=\"1759\" data-end=\"1780\">\n<p class=\"\" data-start=\"1761\" data-end=\"1780\">Kontakt t\u0142okowy: Tak<\/p>\n<\/li>\n<li class=\"\" data-start=\"1781\" data-end=\"1835\">\n<p class=\"\" data-start=\"1783\" data-end=\"1835\">Mikrowy\u0142\u0105cznik: Pojedynczy biegun prze\u0142\u0105czaj\u0105cy, maks. 30 V pr\u0105du sta\u0142ego, 1 A<\/p>\n<\/li>\n<li class=\"\" data-start=\"1836\" data-end=\"1881\">\n<p class=\"\" data-start=\"1838\" data-end=\"1881\">Zgodno\u015b\u0107: zamki jedno- i dwuskrzyd\u0142owe<\/p>\n<\/li>\n<li class=\"\" data-start=\"1882\" data-end=\"1916\">\n<p class=\"\" data-start=\"1884\" data-end=\"1916\">Kolor\/obr\u00f3bka powierzchni: ocynkowana<\/p>\n<\/li>\n<\/ul>\n<p class=\"\" data-start=\"1918\" data-end=\"1938\">Dane techniczne:<\/p>\n<ul data-start=\"1939\" data-end=\"2119\">\n<li class=\"\" data-start=\"1939\" data-end=\"1973\">\n<p class=\"\" data-start=\"1941\" data-end=\"1973\">Zawiasy drzwi: Prawe, Lewe<\/p>\n<\/li>\n<li class=\"\" data-start=\"1974\" data-end=\"1996\">\n<p class=\"\" data-start=\"1976\" data-end=\"1996\">Kabel w zestawie: Nie<\/p>\n<\/li>\n<li class=\"\" data-start=\"1997\" data-end=\"2021\">\n<p class=\"\" data-start=\"1999\" data-end=\"2021\">Oceniony produkt budowlany: Tak<\/p>\n<\/li>\n<li class=\"\" data-start=\"2022\" data-end=\"2054\">\n<p class=\"\" data-start=\"2024\" data-end=\"2054\">Napi\u0119cie robocze 12V\/24V: 24V<\/p>\n<\/li>\n<li class=\"\" data-start=\"2055\" data-end=\"2092\">\n<p class=\"\" data-start=\"2057\" data-end=\"2092\">Napi\u0119cie maks.\/min.: 26,4 V \/ 21,6 V<\/p>\n<\/li>\n<li class=\"\" data-start=\"2093\" data-end=\"2119\">\n<p class=\"\" data-start=\"2095\" data-end=\"2119\">Podw\u00f3jny skr\u0119t drop: Nie<\/p>\n<\/li>\n<\/ul>","protected":false},"excerpt":{"rendered":"<h5><a href=\"https:\/\/elslutblecksguiden.se\/\" target=\"_blank\" rel=\"noopener\">Przewodnik po zamkach elektrycznych ASSA, zamkach silnikowych, blachach zaczepowych i przewodniku wymiany<\/a><\/h5>","protected":false},"featured_media":139365,"template":"","meta":{"_acf_changed":false},"product_brand":[],"product_cat":[3355],"product_tag":[4197,4201,2967],"class_list":{"0":"post-91534","1":"product","2":"type-product","3":"status-publish","4":"has-post-thumbnail","6":"product_cat-elslutbleck","7":"product_tag-24v","8":"product_tag-omvand","9":"product_tag-rg-assa-abloy","10":"product_shipping_class-tunga-paket","11":"pa_brands-abloy","12":"tm-no-options","14":"first","15":"instock","16":"sale","17":"taxable","18":"shipping-taxable","19":"purchasable","20":"product-type-simple"},"acf":[],"_links":{"self":[{"href":"https:\/\/secureus.se\/pl\/wp-json\/wp\/v2\/product\/91534","targetHints":{"allow":["GET"]}}],"collection":[{"href":"https:\/\/secureus.se\/pl\/wp-json\/wp\/v2\/product"}],"about":[{"href":"https:\/\/secureus.se\/pl\/wp-json\/wp\/v2\/types\/product"}],"wp:featuredmedia":[{"embeddable":true,"href":"https:\/\/secureus.se\/pl\/wp-json\/wp\/v2\/media\/139365"}],"wp:attachment":[{"href":"https:\/\/secureus.se\/pl\/wp-json\/wp\/v2\/media?parent=91534"}],"wp:term":[{"taxonomy":"product_brand","embeddable":true,"href":"https:\/\/secureus.se\/pl\/wp-json\/wp\/v2\/product_brand?post=91534"},{"taxonomy":"product_cat","embeddable":true,"href":"https:\/\/secureus.se\/pl\/wp-json\/wp\/v2\/product_cat?post=91534"},{"taxonomy":"product_tag","embeddable":true,"href":"https:\/\/secureus.se\/pl\/wp-json\/wp\/v2\/product_tag?post=91534"}],"curies":[{"name":"wp","href":"https:\/\/api.w.org\/{rel}","templated":true}]}}