{"id":91535,"date":"2023-09-27T18:14:04","date_gmt":"2023-09-27T16:14:04","guid":{"rendered":"https:\/\/secureus.se\/elslutbleck-514-rattvand-24v-kolvkontakt\/"},"modified":"2026-04-08T16:02:35","modified_gmt":"2026-04-08T14:02:35","slug":"elslutbleck-514-rattvand-24v-kolvkontakt","status":"publish","type":"product","link":"https:\/\/secureus.se\/pl\/elslutbleck-514-rattvand-24v-kolvkontakt\/","title":{"rendered":"Elektryczna p\u0142yta ko\u0144cowa 514 Skierowana w prawo 24 V Styk t\u0142okowy"},"content":{"rendered":"<div>\n<h1 data-start=\"72\" data-end=\"365\">Elektryczna p\u0142yta ko\u0144cowa 514 Skierowana w prawo 24 V Styk t\u0142okowy<\/h1>\n<p class=\"\" data-start=\"72\" data-end=\"365\">Ta mocna jednostka blokuj\u0105ca charakteryzuje si\u0119 wysok\u0105 wytrzyma\u0142o\u015bci\u0105 na zerwanie wynosz\u0105c\u0105 400 kg i mo\u017ce by\u0107 stosowana zar\u00f3wno w drzwiach prawo-, jak i lewoskrzyd\u0142owych. Zamek jest przystosowany do napi\u0119cia roboczego 24 V i jest dost\u0119pny w wersji z zamkiem na pojedynczy lub podw\u00f3jny rygiel. Ocynkowana powierzchnia zapewnia trwa\u0142o\u015b\u0107 i d\u0142ug\u0105 \u017cywotno\u015b\u0107.<\/p>\n<p class=\"\" data-start=\"372\" data-end=\"772\">Ten wysokiej jako\u015bci system blokowania zosta\u0142 zaprojektowany tak, aby zapewni\u0107 bezpiecze\u0144stwo i d\u0142ugotrwa\u0142\u0105 funkcjonalno\u015b\u0107. Dzi\u0119ki wytrzyma\u0142o\u015bci na zerwanie wynosz\u0105cej do 400 kg jest to doskona\u0142y wyb\u00f3r dla drzwi wymagaj\u0105cych wysokiego poziomu bezpiecze\u0144stwa.<\/p>\n<p class=\"\" data-start=\"372\" data-end=\"772\">Zamek mo\u017cna stosowa\u0107 zar\u00f3wno w drzwiach prawo-, jak i lewoskr\u0119tnych i jest kompatybilny z napi\u0119ciem roboczym 24 V. W zale\u017cno\u015bci od wymaga\u0144 bezpiecze\u0144stwa, mo\u017cna wybra\u0107 zamek z pojedynczym lub podw\u00f3jnym ryglem.<\/p>\n<p class=\"\" data-start=\"774\" data-end=\"1134\">Ocynkowana powierzchnia gwarantuje d\u0142ug\u0105 \u017cywotno\u015b\u0107 i trwa\u0142o\u015b\u0107, natomiast z\u0142\u0105cze t\u0142okowe sprawia, \u017ce monta\u017c jest prosty i wydajny. Ten zamek jest prawoskr\u0119tny, co oznacza, \u017ce jest zoptymalizowany pod k\u0105tem konkretnej instalacji.<\/p>\n<p class=\"\" data-start=\"774\" data-end=\"1134\">Maksymalne napi\u0119cie 26,4 V i minimalne napi\u0119cie 21,6 V gwarantuje niezawodn\u0105 prac\u0119 w zmiennych warunkach.<br data-start=\"1110\" data-end=\"1113\" \/><strong data-start=\"1113\" data-end=\"1132\">Dane techniczne<\/strong><\/p>\n<ul data-start=\"1135\" data-end=\"1458\">\n<li class=\"\" data-start=\"1135\" data-end=\"1162\">\n<p class=\"\" data-start=\"1137\" data-end=\"1162\">Wytrzyma\u0142o\u015b\u0107 na zerwanie: 400 kg<\/p>\n<\/li>\n<li class=\"\" data-start=\"1163\" data-end=\"1195\">\n<p class=\"\" data-start=\"1165\" data-end=\"1195\">Zawiasy drzwi: Prawe, Lewe<\/p>\n<\/li>\n<li class=\"\" data-start=\"1196\" data-end=\"1233\">\n<p class=\"\" data-start=\"1198\" data-end=\"1233\">Typ zamka: Zamek z pojedynczym zatrzaskiem, Zamek z podw\u00f3jnym zatrzaskiem<\/p>\n<\/li>\n<li class=\"\" data-start=\"1234\" data-end=\"1256\">\n<p class=\"\" data-start=\"1236\" data-end=\"1256\">Napi\u0119cie robocze: 24V<\/p>\n<\/li>\n<li class=\"\" data-start=\"1257\" data-end=\"1289\">\n<p class=\"\" data-start=\"1259\" data-end=\"1289\">Kolor\/obr\u00f3bka powierzchni: ocynkowana<\/p>\n<\/li>\n<li class=\"\" data-start=\"1290\" data-end=\"1309\">\n<p class=\"\" data-start=\"1292\" data-end=\"1309\">Kontakt t\u0142okowy: Tak<\/p>\n<\/li>\n<li class=\"\" data-start=\"1310\" data-end=\"1332\">\n<p class=\"\" data-start=\"1312\" data-end=\"1332\">Napi\u0119cie AC\/DC: DC<\/p>\n<\/li>\n<li class=\"\" data-start=\"1333\" data-end=\"1356\">\n<p class=\"\" data-start=\"1335\" data-end=\"1356\">Maksymalne napi\u0119cie: 26,4 V<\/p>\n<\/li>\n<li class=\"\" data-start=\"1357\" data-end=\"1380\">\n<p class=\"\" data-start=\"1359\" data-end=\"1380\">Minimalne napi\u0119cie: 21,6 V<\/p>\n<\/li>\n<li class=\"\" data-start=\"1381\" data-end=\"1403\">\n<p class=\"\" data-start=\"1383\" data-end=\"1403\">Oceniony produkt budowlany: Tak<\/p>\n<\/li>\n<li class=\"\" data-start=\"1404\" data-end=\"1428\">\n<p class=\"\" data-start=\"1406\" data-end=\"1428\">Podw\u00f3jny skr\u0119t drop: Nie<\/p>\n<\/li>\n<li class=\"\" data-start=\"1429\" data-end=\"1458\">\n<p class=\"\" data-start=\"1431\" data-end=\"1458\">Prawo\/Odwrotnie: Prawo<\/p>\n<\/li>\n<\/ul>\n<p class=\"\" data-start=\"1460\" data-end=\"1713\"><strong data-start=\"1460\" data-end=\"1482\">Obszary zastosowa\u0144<\/strong><br data-start=\"1482\" data-end=\"1485\" \/>Zamek ten doskonale nadaje si\u0119 do stosowania w \u015brodowiskach komercyjnych i przemys\u0142owych, gdzie wymagany jest wysoki poziom bezpiecze\u0144stwa.<\/p>\n<p class=\"\" data-start=\"1460\" data-end=\"1713\">Nadaje si\u0119 do drzwi w biurach, magazynach lub innych przedsi\u0119biorstwach, w kt\u00f3rych wymagane jest niezawodne zamkni\u0119cie z trwa\u0142ym rozwi\u0105zaniem.<\/p>\n<\/div>","protected":false},"excerpt":{"rendered":"<h5><a href=\"https:\/\/elslutblecksguiden.se\/\" target=\"_blank\" rel=\"noopener\">Przewodnik po zamkach elektrycznych ASSA, zamkach silnikowych, blachach zaczepowych i przewodniku wymiany<\/a><\/h5>","protected":false},"featured_media":139380,"template":"","meta":{"_acf_changed":false},"product_brand":[],"product_cat":[3355],"product_tag":[4197,4200,2967],"class_list":{"0":"post-91535","1":"product","2":"type-product","3":"status-publish","4":"has-post-thumbnail","6":"product_cat-elslutbleck","7":"product_tag-24v","8":"product_tag-rattvand","9":"product_tag-rg-assa-abloy","10":"product_shipping_class-tunga-paket","11":"pa_brands-abloy","12":"tm-no-options","14":"first","15":"onbackorder","16":"sale","17":"taxable","18":"shipping-taxable","19":"purchasable","20":"product-type-simple"},"acf":[],"_links":{"self":[{"href":"https:\/\/secureus.se\/pl\/wp-json\/wp\/v2\/product\/91535","targetHints":{"allow":["GET"]}}],"collection":[{"href":"https:\/\/secureus.se\/pl\/wp-json\/wp\/v2\/product"}],"about":[{"href":"https:\/\/secureus.se\/pl\/wp-json\/wp\/v2\/types\/product"}],"wp:featuredmedia":[{"embeddable":true,"href":"https:\/\/secureus.se\/pl\/wp-json\/wp\/v2\/media\/139380"}],"wp:attachment":[{"href":"https:\/\/secureus.se\/pl\/wp-json\/wp\/v2\/media?parent=91535"}],"wp:term":[{"taxonomy":"product_brand","embeddable":true,"href":"https:\/\/secureus.se\/pl\/wp-json\/wp\/v2\/product_brand?post=91535"},{"taxonomy":"product_cat","embeddable":true,"href":"https:\/\/secureus.se\/pl\/wp-json\/wp\/v2\/product_cat?post=91535"},{"taxonomy":"product_tag","embeddable":true,"href":"https:\/\/secureus.se\/pl\/wp-json\/wp\/v2\/product_tag?post=91535"}],"curies":[{"name":"wp","href":"https:\/\/api.w.org\/{rel}","templated":true}]}}