{"id":91536,"date":"2023-09-27T18:14:02","date_gmt":"2023-09-27T16:14:02","guid":{"rendered":"https:\/\/secureus.se\/elslutbleck-70-rattvand-24v\/"},"modified":"2026-04-08T15:56:30","modified_gmt":"2026-04-08T13:56:30","slug":"elslutbleck-70-rattvand-24v","status":"publish","type":"product","link":"https:\/\/secureus.se\/pl\/elslutbleck-70-rattvand-24v\/","title":{"rendered":"Elektryczna p\u0142yta ko\u0144cowa 70 Prawa strona 24 V"},"content":{"rendered":"<h1>Elektryczna p\u0142yta ko\u0144cowa 70 Prawa strona 24 V<\/h1>\n<p class=\"\" data-start=\"489\" data-end=\"805\">Elektrozaczep ASSA ABLOY Standard 70 prawy 24 V zosta\u0142 zaprojektowany tak, aby spe\u0142ni\u0107 wymagania bezpiecze\u0144stwa stawiane drzwiom w r\u00f3\u017cnych \u015brodowiskach. Dzi\u0119ki wytrzyma\u0142o\u015bci na zerwanie wynosz\u0105cej 700 kg (7 kN) oraz wysokiej odporno\u015bci na uderzenia i wibracje, ten zamek elektryczny doskonale nadaje si\u0119 do stosowania w handlu, biurach, przemy\u015ble i budynkach mieszkalnych.<\/p>\n<p class=\"\" data-start=\"807\" data-end=\"1191\">Zamek przeznaczony jest do stosowania w drzwiach oddzielaj\u0105cych pomieszczenia przeciwpo\u017carowe, w po\u0142\u0105czeniu z zamkiem dwuryglowym i dedykowanym s\u0142upkiem, co czyni go bezpiecznym rozwi\u0105zaniem do zamykania od wewn\u0105trz.<\/p>\n<p class=\"\" data-start=\"807\" data-end=\"1191\">Funkcja obs\u0142ugi po prawej stronie oznacza, \u017ce blokada pozostaje aktywna nawet w przypadku zaniku zasilania, co zwi\u0119ksza bezpiecze\u0144stwo. Ocynkowane wyko\u0144czenie gwarantuje d\u0142ugotrwa\u0142\u0105 wytrzyma\u0142o\u015b\u0107 i jest kompatybilne zar\u00f3wno z zamkami jedno-, jak i dwuskrzyd\u0142owymi.<\/p>\n<div>\n<div>Elektrozaczep 70 k\u0105towy 24V firmy ASSA ABLOY to niezawodny elektrozaczep do drzwi o standardowych wymaganiach bezpiecze\u0144stwa.<\/div>\n<div><\/div>\n<div>Posiada wytrzyma\u0142o\u015b\u0107 na zerwanie 700 kg i nadaje si\u0119 do stosowania w ochronie gruntu, biurach, przemy\u015ble i miejscach publicznych w budynkach mieszkalnych.<\/div>\n<div><\/div>\n<div>Funkcja prawostronna zapewnia, \u017ce blokada pozostanie aktywna nawet w przypadku zaniku zasilania.<\/div>\n<\/div>\n<div>\n<p class=\"\" data-start=\"1193\" data-end=\"1215\"><strong data-start=\"1193\" data-end=\"1213\">Dane techniczne:<\/strong><\/p>\n<ul data-start=\"1216\" data-end=\"1529\">\n<li class=\"\" data-start=\"1216\" data-end=\"1250\">\n<p class=\"\" data-start=\"1218\" data-end=\"1250\">Wytrzyma\u0142o\u015b\u0107 na zerwanie: 700 kg (7 kN)<\/p>\n<\/li>\n<li class=\"\" data-start=\"1251\" data-end=\"1283\">\n<p class=\"\" data-start=\"1253\" data-end=\"1283\">Zawiasy drzwi: Prawe, Lewe<\/p>\n<\/li>\n<li class=\"\" data-start=\"1284\" data-end=\"1321\">\n<p class=\"\" data-start=\"1286\" data-end=\"1321\">Typ zamka: Zamek z pojedynczym zatrzaskiem, Zamek z podw\u00f3jnym zatrzaskiem<\/p>\n<\/li>\n<li class=\"\" data-start=\"1322\" data-end=\"1344\">\n<p class=\"\" data-start=\"1324\" data-end=\"1344\">Napi\u0119cie robocze: 24V<\/p>\n<\/li>\n<li class=\"\" data-start=\"1345\" data-end=\"1377\">\n<p class=\"\" data-start=\"1347\" data-end=\"1377\">Kolor\/obr\u00f3bka powierzchni: ocynkowana<\/p>\n<\/li>\n<li class=\"\" data-start=\"1378\" data-end=\"1398\">\n<p class=\"\" data-start=\"1380\" data-end=\"1398\">Styk t\u0142oka: Nie<\/p>\n<\/li>\n<li class=\"\" data-start=\"1399\" data-end=\"1424\">\n<p class=\"\" data-start=\"1401\" data-end=\"1424\">Napi\u0119cie AC\/DC: AC\/DC<\/p>\n<\/li>\n<li class=\"\" data-start=\"1425\" data-end=\"1449\">\n<p class=\"\" data-start=\"1427\" data-end=\"1449\">Maksymalne napi\u0119cie: 26,4 V<\/p>\n<\/li>\n<li class=\"\" data-start=\"1450\" data-end=\"1474\">\n<p class=\"\" data-start=\"1452\" data-end=\"1474\">Minimalne napi\u0119cie: 21,6 V<\/p>\n<\/li>\n<li class=\"\" data-start=\"1475\" data-end=\"1499\">\n<p class=\"\" data-start=\"1477\" data-end=\"1499\">Podw\u00f3jny skr\u0119t drop: Nie<\/p>\n<\/li>\n<li class=\"\" data-start=\"1500\" data-end=\"1529\">\n<p class=\"\" data-start=\"1502\" data-end=\"1529\">Prawo\/Odwrotnie: Prawo<\/p>\n<\/li>\n<\/ul>\n<p class=\"\" data-start=\"1531\" data-end=\"1779\"><strong data-start=\"1531\" data-end=\"1553\">Obszary zastosowa\u0144<\/strong><br data-start=\"1553\" data-end=\"1556\" \/>Zaczep elektryczny idealnie nadaje si\u0119 do ochrony korpusu, wewn\u0119trznego zamykania w biurach i zak\u0142adach przemys\u0142owych, a tak\u017ce do wej\u015b\u0107 i pomieszcze\u0144 u\u017cyteczno\u015bci publicznej w budynkach mieszkalnych.<\/p>\n<p class=\"\" data-start=\"1531\" data-end=\"1779\">Zapewnia niezawodne bezpiecze\u0144stwo w \u015brodowiskach, w kt\u00f3rych stawiane s\u0105 wysokie wymagania dotycz\u0105ce trwa\u0142o\u015bci i bezpiecze\u0144stwa.<\/p>\n<\/div>","protected":false},"excerpt":{"rendered":"<h5><a href=\"https:\/\/elslutblecksguiden.se\/\" target=\"_blank\" rel=\"noopener\">Przewodnik po zamkach elektrycznych ASSA, zamkach silnikowych, blachach zaczepowych i przewodniku wymiany<\/a><\/h5>","protected":false},"featured_media":138732,"template":"","meta":{"_acf_changed":false},"product_brand":[],"product_cat":[3355],"product_tag":[4197,4200,2967],"class_list":{"0":"post-91536","1":"product","2":"type-product","3":"status-publish","4":"has-post-thumbnail","6":"product_cat-elslutbleck","7":"product_tag-24v","8":"product_tag-rattvand","9":"product_tag-rg-assa-abloy","10":"product_shipping_class-tunga-paket","11":"pa_brands-abloy","12":"tm-no-options","14":"first","15":"instock","16":"sale","17":"taxable","18":"shipping-taxable","19":"purchasable","20":"product-type-simple"},"acf":[],"_links":{"self":[{"href":"https:\/\/secureus.se\/pl\/wp-json\/wp\/v2\/product\/91536","targetHints":{"allow":["GET"]}}],"collection":[{"href":"https:\/\/secureus.se\/pl\/wp-json\/wp\/v2\/product"}],"about":[{"href":"https:\/\/secureus.se\/pl\/wp-json\/wp\/v2\/types\/product"}],"wp:featuredmedia":[{"embeddable":true,"href":"https:\/\/secureus.se\/pl\/wp-json\/wp\/v2\/media\/138732"}],"wp:attachment":[{"href":"https:\/\/secureus.se\/pl\/wp-json\/wp\/v2\/media?parent=91536"}],"wp:term":[{"taxonomy":"product_brand","embeddable":true,"href":"https:\/\/secureus.se\/pl\/wp-json\/wp\/v2\/product_brand?post=91536"},{"taxonomy":"product_cat","embeddable":true,"href":"https:\/\/secureus.se\/pl\/wp-json\/wp\/v2\/product_cat?post=91536"},{"taxonomy":"product_tag","embeddable":true,"href":"https:\/\/secureus.se\/pl\/wp-json\/wp\/v2\/product_tag?post=91536"}],"curies":[{"name":"wp","href":"https:\/\/api.w.org\/{rel}","templated":true}]}}