{"id":91537,"date":"2023-09-27T18:14:01","date_gmt":"2023-09-27T16:14:01","guid":{"rendered":"https:\/\/secureus.se\/elslutbleck-71-omvand-24v\/"},"modified":"2026-04-08T16:02:47","modified_gmt":"2026-04-08T14:02:47","slug":"elslutbleck-71-omvand-24v","status":"publish","type":"product","link":"https:\/\/secureus.se\/pl\/elslutbleck-71-omvand-24v\/","title":{"rendered":"Elektryczna p\u0142yta ko\u0144cowa 71 Bieg wsteczny 24 V"},"content":{"rendered":"<div>\n<h1>Elektryczna p\u0142yta ko\u0144cowa 71 Bieg wsteczny 24 V<\/h1>\n<p class=\"\" data-start=\"459\" data-end=\"763\">Elektrozaczep ASSA ABLOY Standard 71 Reverse 24V przeznaczony jest do drzwi wymagaj\u0105cych bezpiecznego i trwa\u0142ego rozwi\u0105zania blokuj\u0105cego.<\/p>\n<p class=\"\" data-start=\"459\" data-end=\"763\">Dzi\u0119ki wytrzyma\u0142o\u015bci na zerwanie wynosz\u0105cej 700 kg (7 kN) oraz wysokiej odporno\u015bci na uderzenia i wibracje, ten elektrozaczep zapewnia wysoki poziom bezpiecze\u0144stwa w drzwiach s\u0142u\u017c\u0105cych do ochrony pancerza i wewn\u0119trznego ryglowania.<\/p>\n<p class=\"\" data-start=\"765\" data-end=\"1174\">Zamek posiada funkcj\u0119 rewersyjn\u0105, co oznacza, \u017ce zostanie odblokowany w przypadku awarii zasilania, co jest przydatne w szczeg\u00f3lnych rozwi\u0105zaniach bezpiecze\u0144stwa, w kt\u00f3rych funkcja ta jest konieczna.<\/p>\n<p class=\"\" data-start=\"765\" data-end=\"1174\">Przeznaczony jest do stosowania w drzwiach oddzielaj\u0105cych pomieszczenia przeciwpo\u017carowe w po\u0142\u0105czeniu z zamkiem dwuryglowym i dedykowanym s\u0142upkiem. Posiada r\u00f3wnie\u017c zamek typu twist lock z br\u0105zu i obudow\u0119 ze stopu cynku, co zapewnia d\u0142ugotrwa\u0142\u0105 trwa\u0142o\u015b\u0107 i niezawodno\u015b\u0107.<\/p>\n<p class=\"\" data-start=\"1176\" data-end=\"1198\"><strong data-start=\"1176\" data-end=\"1196\">Dane techniczne:<\/strong><\/p>\n<ul data-start=\"1199\" data-end=\"1510\">\n<li class=\"\" data-start=\"1199\" data-end=\"1233\">\n<p class=\"\" data-start=\"1201\" data-end=\"1233\">Wytrzyma\u0142o\u015b\u0107 na zerwanie: 700 kg (7 kN)<\/p>\n<\/li>\n<li class=\"\" data-start=\"1234\" data-end=\"1266\">\n<p class=\"\" data-start=\"1236\" data-end=\"1266\">Zawiasy drzwi: Prawe, Lewe<\/p>\n<\/li>\n<li class=\"\" data-start=\"1267\" data-end=\"1304\">\n<p class=\"\" data-start=\"1269\" data-end=\"1304\">Typ zamka: Zamek z pojedynczym zatrzaskiem, Zamek z podw\u00f3jnym zatrzaskiem<\/p>\n<\/li>\n<li class=\"\" data-start=\"1305\" data-end=\"1327\">\n<p class=\"\" data-start=\"1307\" data-end=\"1327\">Napi\u0119cie robocze: 24V<\/p>\n<\/li>\n<li class=\"\" data-start=\"1328\" data-end=\"1360\">\n<p class=\"\" data-start=\"1330\" data-end=\"1360\">Kolor\/obr\u00f3bka powierzchni: ocynkowana<\/p>\n<\/li>\n<li class=\"\" data-start=\"1361\" data-end=\"1381\">\n<p class=\"\" data-start=\"1363\" data-end=\"1381\">Styk t\u0142oka: Nie<\/p>\n<\/li>\n<li class=\"\" data-start=\"1382\" data-end=\"1407\">\n<p class=\"\" data-start=\"1384\" data-end=\"1407\">Napi\u0119cie AC\/DC: AC\/DC<\/p>\n<\/li>\n<li class=\"\" data-start=\"1408\" data-end=\"1432\">\n<p class=\"\" data-start=\"1410\" data-end=\"1432\">Maksymalne napi\u0119cie: 26,4 V<\/p>\n<\/li>\n<li class=\"\" data-start=\"1433\" data-end=\"1457\">\n<p class=\"\" data-start=\"1435\" data-end=\"1457\">Minimalne napi\u0119cie: 21,6 V<\/p>\n<\/li>\n<li class=\"\" data-start=\"1458\" data-end=\"1482\">\n<p class=\"\" data-start=\"1460\" data-end=\"1482\">Podw\u00f3jny skr\u0119t drop: Nie<\/p>\n<\/li>\n<li class=\"\" data-start=\"1483\" data-end=\"1510\">\n<p class=\"\" data-start=\"1485\" data-end=\"1510\">Prawo\/Odwr\u00f3\u0107: Odwr\u00f3\u0107<\/p>\n<\/li>\n<\/ul>\n<p class=\"\" data-start=\"1512\" data-end=\"1775\"><strong data-start=\"1512\" data-end=\"1534\">Obszary zastosowa\u0144<\/strong><br data-start=\"1534\" data-end=\"1537\" \/>Ten zamek elektryczny doskonale nadaje si\u0119 do ochrony obudowy, wewn\u0119trznego ryglowania i zabezpieczania pomieszcze\u0144 biurowych, przemys\u0142owych i mieszkalnych.<\/p>\n<p class=\"\" data-start=\"1512\" data-end=\"1775\">Jest to rozwi\u0105zanie szczeg\u00f3lnie przydatne w przypadku drzwi, kt\u00f3re wymagaj\u0105 odwr\u00f3cenia dzia\u0142ania w razie zaniku zasilania, stanowi\u0105c bezpieczne i niezawodne rozwi\u0105zanie.<\/p>\n<\/div>","protected":false},"excerpt":{"rendered":"<h5><a href=\"https:\/\/elslutblecksguiden.se\/\" target=\"_blank\" rel=\"noopener\">Przewodnik po zamkach elektrycznych ASSA, zamkach silnikowych, blachach zaczepowych i przewodniku wymiany<\/a><\/h5>","protected":false},"featured_media":140056,"template":"","meta":{"_acf_changed":false},"product_brand":[],"product_cat":[3355],"product_tag":[4197,4201,2967],"class_list":{"0":"post-91537","1":"product","2":"type-product","3":"status-publish","4":"has-post-thumbnail","6":"product_cat-elslutbleck","7":"product_tag-24v","8":"product_tag-omvand","9":"product_tag-rg-assa-abloy","10":"product_shipping_class-tunga-paket","11":"pa_brands-abloy","12":"tm-no-options","14":"first","15":"onbackorder","16":"sale","17":"taxable","18":"shipping-taxable","19":"purchasable","20":"product-type-simple"},"acf":[],"_links":{"self":[{"href":"https:\/\/secureus.se\/pl\/wp-json\/wp\/v2\/product\/91537","targetHints":{"allow":["GET"]}}],"collection":[{"href":"https:\/\/secureus.se\/pl\/wp-json\/wp\/v2\/product"}],"about":[{"href":"https:\/\/secureus.se\/pl\/wp-json\/wp\/v2\/types\/product"}],"wp:featuredmedia":[{"embeddable":true,"href":"https:\/\/secureus.se\/pl\/wp-json\/wp\/v2\/media\/140056"}],"wp:attachment":[{"href":"https:\/\/secureus.se\/pl\/wp-json\/wp\/v2\/media?parent=91537"}],"wp:term":[{"taxonomy":"product_brand","embeddable":true,"href":"https:\/\/secureus.se\/pl\/wp-json\/wp\/v2\/product_brand?post=91537"},{"taxonomy":"product_cat","embeddable":true,"href":"https:\/\/secureus.se\/pl\/wp-json\/wp\/v2\/product_cat?post=91537"},{"taxonomy":"product_tag","embeddable":true,"href":"https:\/\/secureus.se\/pl\/wp-json\/wp\/v2\/product_tag?post=91537"}],"curies":[{"name":"wp","href":"https:\/\/api.w.org\/{rel}","templated":true}]}}