{"id":91538,"date":"2023-09-27T18:13:59","date_gmt":"2023-09-27T16:13:59","guid":{"rendered":"https:\/\/secureus.se\/elslutbleck-8131-rattvand-24v-kolvkontakt\/"},"modified":"2026-04-08T16:02:58","modified_gmt":"2026-04-08T14:02:58","slug":"elslutbleck-8131-rattvand-24v-kolvkontakt","status":"publish","type":"product","link":"https:\/\/secureus.se\/pl\/elslutbleck-8131-rattvand-24v-kolvkontakt\/","title":{"rendered":"Elektryczna p\u0142ytka przy\u0142\u0105czeniowa 8131 Styk t\u0142okowy 24 V skierowany w prawo"},"content":{"rendered":"<h1>Elektryczna p\u0142ytka przy\u0142\u0105czeniowa 8131 Styk t\u0142okowy 24 V skierowany w prawo<\/h1>\n<p class=\"\" data-start=\"492\" data-end=\"835\">Bardzo mocny elektrozaczep ASSA ABLOY 8131 z prawym stykiem t\u0142okowym 24 V doskonale nadaje si\u0119 do drzwi o wysokich wymaganiach dotycz\u0105cych trwa\u0142o\u015bci i bezpiecze\u0144stwa.<\/p>\n<p class=\"\" data-start=\"492\" data-end=\"835\">Dzi\u0119ki wytrzyma\u0142o\u015bci na zerwanie wynosz\u0105cej 1500 kg (15 kN) i konstrukcji pozwalaj\u0105cej na miliony cykli otwierania, ten zamek elektryczny oferuje d\u0142ugotrwa\u0142e i niezawodne dzia\u0142anie nawet w trudnych warunkach.<\/p>\n<p class=\"\" data-start=\"837\" data-end=\"1181\">Funkcja skierowana w prawo blokuje si\u0119 w pozycji od\u0142\u0105czonej od zasilania, co czyni j\u0105 bezpieczn\u0105 w przypadku zaniku zasilania. W celu zapewnienia dodatkowej funkcjonalno\u015bci i bezpiecze\u0144stwa do\u0142\u0105czono blokuj\u0105cy styk t\u0142oka i styk kotwi\u0105cy.<\/p>\n<p class=\"\" data-start=\"837\" data-end=\"1181\">Elektryczna p\u0142ytka zaczepowa jest przeznaczona do stosowania z zamkami z pojedynczym ryglowaniem i ma trwa\u0142\u0105 konstrukcj\u0119 ze stalowym zatrzaskiem obrotowym i obudow\u0105 zamka.<\/p>\n<p class=\"\" data-start=\"1183\" data-end=\"1419\">Maksymalna wytrzyma\u0142o\u015b\u0107 na zerwanie wynosz\u0105ca 1500 kg oraz gwarancja otwarcia przy napr\u0119\u017ceniu 250 N (25 kg) sprawiaj\u0105, \u017ce jest to bezpieczne i trwa\u0142e rozwi\u0105zanie do wielu zastosowa\u0144.<\/p>\n<p class=\"\" data-start=\"1183\" data-end=\"1419\">Funkcja antywstrz\u0105sowa dodatkowo zwi\u0119ksza bezpiecze\u0144stwo.<\/p>\n<p class=\"\" data-start=\"1421\" data-end=\"1443\"><strong data-start=\"1421\" data-end=\"1441\">Dane techniczne:<\/strong><\/p>\n<ul data-start=\"1444\" data-end=\"1774\">\n<li class=\"\" data-start=\"1444\" data-end=\"1480\">\n<p class=\"\" data-start=\"1446\" data-end=\"1480\">Wytrzyma\u0142o\u015b\u0107 na zerwanie: 1500 kg (15 kN)<\/p>\n<\/li>\n<li class=\"\" data-start=\"1481\" data-end=\"1513\">\n<p class=\"\" data-start=\"1483\" data-end=\"1513\">Zawiasy drzwi: Prawe, Lewe<\/p>\n<\/li>\n<li class=\"\" data-start=\"1514\" data-end=\"1534\">\n<p class=\"\" data-start=\"1516\" data-end=\"1534\">Nacisk ta\u015bmy: 25 kg<\/p>\n<\/li>\n<li class=\"\" data-start=\"1535\" data-end=\"1572\">\n<p class=\"\" data-start=\"1537\" data-end=\"1572\">Typ zamka: Zamek z pojedynczym zatrzaskiem, Zamek z podw\u00f3jnym zatrzaskiem<\/p>\n<\/li>\n<li class=\"\" data-start=\"1573\" data-end=\"1595\">\n<p class=\"\" data-start=\"1575\" data-end=\"1595\">Napi\u0119cie robocze: 24V<\/p>\n<\/li>\n<li class=\"\" data-start=\"1596\" data-end=\"1626\">\n<p class=\"\" data-start=\"1598\" data-end=\"1626\">Kolor\/Wyko\u0144czenie: Stal nierdzewna<\/p>\n<\/li>\n<li class=\"\" data-start=\"1627\" data-end=\"1646\">\n<p class=\"\" data-start=\"1629\" data-end=\"1646\">Kontakt t\u0142okowy: Tak<\/p>\n<\/li>\n<li class=\"\" data-start=\"1647\" data-end=\"1669\">\n<p class=\"\" data-start=\"1649\" data-end=\"1669\">Napi\u0119cie AC\/DC: DC<\/p>\n<\/li>\n<li class=\"\" data-start=\"1670\" data-end=\"1694\">\n<p class=\"\" data-start=\"1672\" data-end=\"1694\">Maksymalne napi\u0119cie: 26,4 V<\/p>\n<\/li>\n<li class=\"\" data-start=\"1695\" data-end=\"1719\">\n<p class=\"\" data-start=\"1697\" data-end=\"1719\">Minimalne napi\u0119cie: 21,6 V<\/p>\n<\/li>\n<li class=\"\" data-start=\"1720\" data-end=\"1744\">\n<p class=\"\" data-start=\"1722\" data-end=\"1744\">Podw\u00f3jny skr\u0119t drop: Nie<\/p>\n<\/li>\n<li class=\"\" data-start=\"1745\" data-end=\"1774\">\n<p class=\"\" data-start=\"1747\" data-end=\"1774\">Prawo\/Odwrotnie: Prawo<\/p>\n<\/li>\n<\/ul>\n<p class=\"\" data-start=\"1776\" data-end=\"1991\"><strong data-start=\"1776\" data-end=\"1798\">Obszary zastosowa\u0144<\/strong><br data-start=\"1798\" data-end=\"1801\" \/>Elektryczna blacha zaczepowa 8131 doskonale nadaje si\u0119 do stosowania w miejscach, w kt\u00f3rych wymagana jest wysoka trwa\u0142o\u015b\u0107 i bezpiecze\u0144stwo, np. w ochronie kad\u0142ub\u00f3w, wej\u015bciach, bramach i innych drzwiach o du\u017cym nat\u0119\u017ceniu ruchu w handlu, biurach i przemy\u015ble.<\/p>","protected":false},"excerpt":{"rendered":"<h5><a href=\"https:\/\/elslutblecksguiden.se\/\" target=\"_blank\" rel=\"noopener\">Przewodnik po zamkach elektrycznych ASSA, zamkach silnikowych, blachach zaczepowych i przewodniku wymiany<\/a><\/h5>","protected":false},"featured_media":138571,"template":"","meta":{"_acf_changed":false},"product_brand":[],"product_cat":[3355],"product_tag":[4197,4200,2967],"class_list":{"0":"post-91538","1":"product","2":"type-product","3":"status-publish","4":"has-post-thumbnail","6":"product_cat-elslutbleck","7":"product_tag-24v","8":"product_tag-rattvand","9":"product_tag-rg-assa-abloy","10":"product_shipping_class-tunga-paket","11":"pa_brands-abloy","12":"tm-no-options","14":"first","15":"onbackorder","16":"sale","17":"taxable","18":"shipping-taxable","19":"purchasable","20":"product-type-simple"},"acf":[],"_links":{"self":[{"href":"https:\/\/secureus.se\/pl\/wp-json\/wp\/v2\/product\/91538","targetHints":{"allow":["GET"]}}],"collection":[{"href":"https:\/\/secureus.se\/pl\/wp-json\/wp\/v2\/product"}],"about":[{"href":"https:\/\/secureus.se\/pl\/wp-json\/wp\/v2\/types\/product"}],"wp:featuredmedia":[{"embeddable":true,"href":"https:\/\/secureus.se\/pl\/wp-json\/wp\/v2\/media\/138571"}],"wp:attachment":[{"href":"https:\/\/secureus.se\/pl\/wp-json\/wp\/v2\/media?parent=91538"}],"wp:term":[{"taxonomy":"product_brand","embeddable":true,"href":"https:\/\/secureus.se\/pl\/wp-json\/wp\/v2\/product_brand?post=91538"},{"taxonomy":"product_cat","embeddable":true,"href":"https:\/\/secureus.se\/pl\/wp-json\/wp\/v2\/product_cat?post=91538"},{"taxonomy":"product_tag","embeddable":true,"href":"https:\/\/secureus.se\/pl\/wp-json\/wp\/v2\/product_tag?post=91538"}],"curies":[{"name":"wp","href":"https:\/\/api.w.org\/{rel}","templated":true}]}}