{"id":91539,"date":"2023-09-27T18:13:58","date_gmt":"2023-09-27T16:13:58","guid":{"rendered":"https:\/\/secureus.se\/elslutbleck-5331-omvand-24v-kolvkontakt\/"},"modified":"2026-04-23T12:21:50","modified_gmt":"2026-04-23T10:21:50","slug":"elslutbleck-5331-omvand-24v-kolvkontakt","status":"publish","type":"product","link":"https:\/\/secureus.se\/pl\/elslutbleck-5331-omvand-24v-kolvkontakt\/","title":{"rendered":"Elektryczna p\u0142yta ko\u0144cowa 5331 Odwrotny 24 V Styk t\u0142okowy"},"content":{"rendered":"<h1>Elektryczna p\u0142yta ko\u0144cowa 5331 Odwrotny 24 V Styk t\u0142okowy<\/h1>\n<p class=\"\" data-start=\"433\" data-end=\"735\">Zamek elektryczny ASSA ABLOY 5331 Reverse 24V Piston contact zosta\u0142 skonstruowany tak, aby spe\u0142nia\u0107 wysokie wymagania dotycz\u0105ce odporno\u015bci na zu\u017cycie i d\u0142ugiej trwa\u0142o\u015bci.<\/p>\n<p class=\"\" data-start=\"433\" data-end=\"735\">Dzi\u0119ki wytrzyma\u0142o\u015bci na zerwanie wynosz\u0105cej 750 kg (7,05 kN) i mo\u017cliwo\u015bci wytrzymania milion\u00f3w cykli otwar\u0107, ten elektrozaczep idealnie nadaje si\u0119 do stosowania w drzwiach o du\u017cym nat\u0119\u017ceniu ruchu.<\/p>\n<p class=\"\" data-start=\"737\" data-end=\"1019\">Funkcja odwrotna oznacza, \u017ce w przypadku zaniku zasilania elektrozaczep zostanie odblokowany, co jest funkcj\u0105 bezpiecze\u0144stwa, kt\u00f3ra mo\u017ce mie\u0107 kluczowe znaczenie w niekt\u00f3rych \u015brodowiskach.<\/p>\n<p class=\"\" data-start=\"737\" data-end=\"1019\">Blokada styku t\u0142oka i trwa\u0142a konstrukcja ze stalow\u0105 blokad\u0105 obrotow\u0105 i obudow\u0105 zamka zapewniaj\u0105 zar\u00f3wno d\u0142ugotrwa\u0142e dzia\u0142anie, jak i wysokie bezpiecze\u0144stwo.<\/p>\n<p class=\"\" data-start=\"1021\" data-end=\"1221\">Gwarantuje otwieranie drzwi nawet przy nacisku ta\u015bmy do 500 kg i sile trzymania drzwi w pozycji odblokowanej wynosz\u0105cej 4 kg.<\/p>\n<p class=\"\" data-start=\"1021\" data-end=\"1221\">P\u0142ytka zaczepu elektrycznego jest r\u00f3wnie\u017c dost\u0119pna z mikrowy\u0142\u0105cznikiem zapewniaj\u0105cym dodatkow\u0105 funkcjonalno\u015b\u0107.<\/p>\n<p class=\"\" data-start=\"1223\" data-end=\"1245\"><strong data-start=\"1223\" data-end=\"1243\">Dane techniczne:<\/strong><\/p>\n<ul data-start=\"1246\" data-end=\"1576\">\n<li class=\"\" data-start=\"1246\" data-end=\"1283\">\n<p class=\"\" data-start=\"1248\" data-end=\"1283\">Wytrzyma\u0142o\u015b\u0107 na zerwanie: 750 kg (7,05 kN)<\/p>\n<\/li>\n<li class=\"\" data-start=\"1284\" data-end=\"1316\">\n<p class=\"\" data-start=\"1286\" data-end=\"1316\">Zawiasy drzwi: Prawe, Lewe<\/p>\n<\/li>\n<li class=\"\" data-start=\"1317\" data-end=\"1338\">\n<p class=\"\" data-start=\"1319\" data-end=\"1338\">Nacisk listwy: 500 kg<\/p>\n<\/li>\n<li class=\"\" data-start=\"1339\" data-end=\"1376\">\n<p class=\"\" data-start=\"1341\" data-end=\"1376\">Typ zamka: Zamek z pojedynczym zatrzaskiem, Zamek z podw\u00f3jnym zatrzaskiem<\/p>\n<\/li>\n<li class=\"\" data-start=\"1377\" data-end=\"1399\">\n<p class=\"\" data-start=\"1379\" data-end=\"1399\">Napi\u0119cie robocze: 24V<\/p>\n<\/li>\n<li class=\"\" data-start=\"1400\" data-end=\"1430\">\n<p class=\"\" data-start=\"1402\" data-end=\"1430\">Kolor\/Wyko\u0144czenie: Stal nierdzewna<\/p>\n<\/li>\n<li class=\"\" data-start=\"1431\" data-end=\"1450\">\n<p class=\"\" data-start=\"1433\" data-end=\"1450\">Kontakt t\u0142okowy: Tak<\/p>\n<\/li>\n<li class=\"\" data-start=\"1451\" data-end=\"1473\">\n<p class=\"\" data-start=\"1453\" data-end=\"1473\">Napi\u0119cie AC\/DC: DC<\/p>\n<\/li>\n<li class=\"\" data-start=\"1474\" data-end=\"1498\">\n<p class=\"\" data-start=\"1476\" data-end=\"1498\">Maksymalne napi\u0119cie: 26,4 V<\/p>\n<\/li>\n<li class=\"\" data-start=\"1499\" data-end=\"1523\">\n<p class=\"\" data-start=\"1501\" data-end=\"1523\">Minimalne napi\u0119cie: 21,6 V<\/p>\n<\/li>\n<li class=\"\" data-start=\"1524\" data-end=\"1548\">\n<p class=\"\" data-start=\"1526\" data-end=\"1548\">Podw\u00f3jny skr\u0119t drop: Nie<\/p>\n<\/li>\n<li class=\"\" data-start=\"1549\" data-end=\"1576\">\n<p class=\"\" data-start=\"1551\" data-end=\"1576\">Prawo\/Odwr\u00f3\u0107: Odwr\u00f3\u0107<\/p>\n<\/li>\n<\/ul>\n<p class=\"\" data-start=\"1578\" data-end=\"1792\"><strong data-start=\"1578\" data-end=\"1600\">Obszary zastosowa\u0144<\/strong><br data-start=\"1600\" data-end=\"1603\" \/>Ten zamek elektryczny doskonale nadaje si\u0119 do stosowania w drzwiach o du\u017cej cz\u0119stotliwo\u015bci otwierania w obiektach handlowych, biurowych, przemys\u0142owych i innych, w kt\u00f3rych wymagana jest wysoka trwa\u0142o\u015b\u0107 i bezpiecze\u0144stwo, np. w obudowach i wej\u015bciach.<\/p>","protected":false},"excerpt":{"rendered":"<h5><a href=\"https:\/\/elslutblecksguiden.se\/\" target=\"_blank\" rel=\"noopener\">Przewodnik po zamkach elektrycznych ASSA, zamkach silnikowych, blachach zaczepowych i przewodniku wymiany<\/a><\/h5>","protected":false},"featured_media":140063,"template":"","meta":{"_acf_changed":false},"product_brand":[],"product_cat":[3355],"product_tag":[4197,4201,2967],"class_list":{"0":"post-91539","1":"product","2":"type-product","3":"status-publish","4":"has-post-thumbnail","6":"product_cat-elslutbleck","7":"product_tag-24v","8":"product_tag-omvand","9":"product_tag-rg-assa-abloy","10":"product_shipping_class-tunga-paket","11":"pa_brands-abloy","12":"tm-no-options","14":"first","15":"onbackorder","16":"sale","17":"taxable","18":"shipping-taxable","19":"purchasable","20":"product-type-simple"},"acf":[],"_links":{"self":[{"href":"https:\/\/secureus.se\/pl\/wp-json\/wp\/v2\/product\/91539","targetHints":{"allow":["GET"]}}],"collection":[{"href":"https:\/\/secureus.se\/pl\/wp-json\/wp\/v2\/product"}],"about":[{"href":"https:\/\/secureus.se\/pl\/wp-json\/wp\/v2\/types\/product"}],"wp:featuredmedia":[{"embeddable":true,"href":"https:\/\/secureus.se\/pl\/wp-json\/wp\/v2\/media\/140063"}],"wp:attachment":[{"href":"https:\/\/secureus.se\/pl\/wp-json\/wp\/v2\/media?parent=91539"}],"wp:term":[{"taxonomy":"product_brand","embeddable":true,"href":"https:\/\/secureus.se\/pl\/wp-json\/wp\/v2\/product_brand?post=91539"},{"taxonomy":"product_cat","embeddable":true,"href":"https:\/\/secureus.se\/pl\/wp-json\/wp\/v2\/product_cat?post=91539"},{"taxonomy":"product_tag","embeddable":true,"href":"https:\/\/secureus.se\/pl\/wp-json\/wp\/v2\/product_tag?post=91539"}],"curies":[{"name":"wp","href":"https:\/\/api.w.org\/{rel}","templated":true}]}}