{"id":91540,"date":"2023-09-27T18:13:56","date_gmt":"2023-09-27T16:13:56","guid":{"rendered":"https:\/\/secureus.se\/elslutbleck-575-omstallbar-12-24v-kolvkontakt\/"},"modified":"2026-04-23T12:21:59","modified_gmt":"2026-04-23T10:21:59","slug":"elslutbleck-575-omstallbar-12-24v-kolvkontakt","status":"publish","type":"product","link":"https:\/\/secureus.se\/pl\/elslutbleck-575-omstallbar-12-24v-kolvkontakt\/","title":{"rendered":"Elektryczna p\u0142yta ko\u0144cowa 575 Regulowany styk t\u0142okowy 12\u201324 V"},"content":{"rendered":"<h1>Elektryczna p\u0142yta ko\u0144cowa 575 Regulowany styk t\u0142okowy 12\u201324 V<\/h1>\n<p class=\"\" data-start=\"520\" data-end=\"887\">Standardowy elektrozaczep ASSA ABLOY 575 z regulowanym stykiem t\u0142okowym 12\u201324 V zosta\u0142 zaprojektowany tak, aby zapewni\u0107 elastyczno\u015b\u0107 i bezpiecze\u0144stwo w systemach drzwiowych o standardowych wymaganiach.<\/p>\n<p class=\"\" data-start=\"520\" data-end=\"887\">Mo\u017cna go \u0142atwo prze\u0142\u0105cza\u0107 mi\u0119dzy trybem dzia\u0142ania do przodu i do ty\u0142u, co przydaje si\u0119 w r\u00f3\u017cnych rozwi\u0105zaniach bezpiecze\u0144stwa, w zale\u017cno\u015bci od tego, czy zamek ma zosta\u0107 zablokowany czy odblokowany w przypadku awarii zasilania.<\/p>\n<p class=\"\" data-start=\"889\" data-end=\"1243\">Zamek przeznaczony jest do stosowania w drzwiach oddzielaj\u0105cych pomieszczenia przeciwpo\u017carowe w po\u0142\u0105czeniu z zamkiem dwuryglowym i wyznaczonym s\u0142upkiem.<\/p>\n<p class=\"\" data-start=\"889\" data-end=\"1243\">Wyposa\u017cono go r\u00f3wnie\u017c w styk t\u0142okowy, blokad\u0119 obrotow\u0105 z br\u0105zu i obudow\u0119 blokady ze stopu cynku, co zapewnia mu trwa\u0142o\u015b\u0107. Dzi\u0119ki wytrzyma\u0142o\u015bci na zerwanie wynosz\u0105cej 700 kg (7 kN) oraz wysokiej odporno\u015bci na uderzenia i wibracje jest to idealny wyb\u00f3r do drzwi w zastosowaniach o du\u017cej cz\u0119stotliwo\u015bci u\u017cytkowania.<\/p>\n<p class=\"\" data-start=\"1245\" data-end=\"1487\">Ten elektrozaczep wyposa\u017cony jest r\u00f3wnie\u017c we wbudowan\u0105 ochron\u0119 przeciwprzepi\u0119ciow\u0105, dzi\u0119ki kt\u00f3rej jest dodatkowo chroniony przed skokami napi\u0119cia i przepi\u0119ciami.<\/p>\n<p class=\"\" data-start=\"1245\" data-end=\"1487\">Przeznaczony jest do stosowania w po\u0142\u0105czeniu z zamkami jednoryglowymi i ma napi\u0119cie robocze 12-24 V.<\/p>\n<p class=\"\" data-start=\"1489\" data-end=\"1511\"><strong data-start=\"1489\" data-end=\"1509\">Dane techniczne:<\/strong><\/p>\n<ul data-start=\"1512\" data-end=\"1847\">\n<li class=\"\" data-start=\"1512\" data-end=\"1546\">\n<p class=\"\" data-start=\"1514\" data-end=\"1546\">Wytrzyma\u0142o\u015b\u0107 na zerwanie: 700 kg (7 kN)<\/p>\n<\/li>\n<li class=\"\" data-start=\"1547\" data-end=\"1579\">\n<p class=\"\" data-start=\"1549\" data-end=\"1579\">Zawiasy drzwi: Prawe, Lewe<\/p>\n<\/li>\n<li class=\"\" data-start=\"1580\" data-end=\"1617\">\n<p class=\"\" data-start=\"1582\" data-end=\"1617\">Typ zamka: Zamek z pojedynczym zatrzaskiem, Zamek z podw\u00f3jnym zatrzaskiem<\/p>\n<\/li>\n<li class=\"\" data-start=\"1618\" data-end=\"1643\">\n<p class=\"\" data-start=\"1620\" data-end=\"1643\">Napi\u0119cie robocze: 12-24V<\/p>\n<\/li>\n<li class=\"\" data-start=\"1644\" data-end=\"1676\">\n<p class=\"\" data-start=\"1646\" data-end=\"1676\">Kolor\/obr\u00f3bka powierzchni: ocynkowana<\/p>\n<\/li>\n<li class=\"\" data-start=\"1677\" data-end=\"1696\">\n<p class=\"\" data-start=\"1679\" data-end=\"1696\">Kontakt t\u0142okowy: Tak<\/p>\n<\/li>\n<li class=\"\" data-start=\"1697\" data-end=\"1722\">\n<p class=\"\" data-start=\"1699\" data-end=\"1722\">Napi\u0119cie AC\/DC: AC\/DC<\/p>\n<\/li>\n<li class=\"\" data-start=\"1723\" data-end=\"1747\">\n<p class=\"\" data-start=\"1725\" data-end=\"1747\">Maksymalne napi\u0119cie: 26,4 V<\/p>\n<\/li>\n<li class=\"\" data-start=\"1748\" data-end=\"1772\">\n<p class=\"\" data-start=\"1750\" data-end=\"1772\">Minimalne napi\u0119cie: 10,8 V<\/p>\n<\/li>\n<li class=\"\" data-start=\"1773\" data-end=\"1797\">\n<p class=\"\" data-start=\"1775\" data-end=\"1797\">Podw\u00f3jny skr\u0119t drop: Nie<\/p>\n<\/li>\n<li class=\"\" data-start=\"1798\" data-end=\"1847\">\n<p class=\"\" data-start=\"1800\" data-end=\"1847\">Do przodu\/do ty\u0142u: Prze\u0142\u0105czalny (do przodu\/do ty\u0142u)<\/p>\n<\/li>\n<\/ul>\n<p class=\"\" data-start=\"1849\" data-end=\"2174\"><strong data-start=\"1849\" data-end=\"1871\">Obszary zastosowa\u0144<\/strong><br data-start=\"1871\" data-end=\"1874\" \/>Ten zamek elektryczny doskonale nadaje si\u0119 do stosowania w obudowach, wej\u015bciach, bramach i innych drzwiach o wysokiej cz\u0119stotliwo\u015bci otwierania w budynkach handlowych, biurowych, przemys\u0142owych i wielorodzinnych.<\/p>\n<p class=\"\" data-start=\"1849\" data-end=\"2174\">Jest on szczeg\u00f3lnie przydatny w \u015brodowiskach, w kt\u00f3rych wymagana jest elastyczno\u015b\u0107 i trwa\u0142o\u015b\u0107 oraz gdzie wa\u017cna jest mo\u017cliwo\u015b\u0107 dostosowania funkcji do potrzeb.<\/p>","protected":false},"excerpt":{"rendered":"<h5><a href=\"https:\/\/elslutblecksguiden.se\/\" target=\"_blank\" rel=\"noopener\">Przewodnik po zamkach elektrycznych ASSA, zamkach silnikowych, blachach zaczepowych i przewodniku wymiany<\/a><\/h5>","protected":false},"featured_media":140071,"template":"","meta":{"_acf_changed":false},"product_brand":[],"product_cat":[3355],"product_tag":[4196,4202,2967],"class_list":{"0":"post-91540","1":"product","2":"type-product","3":"status-publish","4":"has-post-thumbnail","6":"product_cat-elslutbleck","7":"product_tag-12-24v","8":"product_tag-omstallbar-rattvand-omvand","9":"product_tag-rg-assa-abloy","10":"product_shipping_class-tunga-paket","11":"pa_brands-abloy","12":"tm-no-options","14":"first","15":"instock","16":"sale","17":"taxable","18":"shipping-taxable","19":"purchasable","20":"product-type-simple"},"acf":[],"_links":{"self":[{"href":"https:\/\/secureus.se\/pl\/wp-json\/wp\/v2\/product\/91540","targetHints":{"allow":["GET"]}}],"collection":[{"href":"https:\/\/secureus.se\/pl\/wp-json\/wp\/v2\/product"}],"about":[{"href":"https:\/\/secureus.se\/pl\/wp-json\/wp\/v2\/types\/product"}],"wp:featuredmedia":[{"embeddable":true,"href":"https:\/\/secureus.se\/pl\/wp-json\/wp\/v2\/media\/140071"}],"wp:attachment":[{"href":"https:\/\/secureus.se\/pl\/wp-json\/wp\/v2\/media?parent=91540"}],"wp:term":[{"taxonomy":"product_brand","embeddable":true,"href":"https:\/\/secureus.se\/pl\/wp-json\/wp\/v2\/product_brand?post=91540"},{"taxonomy":"product_cat","embeddable":true,"href":"https:\/\/secureus.se\/pl\/wp-json\/wp\/v2\/product_cat?post=91540"},{"taxonomy":"product_tag","embeddable":true,"href":"https:\/\/secureus.se\/pl\/wp-json\/wp\/v2\/product_tag?post=91540"}],"curies":[{"name":"wp","href":"https:\/\/api.w.org\/{rel}","templated":true}]}}