{"id":91541,"date":"2023-09-27T18:13:55","date_gmt":"2023-09-27T16:13:55","guid":{"rendered":"https:\/\/secureus.se\/elslutbleck-331-omvand-24v-kolvkontakt\/"},"modified":"2026-04-23T12:22:06","modified_gmt":"2026-04-23T10:22:06","slug":"elslutbleck-331-omvand-24v-kolvkontakt","status":"publish","type":"product","link":"https:\/\/secureus.se\/pl\/elslutbleck-331-omvand-24v-kolvkontakt\/","title":{"rendered":"Elektryczna p\u0142yta ko\u0144cowa 331 Odwrotny 24 V Styk t\u0142okowy"},"content":{"rendered":"<h1>Elektryczna p\u0142yta ko\u0144cowa 331 Odwrotny 24 V Styk t\u0142okowy<\/h1>\n<p class=\"\" data-start=\"433\" data-end=\"796\">Bardzo mocny zamek elektryczny ASSA ABLOY 331 Reverse 24V ze stykiem t\u0142okowym zosta\u0142 zaprojektowany tak, aby spe\u0142nia\u0107 najsurowsze wymagania dotycz\u0105ce trwa\u0142o\u015bci i bezpiecze\u0144stwa.<\/p>\n<p class=\"\" data-start=\"433\" data-end=\"796\">Dzi\u0119ki wytrzyma\u0142o\u015bci na rozerwanie wynosz\u0105cej 750 kg (7,5 kN) i mo\u017cliwo\u015bci wytrzymania milion\u00f3w cykli otwierania idealnie nadaje si\u0119 do drzwi o du\u017cej cz\u0119stotliwo\u015bci otwierania, stosowanych w ochronie pancerzy, wej\u015bciach i innych zastosowaniach wymagaj\u0105cych wysokiego poziomu bezpiecze\u0144stwa.<\/p>\n<p class=\"\" data-start=\"798\" data-end=\"1099\">Funkcja rewersyjna zapewnia odblokowanie elektrozaczepu w przypadku zaniku zasilania, dzi\u0119ki czemu jest on szczeg\u00f3lnie przydatny w przypadku drzwi ewakuacyjnych i \u015bluz powietrznych, w kt\u00f3rych wyst\u0119puje r\u00f3\u017cnica ci\u015bnie\u0144.<\/p>\n<p class=\"\" data-start=\"798\" data-end=\"1099\">Konstrukcja zamka jest solidna i odporna na zu\u017cycie. Stalowa blokada skr\u0119cana i obudowa zamka ze stopu cynku zapewniaj\u0105 maksymaln\u0105 trwa\u0142o\u015b\u0107.<\/p>\n<p class=\"\" data-start=\"1101\" data-end=\"1345\">Zaczep elektryczny gwarantuje otwarcie drzwi pomimo nacisku ta\u015bmy wynosz\u0105cego do 500 kg, co czyni go bezpiecznym rozwi\u0105zaniem w wymagaj\u0105cych warunkach.<\/p>\n<p class=\"\" data-start=\"1101\" data-end=\"1345\">Si\u0142a przytrzymuj\u0105ca drzwi w pozycji odblokowanej wynosi 4 kg, co oznacza, \u017ce drzwi pozostaj\u0105 w prawid\u0142owej pozycji podczas u\u017cytkowania.<\/p>\n<p class=\"\" data-start=\"1347\" data-end=\"1369\"><strong data-start=\"1347\" data-end=\"1367\">Dane techniczne:<\/strong><\/p>\n<ul data-start=\"1370\" data-end=\"1700\">\n<li class=\"\" data-start=\"1370\" data-end=\"1406\">\n<p class=\"\" data-start=\"1372\" data-end=\"1406\">Wytrzyma\u0142o\u015b\u0107 na zerwanie: 750 kg (7,5 kN)<\/p>\n<\/li>\n<li class=\"\" data-start=\"1407\" data-end=\"1439\">\n<p class=\"\" data-start=\"1409\" data-end=\"1439\">Zawiasy drzwi: Prawe, Lewe<\/p>\n<\/li>\n<li class=\"\" data-start=\"1440\" data-end=\"1461\">\n<p class=\"\" data-start=\"1442\" data-end=\"1461\">Nacisk listwy: 500 kg<\/p>\n<\/li>\n<li class=\"\" data-start=\"1462\" data-end=\"1499\">\n<p class=\"\" data-start=\"1464\" data-end=\"1499\">Typ zamka: Zamek z pojedynczym zatrzaskiem, Zamek z podw\u00f3jnym zatrzaskiem<\/p>\n<\/li>\n<li class=\"\" data-start=\"1500\" data-end=\"1522\">\n<p class=\"\" data-start=\"1502\" data-end=\"1522\">Napi\u0119cie robocze: 24V<\/p>\n<\/li>\n<li class=\"\" data-start=\"1523\" data-end=\"1553\">\n<p class=\"\" data-start=\"1525\" data-end=\"1553\">Kolor\/Wyko\u0144czenie: Stal nierdzewna<\/p>\n<\/li>\n<li class=\"\" data-start=\"1554\" data-end=\"1574\">\n<p class=\"\" data-start=\"1556\" data-end=\"1574\">Styk t\u0142oka: Nie<\/p>\n<\/li>\n<li class=\"\" data-start=\"1575\" data-end=\"1597\">\n<p class=\"\" data-start=\"1577\" data-end=\"1597\">Napi\u0119cie AC\/DC: DC<\/p>\n<\/li>\n<li class=\"\" data-start=\"1598\" data-end=\"1622\">\n<p class=\"\" data-start=\"1600\" data-end=\"1622\">Maksymalne napi\u0119cie: 26,4 V<\/p>\n<\/li>\n<li class=\"\" data-start=\"1623\" data-end=\"1647\">\n<p class=\"\" data-start=\"1625\" data-end=\"1647\">Minimalne napi\u0119cie: 21,6 V<\/p>\n<\/li>\n<li class=\"\" data-start=\"1648\" data-end=\"1672\">\n<p class=\"\" data-start=\"1650\" data-end=\"1672\">Podw\u00f3jny skr\u0119t drop: Nie<\/p>\n<\/li>\n<li class=\"\" data-start=\"1673\" data-end=\"1700\">\n<p class=\"\" data-start=\"1675\" data-end=\"1700\">Prawo\/Odwr\u00f3\u0107: Odwr\u00f3\u0107<\/p>\n<\/li>\n<\/ul>\n<p class=\"\" data-start=\"1702\" data-end=\"1933\"><strong data-start=\"1702\" data-end=\"1724\">Obszary zastosowa\u0144<\/strong><br data-start=\"1724\" data-end=\"1727\" \/>Zaczep elektryczny 331 doskonale nadaje si\u0119 do stosowania w drzwiach o du\u017cym nat\u0119\u017ceniu ruchu, wej\u015bciach, bramach, drzwiach ewakuacyjnych i innych obszarach wymagaj\u0105cych wysokiego poziomu bezpiecze\u0144stwa i trwa\u0142o\u015bci, na przyk\u0142ad w przemy\u015ble i handlu.<\/p>","protected":false},"excerpt":{"rendered":"<h5><a href=\"https:\/\/elslutblecksguiden.se\/\" target=\"_blank\" rel=\"noopener\">Przewodnik po zamkach elektrycznych ASSA, zamkach silnikowych, blachach zaczepowych i przewodniku wymiany<\/a><\/h5>","protected":false},"featured_media":139395,"template":"","meta":{"_acf_changed":false},"product_brand":[],"product_cat":[3355],"product_tag":[4197,4201,2967],"class_list":{"0":"post-91541","1":"product","2":"type-product","3":"status-publish","4":"has-post-thumbnail","6":"product_cat-elslutbleck","7":"product_tag-24v","8":"product_tag-omvand","9":"product_tag-rg-assa-abloy","10":"product_shipping_class-tunga-paket","11":"pa_brands-abloy","12":"tm-no-options","14":"first","15":"onbackorder","16":"sale","17":"taxable","18":"shipping-taxable","19":"purchasable","20":"product-type-simple"},"acf":[],"_links":{"self":[{"href":"https:\/\/secureus.se\/pl\/wp-json\/wp\/v2\/product\/91541","targetHints":{"allow":["GET"]}}],"collection":[{"href":"https:\/\/secureus.se\/pl\/wp-json\/wp\/v2\/product"}],"about":[{"href":"https:\/\/secureus.se\/pl\/wp-json\/wp\/v2\/types\/product"}],"wp:featuredmedia":[{"embeddable":true,"href":"https:\/\/secureus.se\/pl\/wp-json\/wp\/v2\/media\/139395"}],"wp:attachment":[{"href":"https:\/\/secureus.se\/pl\/wp-json\/wp\/v2\/media?parent=91541"}],"wp:term":[{"taxonomy":"product_brand","embeddable":true,"href":"https:\/\/secureus.se\/pl\/wp-json\/wp\/v2\/product_brand?post=91541"},{"taxonomy":"product_cat","embeddable":true,"href":"https:\/\/secureus.se\/pl\/wp-json\/wp\/v2\/product_cat?post=91541"},{"taxonomy":"product_tag","embeddable":true,"href":"https:\/\/secureus.se\/pl\/wp-json\/wp\/v2\/product_tag?post=91541"}],"curies":[{"name":"wp","href":"https:\/\/api.w.org\/{rel}","templated":true}]}}