{"id":91543,"date":"2023-09-27T18:13:52","date_gmt":"2023-09-27T16:13:52","guid":{"rendered":"https:\/\/secureus.se\/elslutbleck-585-omstallbar-12-24v-hi-o-kolvkontakt\/"},"modified":"2026-04-08T15:57:36","modified_gmt":"2026-04-08T13:57:36","slug":"elslutbleck-585-omstallbar-12-24v-hi-o-kolvkontakt","status":"publish","type":"product","link":"https:\/\/secureus.se\/pl\/elslutbleck-585-omstallbar-12-24v-hi-o-kolvkontakt\/","title":{"rendered":"Elektryczna p\u0142yta ko\u0144cowa 585 Regulowany styk t\u0142okowy Hi-O 12\u201324 V"},"content":{"rendered":"<h1>Elektryczna p\u0142yta ko\u0144cowa 585 Regulowany styk t\u0142okowy Hi-O 12\u201324 V<\/h1>\n<p class=\"\" data-start=\"481\" data-end=\"901\">Standardowy elektrozaczep ASSA ABLOY 585 z regulowanym stykiem t\u0142okowym Hi-O 12\u201324 V jest przeznaczony do stosowania w drzwiach, w kt\u00f3rych obowi\u0105zuj\u0105 standardowe wymagania bezpiecze\u0144stwa.<\/p>\n<p class=\"\" data-start=\"481\" data-end=\"901\">\u0141atwe prze\u0142\u0105czanie mi\u0119dzy trybem jazdy do przodu i do ty\u0142u sprawia, \u017ce urz\u0105dzenie jest bardzo elastyczne i mo\u017cna je dostosowa\u0107 do r\u00f3\u017cnych potrzeb instalacyjnych.<\/p>\n<p class=\"\" data-start=\"481\" data-end=\"901\">Zamek odblokowuje si\u0119 w przypadku zaniku zasilania podczas jazdy w trybie wstecznym, co czyni go idealnym rozwi\u0105zaniem w sytuacjach, gdy jest to konieczne.<\/p>\n<p class=\"\" data-start=\"903\" data-end=\"1270\">P\u0142yta zaczepu elektrycznego przeznaczona jest do stosowania w drzwiach oddzielaj\u0105cych pomieszczenia przeciwpo\u017carowe w po\u0142\u0105czeniu z zamkiem dwuryglowym i wyznaczonym s\u0142upkiem.<\/p>\n<p class=\"\" data-start=\"903\" data-end=\"1270\">Dzi\u0119ki wytrzyma\u0142o\u015bci na zerwanie wynosz\u0105cej 700 kg (7 kN), br\u0105zowemu zamkni\u0119ciu typu twist lock oraz obudowie ze stopu cynku zamek ten zapewnia trwa\u0142o\u015b\u0107 i wysoki poziom bezpiecze\u0144stwa.<\/p>\n<p class=\"\" data-start=\"903\" data-end=\"1270\">Wyposa\u017cono go r\u00f3wnie\u017c w zatrzask blokuj\u0105cy i wbudowan\u0105 ochron\u0119 przeciwprzepi\u0119ciow\u0105, chroni\u0105c\u0105 przed zak\u0142\u00f3ceniami elektrycznymi.<\/p>\n<p class=\"\" data-start=\"1272\" data-end=\"1401\">Zaczep elektryczny 585 jest r\u00f3wnie\u017c kompatybilny z technologi\u0105 magistrali Can-O Hi-O, dzi\u0119ki czemu doskonale nadaje si\u0119 do zintegrowanych system\u00f3w bezpiecze\u0144stwa.<\/p>\n<p class=\"\" data-start=\"1403\" data-end=\"1425\"><strong data-start=\"1403\" data-end=\"1423\">Dane techniczne:<\/strong><\/p>\n<ul data-start=\"1426\" data-end=\"1761\">\n<li class=\"\" data-start=\"1426\" data-end=\"1460\">\n<p class=\"\" data-start=\"1428\" data-end=\"1460\">Wytrzyma\u0142o\u015b\u0107 na zerwanie: 700 kg (7 kN)<\/p>\n<\/li>\n<li class=\"\" data-start=\"1461\" data-end=\"1493\">\n<p class=\"\" data-start=\"1463\" data-end=\"1493\">Zawiasy drzwi: Prawe, Lewe<\/p>\n<\/li>\n<li class=\"\" data-start=\"1494\" data-end=\"1531\">\n<p class=\"\" data-start=\"1496\" data-end=\"1531\">Typ zamka: Zamek z pojedynczym zatrzaskiem, Zamek z podw\u00f3jnym zatrzaskiem<\/p>\n<\/li>\n<li class=\"\" data-start=\"1532\" data-end=\"1557\">\n<p class=\"\" data-start=\"1534\" data-end=\"1557\">Napi\u0119cie robocze: 12-24V<\/p>\n<\/li>\n<li class=\"\" data-start=\"1558\" data-end=\"1590\">\n<p class=\"\" data-start=\"1560\" data-end=\"1590\">Kolor\/obr\u00f3bka powierzchni: ocynkowana<\/p>\n<\/li>\n<li class=\"\" data-start=\"1591\" data-end=\"1610\">\n<p class=\"\" data-start=\"1593\" data-end=\"1610\">Kontakt t\u0142okowy: Tak<\/p>\n<\/li>\n<li class=\"\" data-start=\"1611\" data-end=\"1636\">\n<p class=\"\" data-start=\"1613\" data-end=\"1636\">Napi\u0119cie AC\/DC: AC\/DC<\/p>\n<\/li>\n<li class=\"\" data-start=\"1637\" data-end=\"1661\">\n<p class=\"\" data-start=\"1639\" data-end=\"1661\">Maksymalne napi\u0119cie: 26,4 V<\/p>\n<\/li>\n<li class=\"\" data-start=\"1662\" data-end=\"1686\">\n<p class=\"\" data-start=\"1664\" data-end=\"1686\">Minimalne napi\u0119cie: 10,8 V<\/p>\n<\/li>\n<li class=\"\" data-start=\"1687\" data-end=\"1711\">\n<p class=\"\" data-start=\"1689\" data-end=\"1711\">Podw\u00f3jny skr\u0119t drop: Nie<\/p>\n<\/li>\n<li class=\"\" data-start=\"1712\" data-end=\"1761\">\n<p class=\"\" data-start=\"1714\" data-end=\"1761\">Do przodu\/do ty\u0142u: Prze\u0142\u0105czalny (do przodu\/do ty\u0142u)<\/p>\n<\/li>\n<\/ul>\n<p class=\"\" data-start=\"1763\" data-end=\"2043\"><strong data-start=\"1763\" data-end=\"1785\">Obszary zastosowa\u0144<\/strong><br data-start=\"1785\" data-end=\"1788\" \/>Ten zamek elektryczny doskonale nadaje si\u0119 do stosowania w drzwiach do ochrony pancerza, do ich wewn\u0119trznego zamykania, do wej\u015b\u0107 oraz pomieszcze\u0144 u\u017cyteczno\u015bci publicznej w budynkach mieszkalnych, biurach i zak\u0142adach przemys\u0142owych.<\/p>\n<p class=\"\" data-start=\"1763\" data-end=\"2043\">Jest on szczeg\u00f3lnie u\u017cyteczny w zintegrowanych systemach bezpiecze\u0144stwa, kt\u00f3re wymagaj\u0105 obs\u0142ugi technologii magistrali Hi-O Can.<\/p>","protected":false},"excerpt":{"rendered":"<h5><a href=\"https:\/\/elslutblecksguiden.se\/\" target=\"_blank\" rel=\"noopener\">Przewodnik po zamkach elektrycznych ASSA, zamkach silnikowych, blachach zaczepowych i przewodniku wymiany<\/a><\/h5>","protected":false},"featured_media":139430,"template":"","meta":{"_acf_changed":false},"product_brand":[],"product_cat":[3355],"product_tag":[4196,4202,2967],"class_list":{"0":"post-91543","1":"product","2":"type-product","3":"status-publish","4":"has-post-thumbnail","6":"product_cat-elslutbleck","7":"product_tag-12-24v","8":"product_tag-omstallbar-rattvand-omvand","9":"product_tag-rg-assa-abloy","10":"product_shipping_class-tunga-paket","11":"pa_brands-abloy","12":"tm-no-options","14":"first","15":"outofstock","16":"sale","17":"taxable","18":"shipping-taxable","19":"purchasable","20":"product-type-simple"},"acf":[],"_links":{"self":[{"href":"https:\/\/secureus.se\/pl\/wp-json\/wp\/v2\/product\/91543","targetHints":{"allow":["GET"]}}],"collection":[{"href":"https:\/\/secureus.se\/pl\/wp-json\/wp\/v2\/product"}],"about":[{"href":"https:\/\/secureus.se\/pl\/wp-json\/wp\/v2\/types\/product"}],"wp:featuredmedia":[{"embeddable":true,"href":"https:\/\/secureus.se\/pl\/wp-json\/wp\/v2\/media\/139430"}],"wp:attachment":[{"href":"https:\/\/secureus.se\/pl\/wp-json\/wp\/v2\/media?parent=91543"}],"wp:term":[{"taxonomy":"product_brand","embeddable":true,"href":"https:\/\/secureus.se\/pl\/wp-json\/wp\/v2\/product_brand?post=91543"},{"taxonomy":"product_cat","embeddable":true,"href":"https:\/\/secureus.se\/pl\/wp-json\/wp\/v2\/product_cat?post=91543"},{"taxonomy":"product_tag","embeddable":true,"href":"https:\/\/secureus.se\/pl\/wp-json\/wp\/v2\/product_tag?post=91543"}],"curies":[{"name":"wp","href":"https:\/\/api.w.org\/{rel}","templated":true}]}}