{"id":91544,"date":"2023-09-27T18:13:50","date_gmt":"2023-09-27T16:13:50","guid":{"rendered":"https:\/\/secureus.se\/elslutbleck-75-omstallbar-12-24v\/"},"modified":"2026-04-08T15:57:45","modified_gmt":"2026-04-08T13:57:45","slug":"elslutbleck-75-omstallbar-12-24v","status":"publish","type":"product","link":"https:\/\/secureus.se\/pl\/elslutbleck-75-omstallbar-12-24v\/","title":{"rendered":"Elektryczna p\u0142yta ko\u0144cowa 75 Mo\u017cliwo\u015b\u0107 prze\u0142\u0105czania 12-24 V"},"content":{"rendered":"<h1>Elektryczna p\u0142yta ko\u0144cowa 75 Mo\u017cliwo\u015b\u0107 prze\u0142\u0105czania 12-24 V<\/h1>\n<p class=\"\" data-start=\"430\" data-end=\"729\">Elektrozaczep ASSA ABLOY Standard 75 Regulowany 12-24 V przeznaczony jest do drzwi o standardowych wymaganiach bezpiecze\u0144stwa.<\/p>\n<p class=\"\" data-start=\"430\" data-end=\"729\">Zamek mo\u017cna \u0142atwo prze\u0142\u0105cza\u0107 mi\u0119dzy trybem otwierania do przodu i do ty\u0142u, co zapewnia elastyczno\u015b\u0107 w zale\u017cno\u015bci od potrzeby zablokowania lub odblokowania drzwi w przypadku awarii zasilania.<\/p>\n<p class=\"\" data-start=\"731\" data-end=\"1024\">Szczeg\u00f3lnie nadaje si\u0119 do stosowania w drzwiach dzia\u0142owych przeciwpo\u017carowych oraz w po\u0142\u0105czeniu z zamkami rygluj\u0105cymi z pojedyncz\u0105 lub podw\u00f3jn\u0105 zapadk\u0105.<\/p>\n<p class=\"\" data-start=\"731\" data-end=\"1024\">Dzi\u0119ki wytrzyma\u0142o\u015bci na zerwanie wynosz\u0105cej 700 kg (7 kN) i solidnej konstrukcji z br\u0105zowym zamkiem skr\u0119canym i obudow\u0105 zamka ze stopu cynku, zamek ten oferuje zar\u00f3wno trwa\u0142o\u015b\u0107, jak i wysoki poziom bezpiecze\u0144stwa.<\/p>\n<p class=\"\" data-start=\"1026\" data-end=\"1277\">Zaczep elektryczny wyposa\u017cono r\u00f3wnie\u017c we wbudowan\u0105 ochron\u0119 przeciwprzepi\u0119ciow\u0105, kt\u00f3ra chroni przed zak\u0142\u00f3ceniami elektrycznymi, dzi\u0119ki czemu jest wyj\u0105tkowo niezawodny w wra\u017cliwych \u015brodowiskach.<\/p>\n<p class=\"\" data-start=\"1026\" data-end=\"1277\">Wysoka odporno\u015b\u0107 na uderzenia i wibracje sprawia, \u017ce doskonale nadaje si\u0119 do drzwi, w kt\u00f3rych wymagana jest trwa\u0142o\u015b\u0107 i bezpiecze\u0144stwo.<\/p>\n<p class=\"\" data-start=\"1279\" data-end=\"1301\"><strong data-start=\"1279\" data-end=\"1299\">Dane techniczne:<\/strong><\/p>\n<ul data-start=\"1302\" data-end=\"1638\">\n<li class=\"\" data-start=\"1302\" data-end=\"1336\">\n<p class=\"\" data-start=\"1304\" data-end=\"1336\">Wytrzyma\u0142o\u015b\u0107 na zerwanie: 700 kg (7 kN)<\/p>\n<\/li>\n<li class=\"\" data-start=\"1337\" data-end=\"1369\">\n<p class=\"\" data-start=\"1339\" data-end=\"1369\">Zawiasy drzwi: Prawe, Lewe<\/p>\n<\/li>\n<li class=\"\" data-start=\"1370\" data-end=\"1407\">\n<p class=\"\" data-start=\"1372\" data-end=\"1407\">Typ zamka: Zamek z pojedynczym zatrzaskiem, Zamek z podw\u00f3jnym zatrzaskiem<\/p>\n<\/li>\n<li class=\"\" data-start=\"1408\" data-end=\"1433\">\n<p class=\"\" data-start=\"1410\" data-end=\"1433\">Napi\u0119cie robocze: 12-24V<\/p>\n<\/li>\n<li class=\"\" data-start=\"1434\" data-end=\"1466\">\n<p class=\"\" data-start=\"1436\" data-end=\"1466\">Kolor\/obr\u00f3bka powierzchni: ocynkowana<\/p>\n<\/li>\n<li class=\"\" data-start=\"1467\" data-end=\"1487\">\n<p class=\"\" data-start=\"1469\" data-end=\"1487\">Styk t\u0142oka: Nie<\/p>\n<\/li>\n<li class=\"\" data-start=\"1488\" data-end=\"1513\">\n<p class=\"\" data-start=\"1490\" data-end=\"1513\">Napi\u0119cie AC\/DC: AC\/DC<\/p>\n<\/li>\n<li class=\"\" data-start=\"1514\" data-end=\"1538\">\n<p class=\"\" data-start=\"1516\" data-end=\"1538\">Maksymalne napi\u0119cie: 26,4 V<\/p>\n<\/li>\n<li class=\"\" data-start=\"1539\" data-end=\"1563\">\n<p class=\"\" data-start=\"1541\" data-end=\"1563\">Minimalne napi\u0119cie: 10,8 V<\/p>\n<\/li>\n<li class=\"\" data-start=\"1564\" data-end=\"1588\">\n<p class=\"\" data-start=\"1566\" data-end=\"1588\">Podw\u00f3jny skr\u0119t drop: Nie<\/p>\n<\/li>\n<li class=\"\" data-start=\"1589\" data-end=\"1638\">\n<p class=\"\" data-start=\"1591\" data-end=\"1638\">Do przodu\/do ty\u0142u: Prze\u0142\u0105czalny (do przodu\/do ty\u0142u)<\/p>\n<\/li>\n<\/ul>\n<p class=\"\" data-start=\"1640\" data-end=\"1919\"><strong data-start=\"1640\" data-end=\"1662\">Obszary zastosowa\u0144<\/strong><br data-start=\"1662\" data-end=\"1665\" \/>Elektryczny zamek szyfrowy 75 regulowany 12-24 V doskonale nadaje si\u0119 do stosowania w ochronie obwodowej, zamykaniu wewn\u0119trznym i zabezpieczaniu budynk\u00f3w komercyjnych, biurowych i mieszkalnych.<\/p>\n<p class=\"\" data-start=\"1640\" data-end=\"1919\">Stanowi elastyczne i bezpieczne rozwi\u0105zanie dla drzwi, kt\u00f3re musz\u0105 by\u0107 dostosowane do r\u00f3\u017cnych wymaga\u0144 bezpiecze\u0144stwa.<\/p>","protected":false},"excerpt":{"rendered":"<h5><a href=\"https:\/\/elslutblecksguiden.se\/\" target=\"_blank\" rel=\"noopener\">Przewodnik po zamkach elektrycznych ASSA, zamkach silnikowych, blachach zaczepowych i przewodniku wymiany<\/a><\/h5>","protected":false},"featured_media":137056,"template":"","meta":{"_acf_changed":false},"product_brand":[],"product_cat":[3355],"product_tag":[4196,4202,2967],"class_list":{"0":"post-91544","1":"product","2":"type-product","3":"status-publish","4":"has-post-thumbnail","6":"product_cat-elslutbleck","7":"product_tag-12-24v","8":"product_tag-omstallbar-rattvand-omvand","9":"product_tag-rg-assa-abloy","10":"product_shipping_class-tunga-paket","11":"pa_brands-abloy","12":"tm-no-options","14":"first","15":"instock","16":"sale","17":"taxable","18":"shipping-taxable","19":"purchasable","20":"product-type-simple"},"acf":[],"_links":{"self":[{"href":"https:\/\/secureus.se\/pl\/wp-json\/wp\/v2\/product\/91544","targetHints":{"allow":["GET"]}}],"collection":[{"href":"https:\/\/secureus.se\/pl\/wp-json\/wp\/v2\/product"}],"about":[{"href":"https:\/\/secureus.se\/pl\/wp-json\/wp\/v2\/types\/product"}],"wp:featuredmedia":[{"embeddable":true,"href":"https:\/\/secureus.se\/pl\/wp-json\/wp\/v2\/media\/137056"}],"wp:attachment":[{"href":"https:\/\/secureus.se\/pl\/wp-json\/wp\/v2\/media?parent=91544"}],"wp:term":[{"taxonomy":"product_brand","embeddable":true,"href":"https:\/\/secureus.se\/pl\/wp-json\/wp\/v2\/product_brand?post=91544"},{"taxonomy":"product_cat","embeddable":true,"href":"https:\/\/secureus.se\/pl\/wp-json\/wp\/v2\/product_cat?post=91544"},{"taxonomy":"product_tag","embeddable":true,"href":"https:\/\/secureus.se\/pl\/wp-json\/wp\/v2\/product_tag?post=91544"}],"curies":[{"name":"wp","href":"https:\/\/api.w.org\/{rel}","templated":true}]}}