{"id":91545,"date":"2023-09-27T18:13:49","date_gmt":"2023-09-27T16:13:49","guid":{"rendered":"https:\/\/secureus.se\/elslutbleck-8331-omvand-24v-kolvkontakt\/"},"modified":"2026-04-08T15:57:53","modified_gmt":"2026-04-08T13:57:53","slug":"elslutbleck-8331-omvand-24v-kolvkontakt","status":"publish","type":"product","link":"https:\/\/secureus.se\/pl\/elslutbleck-8331-omvand-24v-kolvkontakt\/","title":{"rendered":"Elektryczna p\u0142yta ko\u0144cowa 8331 Odwrotny 24 V Styk t\u0142okowy"},"content":{"rendered":"<h1>Elektryczna p\u0142yta ko\u0144cowa 8331 Odwrotny 24 V Styk t\u0142okowy<\/h1>\n<p class=\"\" data-start=\"449\" data-end=\"801\">Bardzo mocny elektrozaczep ASSA ABLOY 8331 Reverse 24V z t\u0142okiem stykowym zosta\u0142 zaprojektowany tak, aby spe\u0142nia\u0107 najwy\u017csze wymagania bezpiecze\u0144stwa, w szczeg\u00f3lno\u015bci w drzwiach o du\u017cej cz\u0119stotliwo\u015bci u\u017cytkowania.<\/p>\n<p class=\"\" data-start=\"449\" data-end=\"801\">Szczeg\u00f3lnie nadaje si\u0119 do stosowania jako blokada dzienna w obudowach, wej\u015bciach, bramach i innych drzwiach nara\u017conych na du\u017ce obci\u0105\u017cenia w obiektach handlowych, biurowych i przemys\u0142owych.<\/p>\n<p class=\"\" data-start=\"803\" data-end=\"1152\">Elektrozaczep ma funkcj\u0119 rewersyjn\u0105, co oznacza, \u017ce zostaje odblokowany w przypadku zaniku zasilania, dzi\u0119ki czemu idealnie nadaje si\u0119 do stosowania w drzwiach ewakuacyjnych i \u015bluzach powietrznych, gdzie wyst\u0119puje r\u00f3\u017cnica ci\u015bnie\u0144.<\/p>\n<p class=\"\" data-start=\"803\" data-end=\"1152\">Wytrzyma\u0142o\u015b\u0107 na zerwanie wynosz\u0105ca 750 kg (7,5 kN) i odporno\u015b\u0107 na nacisk ta\u015bmy wynosz\u0105cy 500 kg sprawiaj\u0105, \u017ce jest to bezpieczne i niezawodne rozwi\u0105zanie nawet w trudnych warunkach.<\/p>\n<p class=\"\" data-start=\"1154\" data-end=\"1401\">Dzi\u0119ki trwa\u0142ej konstrukcji, kt\u00f3ra wytrzymuje miliony cykli otwierania, a tak\u017ce stalowej obudowie z blokad\u0105 obrotow\u0105 i zamkiem, ten zamek elektryczny charakteryzuje si\u0119 d\u0142ug\u0105 \u017cywotno\u015bci\u0105 i niezawodn\u0105 prac\u0105.<\/p>\n<p class=\"\" data-start=\"1154\" data-end=\"1401\">Z\u0142\u0105cze t\u0142oka blokuj\u0105cego i z\u0142\u0105cze kotwi\u0105ce zapewniaj\u0105 \u0142atw\u0105 i bezpieczn\u0105 instalacj\u0119.<\/p>\n<p class=\"\" data-start=\"1403\" data-end=\"1425\"><strong data-start=\"1403\" data-end=\"1423\">Dane techniczne:<\/strong><\/p>\n<ul data-start=\"1426\" data-end=\"1755\">\n<li class=\"\" data-start=\"1426\" data-end=\"1462\">\n<p class=\"\" data-start=\"1428\" data-end=\"1462\">Wytrzyma\u0142o\u015b\u0107 na zerwanie: 750 kg (7,5 kN)<\/p>\n<\/li>\n<li class=\"\" data-start=\"1463\" data-end=\"1495\">\n<p class=\"\" data-start=\"1465\" data-end=\"1495\">Zawiasy drzwi: Prawe, Lewe<\/p>\n<\/li>\n<li class=\"\" data-start=\"1496\" data-end=\"1517\">\n<p class=\"\" data-start=\"1498\" data-end=\"1517\">Nacisk listwy: 500 kg<\/p>\n<\/li>\n<li class=\"\" data-start=\"1518\" data-end=\"1555\">\n<p class=\"\" data-start=\"1520\" data-end=\"1555\">Typ zamka: Zamek z pojedynczym zatrzaskiem, Zamek z podw\u00f3jnym zatrzaskiem<\/p>\n<\/li>\n<li class=\"\" data-start=\"1556\" data-end=\"1578\">\n<p class=\"\" data-start=\"1558\" data-end=\"1578\">Napi\u0119cie robocze: 24V<\/p>\n<\/li>\n<li class=\"\" data-start=\"1579\" data-end=\"1609\">\n<p class=\"\" data-start=\"1581\" data-end=\"1609\">Kolor\/Wyko\u0144czenie: Stal nierdzewna<\/p>\n<\/li>\n<li class=\"\" data-start=\"1610\" data-end=\"1629\">\n<p class=\"\" data-start=\"1612\" data-end=\"1629\">Kontakt t\u0142okowy: Tak<\/p>\n<\/li>\n<li class=\"\" data-start=\"1630\" data-end=\"1652\">\n<p class=\"\" data-start=\"1632\" data-end=\"1652\">Napi\u0119cie AC\/DC: DC<\/p>\n<\/li>\n<li class=\"\" data-start=\"1653\" data-end=\"1677\">\n<p class=\"\" data-start=\"1655\" data-end=\"1677\">Maksymalne napi\u0119cie: 26,4 V<\/p>\n<\/li>\n<li class=\"\" data-start=\"1678\" data-end=\"1702\">\n<p class=\"\" data-start=\"1680\" data-end=\"1702\">Minimalne napi\u0119cie: 21,6 V<\/p>\n<\/li>\n<li class=\"\" data-start=\"1703\" data-end=\"1727\">\n<p class=\"\" data-start=\"1705\" data-end=\"1727\">Podw\u00f3jny skr\u0119t drop: Nie<\/p>\n<\/li>\n<li class=\"\" data-start=\"1728\" data-end=\"1755\">\n<p class=\"\" data-start=\"1730\" data-end=\"1755\">Prawo\/Odwr\u00f3\u0107: Odwr\u00f3\u0107<\/p>\n<\/li>\n<\/ul>\n<p class=\"\" data-start=\"1757\" data-end=\"2047\"><strong data-start=\"1757\" data-end=\"1779\">Obszary zastosowa\u0144<\/strong><br data-start=\"1779\" data-end=\"1782\" \/>Elektryczna p\u0142ytka zaczepowa 8331 doskonale nadaje si\u0119 do stosowania w drzwiach ewakuacyjnych, \u015bluzach powietrznych i innych drzwiach o znaczeniu krytycznym dla bezpiecze\u0144stwa, w kt\u00f3rych wa\u017cne jest, aby zamek pozosta\u0142 odblokowany w przypadku awarii zasilania.<\/p>\n<p class=\"\" data-start=\"1757\" data-end=\"2047\">Doskonale nadaje si\u0119 do ochrony i zabezpieczania drzwi o du\u017cym nat\u0119\u017ceniu ruchu w obiektach przemys\u0142owych, biurowych i handlowych.<\/p>","protected":false},"excerpt":{"rendered":"<h5><a href=\"https:\/\/elslutblecksguiden.se\/\" target=\"_blank\" rel=\"noopener\">Przewodnik po zamkach elektrycznych ASSA, zamkach silnikowych, blachach zaczepowych i przewodniku wymiany<\/a><\/h5>","protected":false},"featured_media":139443,"template":"","meta":{"_acf_changed":false},"product_brand":[],"product_cat":[3355],"product_tag":[4197,4201,2967],"class_list":{"0":"post-91545","1":"product","2":"type-product","3":"status-publish","4":"has-post-thumbnail","6":"product_cat-elslutbleck","7":"product_tag-24v","8":"product_tag-omvand","9":"product_tag-rg-assa-abloy","10":"product_shipping_class-tunga-paket","11":"pa_brands-abloy","12":"tm-no-options","14":"first","15":"onbackorder","16":"sale","17":"taxable","18":"shipping-taxable","19":"purchasable","20":"product-type-simple"},"acf":[],"_links":{"self":[{"href":"https:\/\/secureus.se\/pl\/wp-json\/wp\/v2\/product\/91545","targetHints":{"allow":["GET"]}}],"collection":[{"href":"https:\/\/secureus.se\/pl\/wp-json\/wp\/v2\/product"}],"about":[{"href":"https:\/\/secureus.se\/pl\/wp-json\/wp\/v2\/types\/product"}],"wp:featuredmedia":[{"embeddable":true,"href":"https:\/\/secureus.se\/pl\/wp-json\/wp\/v2\/media\/139443"}],"wp:attachment":[{"href":"https:\/\/secureus.se\/pl\/wp-json\/wp\/v2\/media?parent=91545"}],"wp:term":[{"taxonomy":"product_brand","embeddable":true,"href":"https:\/\/secureus.se\/pl\/wp-json\/wp\/v2\/product_brand?post=91545"},{"taxonomy":"product_cat","embeddable":true,"href":"https:\/\/secureus.se\/pl\/wp-json\/wp\/v2\/product_cat?post=91545"},{"taxonomy":"product_tag","embeddable":true,"href":"https:\/\/secureus.se\/pl\/wp-json\/wp\/v2\/product_tag?post=91545"}],"curies":[{"name":"wp","href":"https:\/\/api.w.org\/{rel}","templated":true}]}}