{"id":91547,"date":"2023-09-27T18:13:46","date_gmt":"2023-09-27T16:13:46","guid":{"rendered":"https:\/\/secureus.se\/elslutbleck-905m-omstallbar-12-24v-kolvkontakt\/"},"modified":"2026-04-23T12:22:24","modified_gmt":"2026-04-23T10:22:24","slug":"elslutbleck-905m-omstallbar-12-24v-kolvkontakt","status":"publish","type":"product","link":"https:\/\/secureus.se\/pl\/elslutbleck-905m-omstallbar-12-24v-kolvkontakt\/","title":{"rendered":"Elektryczna p\u0142ytka przy\u0142\u0105czeniowa 905M Prze\u0142\u0105czany styk t\u0142okowy 12\u201324 V"},"content":{"rendered":"<h1>Elektryczna p\u0142ytka przy\u0142\u0105czeniowa 905M Prze\u0142\u0105czany styk t\u0142okowy 12\u201324 V<\/h1>\n<p class=\"\" data-start=\"447\" data-end=\"796\">Zaczep elektryczny ASSA 905M z prze\u0142\u0105czalnym stykiem t\u0142okowym 12\u201324 V nale\u017cy do serii 900 i zosta\u0142 zaprojektowany tak, aby spe\u0142nia\u0107 wymagania bezpiecze\u0144stwa drzwi stosowanych w obiektach komercyjnych i przemys\u0142owych.<\/p>\n<p class=\"\" data-start=\"447\" data-end=\"796\">\u0141atwe prze\u0142\u0105czanie mi\u0119dzy funkcj\u0105 przewijania do przodu i do ty\u0142u sprawia, \u017ce urz\u0105dzenie jest elastyczne i mo\u017cna je dostosowa\u0107 do r\u00f3\u017cnych potrzeb w zakresie bezpiecze\u0144stwa.<\/p>\n<p class=\"\" data-start=\"798\" data-end=\"1126\">Dzi\u0119ki wytrzyma\u0142o\u015bci na zerwanie wynosz\u0105cej 650 kg (6,5 kN) oraz wysokiej odporno\u015bci na wibracje i uderzenia, ten elektrozaczep idealnie nadaje si\u0119 do drzwi o du\u017cej cz\u0119stotliwo\u015bci otwierania i nara\u017conych na obci\u0105\u017cenia.<\/p>\n<p class=\"\" data-start=\"798\" data-end=\"1126\">Obudowa zamka wykonana jest ze stopu cynku, a blokada obrotowa z br\u0105zu, co zapewnia dodatkow\u0105 trwa\u0142o\u015b\u0107. Ulepszona funkcja docisku paska umo\u017cliwia otwieranie pod ci\u015bnieniem.<\/p>\n<p class=\"\" data-start=\"1128\" data-end=\"1391\">Zaczep elektryczny wyposa\u017cony jest w styk t\u0142okowy i wbudowan\u0105 ochron\u0119 przeciwprzepi\u0119ciow\u0105, chroni\u0105c\u0105 przed zak\u0142\u00f3ceniami elektrycznymi.<\/p>\n<p class=\"\" data-start=\"1128\" data-end=\"1391\">Dzi\u0119ki temu jest to niezawodne rozwi\u0105zanie dla drzwi wymagaj\u0105cych sta\u0142ej ochrony, np. w barierkach, wej\u015bciach i innych miejscach publicznych.<\/p>\n<p class=\"\" data-start=\"1393\" data-end=\"1415\"><strong data-start=\"1393\" data-end=\"1413\">Dane techniczne:<\/strong><\/p>\n<ul data-start=\"1416\" data-end=\"1827\">\n<li class=\"\" data-start=\"1416\" data-end=\"1452\">\n<p class=\"\" data-start=\"1418\" data-end=\"1452\">Wytrzyma\u0142o\u015b\u0107 na zerwanie: 650 kg (6,5 kN)<\/p>\n<\/li>\n<li class=\"\" data-start=\"1453\" data-end=\"1485\">\n<p class=\"\" data-start=\"1455\" data-end=\"1485\">Zawiasy drzwi: Prawe, Lewe<\/p>\n<\/li>\n<li class=\"\" data-start=\"1486\" data-end=\"1523\">\n<p class=\"\" data-start=\"1488\" data-end=\"1523\">Typ zamka: Zamek z pojedynczym zatrzaskiem, Zamek z podw\u00f3jnym zatrzaskiem<\/p>\n<\/li>\n<li class=\"\" data-start=\"1524\" data-end=\"1549\">\n<p class=\"\" data-start=\"1526\" data-end=\"1549\">Napi\u0119cie robocze: 12-24V<\/p>\n<\/li>\n<li class=\"\" data-start=\"1550\" data-end=\"1582\">\n<p class=\"\" data-start=\"1552\" data-end=\"1582\">Kolor\/obr\u00f3bka powierzchni: ocynkowana<\/p>\n<\/li>\n<li class=\"\" data-start=\"1583\" data-end=\"1602\">\n<p class=\"\" data-start=\"1585\" data-end=\"1602\">Kontakt t\u0142okowy: Tak<\/p>\n<\/li>\n<li class=\"\" data-start=\"1603\" data-end=\"1628\">\n<p class=\"\" data-start=\"1605\" data-end=\"1628\">Napi\u0119cie AC\/DC: AC\/DC<\/p>\n<\/li>\n<li class=\"\" data-start=\"1629\" data-end=\"1653\">\n<p class=\"\" data-start=\"1631\" data-end=\"1653\">Maksymalne napi\u0119cie: 27,6 V<\/p>\n<\/li>\n<li class=\"\" data-start=\"1654\" data-end=\"1678\">\n<p class=\"\" data-start=\"1656\" data-end=\"1678\">Minimalne napi\u0119cie: 10,8 V<\/p>\n<\/li>\n<li class=\"\" data-start=\"1679\" data-end=\"1703\">\n<p class=\"\" data-start=\"1681\" data-end=\"1703\">Podw\u00f3jny skr\u0119t drop: Nie<\/p>\n<\/li>\n<li class=\"\" data-start=\"1704\" data-end=\"1753\">\n<p class=\"\" data-start=\"1706\" data-end=\"1753\">Do przodu\/do ty\u0142u: Prze\u0142\u0105czalny (do przodu\/do ty\u0142u)<\/p>\n<\/li>\n<li class=\"\" data-start=\"1754\" data-end=\"1778\">\n<p class=\"\" data-start=\"1756\" data-end=\"1778\">Szeroko\u015b\u0107 produktu: 27 mm<\/p>\n<\/li>\n<li class=\"\" data-start=\"1779\" data-end=\"1802\">\n<p class=\"\" data-start=\"1781\" data-end=\"1802\">G\u0142\u0119boko\u015b\u0107 produktu: 40 mm<\/p>\n<\/li>\n<li class=\"\" data-start=\"1803\" data-end=\"1827\">\n<p class=\"\" data-start=\"1805\" data-end=\"1827\">Wysoko\u015b\u0107 produktu: 140 mm<\/p>\n<\/li>\n<\/ul>\n<p class=\"\" data-start=\"1829\" data-end=\"2132\"><strong data-start=\"1829\" data-end=\"1851\">Obszary zastosowa\u0144<\/strong><br data-start=\"1851\" data-end=\"1854\" \/>Zaczep elektryczny 905M doskonale nadaje si\u0119 do drzwi w konstrukcjach os\u0142aniaj\u0105cych, zamykanych od wewn\u0105trz i stanowi\u0105cych rozwi\u0105zania zabezpieczaj\u0105ce w budynkach biurowych, przemys\u0142owych, handlowych i wielorodzinnych.<\/p>\n<p class=\"\" data-start=\"1829\" data-end=\"2132\">Stanowi elastyczne i niezawodne rozwi\u0105zanie w sytuacjach, w kt\u00f3rych wa\u017cna jest zar\u00f3wno funkcja ruchu do przodu, jak i do ty\u0142u, w zale\u017cno\u015bci od wymaga\u0144 instalacji.<\/p>","protected":false},"excerpt":{"rendered":"<h5><a href=\"https:\/\/elslutblecksguiden.se\/\" target=\"_blank\" rel=\"noopener\">Przewodnik po zamkach elektrycznych ASSA, zamkach silnikowych, blachach zaczepowych i przewodniku wymiany<\/a><\/h5>","protected":false},"featured_media":138590,"template":"","meta":{"_acf_changed":false},"product_brand":[],"product_cat":[3355],"product_tag":[4196,4202,2967],"class_list":{"0":"post-91547","1":"product","2":"type-product","3":"status-publish","4":"has-post-thumbnail","6":"product_cat-elslutbleck","7":"product_tag-12-24v","8":"product_tag-omstallbar-rattvand-omvand","9":"product_tag-rg-assa-abloy","10":"product_shipping_class-tunga-paket","11":"pa_brands-abloy","12":"tm-no-options","14":"first","15":"outofstock","16":"sale","17":"taxable","18":"shipping-taxable","19":"purchasable","20":"product-type-simple"},"acf":[],"_links":{"self":[{"href":"https:\/\/secureus.se\/pl\/wp-json\/wp\/v2\/product\/91547","targetHints":{"allow":["GET"]}}],"collection":[{"href":"https:\/\/secureus.se\/pl\/wp-json\/wp\/v2\/product"}],"about":[{"href":"https:\/\/secureus.se\/pl\/wp-json\/wp\/v2\/types\/product"}],"wp:featuredmedia":[{"embeddable":true,"href":"https:\/\/secureus.se\/pl\/wp-json\/wp\/v2\/media\/138590"}],"wp:attachment":[{"href":"https:\/\/secureus.se\/pl\/wp-json\/wp\/v2\/media?parent=91547"}],"wp:term":[{"taxonomy":"product_brand","embeddable":true,"href":"https:\/\/secureus.se\/pl\/wp-json\/wp\/v2\/product_brand?post=91547"},{"taxonomy":"product_cat","embeddable":true,"href":"https:\/\/secureus.se\/pl\/wp-json\/wp\/v2\/product_cat?post=91547"},{"taxonomy":"product_tag","embeddable":true,"href":"https:\/\/secureus.se\/pl\/wp-json\/wp\/v2\/product_tag?post=91547"}],"curies":[{"name":"wp","href":"https:\/\/api.w.org\/{rel}","templated":true}]}}