{"id":91551,"date":"2023-09-27T18:13:40","date_gmt":"2023-09-27T16:13:40","guid":{"rendered":"https:\/\/secureus.se\/elslutbleck-920-brand-rattvand-12-24v\/"},"modified":"2026-03-25T15:41:17","modified_gmt":"2026-03-25T14:41:17","slug":"elslutbleck-920-brand-rattvand-12-24v","status":"publish","type":"product","link":"https:\/\/secureus.se\/pl\/elslutbleck-920-brand-rattvand-12-24v\/","title":{"rendered":"Elektryczna p\u0142yta ko\u0144cowa 920 Marka skierowana w prawo 12\u201324 V"},"content":{"rendered":"<h1>Elektryczna p\u0142yta ko\u0144cowa 920 Marka skierowana w prawo 12\u201324 V<\/h1>\n<p class=\"\" data-start=\"419\" data-end=\"775\">Zaczep elektryczny ASSA 920 Fire Right-Hand 12-24V nale\u017cy do serii 900 i zosta\u0142 zaprojektowany tak, aby zapewni\u0107 wysoki poziom bezpiecze\u0144stwa i niezawodno\u015bci drzwi stosowanych w \u015bcianach dzia\u0142owych pomieszcze\u0144 przeciwpo\u017carowych.<\/p>\n<p class=\"\" data-start=\"419\" data-end=\"775\">Posiada klas\u0119 odporno\u015bci ogniowej E\/EI60 i jest zaprojektowany tak, aby wytrzyma\u0107 ogie\u0144 przez okres do 60 minut, dzi\u0119ki czemu jest bezpiecznym rozwi\u0105zaniem dla drzwi przeciwpo\u017carowych.<\/p>\n<p class=\"\" data-start=\"777\" data-end=\"1089\">Dzi\u0119ki wytrzyma\u0142o\u015bci na zerwanie wynosz\u0105cej 1000 kg (10 kN) oraz wysokiej odporno\u015bci na wstrz\u0105sy i uderzenia, ten elektrozaczep idealnie nadaje si\u0119 do drzwi o du\u017cej cz\u0119stotliwo\u015bci otwierania w miejscach nara\u017conych na dzia\u0142anie czynnik\u00f3w atmosferycznych.<\/p>\n<p class=\"\" data-start=\"777\" data-end=\"1089\">Obudowa zamka i zatrzask obrotowy wykonane s\u0105 ze stali, co zapewnia dodatkow\u0105 trwa\u0142o\u015b\u0107. Udoskonalona funkcja docisku listwy umo\u017cliwia otwarcie drzwi nawet pod wp\u0142ywem nacisku.<\/p>\n<p class=\"\" data-start=\"1091\" data-end=\"1318\">Zaczep elektryczny wyposa\u017cony jest r\u00f3wnie\u017c we wbudowan\u0105 ochron\u0119 przeciwprzepi\u0119ciow\u0105, kt\u00f3ra chroni przed zak\u0142\u00f3ceniami elektrycznymi. Funkcja odwrotnego otwierania zapewnia, \u017ce drzwi pozostan\u0105 zablokowane w przypadku zaniku zasilania, zwi\u0119kszaj\u0105c bezpiecze\u0144stwo w sytuacjach awaryjnych.<\/p>\n<p class=\"\" data-start=\"1320\" data-end=\"1342\"><strong data-start=\"1320\" data-end=\"1340\">Dane techniczne:<\/strong><\/p>\n<ul data-start=\"1343\" data-end=\"1780\">\n<li class=\"\" data-start=\"1343\" data-end=\"1379\">\n<p class=\"\" data-start=\"1345\" data-end=\"1379\">Wytrzyma\u0142o\u015b\u0107 na zerwanie: 1000 kg (10 kN)<\/p>\n<\/li>\n<li class=\"\" data-start=\"1380\" data-end=\"1412\">\n<p class=\"\" data-start=\"1382\" data-end=\"1412\">Zawiasy drzwi: Prawe, Lewe<\/p>\n<\/li>\n<li class=\"\" data-start=\"1413\" data-end=\"1433\">\n<p class=\"\" data-start=\"1415\" data-end=\"1433\">Nacisk ta\u015bmy: 12 kg<\/p>\n<\/li>\n<li class=\"\" data-start=\"1434\" data-end=\"1471\">\n<p class=\"\" data-start=\"1436\" data-end=\"1471\">Typ zamka: Zamek z pojedynczym zatrzaskiem, Zamek z podw\u00f3jnym zatrzaskiem<\/p>\n<\/li>\n<li class=\"\" data-start=\"1472\" data-end=\"1497\">\n<p class=\"\" data-start=\"1474\" data-end=\"1497\">Napi\u0119cie robocze: 12-24V<\/p>\n<\/li>\n<li class=\"\" data-start=\"1498\" data-end=\"1530\">\n<p class=\"\" data-start=\"1500\" data-end=\"1530\">Kolor\/obr\u00f3bka powierzchni: ocynkowana<\/p>\n<\/li>\n<li class=\"\" data-start=\"1531\" data-end=\"1551\">\n<p class=\"\" data-start=\"1533\" data-end=\"1551\">Styk t\u0142oka: Nie<\/p>\n<\/li>\n<li class=\"\" data-start=\"1552\" data-end=\"1577\">\n<p class=\"\" data-start=\"1554\" data-end=\"1577\">Napi\u0119cie AC\/DC: AC\/DC<\/p>\n<\/li>\n<li class=\"\" data-start=\"1578\" data-end=\"1602\">\n<p class=\"\" data-start=\"1580\" data-end=\"1602\">Maksymalne napi\u0119cie: 27,6 V<\/p>\n<\/li>\n<li class=\"\" data-start=\"1603\" data-end=\"1627\">\n<p class=\"\" data-start=\"1605\" data-end=\"1627\">Minimalne napi\u0119cie: 10,8 V<\/p>\n<\/li>\n<li class=\"\" data-start=\"1628\" data-end=\"1652\">\n<p class=\"\" data-start=\"1630\" data-end=\"1652\">Podw\u00f3jny skr\u0119t drop: Nie<\/p>\n<\/li>\n<li class=\"\" data-start=\"1653\" data-end=\"1682\">\n<p class=\"\" data-start=\"1655\" data-end=\"1682\">Prawo\/Odwrotnie: Prawo<\/p>\n<\/li>\n<li class=\"\" data-start=\"1683\" data-end=\"1706\">\n<p class=\"\" data-start=\"1685\" data-end=\"1706\">Test ogniowy: 60 min<\/p>\n<\/li>\n<li class=\"\" data-start=\"1707\" data-end=\"1731\">\n<p class=\"\" data-start=\"1709\" data-end=\"1731\">Szeroko\u015b\u0107 produktu: 27 mm<\/p>\n<\/li>\n<li class=\"\" data-start=\"1732\" data-end=\"1755\">\n<p class=\"\" data-start=\"1734\" data-end=\"1755\">G\u0142\u0119boko\u015b\u0107 produktu: 40 mm<\/p>\n<\/li>\n<li class=\"\" data-start=\"1756\" data-end=\"1780\">\n<p class=\"\" data-start=\"1758\" data-end=\"1780\">Wysoko\u015b\u0107 produktu: 140 mm<\/p>\n<\/li>\n<\/ul>\n<p class=\"\" data-start=\"1782\" data-end=\"2085\"><strong data-start=\"1782\" data-end=\"1804\">Obszary zastosowa\u0144<\/strong><br data-start=\"1804\" data-end=\"1807\" \/>Elektryczna p\u0142yta zaczepowa 920 Fire R\u00e4ttv\u00e4nd 12-24V doskonale nadaje si\u0119 do stosowania w drzwiach oddzielaj\u0105cych pomieszczenia przeciwpo\u017carowe oraz w drzwiach, w kt\u00f3rych wymagane jest wysokie bezpiecze\u0144stwo na wypadek po\u017caru.<\/p>\n<p class=\"\" data-start=\"1782\" data-end=\"2085\">Nadaje si\u0119 do monta\u017cu w budynkach biurowych, przemys\u0142owych, handlowych i wielorodzinnych, gdzie bezpiecze\u0144stwo i odporno\u015b\u0107 ogniowa maj\u0105 kluczowe znaczenie.<\/p>","protected":false},"excerpt":{"rendered":"<h5><a href=\"https:\/\/elslutblecksguiden.se\/\" target=\"_blank\" rel=\"noopener\">Przewodnik po zamkach elektrycznych ASSA, zamkach silnikowych, blachach zaczepowych i przewodniku wymiany<\/a><\/h5>","protected":false},"featured_media":139107,"template":"","meta":{"_acf_changed":false},"product_brand":[],"product_cat":[3355],"product_tag":[4196,4200,2967],"class_list":{"0":"post-91551","1":"product","2":"type-product","3":"status-publish","4":"has-post-thumbnail","6":"product_cat-elslutbleck","7":"product_tag-12-24v","8":"product_tag-rattvand","9":"product_tag-rg-assa-abloy","10":"product_shipping_class-tunga-paket","11":"pa_brands-abloy","12":"tm-no-options","14":"first","15":"instock","16":"sale","17":"taxable","18":"shipping-taxable","19":"purchasable","20":"product-type-simple"},"acf":[],"_links":{"self":[{"href":"https:\/\/secureus.se\/pl\/wp-json\/wp\/v2\/product\/91551","targetHints":{"allow":["GET"]}}],"collection":[{"href":"https:\/\/secureus.se\/pl\/wp-json\/wp\/v2\/product"}],"about":[{"href":"https:\/\/secureus.se\/pl\/wp-json\/wp\/v2\/types\/product"}],"wp:featuredmedia":[{"embeddable":true,"href":"https:\/\/secureus.se\/pl\/wp-json\/wp\/v2\/media\/139107"}],"wp:attachment":[{"href":"https:\/\/secureus.se\/pl\/wp-json\/wp\/v2\/media?parent=91551"}],"wp:term":[{"taxonomy":"product_brand","embeddable":true,"href":"https:\/\/secureus.se\/pl\/wp-json\/wp\/v2\/product_brand?post=91551"},{"taxonomy":"product_cat","embeddable":true,"href":"https:\/\/secureus.se\/pl\/wp-json\/wp\/v2\/product_cat?post=91551"},{"taxonomy":"product_tag","embeddable":true,"href":"https:\/\/secureus.se\/pl\/wp-json\/wp\/v2\/product_tag?post=91551"}],"curies":[{"name":"wp","href":"https:\/\/api.w.org\/{rel}","templated":true}]}}