{"id":91552,"date":"2023-09-27T18:13:39","date_gmt":"2023-09-27T16:13:39","guid":{"rendered":"https:\/\/secureus.se\/elslutbleck-920m-brand-rattvand-12-24v-kolvkontakt\/"},"modified":"2026-04-08T15:57:01","modified_gmt":"2026-04-08T13:57:01","slug":"elslutbleck-920m-brand-rattvand-12-24v-kolvkontakt","status":"publish","type":"product","link":"https:\/\/secureus.se\/pl\/elslutbleck-920m-brand-rattvand-12-24v-kolvkontakt\/","title":{"rendered":"Elektryczna p\u0142yta ko\u0144cowa 920M Marka Skierowana w prawo 12\u201324 V Styk t\u0142okowy"},"content":{"rendered":"<h1>Elektryczna p\u0142yta ko\u0144cowa 920M Marka Skierowana w prawo 12\u201324 V Styk t\u0142okowy<\/h1>\n<p class=\"\" data-start=\"440\" data-end=\"837\">Zamek elektryczny ASSA Electric Strike 920M Fire Right-Hand 12-24V Piston Contact nale\u017cy do serii 900 i zosta\u0142 zaprojektowany tak, aby spe\u0142nia\u0107 wy\u017csze wymagania bezpiecze\u0144stwa.<\/p>\n<p class=\"\" data-start=\"440\" data-end=\"837\">Zamek przeszed\u0142 testy ogniowe o klasie odporno\u015bci E\/EI60, co oznacza, \u017ce jest odporny na ogie\u0144 do 60 minut.<\/p>\n<p class=\"\" data-start=\"440\" data-end=\"837\">Dzi\u0119ki temu jest to idealny wyb\u00f3r do stosowania w drzwiach przeciwpo\u017carowych i innych systemach drzwiowych o znaczeniu krytycznym dla bezpiecze\u0144stwa.<\/p>\n<p class=\"\" data-start=\"839\" data-end=\"1168\">Dzi\u0119ki wytrzyma\u0142o\u015bci na rozerwanie wynosz\u0105cej 1000 kg (10 kN) i wysokiej odporno\u015bci na wibracje i uderzenia, ten elektrozaczep jest zaprojektowany tak, aby wytrzyma\u0107 trudne warunki.<\/p>\n<p class=\"\" data-start=\"839\" data-end=\"1168\">Obudowa zamka i zatrzask obrotowy wykonane s\u0105 ze stali, co zapewnia d\u0142ug\u0105 trwa\u0142o\u015b\u0107 i stabilno\u015b\u0107. Ulepszona funkcja docisku listwy zapewnia mo\u017cliwo\u015b\u0107 otwarcia drzwi nawet przy wysokim ci\u015bnieniu.<\/p>\n<p class=\"\" data-start=\"1170\" data-end=\"1385\">Zaczep elektryczny wyposa\u017cony jest w styk popychacza i ma wbudowan\u0105 ochron\u0119 przeciwprzepi\u0119ciow\u0105 chroni\u0105c\u0105 przed zak\u0142\u00f3ceniami elektrycznymi, co czyni go niezawodnym wyborem do instalacji w \u015brodowiskach komercyjnych i przemys\u0142owych.<\/p>\n<p class=\"\" data-start=\"1387\" data-end=\"1409\"><strong data-start=\"1387\" data-end=\"1407\">Dane techniczne:<\/strong><\/p>\n<ul data-start=\"1410\" data-end=\"1846\">\n<li class=\"\" data-start=\"1410\" data-end=\"1446\">\n<p class=\"\" data-start=\"1412\" data-end=\"1446\">Wytrzyma\u0142o\u015b\u0107 na zerwanie: 1000 kg (10 kN)<\/p>\n<\/li>\n<li class=\"\" data-start=\"1447\" data-end=\"1479\">\n<p class=\"\" data-start=\"1449\" data-end=\"1479\">Zawiasy drzwi: Prawe, Lewe<\/p>\n<\/li>\n<li class=\"\" data-start=\"1480\" data-end=\"1500\">\n<p class=\"\" data-start=\"1482\" data-end=\"1500\">Nacisk ta\u015bmy: 12 kg<\/p>\n<\/li>\n<li class=\"\" data-start=\"1501\" data-end=\"1538\">\n<p class=\"\" data-start=\"1503\" data-end=\"1538\">Typ zamka: Zamek z pojedynczym zatrzaskiem, Zamek z podw\u00f3jnym zatrzaskiem<\/p>\n<\/li>\n<li class=\"\" data-start=\"1539\" data-end=\"1564\">\n<p class=\"\" data-start=\"1541\" data-end=\"1564\">Napi\u0119cie robocze: 12-24V<\/p>\n<\/li>\n<li class=\"\" data-start=\"1565\" data-end=\"1597\">\n<p class=\"\" data-start=\"1567\" data-end=\"1597\">Kolor\/obr\u00f3bka powierzchni: ocynkowana<\/p>\n<\/li>\n<li class=\"\" data-start=\"1598\" data-end=\"1617\">\n<p class=\"\" data-start=\"1600\" data-end=\"1617\">Kontakt t\u0142okowy: Tak<\/p>\n<\/li>\n<li class=\"\" data-start=\"1618\" data-end=\"1643\">\n<p class=\"\" data-start=\"1620\" data-end=\"1643\">Napi\u0119cie AC\/DC: AC\/DC<\/p>\n<\/li>\n<li class=\"\" data-start=\"1644\" data-end=\"1668\">\n<p class=\"\" data-start=\"1646\" data-end=\"1668\">Maksymalne napi\u0119cie: 27,6 V<\/p>\n<\/li>\n<li class=\"\" data-start=\"1669\" data-end=\"1693\">\n<p class=\"\" data-start=\"1671\" data-end=\"1693\">Minimalne napi\u0119cie: 10,8 V<\/p>\n<\/li>\n<li class=\"\" data-start=\"1694\" data-end=\"1718\">\n<p class=\"\" data-start=\"1696\" data-end=\"1718\">Podw\u00f3jny skr\u0119t drop: Nie<\/p>\n<\/li>\n<li class=\"\" data-start=\"1719\" data-end=\"1748\">\n<p class=\"\" data-start=\"1721\" data-end=\"1748\">Prawo\/Odwrotnie: Prawo<\/p>\n<\/li>\n<li class=\"\" data-start=\"1749\" data-end=\"1772\">\n<p class=\"\" data-start=\"1751\" data-end=\"1772\">Test ogniowy: 60 min<\/p>\n<\/li>\n<li class=\"\" data-start=\"1773\" data-end=\"1797\">\n<p class=\"\" data-start=\"1775\" data-end=\"1797\">Szeroko\u015b\u0107 produktu: 27 mm<\/p>\n<\/li>\n<li class=\"\" data-start=\"1798\" data-end=\"1821\">\n<p class=\"\" data-start=\"1800\" data-end=\"1821\">G\u0142\u0119boko\u015b\u0107 produktu: 40 mm<\/p>\n<\/li>\n<li class=\"\" data-start=\"1822\" data-end=\"1846\">\n<p class=\"\" data-start=\"1824\" data-end=\"1846\">Wysoko\u015b\u0107 produktu: 140 mm<\/p>\n<\/li>\n<\/ul>\n<p class=\"\" data-start=\"1848\" data-end=\"2075\"><strong data-start=\"1848\" data-end=\"1870\">Obszary zastosowa\u0144<\/strong><br data-start=\"1870\" data-end=\"1873\" \/>Zaczep elektryczny 920M doskonale nadaje si\u0119 do drzwi stosowanych w \u015bcianach dzia\u0142owych przeciwpo\u017carowych, rozwi\u0105za\u0144 zabezpieczaj\u0105cych do ochrony skorupy i wewn\u0119trznego zamykania w \u015brodowiskach o du\u017cym nat\u0119\u017ceniu ruchu, takich jak biura, sklepy, obiekty przemys\u0142owe i budynki wielorodzinne.<\/p>","protected":false},"excerpt":{"rendered":"<h5><a href=\"https:\/\/elslutblecksguiden.se\/\" target=\"_blank\" rel=\"noopener\">Przewodnik po zamkach elektrycznych ASSA, zamkach silnikowych, blachach zaczepowych i przewodniku wymiany<\/a><\/h5>","protected":false},"featured_media":139119,"template":"","meta":{"_acf_changed":false},"product_brand":[],"product_cat":[3355],"product_tag":[4196,4200,2967],"class_list":{"0":"post-91552","1":"product","2":"type-product","3":"status-publish","4":"has-post-thumbnail","6":"product_cat-elslutbleck","7":"product_tag-12-24v","8":"product_tag-rattvand","9":"product_tag-rg-assa-abloy","10":"product_shipping_class-tunga-paket","11":"pa_brands-abloy","12":"tm-no-options","14":"first","15":"instock","16":"sale","17":"taxable","18":"shipping-taxable","19":"purchasable","20":"product-type-simple"},"acf":[],"_links":{"self":[{"href":"https:\/\/secureus.se\/pl\/wp-json\/wp\/v2\/product\/91552","targetHints":{"allow":["GET"]}}],"collection":[{"href":"https:\/\/secureus.se\/pl\/wp-json\/wp\/v2\/product"}],"about":[{"href":"https:\/\/secureus.se\/pl\/wp-json\/wp\/v2\/types\/product"}],"wp:featuredmedia":[{"embeddable":true,"href":"https:\/\/secureus.se\/pl\/wp-json\/wp\/v2\/media\/139119"}],"wp:attachment":[{"href":"https:\/\/secureus.se\/pl\/wp-json\/wp\/v2\/media?parent=91552"}],"wp:term":[{"taxonomy":"product_brand","embeddable":true,"href":"https:\/\/secureus.se\/pl\/wp-json\/wp\/v2\/product_brand?post=91552"},{"taxonomy":"product_cat","embeddable":true,"href":"https:\/\/secureus.se\/pl\/wp-json\/wp\/v2\/product_cat?post=91552"},{"taxonomy":"product_tag","embeddable":true,"href":"https:\/\/secureus.se\/pl\/wp-json\/wp\/v2\/product_tag?post=91552"}],"curies":[{"name":"wp","href":"https:\/\/api.w.org\/{rel}","templated":true}]}}