{"id":91554,"date":"2023-09-27T18:13:36","date_gmt":"2023-09-27T16:13:36","guid":{"rendered":"https:\/\/secureus.se\/elslutbleck-14-rattvand-8v\/"},"modified":"2026-04-08T15:56:52","modified_gmt":"2026-04-08T13:56:52","slug":"elslutbleck-14-rattvand-8v","status":"publish","type":"product","link":"https:\/\/secureus.se\/pl\/elslutbleck-14-rattvand-8v\/","title":{"rendered":"Elektryczna p\u0142yta ko\u0144cowa 14 Prawa strona 8 V"},"content":{"rendered":"<h1>Elektryczna p\u0142yta ko\u0144cowa 14 Prawa strona 8 V<\/h1>\n<p class=\"\" data-start=\"362\" data-end=\"679\">Zaczep elektryczny ASSA Electric Strike 14 prawy 8V to niezawodny wyb\u00f3r do drzwi wymagaj\u0105cych podstawowego zabezpieczenia.<\/p>\n<p class=\"\" data-start=\"362\" data-end=\"679\">Dzi\u0119ki wytrzyma\u0142o\u015bci na zerwanie wynosz\u0105cej 400 kg (4000 N) i funkcji odwrotnego otwierania, oznaczaj\u0105cej, \u017ce zamek zostanie zablokowany r\u00f3wnie\u017c w przypadku zaniku zasilania, ten zamek elektryczny stanowi proste, ale skuteczne rozwi\u0105zanie umo\u017cliwiaj\u0105ce wewn\u0119trzn\u0105 blokad\u0119.<\/p>\n<p class=\"\" data-start=\"681\" data-end=\"980\">Zamek wykonany jest ze stali nierdzewnej z zatrzaskiem obrotowym i obudowy ze stopu cynku, co zapewnia mu trwa\u0142o\u015b\u0107.<\/p>\n<p class=\"\" data-start=\"681\" data-end=\"980\">U\u017cywa si\u0119 go w po\u0142\u0105czeniu z zamkami jedno- lub dwuryglowymi i nie nadaje si\u0119 do drzwi przeciwpo\u017carowych, dzi\u0119ki czemu idealnie nadaje si\u0119 do zastosowa\u0144 w miejscach, w kt\u00f3rych bezpiecze\u0144stwo nie jest tak istotne, jak biura i przemys\u0142.<\/p>\n<p class=\"\" data-start=\"982\" data-end=\"1204\">Elektrozaczep wymaga napi\u0119cia roboczego 8 VDC i jest wyposa\u017cony w funkcj\u0119 rewersyjn\u0105 gwarantuj\u0105c\u0105 zablokowanie nawet w przypadku zaniku zasilania, co zwi\u0119ksza bezpiecze\u0144stwo w miejscach, w kt\u00f3rych wa\u017cne jest, aby drzwi pozosta\u0142y zamkni\u0119te w przypadku zaniku zasilania.<\/p>\n<p class=\"\" data-start=\"1206\" data-end=\"1228\"><strong data-start=\"1206\" data-end=\"1226\">Dane techniczne:<\/strong><\/p>\n<ul data-start=\"1229\" data-end=\"1608\">\n<li class=\"\" data-start=\"1229\" data-end=\"1265\">\n<p class=\"\" data-start=\"1231\" data-end=\"1265\">Wytrzyma\u0142o\u015b\u0107 na zerwanie: 400 kg (4000 N)<\/p>\n<\/li>\n<li class=\"\" data-start=\"1266\" data-end=\"1298\">\n<p class=\"\" data-start=\"1268\" data-end=\"1298\">Zawiasy drzwi: Prawe, Lewe<\/p>\n<\/li>\n<li class=\"\" data-start=\"1299\" data-end=\"1336\">\n<p class=\"\" data-start=\"1301\" data-end=\"1336\">Typ zamka: Zamek z pojedynczym zatrzaskiem, Zamek z podw\u00f3jnym zatrzaskiem<\/p>\n<\/li>\n<li class=\"\" data-start=\"1337\" data-end=\"1358\">\n<p class=\"\" data-start=\"1339\" data-end=\"1358\">Napi\u0119cie robocze: 8V<\/p>\n<\/li>\n<li class=\"\" data-start=\"1359\" data-end=\"1391\">\n<p class=\"\" data-start=\"1361\" data-end=\"1391\">Kolor\/obr\u00f3bka powierzchni: ocynkowana<\/p>\n<\/li>\n<li class=\"\" data-start=\"1392\" data-end=\"1412\">\n<p class=\"\" data-start=\"1394\" data-end=\"1412\">Styk t\u0142oka: Nie<\/p>\n<\/li>\n<li class=\"\" data-start=\"1413\" data-end=\"1435\">\n<p class=\"\" data-start=\"1415\" data-end=\"1435\">Napi\u0119cie AC\/DC: DC<\/p>\n<\/li>\n<li class=\"\" data-start=\"1436\" data-end=\"1457\">\n<p class=\"\" data-start=\"1438\" data-end=\"1457\">Maksymalne napi\u0119cie: 8V<\/p>\n<\/li>\n<li class=\"\" data-start=\"1458\" data-end=\"1479\">\n<p class=\"\" data-start=\"1460\" data-end=\"1479\">Minimalne napi\u0119cie: 8 V<\/p>\n<\/li>\n<li class=\"\" data-start=\"1480\" data-end=\"1504\">\n<p class=\"\" data-start=\"1482\" data-end=\"1504\">Podw\u00f3jny skr\u0119t drop: Nie<\/p>\n<\/li>\n<li class=\"\" data-start=\"1505\" data-end=\"1534\">\n<p class=\"\" data-start=\"1507\" data-end=\"1534\">Prawo\/Odwrotnie: Prawo<\/p>\n<\/li>\n<li class=\"\" data-start=\"1535\" data-end=\"1559\">\n<p class=\"\" data-start=\"1537\" data-end=\"1559\">Szeroko\u015b\u0107 produktu: 27 mm<\/p>\n<\/li>\n<li class=\"\" data-start=\"1560\" data-end=\"1583\">\n<p class=\"\" data-start=\"1562\" data-end=\"1583\">G\u0142\u0119boko\u015b\u0107 produktu: 40 mm<\/p>\n<\/li>\n<li class=\"\" data-start=\"1584\" data-end=\"1608\">\n<p class=\"\" data-start=\"1586\" data-end=\"1608\">Wysoko\u015b\u0107 produktu: 140 mm<\/p>\n<\/li>\n<\/ul>\n<p class=\"\" data-start=\"1610\" data-end=\"1894\"><strong data-start=\"1610\" data-end=\"1632\">Obszary zastosowa\u0144<\/strong><br data-start=\"1632\" data-end=\"1635\" \/>Zaczep elektryczny 14 R\u00e4ttv\u00e4nd 8V przeznaczony jest do stosowania w wewn\u0119trznych zamkni\u0119ciach w biurach, punktach handlowych i przemy\u015ble, gdzie wymagane jest podstawowe bezpiecze\u0144stwo. Produkt nie jest dopuszczony do stosowania w drzwiach pomieszcze\u0144 przeciwpo\u017carowych i nie nale\u017cy go instalowa\u0107 w takich zastosowaniach.<\/p>","protected":false},"excerpt":{"rendered":"<h5><a href=\"https:\/\/elslutblecksguiden.se\/\" target=\"_blank\" rel=\"noopener\">Przewodnik po zamkach elektrycznych ASSA, zamkach silnikowych, blachach zaczepowych i przewodniku wymiany<\/a><\/h5>","protected":false},"featured_media":138768,"template":"","meta":{"_acf_changed":false},"product_brand":[],"product_cat":[3355],"product_tag":[4200,2967],"class_list":{"0":"post-91554","1":"product","2":"type-product","3":"status-publish","4":"has-post-thumbnail","6":"product_cat-elslutbleck","7":"product_tag-rattvand","8":"product_tag-rg-assa-abloy","9":"product_shipping_class-tunga-paket","10":"pa_brands-abloy","11":"tm-no-options","13":"first","14":"instock","15":"sale","16":"taxable","17":"shipping-taxable","18":"purchasable","19":"product-type-simple"},"acf":[],"_links":{"self":[{"href":"https:\/\/secureus.se\/pl\/wp-json\/wp\/v2\/product\/91554","targetHints":{"allow":["GET"]}}],"collection":[{"href":"https:\/\/secureus.se\/pl\/wp-json\/wp\/v2\/product"}],"about":[{"href":"https:\/\/secureus.se\/pl\/wp-json\/wp\/v2\/types\/product"}],"wp:featuredmedia":[{"embeddable":true,"href":"https:\/\/secureus.se\/pl\/wp-json\/wp\/v2\/media\/138768"}],"wp:attachment":[{"href":"https:\/\/secureus.se\/pl\/wp-json\/wp\/v2\/media?parent=91554"}],"wp:term":[{"taxonomy":"product_brand","embeddable":true,"href":"https:\/\/secureus.se\/pl\/wp-json\/wp\/v2\/product_brand?post=91554"},{"taxonomy":"product_cat","embeddable":true,"href":"https:\/\/secureus.se\/pl\/wp-json\/wp\/v2\/product_cat?post=91554"},{"taxonomy":"product_tag","embeddable":true,"href":"https:\/\/secureus.se\/pl\/wp-json\/wp\/v2\/product_tag?post=91554"}],"curies":[{"name":"wp","href":"https:\/\/api.w.org\/{rel}","templated":true}]}}