{"id":91556,"date":"2023-09-27T18:13:33","date_gmt":"2023-09-27T16:13:33","guid":{"rendered":"https:\/\/secureus.se\/elslutbleck-961m-omvand-12-24v-kolvkontakt-5m-kabel\/"},"modified":"2026-04-08T16:03:41","modified_gmt":"2026-04-08T14:03:41","slug":"elslutbleck-961m-omvand-12-24v-kolvkontakt-5m-kabel","status":"publish","type":"product","link":"https:\/\/secureus.se\/pl\/elslutbleck-961m-omvand-12-24v-kolvkontakt-5m-kabel\/","title":{"rendered":"Elektryczna p\u0142ytka przy\u0142\u0105czeniowa 961M Odwrotna 12-24 V Z\u0142\u0105cze t\u0142okowe Kabel 5 m"},"content":{"rendered":"<div>\n<h1>Elektryczna p\u0142ytka przy\u0142\u0105czeniowa 961M Odwrotna 12-24 V Z\u0142\u0105cze t\u0142okowe Kabel 5 m<\/h1>\n<p>Elektrozaczep 961M Reverse 12-24V Styk t\u0142okowy 5m Kabel firmy ASSA ABLOY to wytrzyma\u0142y elektrozaczep o wytrzyma\u0142o\u015bci na zerwanie 1500 kg i funkcji rewersyjnej, kt\u00f3ra umo\u017cliwia jego odblokowanie w przypadku zaniku zasilania.<\/p>\n<p>Przeznaczony jest do stosowania w ochronie skorup i wewn\u0119trznym zamykaniu w obiektach handlowych, biurowych, przemys\u0142owych, a tak\u017ce w budynkach wielorodzinnych.<\/p>\n<p class=\"\" data-start=\"469\" data-end=\"872\">Wy\u0142\u0105cznik t\u0142okowy ASSA ABLOY 961M Reverse 12-24V z kablem 5 m jest przeznaczony do drzwi o wysokich wymaganiach dotycz\u0105cych docisku listwy i bezpiecze\u0144stwa.<\/p>\n<p class=\"\" data-start=\"469\" data-end=\"872\">Dzi\u0119ki imponuj\u0105cej wytrzyma\u0142o\u015bci na zerwanie wynosz\u0105cej 1500 kg (15 kN) i klasie ogniowej E\/EI 120 (do 120 minut) ten elektrozaczep zapewnia bezpiecze\u0144stwo i niezawodno\u015b\u0107 w drzwiach przeciwpo\u017carowych i innych zastosowaniach, w kt\u00f3rych zar\u00f3wno bezpiecze\u0144stwo, jak i odporno\u015b\u0107 ogniowa maj\u0105 kluczowe znaczenie.<\/p>\n<p class=\"\" data-start=\"874\" data-end=\"1225\">Funkcja odwrotna oznacza, \u017ce elektrozaczep pozostanie odblokowany nawet w przypadku zaniku zasilania, co czyni go idealnym rozwi\u0105zaniem w przypadku drzwi ewakuacyjnych i innych krytycznych zastosowa\u0144, w kt\u00f3rych szybkie otwieranie jest istotne.<\/p>\n<p class=\"\" data-start=\"874\" data-end=\"1225\">Zamek wyposa\u017cony jest w rygiel blokuj\u0105cy i styk kotwi\u0105cy, charakteryzuje si\u0119 wysok\u0105 odporno\u015bci\u0105 na wstrz\u0105sy i uderzenia, co czyni go trwa\u0142ym w trudnych warunkach.<\/p>\n<p data-start=\"874\" data-end=\"1225\">Zaczep elektryczny jest r\u00f3wnie\u017c kompatybilny z zamkami z pojedynczym i podw\u00f3jnym ryglem blokuj\u0105cym i pasuje do wszystkich s\u0142upk\u00f3w monta\u017cowych serii 900. W zestawie znajduje si\u0119 5-metrowy kabel przy\u0142\u0105czeniowy umo\u017cliwiaj\u0105cy \u0142atw\u0105 instalacj\u0119.<\/p>\n<p class=\"\" data-start=\"1413\" data-end=\"1435\"><strong data-start=\"1413\" data-end=\"1433\">Dane techniczne:<\/strong><\/p>\n<ul data-start=\"1436\" data-end=\"1898\">\n<li class=\"\" data-start=\"1436\" data-end=\"1472\">\n<p class=\"\" data-start=\"1438\" data-end=\"1472\">Wytrzyma\u0142o\u015b\u0107 na zerwanie: 1500 kg (15 kN)<\/p>\n<\/li>\n<li class=\"\" data-start=\"1473\" data-end=\"1505\">\n<p class=\"\" data-start=\"1475\" data-end=\"1505\">Zawiasy drzwi: Prawe, Lewe<\/p>\n<\/li>\n<li class=\"\" data-start=\"1506\" data-end=\"1527\">\n<p class=\"\" data-start=\"1508\" data-end=\"1527\">Nacisk ta\u015bmy: 300 kg<\/p>\n<\/li>\n<li class=\"\" data-start=\"1528\" data-end=\"1565\">\n<p class=\"\" data-start=\"1530\" data-end=\"1565\">Typ zamka: Zamek z pojedynczym zatrzaskiem, Zamek z podw\u00f3jnym zatrzaskiem<\/p>\n<\/li>\n<li class=\"\" data-start=\"1566\" data-end=\"1591\">\n<p class=\"\" data-start=\"1568\" data-end=\"1591\">Napi\u0119cie robocze: 12-24V<\/p>\n<\/li>\n<li class=\"\" data-start=\"1592\" data-end=\"1624\">\n<p class=\"\" data-start=\"1594\" data-end=\"1624\">Kolor\/obr\u00f3bka powierzchni: ocynkowana<\/p>\n<\/li>\n<li class=\"\" data-start=\"1625\" data-end=\"1644\">\n<p class=\"\" data-start=\"1627\" data-end=\"1644\">Kontakt t\u0142okowy: Tak<\/p>\n<\/li>\n<li class=\"\" data-start=\"1645\" data-end=\"1670\">\n<p class=\"\" data-start=\"1647\" data-end=\"1670\">Napi\u0119cie AC\/DC: AC\/DC<\/p>\n<\/li>\n<li class=\"\" data-start=\"1671\" data-end=\"1695\">\n<p class=\"\" data-start=\"1673\" data-end=\"1695\">Maksymalne napi\u0119cie: 27,6 V<\/p>\n<\/li>\n<li class=\"\" data-start=\"1696\" data-end=\"1720\">\n<p class=\"\" data-start=\"1698\" data-end=\"1720\">Minimalne napi\u0119cie: 10,8 V<\/p>\n<\/li>\n<li class=\"\" data-start=\"1721\" data-end=\"1745\">\n<p class=\"\" data-start=\"1723\" data-end=\"1745\">Podw\u00f3jny skr\u0119t drop: Nie<\/p>\n<\/li>\n<li class=\"\" data-start=\"1746\" data-end=\"1773\">\n<p class=\"\" data-start=\"1748\" data-end=\"1773\">Prawo\/Odwr\u00f3\u0107: Odwr\u00f3\u0107<\/p>\n<\/li>\n<li class=\"\" data-start=\"1774\" data-end=\"1798\">\n<p class=\"\" data-start=\"1776\" data-end=\"1798\">Test ogniowy: 120 min<\/p>\n<\/li>\n<li class=\"\" data-start=\"1799\" data-end=\"1822\">\n<p class=\"\" data-start=\"1801\" data-end=\"1822\">D\u0142ugo\u015b\u0107 kabla: 5 metr\u00f3w<\/p>\n<\/li>\n<li class=\"\" data-start=\"1823\" data-end=\"1847\">\n<p class=\"\" data-start=\"1825\" data-end=\"1847\">Wysoko\u015b\u0107 produktu: 140 mm<\/p>\n<\/li>\n<li class=\"\" data-start=\"1848\" data-end=\"1874\">\n<p class=\"\" data-start=\"1850\" data-end=\"1874\">Szeroko\u015b\u0107 produktu: 26,5 mm<\/p>\n<\/li>\n<li class=\"\" data-start=\"1875\" data-end=\"1898\">\n<p class=\"\" data-start=\"1877\" data-end=\"1898\">G\u0142\u0119boko\u015b\u0107 produktu: 35 mm<\/p>\n<\/li>\n<\/ul>\n<p class=\"\" data-start=\"1900\" data-end=\"2240\"><strong data-start=\"1900\" data-end=\"1922\">Obszary zastosowa\u0144<\/strong><br data-start=\"1922\" data-end=\"1925\" \/>Elektrozaczep 961M doskonale nadaje si\u0119 do drzwi wymagaj\u0105cych zar\u00f3wno wysokiego poziomu bezpiecze\u0144stwa, jak i odporno\u015bci ogniowej, w tym do drzwi z zabezpieczeniem pancerza, z wewn\u0119trznym ryglowaniem oraz drzwi przeciwpo\u017carowych w budynkach komercyjnych, biurach i budynkach wielorodzinnych.<\/p>\n<p class=\"\" data-start=\"1900\" data-end=\"2240\">Nadaje si\u0119 r\u00f3wnie\u017c do zastosowa\u0144 wymagaj\u0105cych du\u017cej trwa\u0142o\u015bci i mo\u017cliwo\u015bci otwierania nawet przy wysokim ci\u015bnieniu ta\u015bmy.<\/p>\n<\/div>","protected":false},"excerpt":{"rendered":"<h5><a href=\"https:\/\/elslutblecksguiden.se\/\" target=\"_blank\" rel=\"noopener\">Przewodnik po zamkach elektrycznych ASSA, zamkach silnikowych, blachach zaczepowych i przewodniku wymiany<\/a><\/h5>","protected":false},"featured_media":145950,"template":"","meta":{"_acf_changed":false},"product_brand":[],"product_cat":[3355],"product_tag":[4196,4201,2967],"class_list":{"0":"post-91556","1":"product","2":"type-product","3":"status-publish","4":"has-post-thumbnail","6":"product_cat-elslutbleck","7":"product_tag-12-24v","8":"product_tag-omvand","9":"product_tag-rg-assa-abloy","10":"product_shipping_class-tunga-paket","11":"pa_brands-abloy","12":"tm-no-options","14":"first","15":"outofstock","16":"sale","17":"taxable","18":"shipping-taxable","19":"purchasable","20":"product-type-simple"},"acf":[],"_links":{"self":[{"href":"https:\/\/secureus.se\/pl\/wp-json\/wp\/v2\/product\/91556","targetHints":{"allow":["GET"]}}],"collection":[{"href":"https:\/\/secureus.se\/pl\/wp-json\/wp\/v2\/product"}],"about":[{"href":"https:\/\/secureus.se\/pl\/wp-json\/wp\/v2\/types\/product"}],"wp:featuredmedia":[{"embeddable":true,"href":"https:\/\/secureus.se\/pl\/wp-json\/wp\/v2\/media\/145950"}],"wp:attachment":[{"href":"https:\/\/secureus.se\/pl\/wp-json\/wp\/v2\/media?parent=91556"}],"wp:term":[{"taxonomy":"product_brand","embeddable":true,"href":"https:\/\/secureus.se\/pl\/wp-json\/wp\/v2\/product_brand?post=91556"},{"taxonomy":"product_cat","embeddable":true,"href":"https:\/\/secureus.se\/pl\/wp-json\/wp\/v2\/product_cat?post=91556"},{"taxonomy":"product_tag","embeddable":true,"href":"https:\/\/secureus.se\/pl\/wp-json\/wp\/v2\/product_tag?post=91556"}],"curies":[{"name":"wp","href":"https:\/\/api.w.org\/{rel}","templated":true}]}}