{"id":91558,"date":"2023-09-27T18:13:30","date_gmt":"2023-09-27T16:13:30","guid":{"rendered":"https:\/\/secureus.se\/elslutbleck-920c-rattvand-hi-o-12-24v\/"},"modified":"2026-03-25T15:41:40","modified_gmt":"2026-03-25T14:41:40","slug":"elslutbleck-920c-rattvand-hi-o-12-24v","status":"publish","type":"product","link":"https:\/\/secureus.se\/pl\/elslutbleck-920c-rattvand-hi-o-12-24v\/","title":{"rendered":"Elektryczna p\u0142yta ko\u0144cowa 920C Hi-O skierowana w prawo, 12-24 V"},"content":{"rendered":"<h1>Elektryczna p\u0142yta ko\u0144cowa 920C Hi-O skierowana w prawo, 12-24 V<\/h1>\n<p>Zamek elektryczny ASSA 920C z serii 900 idealnie nadaje si\u0119 do drzwi o standardowych wymaganiach bezpiecze\u0144stwa i dobrze sprawdza si\u0119 jako zamek dzienny w drzwiach chronionych przed zarysowaniami, w biurach, zak\u0142adach przemys\u0142owych lub budynkach wielorodzinnych.<\/p>\n<p>Urz\u0105dzenie jest kompatybilne z technologi\u0105 magistrali Can-O Hi-O, ma funkcj\u0119 obs\u0142ugi prawostronnej (blokada w pozycji bez zasilania) i zapewnia wysoki poziom bezpiecze\u0144stwa dzi\u0119ki wytrzyma\u0142o\u015bci na rozerwanie wynosz\u0105cej 10 kN oraz klasie ognioodporno\u015bci E\/EI60.<\/p>\n<p class=\"\" data-start=\"450\" data-end=\"874\">ASSA Electric Strike 920C to rozwi\u0105zanie zabezpieczaj\u0105ce dla drzwi wymagaj\u0105cych standardowego poziomu bezpiecze\u0144stwa w obiektach komercyjnych i przemys\u0142owych, a tak\u017ce w budynkach wielorodzinnych.<\/p>\n<p class=\"\" data-start=\"450\" data-end=\"874\">Dzi\u0119ki funkcji odwracania, polegaj\u0105cej na blokowaniu zamka w pozycji bezpr\u0105dowej, ten zamek elektryczny jest niezawodnym rozwi\u0105zaniem zapewniaj\u0105cym ochron\u0119 \u0142uski i wewn\u0119trzn\u0105 blokad\u0119. Jest kompatybilny z technologi\u0105 magistrali Can-O, co u\u0142atwia integracj\u0119 z innymi systemami bezpiecze\u0144stwa.<\/p>\n<p class=\"\" data-start=\"876\" data-end=\"1324\">P\u0142yta zaczepowa elektryczna charakteryzuje si\u0119 imponuj\u0105c\u0105 wytrzyma\u0142o\u015bci\u0105 na zerwanie wynosz\u0105c\u0105 10 kN (1000 kg), a tak\u017ce wysok\u0105 odporno\u015bci\u0105 na wibracje i uderzenia, co zapobiega manipulacjom.<\/p>\n<p class=\"\" data-start=\"876\" data-end=\"1324\">Obudowa zamka wykonana jest ze stali i posiada stalow\u0105 blokad\u0119 obrotow\u0105 dla zapewnienia wi\u0119kszej trwa\u0142o\u015bci. Ulepszona funkcja nacisku listwy sprawia, \u017ce dzia\u0142a ona skutecznie nawet w trudnych warunkach.<\/p>\n<p class=\"\" data-start=\"876\" data-end=\"1324\">Klasa odporno\u015bci ogniowej E\/EI60 gwarantuje, \u017ce produkt posiada tak\u017ce w\u0142a\u015bciwo\u015bci ochrony przeciwpo\u017carowej w \u015brodowiskach, w kt\u00f3rych klasyfikacja ogniowa ma znaczenie.<\/p>\n<p class=\"\" data-start=\"1326\" data-end=\"1354\"><strong data-start=\"1326\" data-end=\"1354\">Cechy i korzy\u015bci:<\/strong><\/p>\n<ul data-start=\"1355\" data-end=\"1606\">\n<li class=\"\" data-start=\"1355\" data-end=\"1400\">\n<p class=\"\" data-start=\"1357\" data-end=\"1400\">Funkcja skierowana w prawo (zablokowana po od\u0142\u0105czeniu zasilania)<\/p>\n<\/li>\n<li class=\"\" data-start=\"1401\" data-end=\"1435\">\n<p class=\"\" data-start=\"1403\" data-end=\"1435\">Klasa ognioodporno\u015bci E\/EI60 zapewniaj\u0105ca zwi\u0119kszon\u0105 ochron\u0119<\/p>\n<\/li>\n<li class=\"\" data-start=\"1436\" data-end=\"1476\">\n<p class=\"\" data-start=\"1438\" data-end=\"1476\">Wysoka wytrzyma\u0142o\u015b\u0107 na zerwanie 10 kN (1000 kg)<\/p>\n<\/li>\n<li class=\"\" data-start=\"1477\" data-end=\"1514\">\n<p class=\"\" data-start=\"1479\" data-end=\"1514\">Zgodny z technologi\u0105 magistrali Can Hi-O<\/p>\n<\/li>\n<li class=\"\" data-start=\"1515\" data-end=\"1554\">\n<p class=\"\" data-start=\"1517\" data-end=\"1554\">Ocynkowana obudowa zamka i stalowy zatrzask obrotowy<\/p>\n<\/li>\n<li class=\"\" data-start=\"1555\" data-end=\"1606\">\n<p class=\"\" data-start=\"1557\" data-end=\"1606\">Ulepszona funkcja drukowania paskowego zapewniaj\u0105ca d\u0142u\u017csz\u0105 trwa\u0142o\u015b\u0107<\/p>\n<\/li>\n<\/ul>\n<p class=\"\" data-start=\"1608\" data-end=\"1634\"><strong data-start=\"1608\" data-end=\"1634\">Specyfikacja techniczna:<\/strong><\/p>\n<ul data-start=\"1635\" data-end=\"1955\">\n<li class=\"\" data-start=\"1635\" data-end=\"1659\">\n<p class=\"\" data-start=\"1637\" data-end=\"1659\">Wbudowana ochrona przed przej\u015bciami<\/p>\n<\/li>\n<li class=\"\" data-start=\"1660\" data-end=\"1697\">\n<p class=\"\" data-start=\"1662\" data-end=\"1697\">Zasilanie 12-24VAC\/VDC \u00b110 %<\/p>\n<\/li>\n<li class=\"\" data-start=\"1698\" data-end=\"1743\">\n<p class=\"\" data-start=\"1700\" data-end=\"1743\">Pr\u0105d pocz\u0105tkowy przy 24 V: 250 mA, pr\u0105d roboczy: 80 mA<\/p>\n<\/li>\n<li class=\"\" data-start=\"1744\" data-end=\"1790\">\n<p class=\"\" data-start=\"1746\" data-end=\"1790\">Pr\u0105d pocz\u0105tkowy przy 12V: 500mA, pr\u0105d roboczy: 160mA<\/p>\n<\/li>\n<li class=\"\" data-start=\"1791\" data-end=\"1820\">\n<p class=\"\" data-start=\"1793\" data-end=\"1820\">Zawiasy drzwi: Prawe\/Lewe<\/p>\n<\/li>\n<li class=\"\" data-start=\"1821\" data-end=\"1856\">\n<p class=\"\" data-start=\"1823\" data-end=\"1856\">Typ zamka: Zamek z pojedynczym zatrzaskiem, Zamek z podw\u00f3jnym zatrzaskiem<\/p>\n<\/li>\n<li class=\"\" data-start=\"1857\" data-end=\"1901\">\n<p class=\"\" data-start=\"1859\" data-end=\"1901\">Napi\u0119cie maks.: 27,6 V, Napi\u0119cie min.: 10,8 V<\/p>\n<\/li>\n<li class=\"\" data-start=\"1902\" data-end=\"1932\">\n<p class=\"\" data-start=\"1904\" data-end=\"1932\">Kolor\/obr\u00f3bka powierzchni: ocynkowana<\/p>\n<\/li>\n<li class=\"\" data-start=\"1933\" data-end=\"1955\">\n<p class=\"\" data-start=\"1935\" data-end=\"1955\">Wysoko\u015b\u0107 produktu: 140 mm<\/p>\n<\/li>\n<\/ul>","protected":false},"excerpt":{"rendered":"<h5><a href=\"https:\/\/elslutblecksguiden.se\/\" target=\"_blank\" rel=\"noopener\">Przewodnik po zamkach elektrycznych ASSA, zamkach silnikowych, blachach zaczepowych i przewodniku wymiany<\/a><\/h5>","protected":false},"featured_media":159500,"template":"","meta":{"_acf_changed":false},"product_brand":[],"product_cat":[3355],"product_tag":[4196,4200,2967],"class_list":{"0":"post-91558","1":"product","2":"type-product","3":"status-publish","4":"has-post-thumbnail","6":"product_cat-elslutbleck","7":"product_tag-12-24v","8":"product_tag-rattvand","9":"product_tag-rg-assa-abloy","10":"product_shipping_class-tunga-paket","11":"pa_brands-abloy","12":"tm-no-options","14":"first","15":"onbackorder","16":"sale","17":"taxable","18":"shipping-taxable","19":"purchasable","20":"product-type-simple"},"acf":[],"_links":{"self":[{"href":"https:\/\/secureus.se\/pl\/wp-json\/wp\/v2\/product\/91558","targetHints":{"allow":["GET"]}}],"collection":[{"href":"https:\/\/secureus.se\/pl\/wp-json\/wp\/v2\/product"}],"about":[{"href":"https:\/\/secureus.se\/pl\/wp-json\/wp\/v2\/types\/product"}],"wp:featuredmedia":[{"embeddable":true,"href":"https:\/\/secureus.se\/pl\/wp-json\/wp\/v2\/media\/159500"}],"wp:attachment":[{"href":"https:\/\/secureus.se\/pl\/wp-json\/wp\/v2\/media?parent=91558"}],"wp:term":[{"taxonomy":"product_brand","embeddable":true,"href":"https:\/\/secureus.se\/pl\/wp-json\/wp\/v2\/product_brand?post=91558"},{"taxonomy":"product_cat","embeddable":true,"href":"https:\/\/secureus.se\/pl\/wp-json\/wp\/v2\/product_cat?post=91558"},{"taxonomy":"product_tag","embeddable":true,"href":"https:\/\/secureus.se\/pl\/wp-json\/wp\/v2\/product_tag?post=91558"}],"curies":[{"name":"wp","href":"https:\/\/api.w.org\/{rel}","templated":true}]}}