{"id":91559,"date":"2023-09-27T18:13:29","date_gmt":"2023-09-27T16:13:29","guid":{"rendered":"https:\/\/secureus.se\/elslutbleck-960c-rattvand-12-24v-hi-o-kolvkontakt-5m-kabel\/"},"modified":"2026-04-08T16:03:50","modified_gmt":"2026-04-08T14:03:50","slug":"elslutbleck-960c-rattvand-12-24v-hi-o-kolvkontakt-5m-kabel","status":"publish","type":"product","link":"https:\/\/secureus.se\/pl\/elslutbleck-960c-rattvand-12-24v-hi-o-kolvkontakt-5m-kabel\/","title":{"rendered":"Elektryczna p\u0142ytka przy\u0142\u0105czeniowa 960C Skierowana w prawo 12\u201324 V Hi-O Z\u0142\u0105cze t\u0142okowe Kabel 5 m"},"content":{"rendered":"<h1>Elektryczna p\u0142ytka przy\u0142\u0105czeniowa 960C Skierowana w prawo 12\u201324 V Hi-O Z\u0142\u0105cze t\u0142okowe Kabel 5 m<\/h1>\n<p>Elektryczny zamek zatrzaskowy ASSA ABLOY 960C przeznaczony jest do drzwi o wysokich wymaganiach dotycz\u0105cych si\u0142y zamkni\u0119cia i bezpiecze\u0144stwa.<\/p>\n<p>To niezawodne rozwi\u0105zanie zapewniaj\u0105ce ochron\u0119 obudowy i wewn\u0119trzne blokowanie w obiektach handlowych, biurowych i przemys\u0142owych.<\/p>\n<p>Zgodny z technologi\u0105 magistrali Can-O, wyposa\u017cony w z\u0142\u0105cze t\u0142okowe i 5-metrowy kabel po\u0142\u0105czeniowy.<\/p>\n<p>Zaczep elektryczny charakteryzuje si\u0119 wysok\u0105 wytrzyma\u0142o\u015bci\u0105 na zerwanie wynosz\u0105c\u0105 15 kN i klas\u0105 ogniow\u0105 E\/EI 120, co zapewnia dodatkowe bezpiecze\u0144stwo.<\/p>\n<p class=\"\" data-start=\"492\" data-end=\"962\">Elektryczny zamek zatrzaskowy ASSA ABLOY 960C to solidne rozwi\u0105zanie zabezpieczaj\u0105ce dla drzwi, w kt\u00f3rych stawiane s\u0105 wysokie wymagania dotycz\u0105ce si\u0142y uderzenia i bezpiecze\u0144stwa.<\/p>\n<p class=\"\" data-start=\"492\" data-end=\"962\">Idealnie nadaje si\u0119 do zabezpieczania obiekt\u00f3w budowlanych w ci\u0105gu dnia, w biurach, zak\u0142adach przemys\u0142owych i obiektach u\u017cyteczno\u015bci publicznej w budynkach mieszkalnych.<\/p>\n<p class=\"\" data-start=\"492\" data-end=\"962\">Elektrozaczep przeznaczony jest do stosowania w drzwiach z zamkami rygluj\u0105cymi pojedynczymi lub podw\u00f3jnymi. Jest kompatybilny z technologi\u0105 magistrali Can Hi-O, co umo\u017cliwia integracj\u0119 z nowoczesnymi systemami bezpiecze\u0144stwa.<\/p>\n<p class=\"\" data-start=\"964\" data-end=\"1445\">Model 960C wyr\u00f3\u017cnia si\u0119 imponuj\u0105cymi funkcjami, takimi jak funkcja obrotu w prawo (odblokowanie w przypadku awarii zasilania) i wysoka wytrzyma\u0142o\u015b\u0107 na zerwanie wynosz\u0105ca 15 kN (1500 kg), co czyni go idealnym rozwi\u0105zaniem w przypadku wymagaj\u0105cych zastosowa\u0144 wymagaj\u0105cych bezpiecze\u0144stwa.<\/p>\n<p class=\"\" data-start=\"964\" data-end=\"1445\">Produkt ma klas\u0119 ognioodporno\u015bci E\/EI 120, co zapewnia dodatkowe bezpiecze\u0144stwo w \u015brodowiskach zagro\u017conych po\u017carem.<\/p>\n<p class=\"\" data-start=\"964\" data-end=\"1445\">P\u0142yta zaczepu elektrycznego charakteryzuje si\u0119 r\u00f3wnie\u017c wysok\u0105 odporno\u015bci\u0105 na wstrz\u0105sy i uderzenia, co zabezpiecza przed manipulacj\u0105.<\/p>\n<p class=\"\" data-start=\"964\" data-end=\"1445\">Do\u0142\u0105czony 5-metrowy kabel przy\u0142\u0105czeniowy i z\u0142\u0105cze t\u0142okowe zapewniaj\u0105 \u0142atw\u0105 i elastyczn\u0105 instalacj\u0119.<\/p>\n<p class=\"\" data-start=\"1447\" data-end=\"1475\"><strong data-start=\"1447\" data-end=\"1475\">Cechy i korzy\u015bci:<\/strong><\/p>\n<ul data-start=\"1476\" data-end=\"1746\">\n<li class=\"\" data-start=\"1476\" data-end=\"1525\">\n<p class=\"\" data-start=\"1478\" data-end=\"1525\">Funkcja Forward (odblokowana w przypadku awarii zasilania)<\/p>\n<\/li>\n<li class=\"\" data-start=\"1526\" data-end=\"1562\">\n<p class=\"\" data-start=\"1528\" data-end=\"1562\">Wytrzyma\u0142o\u015b\u0107 na zerwanie 15 kN (1500 kg)<\/p>\n<\/li>\n<li class=\"\" data-start=\"1563\" data-end=\"1593\">\n<p class=\"\" data-start=\"1565\" data-end=\"1593\">Klasa ogniowa do E\/EI 120<\/p>\n<\/li>\n<li class=\"\" data-start=\"1594\" data-end=\"1622\">\n<p class=\"\" data-start=\"1596\" data-end=\"1622\">Wysoka odporno\u015b\u0107 na wstrz\u0105sy i uderzenia<\/p>\n<\/li>\n<li class=\"\" data-start=\"1623\" data-end=\"1659\">\n<p class=\"\" data-start=\"1625\" data-end=\"1659\">Ocynkowana obudowa i obrotowa g\u0142owica stalowa<\/p>\n<\/li>\n<li class=\"\" data-start=\"1660\" data-end=\"1697\">\n<p class=\"\" data-start=\"1662\" data-end=\"1697\">Zgodny z technologi\u0105 magistrali Can Hi-O<\/p>\n<\/li>\n<li class=\"\" data-start=\"1698\" data-end=\"1746\">\n<p class=\"\" data-start=\"1700\" data-end=\"1746\">W zestawie 5-metrowy kabel po\u0142\u0105czeniowy i z\u0142\u0105cze t\u0142okowe<\/p>\n<\/li>\n<\/ul>\n<p class=\"\" data-start=\"1748\" data-end=\"1774\"><strong data-start=\"1748\" data-end=\"1774\">Specyfikacja techniczna:<\/strong><\/p>\n<ul data-start=\"1775\" data-end=\"2147\">\n<li class=\"\" data-start=\"1775\" data-end=\"1799\">\n<p class=\"\" data-start=\"1777\" data-end=\"1799\">Wbudowana ochrona przed przej\u015bciami<\/p>\n<\/li>\n<li class=\"\" data-start=\"1800\" data-end=\"1840\">\n<p class=\"\" data-start=\"1802\" data-end=\"1840\">Zasilanie 12-24VAC\/DC \u00b110% +15%<\/p>\n<\/li>\n<li class=\"\" data-start=\"1841\" data-end=\"1887\">\n<p class=\"\" data-start=\"1843\" data-end=\"1887\">Pr\u0105d pocz\u0105tkowy przy 24 V: 240 mA, pr\u0105d roboczy: 145 mA<\/p>\n<\/li>\n<li class=\"\" data-start=\"1888\" data-end=\"1934\">\n<p class=\"\" data-start=\"1890\" data-end=\"1934\">Pr\u0105d rozruchowy przy 12V: 620mA, pr\u0105d roboczy: 310mA<\/p>\n<\/li>\n<li class=\"\" data-start=\"1935\" data-end=\"1960\">\n<p class=\"\" data-start=\"1937\" data-end=\"1960\">Test ogniowy 120 minut<\/p>\n<\/li>\n<li class=\"\" data-start=\"1961\" data-end=\"1990\">\n<p class=\"\" data-start=\"1963\" data-end=\"1990\">Zawiasy drzwi: Prawe\/Lewe<\/p>\n<\/li>\n<li class=\"\" data-start=\"1991\" data-end=\"2026\">\n<p class=\"\" data-start=\"1993\" data-end=\"2026\">Typ zamka: Zamek z pojedynczym zatrzaskiem, Zamek z podw\u00f3jnym zatrzaskiem<\/p>\n<\/li>\n<li class=\"\" data-start=\"2027\" data-end=\"2071\">\n<p class=\"\" data-start=\"2029\" data-end=\"2071\">Napi\u0119cie maks.: 27,6 V, Napi\u0119cie min.: 10,8 V<\/p>\n<\/li>\n<li class=\"\" data-start=\"2072\" data-end=\"2102\">\n<p class=\"\" data-start=\"2074\" data-end=\"2102\">Kolor\/obr\u00f3bka powierzchni: ocynkowana<\/p>\n<\/li>\n<li class=\"\" data-start=\"2103\" data-end=\"2125\">\n<p class=\"\" data-start=\"2105\" data-end=\"2125\">Wysoko\u015b\u0107 produktu: 140 mm<\/p>\n<\/li>\n<li class=\"\" data-start=\"2126\" data-end=\"2147\">\n<p class=\"\" data-start=\"2128\" data-end=\"2147\">D\u0142ugo\u015b\u0107 kabla: 5 metr\u00f3w<\/p>\n<\/li>\n<\/ul>","protected":false},"excerpt":{"rendered":"<h5><a href=\"https:\/\/elslutblecksguiden.se\/\" target=\"_blank\" rel=\"noopener\">Przewodnik po zamkach elektrycznych ASSA, zamkach silnikowych, blachach zaczepowych i przewodniku wymiany<\/a><\/h5>","protected":false},"featured_media":138779,"template":"","meta":{"_acf_changed":false},"product_brand":[],"product_cat":[3355],"product_tag":[4196,4200,2967],"class_list":{"0":"post-91559","1":"product","2":"type-product","3":"status-publish","4":"has-post-thumbnail","6":"product_cat-elslutbleck","7":"product_tag-12-24v","8":"product_tag-rattvand","9":"product_tag-rg-assa-abloy","10":"product_shipping_class-tunga-paket","11":"pa_brands-abloy","12":"tm-no-options","14":"first","15":"instock","16":"sale","17":"taxable","18":"shipping-taxable","19":"purchasable","20":"product-type-simple"},"acf":[],"_links":{"self":[{"href":"https:\/\/secureus.se\/pl\/wp-json\/wp\/v2\/product\/91559","targetHints":{"allow":["GET"]}}],"collection":[{"href":"https:\/\/secureus.se\/pl\/wp-json\/wp\/v2\/product"}],"about":[{"href":"https:\/\/secureus.se\/pl\/wp-json\/wp\/v2\/types\/product"}],"wp:featuredmedia":[{"embeddable":true,"href":"https:\/\/secureus.se\/pl\/wp-json\/wp\/v2\/media\/138779"}],"wp:attachment":[{"href":"https:\/\/secureus.se\/pl\/wp-json\/wp\/v2\/media?parent=91559"}],"wp:term":[{"taxonomy":"product_brand","embeddable":true,"href":"https:\/\/secureus.se\/pl\/wp-json\/wp\/v2\/product_brand?post=91559"},{"taxonomy":"product_cat","embeddable":true,"href":"https:\/\/secureus.se\/pl\/wp-json\/wp\/v2\/product_cat?post=91559"},{"taxonomy":"product_tag","embeddable":true,"href":"https:\/\/secureus.se\/pl\/wp-json\/wp\/v2\/product_tag?post=91559"}],"curies":[{"name":"wp","href":"https:\/\/api.w.org\/{rel}","templated":true}]}}