{"id":91560,"date":"2023-09-27T18:13:27","date_gmt":"2023-09-27T16:13:27","guid":{"rendered":"https:\/\/secureus.se\/elslutbleck-992m-omstallbar-12-24v-kolvkontakt\/"},"modified":"2026-04-08T16:04:01","modified_gmt":"2026-04-08T14:04:01","slug":"elslutbleck-992m-omstallbar-12-24v-kolvkontakt","status":"publish","type":"product","link":"https:\/\/secureus.se\/pl\/elslutbleck-992m-omstallbar-12-24v-kolvkontakt\/","title":{"rendered":"Elektryczna p\u0142yta zaciskowa 992M Prze\u0142\u0105czany styk t\u0142okowy 12\u201324 V"},"content":{"rendered":"<h1>Elektryczna p\u0142yta zaciskowa 992M Prze\u0142\u0105czany styk t\u0142okowy 12\u201324 V<\/h1>\n<p>Elektrozaczep ASSA ABLOY 992M z podw\u00f3jnym punktem obrotu i stykiem t\u0142okowym do drzwi z wymaganiami automatyzacji drzwi, przeciwpo\u017carowych, ewakuacyjnych i ponownego wej\u015bcia. Mo\u017cliwo\u015b\u0107 prze\u0142\u0105czania kierunku jazdy do przodu\/do ty\u0142u. Klasa ognioodporno\u015bci do E\/EI 120.<\/p>\n<p>ASSA ABLOY 992M to wysokiej jako\u015bci elektrozaczep z podw\u00f3jnym punktem obrotu, idealny do drzwi wymagaj\u0105cych automatyzacji, odporno\u015bci ogniowej, ewakuacji i ponownego wej\u015bcia.<\/p>\n<p>Ten zamek elektryczny ma funkcj\u0119 odwracaln\u0105, dzi\u0119ki czemu mo\u017cna go u\u017cywa\u0107 zar\u00f3wno w prz\u00f3d, jak i w ty\u0142, co zapewnia elastyczno\u015b\u0107 monta\u017cu.<\/p>\n<p>Dzi\u0119ki wytrzyma\u0142o\u015bci na rozerwanie wynosz\u0105cej 9 kN (ok. 900 kg) i wysokiemu poziomowi bezpiecze\u0144stwa w zakresie ochrony przed wstrz\u0105sami i uderzeniami jest to solidny wyb\u00f3r w zakresie rozwi\u0105za\u0144 zabezpieczaj\u0105cych.<\/p>\n<p>Obudowa zamka i zatrzask obrotowy r\u00f3wnie\u017c s\u0105 wykonane ze stali, co zapewnia d\u0142ug\u0105 trwa\u0142o\u015b\u0107 i niezawodno\u015b\u0107. Klasa ognioodporno\u015bci E\/EI 120 sprawia, \u017ce produkt nadaje si\u0119 do stosowania w \u015brodowiskach zagro\u017conych po\u017carem.<\/p>\n<p class=\"\" data-start=\"1030\" data-end=\"1047\"><strong data-start=\"1030\" data-end=\"1044\">Charakterystyka<\/strong>:<\/p>\n<ul data-start=\"1048\" data-end=\"1271\">\n<li class=\"\" data-start=\"1048\" data-end=\"1083\">\n<p class=\"\" data-start=\"1050\" data-end=\"1083\">Podw\u00f3jny skr\u0119t kropli i kontakt t\u0142oka<\/p>\n<\/li>\n<li class=\"\" data-start=\"1084\" data-end=\"1129\">\n<p class=\"\" data-start=\"1086\" data-end=\"1129\">\u0141atwa regulacja funkcji jazdy do przodu\/do ty\u0142u<\/p>\n<\/li>\n<li class=\"\" data-start=\"1130\" data-end=\"1167\">\n<p class=\"\" data-start=\"1132\" data-end=\"1167\">Wytrzyma\u0142o\u015b\u0107 na zerwanie: 9 kN (oko\u0142o 900 kg)<\/p>\n<\/li>\n<li class=\"\" data-start=\"1168\" data-end=\"1198\">\n<p class=\"\" data-start=\"1170\" data-end=\"1198\">Wysoka odporno\u015b\u0107 na wstrz\u0105sy i uderzenia<\/p>\n<\/li>\n<li class=\"\" data-start=\"1199\" data-end=\"1217\">\n<p class=\"\" data-start=\"1201\" data-end=\"1217\">Stalowa obudowa zamka<\/p>\n<\/li>\n<li class=\"\" data-start=\"1218\" data-end=\"1238\">\n<p class=\"\" data-start=\"1220\" data-end=\"1238\">Obudowa typu Twist wykonana ze stali<\/p>\n<\/li>\n<li class=\"\" data-start=\"1239\" data-end=\"1271\">\n<p class=\"\" data-start=\"1241\" data-end=\"1271\">Klasa ogniowa do E\/EI 120<\/p>\n<\/li>\n<\/ul>\n<p class=\"\" data-start=\"1273\" data-end=\"1301\"><strong data-start=\"1273\" data-end=\"1298\">Specyfikacja techniczna<\/strong>:<\/p>\n<ul data-start=\"1302\" data-end=\"1793\">\n<li class=\"\" data-start=\"1302\" data-end=\"1343\">\n<p class=\"\" data-start=\"1304\" data-end=\"1343\">Wielofunkcyjny: 12-24VDC (-10% \/ +15%)<\/p>\n<\/li>\n<li class=\"\" data-start=\"1344\" data-end=\"1388\">\n<p class=\"\" data-start=\"1346\" data-end=\"1388\">Maksymalne zu\u017cycie pr\u0105du: 250mA na obr\u00f3t<\/p>\n<\/li>\n<li class=\"\" data-start=\"1389\" data-end=\"1413\">\n<p class=\"\" data-start=\"1391\" data-end=\"1413\">Test ogniowy: 120 min<\/p>\n<\/li>\n<li class=\"\" data-start=\"1414\" data-end=\"1445\">\n<p class=\"\" data-start=\"1416\" data-end=\"1445\">Maksymalna si\u0142a zrywaj\u0105ca: 900 kg<\/p>\n<\/li>\n<li class=\"\" data-start=\"1446\" data-end=\"1478\">\n<p class=\"\" data-start=\"1448\" data-end=\"1478\">Zawiasy drzwi: Prawe, Lewe<\/p>\n<\/li>\n<li class=\"\" data-start=\"1479\" data-end=\"1499\">\n<p class=\"\" data-start=\"1481\" data-end=\"1499\">Kabel w zestawie: Nie<\/p>\n<\/li>\n<li class=\"\" data-start=\"1500\" data-end=\"1520\">\n<p class=\"\" data-start=\"1502\" data-end=\"1520\">Nacisk ta\u015bmy: 50 kg<\/p>\n<\/li>\n<li class=\"\" data-start=\"1521\" data-end=\"1545\">\n<p class=\"\" data-start=\"1523\" data-end=\"1545\">Typ zamka: Zamek dwuryglowy<\/p>\n<\/li>\n<li class=\"\" data-start=\"1546\" data-end=\"1569\">\n<p class=\"\" data-start=\"1548\" data-end=\"1569\">Oceniony produkt budowlany: Nie<\/p>\n<\/li>\n<li class=\"\" data-start=\"1570\" data-end=\"1596\">\n<p class=\"\" data-start=\"1572\" data-end=\"1596\">Napi\u0119cie robocze: 12V\/24V<\/p>\n<\/li>\n<li class=\"\" data-start=\"1597\" data-end=\"1620\">\n<p class=\"\" data-start=\"1599\" data-end=\"1620\">Podw\u00f3jny skr\u0119t drop: Tak<\/p>\n<\/li>\n<li class=\"\" data-start=\"1621\" data-end=\"1654\">\n<p class=\"\" data-start=\"1623\" data-end=\"1654\">Kolor\/obr\u00f3bka powierzchni: Nieobrobione<\/p>\n<\/li>\n<li class=\"\" data-start=\"1655\" data-end=\"1674\">\n<p class=\"\" data-start=\"1657\" data-end=\"1674\">Kontakt t\u0142okowy: Tak<\/p>\n<\/li>\n<li class=\"\" data-start=\"1675\" data-end=\"1722\">\n<p class=\"\" data-start=\"1677\" data-end=\"1722\">Do przodu\/do ty\u0142u: Mo\u017cliwo\u015b\u0107 prze\u0142\u0105czania do przodu\/do ty\u0142u<\/p>\n<\/li>\n<li class=\"\" data-start=\"1723\" data-end=\"1745\">\n<p class=\"\" data-start=\"1725\" data-end=\"1745\">Napi\u0119cie AC\/DC: DC<\/p>\n<\/li>\n<li class=\"\" data-start=\"1746\" data-end=\"1770\">\n<p class=\"\" data-start=\"1748\" data-end=\"1770\">Maksymalne napi\u0119cie: 27,6 V<\/p>\n<\/li>\n<li class=\"\" data-start=\"1771\" data-end=\"1793\">\n<p class=\"\" data-start=\"1773\" data-end=\"1793\">Napi\u0119cie min: 10,8 V<\/p>\n<\/li>\n<\/ul>","protected":false},"excerpt":{"rendered":"<h5><a href=\"https:\/\/elslutblecksguiden.se\/\" target=\"_blank\" rel=\"noopener\">Przewodnik po zamkach elektrycznych ASSA, zamkach silnikowych, blachach zaczepowych i przewodniku wymiany<\/a><\/h5>","protected":false},"featured_media":138625,"template":"","meta":{"_acf_changed":false},"product_brand":[],"product_cat":[3355],"product_tag":[4196,4202,2967],"class_list":{"0":"post-91560","1":"product","2":"type-product","3":"status-publish","4":"has-post-thumbnail","6":"product_cat-elslutbleck","7":"product_tag-12-24v","8":"product_tag-omstallbar-rattvand-omvand","9":"product_tag-rg-assa-abloy","10":"product_shipping_class-tunga-paket","11":"pa_brands-abloy","12":"tm-no-options","14":"first","15":"instock","16":"sale","17":"taxable","18":"shipping-taxable","19":"purchasable","20":"product-type-simple"},"acf":[],"_links":{"self":[{"href":"https:\/\/secureus.se\/pl\/wp-json\/wp\/v2\/product\/91560","targetHints":{"allow":["GET"]}}],"collection":[{"href":"https:\/\/secureus.se\/pl\/wp-json\/wp\/v2\/product"}],"about":[{"href":"https:\/\/secureus.se\/pl\/wp-json\/wp\/v2\/types\/product"}],"wp:featuredmedia":[{"embeddable":true,"href":"https:\/\/secureus.se\/pl\/wp-json\/wp\/v2\/media\/138625"}],"wp:attachment":[{"href":"https:\/\/secureus.se\/pl\/wp-json\/wp\/v2\/media?parent=91560"}],"wp:term":[{"taxonomy":"product_brand","embeddable":true,"href":"https:\/\/secureus.se\/pl\/wp-json\/wp\/v2\/product_brand?post=91560"},{"taxonomy":"product_cat","embeddable":true,"href":"https:\/\/secureus.se\/pl\/wp-json\/wp\/v2\/product_cat?post=91560"},{"taxonomy":"product_tag","embeddable":true,"href":"https:\/\/secureus.se\/pl\/wp-json\/wp\/v2\/product_tag?post=91560"}],"curies":[{"name":"wp","href":"https:\/\/api.w.org\/{rel}","templated":true}]}}