{"id":91563,"date":"2023-09-27T18:13:23","date_gmt":"2023-09-27T16:13:23","guid":{"rendered":"https:\/\/secureus.se\/elslutbleck-991m-brand-omvand-12-24v-kolvkontakt\/"},"modified":"2026-04-08T15:57:22","modified_gmt":"2026-04-08T13:57:22","slug":"elslutbleck-991m-brand-omvand-12-24v-kolvkontakt","status":"publish","type":"product","link":"https:\/\/secureus.se\/pl\/elslutbleck-991m-brand-omvand-12-24v-kolvkontakt\/","title":{"rendered":"Elektryczna p\u0142yta ko\u0144cowa 991M Fire Reverse 12\u201324 V Styk t\u0142okowy"},"content":{"rendered":"<div>\n<div>\n<h1>Elektryczna p\u0142yta ko\u0144cowa 991M Fire Reverse 12\u201324 V Styk t\u0142okowy<\/h1>\n<p>ASSA ABLOY 991M to ognioodporny zamek elektryczny z funkcj\u0105 rewersyjn\u0105, przeznaczony do bezpiecznego blokowania granic stref ogniowych oraz innych wymaga\u0144 bezpiecze\u0144stwa. Doskonale nadaje si\u0119 do ochrony obiekt\u00f3w budowlanych, biur i przemys\u0142u.<\/p>\n<p class=\"\" data-start=\"325\" data-end=\"775\">ASSA ABLOY 991M to wydajny zamek elektryczny, kt\u00f3ry zosta\u0142 przetestowany pod k\u0105tem odporno\u015bci ogniowej i spe\u0142nia wymagania dotycz\u0105ce monta\u017cu w granicach stref po\u017carowych. Dzi\u0119ki temu jest idealnym wyborem w przypadku rozwi\u0105za\u0144 zabezpieczaj\u0105cych w \u015brodowiskach zar\u00f3wno \u0142atwopalnych, jak i niepalnych.<\/p>\n<p class=\"\" data-start=\"325\" data-end=\"775\">Przeznaczony jest do drzwi z pojedynczymi i podw\u00f3jnymi zamkami rygluj\u0105cymi i doskonale nadaje si\u0119 do ochrony obudowy, wewn\u0119trznego zamykania i rozwi\u0105za\u0144 zabezpieczaj\u0105cych w budynkach handlowych, biurowych, przemys\u0142owych i wielorodzinnych.<\/p>\n<p class=\"\" data-start=\"777\" data-end=\"1104\">Dzi\u0119ki funkcji rewersyjnej (odblokowanie w pozycji bez zasilania), technologii wielonapi\u0119ciowej (12\u201324 V DC) i sile zrywaj\u0105cej 900 kg, ten zamek elektryczny zapewnia zar\u00f3wno bezpiecze\u0144stwo, jak i d\u0142ugotrwa\u0142\u0105 trwa\u0142o\u015b\u0107.<\/p>\n<p class=\"\" data-start=\"777\" data-end=\"1104\">Jest on tak\u017ce odporny na uderzenia i mo\u017cna go odwraca\u0107, pasuje zar\u00f3wno do drzwi prawo-, jak i lewoskr\u0119tnych, dzi\u0119ki czemu mo\u017cna go \u0142atwo zamontowa\u0107 w r\u00f3\u017cnych typach system\u00f3w drzwiowych.<\/p>\n<p class=\"\" data-start=\"1106\" data-end=\"1121\"><strong data-start=\"1106\" data-end=\"1121\">W\u0142a\u015bciwo\u015bci:<\/strong><\/p>\n<ul data-start=\"1122\" data-end=\"1456\">\n<li class=\"\" data-start=\"1122\" data-end=\"1164\">\n<p class=\"\" data-start=\"1124\" data-end=\"1164\">Funkcja rewersu (odblokowana w trybie beznapi\u0119ciowym)<\/p>\n<\/li>\n<li class=\"\" data-start=\"1165\" data-end=\"1201\">\n<p class=\"\" data-start=\"1167\" data-end=\"1201\">Wielonapi\u0119ciowe 12-24 V DC (-10\/+15%)<\/p>\n<\/li>\n<li class=\"\" data-start=\"1202\" data-end=\"1233\">\n<p class=\"\" data-start=\"1204\" data-end=\"1233\">Prze\u0142\u0105cznik trzpienia blokady (mikroprze\u0142\u0105cznik)<\/p>\n<\/li>\n<li class=\"\" data-start=\"1234\" data-end=\"1260\">\n<p class=\"\" data-start=\"1236\" data-end=\"1260\">Technologia druku listy: 100 kg<\/p>\n<\/li>\n<li class=\"\" data-start=\"1261\" data-end=\"1286\">\n<p class=\"\" data-start=\"1263\" data-end=\"1286\">Si\u0142a zrywaj\u0105ca: 900 kg<\/p>\n<\/li>\n<li class=\"\" data-start=\"1287\" data-end=\"1348\">\n<p class=\"\" data-start=\"1289\" data-end=\"1348\">Odporne na uderzenia i symetrycznie zaprojektowane, odwracalne w praw\u0105\/lew\u0105 stron\u0119<\/p>\n<\/li>\n<li class=\"\" data-start=\"1349\" data-end=\"1404\">\n<p class=\"\" data-start=\"1351\" data-end=\"1404\">Klasa ogniowa E\/EI 120, oznakowanie CE zgodnie z norm\u0105 SS-EN 14846:2008<\/p>\n<\/li>\n<li class=\"\" data-start=\"1405\" data-end=\"1456\">\n<p class=\"\" data-start=\"1407\" data-end=\"1456\">Spe\u0142nia wymagania dotycz\u0105ce monta\u017cu w granicach stref po\u017carowych<\/p>\n<\/li>\n<\/ul>\n<p class=\"\" data-start=\"1458\" data-end=\"1487\"><strong data-start=\"1458\" data-end=\"1487\">Dane techniczne:<\/strong><\/p>\n<ul data-start=\"1488\" data-end=\"2002\">\n<li class=\"\" data-start=\"1488\" data-end=\"1528\">\n<p class=\"\" data-start=\"1490\" data-end=\"1528\">Zasilanie: 12-24V DC (-10\/+15%)<\/p>\n<\/li>\n<li class=\"\" data-start=\"1529\" data-end=\"1570\">\n<p class=\"\" data-start=\"1531\" data-end=\"1570\">Pr\u0105d rozruchowy przy 24V: XX mA, praca: XX mA<\/p>\n<\/li>\n<li class=\"\" data-start=\"1571\" data-end=\"1641\">\n<p class=\"\" data-start=\"1573\" data-end=\"1641\">Pr\u0105d spoczynkowy przy 24 V: 0 mA (funkcja do przodu), XX mA (funkcja do ty\u0142u)<\/p>\n<\/li>\n<li class=\"\" data-start=\"1642\" data-end=\"1683\">\n<p class=\"\" data-start=\"1644\" data-end=\"1683\">Pr\u0105d rozruchowy przy 12V: XX mA, praca: XX mA<\/p>\n<\/li>\n<li class=\"\" data-start=\"1684\" data-end=\"1754\">\n<p class=\"\" data-start=\"1686\" data-end=\"1754\">Pr\u0105d spoczynkowy przy 12 V: 0 mA (funkcja do przodu), XX mA (funkcja do ty\u0142u)<\/p>\n<\/li>\n<li class=\"\" data-start=\"1755\" data-end=\"1777\">\n<p class=\"\" data-start=\"1757\" data-end=\"1777\">Test ogniowy: 120 min<\/p>\n<\/li>\n<li class=\"\" data-start=\"1778\" data-end=\"1803\">\n<p class=\"\" data-start=\"1780\" data-end=\"1803\">Si\u0142a zrywaj\u0105ca: 900 kg<\/p>\n<\/li>\n<li class=\"\" data-start=\"1804\" data-end=\"1834\">\n<p class=\"\" data-start=\"1806\" data-end=\"1834\">Zawiasy drzwi: Prawe, Lewe<\/p>\n<\/li>\n<li class=\"\" data-start=\"1835\" data-end=\"1853\">\n<p class=\"\" data-start=\"1837\" data-end=\"1853\">Kabel w zestawie: Nie<\/p>\n<\/li>\n<li class=\"\" data-start=\"1854\" data-end=\"1873\">\n<p class=\"\" data-start=\"1856\" data-end=\"1873\">Nacisk ta\u015bmy: 100 kg<\/p>\n<\/li>\n<li class=\"\" data-start=\"1874\" data-end=\"1909\">\n<p class=\"\" data-start=\"1876\" data-end=\"1909\">Typ zamka: Zamek z pojedynczym zatrzaskiem, Zamek z podw\u00f3jnym zatrzaskiem<\/p>\n<\/li>\n<li class=\"\" data-start=\"1910\" data-end=\"1963\">\n<p class=\"\" data-start=\"1912\" data-end=\"1963\">Wymiary produktu: Szeroko\u015b\u0107: 28 mm, G\u0142\u0119boko\u015b\u0107: 25 mm, Wysoko\u015b\u0107: 90 mm<\/p>\n<\/li>\n<li class=\"\" data-start=\"1964\" data-end=\"1981\">\n<p class=\"\" data-start=\"1966\" data-end=\"1981\">Kontakt t\u0142okowy: Tak<\/p>\n<\/li>\n<li class=\"\" data-start=\"1982\" data-end=\"2002\">\n<p class=\"\" data-start=\"1984\" data-end=\"2002\">Napi\u0119cie AC\/DC: DC<\/p>\n<\/li>\n<\/ul>\n<\/div>\n<\/div>","protected":false},"excerpt":{"rendered":"<h5><a href=\"https:\/\/elslutblecksguiden.se\/\" target=\"_blank\" rel=\"noopener\">Przewodnik po zamkach elektrycznych ASSA, zamkach silnikowych, blachach zaczepowych i przewodniku wymiany<\/a><\/h5>","protected":false},"featured_media":140096,"template":"","meta":{"_acf_changed":false},"product_brand":[],"product_cat":[3355],"product_tag":[4196,4201,2967],"class_list":{"0":"post-91563","1":"product","2":"type-product","3":"status-publish","4":"has-post-thumbnail","6":"product_cat-elslutbleck","7":"product_tag-12-24v","8":"product_tag-omvand","9":"product_tag-rg-assa-abloy","10":"product_shipping_class-tunga-paket","11":"pa_brands-abloy","12":"tm-no-options","14":"first","15":"instock","16":"sale","17":"taxable","18":"shipping-taxable","19":"purchasable","20":"product-type-simple"},"acf":[],"_links":{"self":[{"href":"https:\/\/secureus.se\/pl\/wp-json\/wp\/v2\/product\/91563","targetHints":{"allow":["GET"]}}],"collection":[{"href":"https:\/\/secureus.se\/pl\/wp-json\/wp\/v2\/product"}],"about":[{"href":"https:\/\/secureus.se\/pl\/wp-json\/wp\/v2\/types\/product"}],"wp:featuredmedia":[{"embeddable":true,"href":"https:\/\/secureus.se\/pl\/wp-json\/wp\/v2\/media\/140096"}],"wp:attachment":[{"href":"https:\/\/secureus.se\/pl\/wp-json\/wp\/v2\/media?parent=91563"}],"wp:term":[{"taxonomy":"product_brand","embeddable":true,"href":"https:\/\/secureus.se\/pl\/wp-json\/wp\/v2\/product_brand?post=91563"},{"taxonomy":"product_cat","embeddable":true,"href":"https:\/\/secureus.se\/pl\/wp-json\/wp\/v2\/product_cat?post=91563"},{"taxonomy":"product_tag","embeddable":true,"href":"https:\/\/secureus.se\/pl\/wp-json\/wp\/v2\/product_tag?post=91563"}],"curies":[{"name":"wp","href":"https:\/\/api.w.org\/{rel}","templated":true}]}}