{"id":91564,"date":"2023-09-27T18:13:21","date_gmt":"2023-09-27T16:13:21","guid":{"rendered":"https:\/\/secureus.se\/elslutbleck-990m-brand-rattvand-12-24v-kolvkontakt\/"},"modified":"2026-04-08T16:04:24","modified_gmt":"2026-04-08T14:04:24","slug":"elslutbleck-990m-brand-rattvand-12-24v-kolvkontakt","status":"publish","type":"product","link":"https:\/\/secureus.se\/pl\/elslutbleck-990m-brand-rattvand-12-24v-kolvkontakt\/","title":{"rendered":"Elektryczna p\u0142yta ko\u0144cowa 990M Marka Skierowana w prawo 12\u201324 V Styk t\u0142okowy"},"content":{"rendered":"<h1>Elektryczna p\u0142yta ko\u0144cowa 990M Marka Skierowana w prawo 12\u201324 V Styk t\u0142okowy<\/h1>\n<p>ASSA ABLOY 990M to ognioodporny zamek elektryczny dzia\u0142aj\u0105cy na zasadzie prawostronnego otwierania, przeznaczony do bezpiecznego zamykania granic stref ogniowych oraz spe\u0142niania innych wymaga\u0144 bezpiecze\u0144stwa. Doskonale nadaje si\u0119 do ochrony obiekt\u00f3w budowlanych, biur i przemys\u0142u.<\/p>\n<p class=\"\" data-start=\"330\" data-end=\"757\">ASSA ABLOY 990M to wysokiej jako\u015bci elektrozaczep, kt\u00f3ry zosta\u0142 przetestowany pod k\u0105tem odporno\u015bci ogniowej i spe\u0142nia wymagania dotycz\u0105ce monta\u017cu w granicach stref po\u017carowych.<\/p>\n<p class=\"\" data-start=\"330\" data-end=\"757\">Dzi\u0119ki temu s\u0105 to doskona\u0142e drzwi, w kt\u00f3rych wa\u017cne jest zar\u00f3wno bezpiecze\u0144stwo, jak i odporno\u015b\u0107 ogniowa, m.in. do zastosowa\u0144 komercyjnych, biurowych, przemys\u0142owych i wielorodzinnych.<\/p>\n<p class=\"\" data-start=\"330\" data-end=\"757\">Elektrozaczep przeznaczony jest do stosowania w drzwiach wyposa\u017conych w zamki ryglowe pojedyncze i podw\u00f3jne.<\/p>\n<p class=\"\" data-start=\"759\" data-end=\"1102\">Dzi\u0119ki mo\u017cliwo\u015bci obs\u0142ugi prawor\u0119cznej (blokada w pozycji bez zasilania), technologii wielonapi\u0119ciowej (12\u201324 V DC) i wytrzyma\u0142o\u015bci na zerwanie 900 kg, ten zamek elektryczny zapewnia zar\u00f3wno d\u0142ugoterminow\u0105 trwa\u0142o\u015b\u0107, jak i bezpieczne funkcjonowanie.<\/p>\n<p class=\"\" data-start=\"759\" data-end=\"1102\">Jest on tak\u017ce odporny na uderzenia i ma symetryczn\u0105 konstrukcj\u0119, dzi\u0119ki czemu mo\u017cna go zamontowa\u0107 zar\u00f3wno na drzwiach prawo-, jak i lewoskr\u0119tnych, co u\u0142atwia monta\u017c.<\/p>\n<p class=\"\" data-start=\"1104\" data-end=\"1119\"><strong data-start=\"1104\" data-end=\"1119\">W\u0142a\u015bciwo\u015bci:<\/strong><\/p>\n<ul data-start=\"1120\" data-end=\"1454\">\n<li class=\"\" data-start=\"1120\" data-end=\"1163\">\n<p class=\"\" data-start=\"1122\" data-end=\"1163\">Funkcja skierowana w prawo (zablokowana w trybie bez zasilania)<\/p>\n<\/li>\n<li class=\"\" data-start=\"1164\" data-end=\"1200\">\n<p class=\"\" data-start=\"1166\" data-end=\"1200\">Wielonapi\u0119ciowe 12-24 V DC (-10\/+15%)<\/p>\n<\/li>\n<li class=\"\" data-start=\"1201\" data-end=\"1232\">\n<p class=\"\" data-start=\"1203\" data-end=\"1232\">Prze\u0142\u0105cznik trzpienia blokady (mikroprze\u0142\u0105cznik)<\/p>\n<\/li>\n<li class=\"\" data-start=\"1233\" data-end=\"1258\">\n<p class=\"\" data-start=\"1235\" data-end=\"1258\">Technologia druku listy: 50 kg<\/p>\n<\/li>\n<li class=\"\" data-start=\"1259\" data-end=\"1284\">\n<p class=\"\" data-start=\"1261\" data-end=\"1284\">Si\u0142a zrywaj\u0105ca: 900 kg<\/p>\n<\/li>\n<li class=\"\" data-start=\"1285\" data-end=\"1346\">\n<p class=\"\" data-start=\"1287\" data-end=\"1346\">Odporne na uderzenia i symetrycznie zaprojektowane, odwracalne w praw\u0105\/lew\u0105 stron\u0119<\/p>\n<\/li>\n<li class=\"\" data-start=\"1347\" data-end=\"1402\">\n<p class=\"\" data-start=\"1349\" data-end=\"1402\">Klasa ogniowa E\/EI 120, oznakowanie CE zgodnie z norm\u0105 SS-EN 14846:2008<\/p>\n<\/li>\n<li class=\"\" data-start=\"1403\" data-end=\"1454\">\n<p class=\"\" data-start=\"1405\" data-end=\"1454\">Spe\u0142nia wymagania dotycz\u0105ce monta\u017cu w granicach stref po\u017carowych<\/p>\n<\/li>\n<\/ul>\n<p class=\"\" data-start=\"1456\" data-end=\"1485\"><strong data-start=\"1456\" data-end=\"1485\">Dane techniczne:<\/strong><\/p>\n<ul data-start=\"1486\" data-end=\"1999\">\n<li class=\"\" data-start=\"1486\" data-end=\"1526\">\n<p class=\"\" data-start=\"1488\" data-end=\"1526\">Zasilanie: 12-24V DC (-10\/+15%)<\/p>\n<\/li>\n<li class=\"\" data-start=\"1527\" data-end=\"1568\">\n<p class=\"\" data-start=\"1529\" data-end=\"1568\">Pr\u0105d rozruchowy przy 24V: XX mA, praca: XX mA<\/p>\n<\/li>\n<li class=\"\" data-start=\"1569\" data-end=\"1639\">\n<p class=\"\" data-start=\"1571\" data-end=\"1639\">Pr\u0105d spoczynkowy przy 24 V: 0 mA (funkcja do przodu), XX mA (funkcja do ty\u0142u)<\/p>\n<\/li>\n<li class=\"\" data-start=\"1640\" data-end=\"1681\">\n<p class=\"\" data-start=\"1642\" data-end=\"1681\">Pr\u0105d rozruchowy przy 12V: XX mA, praca: XX mA<\/p>\n<\/li>\n<li class=\"\" data-start=\"1682\" data-end=\"1752\">\n<p class=\"\" data-start=\"1684\" data-end=\"1752\">Pr\u0105d spoczynkowy przy 12 V: 0 mA (funkcja do przodu), XX mA (funkcja do ty\u0142u)<\/p>\n<\/li>\n<li class=\"\" data-start=\"1753\" data-end=\"1775\">\n<p class=\"\" data-start=\"1755\" data-end=\"1775\">Test ogniowy: 120 min<\/p>\n<\/li>\n<li class=\"\" data-start=\"1776\" data-end=\"1801\">\n<p class=\"\" data-start=\"1778\" data-end=\"1801\">Si\u0142a zrywaj\u0105ca: 900 kg<\/p>\n<\/li>\n<li class=\"\" data-start=\"1802\" data-end=\"1832\">\n<p class=\"\" data-start=\"1804\" data-end=\"1832\">Zawiasy drzwi: Prawe, Lewe<\/p>\n<\/li>\n<li class=\"\" data-start=\"1833\" data-end=\"1851\">\n<p class=\"\" data-start=\"1835\" data-end=\"1851\">Kabel w zestawie: Nie<\/p>\n<\/li>\n<li class=\"\" data-start=\"1852\" data-end=\"1870\">\n<p class=\"\" data-start=\"1854\" data-end=\"1870\">Nacisk ta\u015bmy: 50 kg<\/p>\n<\/li>\n<li class=\"\" data-start=\"1871\" data-end=\"1906\">\n<p class=\"\" data-start=\"1873\" data-end=\"1906\">Typ zamka: Zamek z pojedynczym zatrzaskiem, Zamek z podw\u00f3jnym zatrzaskiem<\/p>\n<\/li>\n<li class=\"\" data-start=\"1907\" data-end=\"1960\">\n<p class=\"\" data-start=\"1909\" data-end=\"1960\">Wymiary produktu: Szeroko\u015b\u0107: 28 mm, G\u0142\u0119boko\u015b\u0107: 25 mm, Wysoko\u015b\u0107: 90 mm<\/p>\n<\/li>\n<li class=\"\" data-start=\"1961\" data-end=\"1978\">\n<p class=\"\" data-start=\"1963\" data-end=\"1978\">Kontakt t\u0142okowy: Tak<\/p>\n<\/li>\n<li class=\"\" data-start=\"1979\" data-end=\"1999\">\n<p class=\"\" data-start=\"1981\" data-end=\"1999\">Napi\u0119cie AC\/DC: DC<\/p>\n<\/li>\n<\/ul>","protected":false},"excerpt":{"rendered":"<h5><a href=\"https:\/\/elslutblecksguiden.se\/\" target=\"_blank\" rel=\"noopener\">Przewodnik po zamkach elektrycznych ASSA, zamkach silnikowych, blachach zaczepowych i przewodniku wymiany<\/a><\/h5>","protected":false},"featured_media":140104,"template":"","meta":{"_acf_changed":false},"product_brand":[],"product_cat":[3355],"product_tag":[4196,4200,2967],"class_list":{"0":"post-91564","1":"product","2":"type-product","3":"status-publish","4":"has-post-thumbnail","6":"product_cat-elslutbleck","7":"product_tag-12-24v","8":"product_tag-rattvand","9":"product_tag-rg-assa-abloy","10":"product_shipping_class-tunga-paket","11":"pa_brands-abloy","12":"tm-no-options","14":"first","15":"instock","16":"sale","17":"taxable","18":"shipping-taxable","19":"purchasable","20":"product-type-simple"},"acf":[],"_links":{"self":[{"href":"https:\/\/secureus.se\/pl\/wp-json\/wp\/v2\/product\/91564","targetHints":{"allow":["GET"]}}],"collection":[{"href":"https:\/\/secureus.se\/pl\/wp-json\/wp\/v2\/product"}],"about":[{"href":"https:\/\/secureus.se\/pl\/wp-json\/wp\/v2\/types\/product"}],"wp:featuredmedia":[{"embeddable":true,"href":"https:\/\/secureus.se\/pl\/wp-json\/wp\/v2\/media\/140104"}],"wp:attachment":[{"href":"https:\/\/secureus.se\/pl\/wp-json\/wp\/v2\/media?parent=91564"}],"wp:term":[{"taxonomy":"product_brand","embeddable":true,"href":"https:\/\/secureus.se\/pl\/wp-json\/wp\/v2\/product_brand?post=91564"},{"taxonomy":"product_cat","embeddable":true,"href":"https:\/\/secureus.se\/pl\/wp-json\/wp\/v2\/product_cat?post=91564"},{"taxonomy":"product_tag","embeddable":true,"href":"https:\/\/secureus.se\/pl\/wp-json\/wp\/v2\/product_tag?post=91564"}],"curies":[{"name":"wp","href":"https:\/\/api.w.org\/{rel}","templated":true}]}}