{"id":91682,"date":"2024-03-06T15:21:18","date_gmt":"2024-03-06T14:21:18","guid":{"rendered":"https:\/\/secureus.se\/?post_type=product&#038;p=91682"},"modified":"2026-01-06T20:48:33","modified_gmt":"2026-01-06T19:48:33","slug":"nvr-8-kanaler-2tb-harddisk","status":"publish","type":"product","link":"https:\/\/secureus.se\/pl\/nvr-8-kanaler-2tb-harddisk\/","title":{"rendered":"Sprz\u0119t do nagrywania NVR 4K 8 kana\u0142\u00f3w Wbudowany dysk twardy 2 TB"},"content":{"rendered":"<div class=\"flex-1 overflow-hidden overflow-y-auto\">\n<div class=\"react-scroll-to-bottom--css-quagi-79elbk h-full\">\n<div class=\"react-scroll-to-bottom--css-quagi-1n7m0yu\">\n<div class=\"flex flex-col text-sm pb-9\">\n<div class=\"w-full text-token-text-primary sm:AIPRM__conversation__response\" data-testid=\"conversation-turn-25\">\n<div class=\"px-4 py-2 justify-center text-base md:gap-6 m-auto\">\n<div class=\"flex flex-1 text-base mx-auto gap-3 md:px-5 lg:px-1 xl:px-5 md:max-w-3xl lg:max-w-[40rem] xl:max-w-[48rem] group final-completion\">\n<div class=\"relative flex w-full flex-col agent-turn\">\n<div class=\"flex-col gap-1 md:gap-3\">\n<div class=\"flex flex-grow flex-col max-w-full\">\n<div class=\"min-h-[20px] text-message flex flex-col items-start gap-3 whitespace-pre-wrap break-words [.text-message+&amp;]:mt-5 overflow-x-auto\" data-message-author-role=\"assistant\" data-message-id=\"d320fa02-e12b-4cae-b816-c01f08e85425\">\n<div class=\"markdown prose w-full break-words dark:prose-invert light AIPRM__conversation__response\">\n<h1><strong>NVR Inspelningsutrustning 8 Kanaler med 2TB Inbyggd H\u00e5rddisk<\/strong><\/h1>\n<h3>NVR-inspelningsutrustning, \u00e4ven k\u00e4nd som Network Video Recorder, \u00e4r en viktig del av modern \u00f6vervakningsteknik.<\/h3>\n<h3>Denna enhet \u00e4r speciellt utformad f\u00f6r att hantera och spara videomaterial fr\u00e5n upp till 8 IP-kameror samtidigt.<\/h3>\n<h3><strong>Anv\u00e4ndningsomr\u00e5den<\/strong><\/h3>\n<p>Denna NVR-inspelningsutrustning \u00e4r perfekt f\u00f6r f\u00f6retags-, offentliga och hemmabruk och \u00e4r en oumb\u00e4rlig del av modern \u00f6vervakningsteknik.<\/p>\n<p>Med sin skalbara och tillf\u00f6rlitliga design erbjuder den effektiv och p\u00e5litlig \u00f6vervakning och s\u00e4kerhet f\u00f6r olika applikationer<\/p>\n<p>Bygg dina egna virtuella larmomr\u00e5den f\u00f6r aktivering av larm och inspelning d\u00e4r du maskerar det du inte vill ska skapa larm<\/p>\n<p>Inkluderar intr\u00e5ngsdetektion med exakt detektion av fordon och m\u00e4nniskor.<\/p>\n<p>Du kan \u00e4ven l\u00e4gga ut linjer som aktiveras n\u00e4r ett objekt passerar fr\u00e5n v\u00e4nster, h\u00f6ger eller b\u00e4gge riktningarna.<\/p>\n<p><span style=\"text-decoration: underline\"><strong>Med Stonehouse Smart App, Smart Life eller Tuya App kan du se alla h\u00e4ndelser, f\u00e5 upp video samt se live p\u00e5 alla anslutna kameror<\/strong><\/span><\/p>\n<p><img decoding=\"async\" class=\"alignleft wp-image-123513299 size-full\" src=\"https:\/\/securityonline.se\/wp-content\/uploads\/2024\/03\/nvr-8-kanaler-mobilapp.png\" alt=\"\" width=\"970\" height=\"600\" \/><\/p>\n<h2><strong>Nyckelfunktioner f\u00f6r denna NVR som hanterera \u00f6vervakningskameror<\/strong><\/h2>\n<ul>\n<li><strong>Upp till 8 kanalers \u00e5tkomst f\u00f6r IP-kameror<\/strong>: Perfekt f\u00f6r att \u00f6vervaka flera omr\u00e5den samtidigt. Du kan ansluta mellan 1 och 8 kameror beroende p\u00e5 dina specifika behov.<\/li>\n<li><strong>Upp till 12MP uppl\u00f6sning f\u00f6r live-visning och inspelning<\/strong>: Garanterar klarhet och detaljrikedom i bilderna.<\/li>\n<li><strong>St\u00f6d f\u00f6r ansiktsigenk\u00e4nning och flerobjektigenk\u00e4nning<\/strong>: Ger avancerad s\u00e4kerhet och \u00f6vervakning.<\/li>\n<li><strong>Intelligent analys av NVR<\/strong>: Inkluderar intr\u00e5ngsdetektion med exakt detektion av fordon och m\u00e4nniskor.<\/li>\n<li><strong>Inbyggd 2TB SATA-h\u00e5rddisk<\/strong>: F\u00f6r p\u00e5litlig lagring av inspelat material.<\/li>\n<li><strong>M\u00f6jlighet att ut\u00f6ka lagringskapaciteten upp till 8B<\/strong>: F\u00f6r att m\u00f6ta \u00f6kade behov.<\/li>\n<li><strong>1 RJ45 10\/100\/1000 Mbps n\u00e4tverksgr\u00e4nssnitt<\/strong>: F\u00f6r snabb och stabil anslutning till ditt n\u00e4tverk.<\/li>\n<li><strong>8 POE-portar (Power over Ethernet)<\/strong>: F\u00f6r enkel installation och str\u00f6mf\u00f6rs\u00f6rjning av anslutna enheter. Enheten \u00e4r Plug &amp; Play och l\u00e4tt att drifts\u00e4tta.<\/li>\n<li><strong>Smart s\u00f6kning och uppspelning<\/strong>: F\u00f6r snabb \u00e5tkomst till \u00f6nskat videomaterial.<\/li>\n<li><strong>St\u00f6d f\u00f6r molnuppgradering via Stonehouse Smart App, Tuya App och Smart Life<\/strong>: F\u00f6r att s\u00e4kerst\u00e4lla att din enhet alltid har den senaste programvaran och funktionerna.<\/li>\n<li><strong>Stonehouse Smart \u00e4r fullt kompatibel med Tuya och erbjuder svensk \u00f6vers\u00e4ttning:<\/strong> Den \u00e4r tillg\u00e4nglig f\u00f6r nedladdning p\u00e5 b\u00e5de Android App Store och iOS App Store f\u00f6r iPhone.<\/li>\n<\/ul>\n<\/div>\n<\/div>\n<\/div>\n<div class=\"mt-1 flex justify-start gap-3 empty:hidden\">\n<h2><strong>Anpassade larmscenarier med molnl\u00f6sningar<\/strong><\/h2>\n<p>Med den h\u00e4r l\u00f6sningen kan du enkelt skapa egna larmscenarier. Definiera exakt vad som ska h\u00e4nda vid ov\u00e4ntade h\u00e4ndelser \u2013 aktivera sirener, belysning eller \u00f6ppna grinden.<\/p>\n<p>Anpassa fl\u00f6desscheman med olika triggare som r\u00f6relsedetektering eller larming\u00e5ngar och l\u00e5t systemet automatisera h\u00e4ndelser som panorering, tilt eller zoom p\u00e5 kameror.<\/p>\n<p>Med molnl\u00f6sningar som Stonehouse Smart, Tuya och andra liknande appar kan du f\u00e5 o\u00e4ndliga m\u00f6jligheter med enkel kontroll \u00f6ver ditt system.<\/p>\n<p><span style=\"text-decoration: underline\"><strong>Stonehouse Smart APP \u00e4r gratis och du kan spela upp h\u00e4ndelser, videos samt f\u00e5 larm direkt i telefonen.<\/strong><\/span><\/p>\n<h4><strong>F\u00f6rpackningen inneh\u00e5ller:<\/strong><\/h4>\n<p>1 st 8-kanalers NVR med 2 TB inbyggd h\u00e5rddisk<br \/>\n1 st USB-mus<br \/>\n1 st HDMI-kabel f\u00f6r bildsk\u00e4rmsanslutning<br \/>\n1 st str\u00f6madapter<br \/>\n1 st n\u00e4tverkskabel<br \/>\n4 st skumgummikuddar<br \/>\n2 st kopplingsplintar<\/p>\n<p>&nbsp;<\/p>\n<\/div>\n<ul>\n<li>Bild visas beroende p\u00e5 uppl\u00f6sningen p\u00e5 din bildsk\u00e4rm och kameror.<\/li>\n<li>NVR:en st\u00f6der en maximal sk\u00e4rmuppl\u00f6sning upp till 4K f\u00f6r HDMI och 1080P f\u00f6r VGA.<\/li>\n<\/ul>\n<p>&nbsp;<\/p>\n<div class=\"mt-1 flex justify-start gap-3 empty:hidden\">\n<p><img decoding=\"async\" class=\"aligncenter wp-image-123513297 size-full\" src=\"https:\/\/securityonline.se\/wp-content\/uploads\/2024\/03\/nvr-8-kanaler-funktionsbild.png\" alt=\"\" width=\"970\" height=\"600\" \/><\/p>\n<p>&nbsp;<\/p>\n<\/div>\n<\/div>\n<\/div>\n<\/div>\n<\/div>\n<\/div>\n<\/div>\n<\/div>\n<\/div>\n<\/div>\n","protected":false},"excerpt":{"rendered":"<p>Idealny do monitorowania wielu obszar\u00f3w jednocze\u015bnie. W zale\u017cno\u015bci od potrzeb mo\u017cna pod\u0142\u0105czy\u0107 od 1 do 8 kamer.<\/p>\n<p>Obejmuje wykrywanie w\u0142ama\u0144 z dok\u0142adnym wykrywaniem pojazd\u00f3w i ludzi.<\/p>\n<p>Urz\u0105dzenie dzia\u0142a w trybie Plug &amp; Play i jest \u0142atwe w instalacji oraz zapewnia szybki dost\u0119p do \u017c\u0105danego materia\u0142u wideo.<\/p>","protected":false},"featured_media":138503,"template":"","meta":{"_acf_changed":false},"product_brand":[],"product_cat":[3358,3366],"product_tag":[],"class_list":{"0":"post-91682","1":"product","2":"type-product","3":"status-publish","4":"has-post-thumbnail","6":"product_cat-nvr-network-video-recorder","7":"product_cat-videolagring","8":"product_shipping_class-tunga-paket","9":"pa_brands-veezoom","10":"tm-no-options","12":"first","13":"outofstock","14":"sale","15":"featured","16":"taxable","17":"shipping-taxable","18":"purchasable","19":"product-type-simple"},"acf":[],"_links":{"self":[{"href":"https:\/\/secureus.se\/pl\/wp-json\/wp\/v2\/product\/91682","targetHints":{"allow":["GET"]}}],"collection":[{"href":"https:\/\/secureus.se\/pl\/wp-json\/wp\/v2\/product"}],"about":[{"href":"https:\/\/secureus.se\/pl\/wp-json\/wp\/v2\/types\/product"}],"wp:featuredmedia":[{"embeddable":true,"href":"https:\/\/secureus.se\/pl\/wp-json\/wp\/v2\/media\/138503"}],"wp:attachment":[{"href":"https:\/\/secureus.se\/pl\/wp-json\/wp\/v2\/media?parent=91682"}],"wp:term":[{"taxonomy":"product_brand","embeddable":true,"href":"https:\/\/secureus.se\/pl\/wp-json\/wp\/v2\/product_brand?post=91682"},{"taxonomy":"product_cat","embeddable":true,"href":"https:\/\/secureus.se\/pl\/wp-json\/wp\/v2\/product_cat?post=91682"},{"taxonomy":"product_tag","embeddable":true,"href":"https:\/\/secureus.se\/pl\/wp-json\/wp\/v2\/product_tag?post=91682"}],"curies":[{"name":"wp","href":"https:\/\/api.w.org\/{rel}","templated":true}]}}