{"id":91802,"date":"2024-05-21T08:48:30","date_gmt":"2024-05-21T06:48:30","guid":{"rendered":"https:\/\/secureus.se\/?post_type=product&#038;p=91802"},"modified":"2026-04-21T12:32:25","modified_gmt":"2026-04-21T10:32:25","slug":"wd-purple-pro-14tb-wd142purp-35-7200rpm-sata-harddisk-6-gbps","status":"publish","type":"product","link":"https:\/\/secureus.se\/pl\/wd-purple-pro-14tb-wd142purp-35-7200rpm-sata-harddisk-6-gbps\/","title":{"rendered":"Dysk twardy SATA WD Purple Pro 14 TB WD142PURP 3,5 cala, 7200 obr.\/min, 6 Gb\/s"},"content":{"rendered":"<h2>Zaawansowana pami\u0119\u0107 masowa dla inteligentnych rozwi\u0105za\u0144 wideo<\/h2>\n<p><strong>Dyski WD Purple Pro<\/strong> s\u0105 przeznaczone do zaawansowanych rejestrator\u00f3w obs\u0142uguj\u0105cych sztuczn\u0105 inteligencj\u0119, serwer\u00f3w do analizy wideo i rozwi\u0105za\u0144 do g\u0142\u0119bokiego uczenia si\u0119, kt\u00f3re wymagaj\u0105 du\u017cej pojemno\u015bci, wydajno\u015bci i obci\u0105\u017cenia.<\/p>\n<h3>Funkcje<\/h3>\n<p><strong>Dysk twardy WD Purple Pro do monitorowania<\/strong>: Wyposa\u017cony w zaawansowane funkcje zapewniaj\u0105ce wysok\u0105 wydajno\u015b\u0107, niezawodno\u015b\u0107 i obci\u0105\u017calno\u015b\u0107 rejestrator\u00f3w, analizator\u00f3w wideo, serwer\u00f3w g\u0142\u0119bokiego uczenia i pami\u0119ci masowej w chmurze, w tym w konfiguracjach RAID i JBOD.<\/p>\n<p><strong>Obci\u0105\u017cenie prac\u0105<\/strong>: Obs\u0142uguje do 550 TB\/rok w zakresie pojemno\u015bci od 8 TB do 22 TB.<\/p>\n<p><strong>Solidna konstrukcja<\/strong>: Zaprojektowane z komponent\u00f3w odpornych na korozj\u0119 do pracy w trudnych warunkach i charakteryzuj\u0105ce si\u0119 dodatkow\u0105 wytrzyma\u0142o\u015bci\u0105 w przypadku obud\u00f3w wielojednostkowych.<\/p>\n<p><strong>Pami\u0119\u0107 masowa dla zaawansowanych inteligentnych rozwi\u0105za\u0144 wideo<\/strong>: Dyski WD Purple\u2122 Pro s\u0105 zoptymalizowane pod k\u0105tem wydajnych rejestrator\u00f3w nowej generacji, analizator\u00f3w wideo, serwer\u00f3w g\u0142\u0119bokiego uczenia i rozwi\u0105za\u0144 chmurowych obs\u0142uguj\u0105cych sztuczn\u0105 inteligencj\u0119, kt\u00f3re charakteryzuj\u0105 si\u0119 du\u017c\u0105 pojemno\u015bci\u0105 i wydajno\u015bci\u0105. Dyski WD Purple Pro s\u0105 wyposa\u017cone w technologi\u0119 **AllFrame\u2122 AI**, kt\u00f3ra pomaga zmniejszy\u0107 utrat\u0119 klatek na sekund\u0119, usprawni\u0107 odtwarzanie wideo i obs\u0142uguje do 32 strumieni AI na dysk na potrzeby analizy g\u0142\u0119bokiego uczenia si\u0119 w systemie. Oferuj\u0105 tak\u017ce wydajno\u015b\u0107 klasy korporacyjnej, integralno\u015b\u0107 danych i niezawodno\u015b\u0107 urz\u0105dze\u0144, szczeg\u00f3lnie w wi\u0119kszych systemach i obudowach, w kt\u00f3rych wyst\u0119puj\u0105 wibracje podczas pracy.<\/p>\n<h4>Ulepsz swoje inteligentne rozwi\u0105zanie wideo<\/h4>\n<p>Western Digital to \u015bwiatowy lider w bran\u017cy dysk\u00f3w twardych. Dzi\u0119ki **inteligentnej pami\u0119ci wideo WD Purple\u2122 Pro** otrzymujesz dysk zaprojektowany z my\u015bl\u0105 o wysokiej wydajno\u015bci, trwa\u0142o\u015bci i obci\u0105\u017calno\u015bci dla zaawansowanych rejestrator\u00f3w, urz\u0105dze\u0144 i serwer\u00f3w obs\u0142uguj\u0105cych sztuczn\u0105 inteligencj\u0119. Efektywnie wydobywaj warto\u015bci i spostrze\u017cenia z przesy\u0142anych strumieniowo i przechowywanych film\u00f3w oraz przyczyniaj si\u0119 do tworzenia inteligentniejszego \u015bwiata dzi\u0119ki zaawansowanej pami\u0119ci masowej WD Purple Pro do inteligentnych rozwi\u0105za\u0144 wideo.<\/p>\n<h5>Ekskluzywna technologia AI AllFrame\u2122 firmy Western Digital<\/h5>\n<p>Wszystko <strong>Dyski WD Purple\u2122 Pro<\/strong> s\u0105 wyposa\u017cone <strong>Technologia AI AllFrame<\/strong>, kt\u00f3ry nie tylko usprawnia przesy\u0142anie strumieniowe ATA, redukuj\u0105c utrat\u0119 klatek i poprawiaj\u0105c odtwarzanie wideo, ale tak\u017ce obs\u0142uguje do 32 strumieni AI do analizy g\u0142\u0119bokiego uczenia si\u0119 w systemie.<\/p>\n<h5>Wiele kamer, wiele strumieni<\/h5>\n<p>Nowoczesne rejestratory obs\u0142uguj\u0105 teraz wiele strumieni wideo na kamer\u0119. **Urz\u0105dzenia WD Purple\u2122 Pro** s\u0105 zoptymalizowane do obs\u0142ugi maksymalnie 64 kamer HD obs\u0142uguj\u0105cych pojedynczy strumie\u0144 i mog\u0105 tak\u017ce obs\u0142ugiwa\u0107 wiele najnowszych inteligentnych kamer przesy\u0142aj\u0105cych wiele strumieni. Ta elastyczno\u015b\u0107 umo\u017cliwia aktualizacj\u0119 lub skalowanie rozwi\u0105zania w zakresie bezpiecze\u0144stwa lub inteligentnego wideo w przysz\u0142o\u015bci.<\/p>\n<h5>Zaawansowana obci\u0105\u017calno\u015b\u0107 dla zaawansowanych system\u00f3w<\/h5>\n<p>Dyski WD Purple\u2122 Pro charakteryzuj\u0105 si\u0119 obci\u0105\u017calno\u015bci\u0105 do 550 TB\/rok, co pozwala na przechwytywanie i analiz\u0119 du\u017cych ilo\u015bci danych wideo w zaawansowanych rejestratorach, analizatorach wideo, serwerach g\u0142\u0119bokiego uczenia i pami\u0119ci masowej w chmurze z obs\u0142ug\u0105 sztucznej inteligencji. Po\u0142\u0105czenie optymalizacji przesy\u0142ania strumieniowego oraz zwi\u0119kszonej trwa\u0142o\u015bci i niezawodno\u015bci sprawia, \u017ce pami\u0119\u0107 masowa WD Purple Pro idealnie nadaje si\u0119 do ka\u017cdego serwera analitycznego, niezale\u017cnie od tego, czy przetwarzasz wideo przesy\u0142ane strumieniowo bezpo\u015brednio z kamer, czy du\u017ce ilo\u015bci nagranych danych wideo.<\/p>\n<h5>Zaprojektowany z my\u015bl\u0105 o niezawodnej pracy w zaawansowanych, wydajnych, inteligentnych rozwi\u0105zaniach wideo<\/h5>\n<p>Dzi\u0119ki wsp\u00f3\u0142czynnikowi MTBF wynosz\u0105cemu do 2,5 miliona godzin (12 TB, 14 TB i 18 TB) **Dyski WD Purple\u2122 Pro** zosta\u0142y zaprojektowane z my\u015bl\u0105 o zaawansowanych inteligentnych rozwi\u0105zaniach wideo, kt\u00f3re dzia\u0142aj\u0105 przez ca\u0142\u0105 dob\u0119. Dzi\u0119ki odpornym na korozj\u0119 komponentom i pe\u0142nej obs\u0142udze obud\u00f3w obs\u0142uguj\u0105cych wiele urz\u0105dze\u0144 dyski WD Purple Pro zapewniaj\u0105 niezawodn\u0105 prac\u0119 w du\u017cych systemach monitoringu nawet w trudnych warunkach.<\/p>\n<h5>Sprawdzona du\u017ca wydajno\u015b\u0107<\/h5>\n<p>Teraz, w sz\u00f3stej generacji, sprawdzona technologia **HelioSeal\u2122** zapewnia dyski twarde WD Purple\u2122 Pro o du\u017cej pojemno\u015bci (12 TB, 14 TB i 18 TB) zaspokajaj\u0105ce ogromne potrzeby w zakresie przechowywania danych, inteligentnego wideo opartego na sztucznej inteligencji i g\u0142\u0119bokiej analizy uczenia si\u0119.<\/p>\n<h5>Proaktywne zarz\u0105dzanie pami\u0119ci\u0105 masow\u0105 za pomoc\u0105 WDDA<\/h5>\n<p>Western Digital\u00ae Device Analytics\u2122 (WDDA) zapewnia bogactwo parametrycznych danych operacyjnych i diagnostycznych dla kompatybilnych system\u00f3w. Algorytmy interpretuj\u0105 dane i instruuj\u0105 system, aby ostrzega\u0142 administrator\u00f3w systemu o okre\u015blonych zalecanych dzia\u0142aniach w celu rozwi\u0105zania potencjalnych problem\u00f3w. WDDA ma na celu zapewnienie producentom OEM, integratorom system\u00f3w i specjalistom IT lepszych mo\u017cliwo\u015bci monitorowania i proaktywnego zarz\u0105dzania obs\u0142ugiwanymi urz\u0105dzeniami pami\u0119ci masowej w celu utrzymania optymalnego dzia\u0142ania.<\/p>\n<h5>Pi\u0119\u0107 lat gwarancji<\/h5>\n<p>Jako wiod\u0105cy producent dysk\u00f3w twardych firma Western Digital oferuje inteligentn\u0105 pami\u0119\u0107 wideo WD Purple\u2122 Pro z 5-letni\u0105 ograniczon\u0105 gwarancj\u0105.<\/p>\n<h5>Pe\u0142na specyfikacja<\/h5>\n<p><strong>W\u0142a\u015bciwo\u015bci:<\/strong><br \/>\n\u2013 Zaprojektowane z my\u015bl\u0105 o niezawodnej pracy w zaawansowanych, wydajnych, inteligentnych rozwi\u0105zaniach wideo<br \/>\n\u2013 Proaktywne zarz\u0105dzanie pami\u0119ci\u0105 masow\u0105 za pomoc\u0105 WDDA<br \/>\n- Ekskluzywna technologia AllFrame AI firmy Western Digital<\/p>\n<p><strong>Pojemno\u015b\u0107<\/strong>: 14 TB<br \/>\n<strong>Wsp\u00f3\u0142czynnik kszta\u0142tu<\/strong>: 3,5 cala<br \/>\n<strong>Po\u0142\u0105czenie<\/strong>: SATA<br \/>\n<strong>Zgodno\u015b\u0107<\/strong>: Do 64 kamer obs\u0142uguj\u0105cych pojedynczy strumie\u0144<br \/>\n<strong>Interfejs<\/strong>: SATA<br \/>\n<strong>Szybko\u015b\u0107 transferu<\/strong>: Do 255 MB\/s<br \/>\n<strong>Pr\u0119dko\u015b\u0107 dysku (RPM)<\/strong>: 7200 obr.\/min<br \/>\n<strong>Technologia nagrywania<\/strong>: CMR<br \/>\n<strong>Rozmiar pami\u0119ci podr\u0119cznej<\/strong>:512MB<br \/>\n<strong>Gwarancja<\/strong>: 5-letnia ograniczona gwarancja<br \/>\n<strong>Wymiary (d\u0142. x szer. x wys.)<\/strong>: 147 mm x 101,6 mm x 26,1 mm<br \/>\n<strong>Waga<\/strong>: 690 gram\u00f3w<br \/>\n<strong>Numer modelu<\/strong>: WD142PURP<br \/>\n<strong>Temperatura robocza<\/strong>: 0\u00b0C do 65\u00b0C<br \/>\n<strong>Temperatura nierobocza<\/strong>: -40\u00b0C do 70\u00b0C<br \/>\n<strong>Certyfikaty<\/strong>: BSMI, ICES-003\/NMB-003, CE, FCC, KC, Maghreb, RCM, UKCA, VCCI, CB-Scheme, TUV, UL<\/p>","protected":false},"excerpt":{"rendered":"<p>Dysk twardy SATA WD WD142PURP 3,5\u2033 Purple Pro 14 TB 7200 obr.\/min, 6 Gb\/s<\/p>\n<p><strong>Dyski WD Purple Pro<\/strong> s\u0105 przeznaczone do zaawansowanych rejestrator\u00f3w obs\u0142uguj\u0105cych sztuczn\u0105 inteligencj\u0119, serwer\u00f3w do analizy wideo i rozwi\u0105za\u0144 do g\u0142\u0119bokiego uczenia si\u0119, kt\u00f3re wymagaj\u0105 du\u017cej pojemno\u015bci, wydajno\u015bci i obci\u0105\u017cenia.<\/p>","protected":false},"featured_media":137599,"template":"","meta":{"_acf_changed":false},"product_brand":[],"product_cat":[3261],"product_tag":[],"class_list":{"0":"post-91802","1":"product","2":"type-product","3":"status-publish","4":"has-post-thumbnail","6":"product_cat-hdd-harddisk-3-5","7":"product_shipping_class-tunga-paket","8":"pa_brands-western-digital","9":"tm-no-options","11":"first","12":"outofstock","13":"sale","14":"taxable","15":"shipping-taxable","16":"purchasable","17":"product-type-simple"},"acf":[],"_links":{"self":[{"href":"https:\/\/secureus.se\/pl\/wp-json\/wp\/v2\/product\/91802","targetHints":{"allow":["GET"]}}],"collection":[{"href":"https:\/\/secureus.se\/pl\/wp-json\/wp\/v2\/product"}],"about":[{"href":"https:\/\/secureus.se\/pl\/wp-json\/wp\/v2\/types\/product"}],"wp:featuredmedia":[{"embeddable":true,"href":"https:\/\/secureus.se\/pl\/wp-json\/wp\/v2\/media\/137599"}],"wp:attachment":[{"href":"https:\/\/secureus.se\/pl\/wp-json\/wp\/v2\/media?parent=91802"}],"wp:term":[{"taxonomy":"product_brand","embeddable":true,"href":"https:\/\/secureus.se\/pl\/wp-json\/wp\/v2\/product_brand?post=91802"},{"taxonomy":"product_cat","embeddable":true,"href":"https:\/\/secureus.se\/pl\/wp-json\/wp\/v2\/product_cat?post=91802"},{"taxonomy":"product_tag","embeddable":true,"href":"https:\/\/secureus.se\/pl\/wp-json\/wp\/v2\/product_tag?post=91802"}],"curies":[{"name":"wp","href":"https:\/\/api.w.org\/{rel}","templated":true}]}}