{"id":91821,"date":"2024-05-22T13:57:05","date_gmt":"2024-05-22T11:57:05","guid":{"rendered":"https:\/\/secureus.se\/system-sensor-eco1003-2\/"},"modified":"2026-02-12T18:15:20","modified_gmt":"2026-02-12T17:15:20","slug":"system-sensor-eco1003a-fotoelektrisk-rokdetektor","status":"publish","type":"product","link":"https:\/\/secureus.se\/pl\/system-sensor-eco1003a-fotoelektrisk-rokdetektor\/","title":{"rendered":"Czujka dymu ECO1003 A Czujnik systemowy \u2013 fotoelektryczna czujka dymu"},"content":{"rendered":"<h1><strong>Czujnik systemowy ECO1003 A \u2013 fotoelektryczna czujka dymu<\/strong><\/h1>\n<p>Fotoelektryczny czujnik dymu ECO1003 A nale\u017cy do serii czujnik\u00f3w ECO1000 firmy System Sensor.<\/p>\n<p>ECO1000 to seria konwencjonalnych detektor\u00f3w, kt\u00f3re zosta\u0142y wyprodukowane z wykorzystaniem najnowszych technologii produkcyjnych i wyposa\u017cone w szereg zaawansowanych funkcji, dzi\u0119ki czemu s\u0105 \u201elepsze pod wzgl\u0119dem konstrukcji\u201d.<\/p>\n<p>W czujniku ECO1003 A zastosowano najnowocze\u015bniejsz\u0105 komor\u0119 optyczn\u0105 po\u0142\u0105czon\u0105 z uk\u0142adem scalonym ASIC przeznaczonym do konkretnych zastosowa\u0144, co umo\u017cliwia szybkie i dok\u0142adne wykrywanie po\u017caru.<\/p>\n<p>Po\u0142\u0105czenie unikalnej konstrukcji komory i innych zaawansowanych technologicznie funkcji wyd\u0142u\u017ca okresy mi\u0119dzyserwisowe, zanim konieczne stanie si\u0119 czyszczenie detektora.<\/p>\n<h4>Funkcje i zalety<\/h4>\n<ul>\n<li><strong>Zaawansowana komora optyczna:<\/strong> Nowoczesna konstrukcja zapewnia szybk\u0105 i dok\u0142adn\u0105 detekcj\u0119 dymu.<\/li>\n<li><strong>Niskie zu\u017cycie energii:<\/strong> Efektywne wykorzystanie energii przy typowym pr\u0105dzie czuwania wynosz\u0105cym zaledwie 110\u00b5A.<\/li>\n<li><strong>Funkcja zdalnego testu:<\/strong> Do zdalnego testowania czujki mo\u017cna u\u017cywa\u0107 laserowego r\u0119cznego, zdalnego urz\u0105dzenia testuj\u0105cego, eliminuj\u0105c potrzeb\u0119 fizycznego dost\u0119pu.<\/li>\n<li><strong>Wbudowana lampa LED:<\/strong> Zapala si\u0119 po wykryciu dymu i pozostaje zapalona do momentu zresetowania czujki.<\/li>\n<li><strong>Elastyczno\u015b\u0107 w instalacji:<\/strong> Kompatybilny z r\u00f3\u017cnymi podstawami czujek, oferuj\u0105cymi zar\u00f3wno wersje standardowe, jak i diodowe, pasuj\u0105ce do r\u00f3\u017cnych central alarmowych.<\/li>\n<li><strong>Funkcja zabezpieczenia przed manipulacj\u0105:<\/strong> Uniemo\u017cliwia demonta\u017c czujki bez u\u017cycia narz\u0119dzi.<\/li>\n<\/ul>\n<h4>Dane techniczne<\/h4>\n<ul>\n<li><strong>Napi\u0119cie robocze:<\/strong> 8-30 V DC (nominalnie 12 lub 24 V DC)<\/li>\n<li><strong>Typowy pr\u0105d czuwania:<\/strong> 60\u00b5A przy 24VDC<\/li>\n<li><strong>Maksymalny pr\u0105d alarmowy:<\/strong> 80mA (ograniczone przez panel sterowania)<\/li>\n<li><strong>Temperatura pracy:<\/strong> -30\u00b0C do +70\u00b0C<\/li>\n<li><strong>Wilgotno\u015b\u0107:<\/strong> Wilgotno\u015b\u0107 wzgl\u0119dna od 0 do 95% (bez kondensacji)<\/li>\n<li><strong>Waga:<\/strong> 75 g (plus 45 g na standardow\u0105 baz\u0119)<\/li>\n<li><strong>Mierzy\u0107:<\/strong> \u00d8 102 mm, wysoko\u015b\u0107 32,5 mm (plus 9,5 mm dla standardowej podstawy)<\/li>\n<\/ul>\n<h4>Certyfikaty<\/h4>\n<ul>\n<li><strong>Aprobata:<\/strong> Spe\u0142nia norm\u0119 EN54-7:2000 (poprawka 1)<\/li>\n<li><strong>Konformizm:<\/strong> CEA4021<\/li>\n<li><strong>Dopuszczenie zgodnie z MED 96\/98\/WE (zmiana 2009\/26\/WE)<\/strong><\/li>\n<li><strong>Rozszerzona gwarancja:<\/strong> 3 lata<\/li>\n<\/ul>\n<h4>Obszary zastosowa\u0144<\/h4>\n<p>ECO1003 A idealnie nadaje si\u0119 do stosowania w:<\/p>\n<ul>\n<li><strong>Sklepy i budynki komercyjne:<\/strong> Chroni przed ogniem poprzez szybk\u0105 i niezawodn\u0105 detekcj\u0119 dymu.<\/li>\n<li><strong>Budynki u\u017cyteczno\u015bci publicznej:<\/strong> Zapewnia ochron\u0119 w szko\u0142ach, szpitalach i innych miejscach u\u017cyteczno\u015bci publicznej.<\/li>\n<li><strong>Obszary mieszkalne:<\/strong> Zapewnia niezawodn\u0105 ochron\u0119 przeciwpo\u017carow\u0105 w domach.<\/li>\n<\/ul>\n<h4>Instalacja i konserwacja<\/h4>\n<ul>\n<li><strong>Instalacja:<\/strong> Aby zapewni\u0107 elastyczn\u0105 instalacj\u0119, u\u017cyj r\u00f3\u017cnych podstaw czujek. Przed zamontowaniem czujki mo\u017cna wykona\u0107 pod\u0142\u0105czenia i testy obwod\u00f3w.<\/li>\n<li><strong>Konserwacja:<\/strong> Aby zapewni\u0107 optymalne dzia\u0142anie, zaleca si\u0119 regularne kontrole. Funkcja zdalnego testu u\u0142atwia testowanie bez fizycznego dost\u0119pu.<\/li>\n<\/ul>\n<p>Wszystkie produkty System Sensor obj\u0119te s\u0105 rozszerzon\u0105 3-letni\u0105 gwarancj\u0105.<\/p>","protected":false},"excerpt":{"rendered":"<p><strong>Czujnik systemowy ECO1003 A<\/strong> to zaawansowany fotoelektryczny czujnik dymu z serii ECO1000, przeznaczony do szybkiego i dok\u0142adnego wykrywania dymu.<\/p>\n<p>Charakteryzuje si\u0119 niskim zu\u017cyciem energii, funkcj\u0105 zdalnego testu i wbudowan\u0105 diod\u0105 LED. Idealny do sklep\u00f3w, budynk\u00f3w u\u017cyteczno\u015bci publicznej i dom\u00f3w. Spe\u0142nia norm\u0119 EN54-7:2000.<\/p>","protected":false},"featured_media":137410,"template":"","meta":{"_acf_changed":false},"product_brand":[],"product_cat":[4755,3373],"product_tag":[],"class_list":{"0":"post-91821","1":"product","2":"type-product","3":"status-publish","4":"has-post-thumbnail","6":"product_cat-eco-1000-serien","7":"product_cat-rokdetektorer","8":"product_shipping_class-postnord-varubrev","9":"pa_brands-system-sensor","10":"tm-no-options","12":"first","13":"instock","14":"sale","15":"taxable","16":"shipping-taxable","17":"purchasable","18":"product-type-simple"},"acf":[],"_links":{"self":[{"href":"https:\/\/secureus.se\/pl\/wp-json\/wp\/v2\/product\/91821","targetHints":{"allow":["GET"]}}],"collection":[{"href":"https:\/\/secureus.se\/pl\/wp-json\/wp\/v2\/product"}],"about":[{"href":"https:\/\/secureus.se\/pl\/wp-json\/wp\/v2\/types\/product"}],"wp:featuredmedia":[{"embeddable":true,"href":"https:\/\/secureus.se\/pl\/wp-json\/wp\/v2\/media\/137410"}],"wp:attachment":[{"href":"https:\/\/secureus.se\/pl\/wp-json\/wp\/v2\/media?parent=91821"}],"wp:term":[{"taxonomy":"product_brand","embeddable":true,"href":"https:\/\/secureus.se\/pl\/wp-json\/wp\/v2\/product_brand?post=91821"},{"taxonomy":"product_cat","embeddable":true,"href":"https:\/\/secureus.se\/pl\/wp-json\/wp\/v2\/product_cat?post=91821"},{"taxonomy":"product_tag","embeddable":true,"href":"https:\/\/secureus.se\/pl\/wp-json\/wp\/v2\/product_tag?post=91821"}],"curies":[{"name":"wp","href":"https:\/\/api.w.org\/{rel}","templated":true}]}}