{"id":91829,"date":"2024-04-11T12:34:21","date_gmt":"2024-04-11T10:34:21","guid":{"rendered":"https:\/\/secureus.se\/dorroga-kamera-dd1\/"},"modified":"2026-01-01T12:21:12","modified_gmt":"2026-01-01T11:21:12","slug":"titthalskamera-lcd-digitalt-dorroga","status":"publish","type":"product","link":"https:\/\/secureus.se\/pl\/titthalskamera-lcd-digitalt-dorroga\/","title":{"rendered":"Kamera wizjerowa z ekranem LCD - Cyfrowe oko do drzwi z kamer\u0105"},"content":{"rendered":"<h4>Kamera wizjerowa z ekranem LCD - cyfrowe oko do drzwi z kamer\u0105 i \u0142atw\u0105 instalacj\u0105<\/h4>\n<p>Popraw bezpiecze\u0144stwo swojego domu dzi\u0119ki naszej zaawansowanej cyfrowej kamerze typu judasz. Urz\u0105dzenie to \u0142\u0105czy w sobie 2,8-calowy ekran LCD o wysokiej rozdzielczo\u015bci i kamer\u0119, dzi\u0119ki czemu mo\u017cesz podgl\u0105da\u0107 go\u015bci odwiedzaj\u0105cych Twoje drzwi. Dzi\u0119ki diodom LED na podczerwie\u0144 mo\u017cna uzyska\u0107 wyra\u017any obraz nawet w warunkach s\u0142abego o\u015bwietlenia. \u0141atwa w instalacji i obs\u0142udze kamera z wizjerem oferuje wygodne funkcje, takie jak robienie zdj\u0119\u0107 i przegl\u0105danie obraz\u00f3w bezpo\u015brednio na urz\u0105dzeniu. Idealne do zast\u0105pienia tradycyjnych oczek w drzwiach i zwi\u0119kszenia bezpiecze\u0144stwa domu.<\/p>\n<h4>Funkcje<\/h4>\n<ul>\n<li><strong>Ekran LCD<\/strong>: 2,8 cala (320\u00d7240)<\/li>\n<li><strong>K\u0105t widzenia<\/strong>: K\u0105t widzenia 90\u00b0<\/li>\n<li><strong>Diody LED na podczerwie\u0144<\/strong>: Do widzenia w nocy<\/li>\n<li><strong>Fotografia i recenzja<\/strong>: \u0141atwe robienie i przegl\u0105danie zdj\u0119\u0107<\/li>\n<li><strong>Magazynowanie okr\u0105g\u0142e<\/strong>: Wbudowany i automatyczny<\/li>\n<\/ul>\n<h4>\u0141atwa instalacja<\/h4>\n<ol>\n<li><strong>Zamontuj jednostk\u0119 zewn\u0119trzn\u0105<\/strong>: Wybierz odpowiedni\u0105 \u015brub\u0119 w zale\u017cno\u015bci od grubo\u015bci drzwi. Wkr\u0119ci\u0107 \u015brub\u0119 w otw\u00f3r na \u015brub\u0119 cylindra jednostki zewn\u0119trznej.<\/li>\n<li><strong>Monta\u017c przez otw\u00f3r w drzwiach<\/strong>: W\u0142\u00f3\u017c cylinder wraz z FPC przez wizjer w drzwiach i przytrzymaj jednostk\u0119 zewn\u0119trzn\u0105 na miejscu.<\/li>\n<li><strong>Wspornik metalowy<\/strong>: Wyjmij metalowy wspornik i prze\u0142\u00f3\u017c FPC przez prostok\u0105tny otw\u00f3r. Dokr\u0119\u0107 \u015brub\u0119, aby zabezpieczy\u0107 metalowy wspornik i jednostk\u0119 zewn\u0119trzn\u0105.<\/li>\n<li><strong>Po\u0142\u0105czenie<\/strong>: Pod\u0142\u0105cz FPC jednostki zewn\u0119trznej do z\u0142\u0105cza jednostki wewn\u0119trznej.<\/li>\n<li><strong>Bezpiecznik jednostki wewn\u0119trznej<\/strong>: Dopasuj cztery szczeliny z ty\u0142u jednostki wewn\u0119trznej do czterech haczyk\u00f3w na metalowym wsporniku i zablokuj jednostk\u0119.<\/li>\n<\/ol>\n<h4>Dane techniczne<\/h4>\n<ul>\n<li><strong>Tworzywo<\/strong>: Tworzywo ABS<\/li>\n<li><strong>Rezolucja<\/strong>: 320\u00d7240<\/li>\n<li><strong>Pami\u0119\u0107<\/strong>: Wbudowany okr\u0105g\u0142y schowek<\/li>\n<li><strong>Mierzy\u0107<\/strong>:\n<ul>\n<li>Jednostka wewn\u0119trzna: 127x68x13mm<\/li>\n<li>Jednostka zewn\u0119trzna: 45x85x13mm<\/li>\n<\/ul>\n<\/li>\n<li><strong>Bateria<\/strong>: 1,5 V AAA x 4<\/li>\n<li><strong>\u015arednica otworu drzwiowego<\/strong>: 14-22 mm<\/li>\n<li><strong>Kamera<\/strong>: 0,3 MP<\/li>\n<li><strong>Temperatura robocza<\/strong>: -20\u00b0C do 55\u00b0C<\/li>\n<\/ul>\n<h4>Do\u0142\u0105czone akcesoria<\/h4>\n<ul>\n<li>Jednostka wewn\u0119trzna x1<\/li>\n<li>Jednostka zewn\u0119trzna x1<\/li>\n<li>Metalowy wspornik x1<\/li>\n<li>Instrukcja obs\u0142ugi x1<\/li>\n<li>Karta gwarancyjna produktu x1<\/li>\n<li>\u015aruby x3<\/li>\n<\/ul>\n<p>Kup teraz i do\u015bwiadcz bezpiecze\u0144stwa u swoich drzwi dzi\u0119ki naszej cyfrowej kamerze z wizjerem. Idealny do \u015bledzenia go\u015bci i poprawy bezpiecze\u0144stwa w domu.<\/p>","protected":false},"excerpt":{"rendered":"<div class=\"react-scroll-to-bottom--css-ggpys-1n7m0yu\">\n<div class=\"flex flex-col text-sm pb-9\">\n<div class=\"w-full text-token-text-primary sm:AIPRM__conversation__response\" dir=\"auto\" data-testid=\"conversation-turn-3\">\n<div class=\"px-4 py-2 justify-center text-base md:gap-6 m-auto\">\n<div class=\"flex flex-1 text-base mx-auto gap-3 juice:gap-4 juice:md:gap-6 md:px-5 lg:px-1 xl:px-5 md:max-w-3xl lg:max-w-[40rem] xl:max-w-[48rem]\">\n<div class=\"relative flex w-full min-w-0 flex-col agent-turn\">\n<div class=\"flex-col gap-1 md:gap-3\">\n<div class=\"flex flex-grow flex-col max-w-full\">\n<div class=\"min-h-[20px] text-message flex flex-col items-start gap-3 whitespace-pre-wrap break-words [.text-message+&amp;]:mt-5 overflow-x-auto\" dir=\"auto\" data-message-author-role=\"assistant\" data-message-id=\"26f36af1-7fde-402a-979b-03d788aa3af1\">\n<div class=\"markdown prose w-full break-words dark:prose-invert light AIPRM__conversation__response\">\n<p><strong>Titth\u00e5lskamera med LCD Sk\u00e4rm \u2013 Digitalt D\u00f6rr\u00f6ga med Kamera<\/strong><\/p>\n<p>F\u00f6rb\u00e4ttra hemmas\u00e4kerheten med v\u00e5r digitala titth\u00e5lskamera. Denna enhet har en 2,8-tums LCD-sk\u00e4rm, kamera och infrar\u00f6da LED-lampor f\u00f6r nattseende. Enkel installation och fotofunktion g\u00f6r att du alltid vet vem som st\u00e5r vid d\u00f6rren.<\/p>\n<\/div>\n<\/div>\n<\/div>\n<\/div>\n<\/div>\n<\/div>\n<\/div>\n<\/div>\n<\/div>\n<\/div>\n","protected":false},"featured_media":137867,"template":"","meta":{"_acf_changed":false},"product_brand":[],"product_cat":[3371,3228],"product_tag":[4863],"class_list":{"0":"post-91829","1":"product","2":"type-product","3":"status-publish","4":"has-post-thumbnail","6":"product_cat-titthal-och-dorrogon","7":"product_cat-dorrklockor","8":"product_tag-pf","9":"tm-no-options","11":"first","12":"outofstock","13":"sale","14":"taxable","15":"shipping-taxable","16":"purchasable","17":"product-type-simple"},"acf":[],"_links":{"self":[{"href":"https:\/\/secureus.se\/pl\/wp-json\/wp\/v2\/product\/91829","targetHints":{"allow":["GET"]}}],"collection":[{"href":"https:\/\/secureus.se\/pl\/wp-json\/wp\/v2\/product"}],"about":[{"href":"https:\/\/secureus.se\/pl\/wp-json\/wp\/v2\/types\/product"}],"wp:featuredmedia":[{"embeddable":true,"href":"https:\/\/secureus.se\/pl\/wp-json\/wp\/v2\/media\/137867"}],"wp:attachment":[{"href":"https:\/\/secureus.se\/pl\/wp-json\/wp\/v2\/media?parent=91829"}],"wp:term":[{"taxonomy":"product_brand","embeddable":true,"href":"https:\/\/secureus.se\/pl\/wp-json\/wp\/v2\/product_brand?post=91829"},{"taxonomy":"product_cat","embeddable":true,"href":"https:\/\/secureus.se\/pl\/wp-json\/wp\/v2\/product_cat?post=91829"},{"taxonomy":"product_tag","embeddable":true,"href":"https:\/\/secureus.se\/pl\/wp-json\/wp\/v2\/product_tag?post=91829"}],"curies":[{"name":"wp","href":"https:\/\/api.w.org\/{rel}","templated":true}]}}