{"id":91877,"date":"2024-01-15T11:18:00","date_gmt":"2024-01-15T10:18:00","guid":{"rendered":"https:\/\/secureus.se\/eaton-1351-csa-adjustable-keeper-plate\/"},"modified":"2026-03-26T14:23:34","modified_gmt":"2026-03-26T13:23:34","slug":"eaton-1351-csa-adjustable-keeper-plate","status":"publish","type":"product","link":"https:\/\/secureus.se\/pl\/eaton-1351-csa-adjustable-keeper-plate\/","title":{"rendered":"P\u0142ytka magnetyczna uchwytu drzwi do Eaton 1351-CSA o \u015brednicy 55 mm, czarna"},"content":{"rendered":"<p>Eaton 1351-CSA Regulowana p\u0142ytka ustalaj\u0105ca do elektromagnetycznych uchwyt\u00f3w drzwiowych, \u015brednica 55 mm, czarna<\/p>","protected":false},"excerpt":{"rendered":"<p>Eaton 1351-CSA Regulowana p\u0142ytka ustalaj\u0105ca do elektromagnetycznych uchwyt\u00f3w drzwiowych, \u015brednica 55 mm, czarna<\/p>","protected":false},"featured_media":138603,"template":"","meta":{"_acf_changed":false},"product_brand":[],"product_cat":[1560],"product_tag":[],"class_list":{"0":"post-91877","1":"product","2":"type-product","3":"status-publish","4":"has-post-thumbnail","6":"product_cat-branddorrstangning","7":"product_shipping_class-tunga-paket","8":"pa_brands-eaton","9":"tm-no-options","11":"first","12":"instock","13":"sale","14":"taxable","15":"shipping-taxable","16":"purchasable","17":"product-type-simple"},"acf":[],"_links":{"self":[{"href":"https:\/\/secureus.se\/pl\/wp-json\/wp\/v2\/product\/91877","targetHints":{"allow":["GET"]}}],"collection":[{"href":"https:\/\/secureus.se\/pl\/wp-json\/wp\/v2\/product"}],"about":[{"href":"https:\/\/secureus.se\/pl\/wp-json\/wp\/v2\/types\/product"}],"wp:featuredmedia":[{"embeddable":true,"href":"https:\/\/secureus.se\/pl\/wp-json\/wp\/v2\/media\/138603"}],"wp:attachment":[{"href":"https:\/\/secureus.se\/pl\/wp-json\/wp\/v2\/media?parent=91877"}],"wp:term":[{"taxonomy":"product_brand","embeddable":true,"href":"https:\/\/secureus.se\/pl\/wp-json\/wp\/v2\/product_brand?post=91877"},{"taxonomy":"product_cat","embeddable":true,"href":"https:\/\/secureus.se\/pl\/wp-json\/wp\/v2\/product_cat?post=91877"},{"taxonomy":"product_tag","embeddable":true,"href":"https:\/\/secureus.se\/pl\/wp-json\/wp\/v2\/product_tag?post=91877"}],"curies":[{"name":"wp","href":"https:\/\/api.w.org\/{rel}","templated":true}]}}