{"id":91880,"date":"2024-01-15T11:17:55","date_gmt":"2024-01-15T10:17:55","guid":{"rendered":"https:\/\/secureus.se\/eaton-1340-d-fulleon-electromagnetic-door-release\/"},"modified":"2026-04-14T15:17:03","modified_gmt":"2026-04-14T13:17:03","slug":"eaton-1340-d-fulleon-electromagnetic-door-release","status":"publish","type":"product","link":"https:\/\/secureus.se\/pl\/eaton-1340-d-fulleon-electromagnetic-door-release\/","title":{"rendered":"Magnes do drzwi z kotw\u0105 Eaton 1340-D Fulleon 24V 100kg"},"content":{"rendered":"<p>Otwieracz drzwi elektromagnetyczny Eaton 1340-D Fulleon, 24 V, po\u0142\u0105czenie kablowe, 100 kg<\/p>\n<p>Eaton 1340 to kompaktowy elektromagnetyczny otwieracz drzwi do zastosowa\u0144 w s\u0142u\u017cbie zdrowia, handlu i edukacji. Prosta i kompaktowa konstrukcja zapewnia dobr\u0105 jako\u015b\u0107 w rozs\u0105dnej cenie. Oba modele posiadaj\u0105 wbudowan\u0105 spr\u0119\u017cyn\u0119 zwalniaj\u0105c\u0105, kt\u00f3ra zapewnia pokonanie resztkowych si\u0142 magnetycznych, gwarantuj\u0105c szybkie i niezawodne otwieranie drzwi. Wyposa\u017cony w podw\u00f3jn\u0105 diod\u0119 zabezpieczaj\u0105c\u0105 przed zak\u0142\u00f3ceniami i zamian\u0105 biegun\u00f3w. Wyposa\u017cony w p\u0142ytk\u0119 zabezpieczaj\u0105c\u0105.<\/p>","protected":false},"excerpt":{"rendered":"<ul>\n<li>Solidne magnetyczne uchwyty do drzwi.<\/li>\n<\/ul>\n<p>Otwieracz drzwi elektromagnetyczny Eaton 1340-D Fulleon, 24 V, po\u0142\u0105czenie kablowe, 100 kg<\/p>","protected":false},"featured_media":138468,"template":"","meta":{"_acf_changed":false},"product_brand":[],"product_cat":[1560],"product_tag":[],"class_list":{"0":"post-91880","1":"product","2":"type-product","3":"status-publish","4":"has-post-thumbnail","6":"product_cat-branddorrstangning","7":"product_shipping_class-tunga-paket","8":"pa_brands-eaton","9":"tm-no-options","11":"first","12":"instock","13":"taxable","14":"shipping-taxable","15":"purchasable","16":"product-type-simple"},"acf":[],"_links":{"self":[{"href":"https:\/\/secureus.se\/pl\/wp-json\/wp\/v2\/product\/91880","targetHints":{"allow":["GET"]}}],"collection":[{"href":"https:\/\/secureus.se\/pl\/wp-json\/wp\/v2\/product"}],"about":[{"href":"https:\/\/secureus.se\/pl\/wp-json\/wp\/v2\/types\/product"}],"wp:featuredmedia":[{"embeddable":true,"href":"https:\/\/secureus.se\/pl\/wp-json\/wp\/v2\/media\/138468"}],"wp:attachment":[{"href":"https:\/\/secureus.se\/pl\/wp-json\/wp\/v2\/media?parent=91880"}],"wp:term":[{"taxonomy":"product_brand","embeddable":true,"href":"https:\/\/secureus.se\/pl\/wp-json\/wp\/v2\/product_brand?post=91880"},{"taxonomy":"product_cat","embeddable":true,"href":"https:\/\/secureus.se\/pl\/wp-json\/wp\/v2\/product_cat?post=91880"},{"taxonomy":"product_tag","embeddable":true,"href":"https:\/\/secureus.se\/pl\/wp-json\/wp\/v2\/product_tag?post=91880"}],"curies":[{"name":"wp","href":"https:\/\/api.w.org\/{rel}","templated":true}]}}