{"id":92195,"date":"2024-06-04T14:33:34","date_gmt":"2024-06-04T12:33:34","guid":{"rendered":"https:\/\/secureus.se\/?post_type=product&#038;p=92195"},"modified":"2026-03-31T13:24:25","modified_gmt":"2026-03-31T11:24:25","slug":"assa-tagg-kombi-em4200-mifare1k-bla-anpassad-for-assa-passersystem","status":"publish","type":"product","link":"https:\/\/secureus.se\/pl\/assa-tagg-kombi-em4200-mifare1k-bla-anpassad-for-assa-passersystem\/","title":{"rendered":"Assa Tagg Kombi EM4200\/Mifare1k Blue Przystosowany do systemu Assa Passersystem"},"content":{"rendered":"<h1><strong>Assa Tagg Taca podaj\u0105ca Combi EM4200\/Mifare1k\u00a0<\/strong><\/h1>\n<p><strong>Nasz identyfikator dost\u0119pu Combi EM4200\/Mifare1k \u201eABS Plus\u201d zosta\u0142 stworzony, aby sprosta\u0107 najwy\u017cszym wymaganiom w zakresie bezpiecze\u0144stwa i identyfikacji.<\/strong><\/p>\n<ul>\n<li>Ta zawieszka przechodnia Combi EM4200\/Mifare1k jest dost\u0119pna w 6 kolorach w standardzie i zawsze w naszym magazynie z natychmiastow\u0105 dostaw\u0105<\/li>\n<li>Solidna konstrukcja z materia\u0142u ABS o cienkim profilu wynosz\u0105cym zaledwie 2,9 mm<\/li>\n<li>Taggar Kombi EM4200\/Mifare1k jest dostosowany do numer\u00f3w firmy Assa, kt\u00f3ra jest jednym z najwi\u0119kszych szwedzkich dostawc\u00f3w system\u00f3w bezpiecze\u0144stwa.<\/li>\n<\/ul>\n<p>Breloczki\/tagi RFID \u201eABS Plus\u201d sprzedawane s\u0105 w ponad 100 000 egzemplarzy i s\u0105 dost\u0119pne w 6 kolorach (czerwony, niebieski, bia\u0142y, czarny, zielony, \u017c\u00f3\u0142ty, pomara\u0144czowy) oraz z r\u00f3\u017cnymi chipami.<\/p>\n<p>Niezale\u017cnie od tego, czy potrzebujesz niezawodnego produktu do kontroli dost\u0119pu, zarz\u0105dzania go\u015b\u0107mi, rezerwacji, alarm\u00f3w, \u0142adowarek samochodowych, zarz\u0105dzania magazynem lub innych zastosowa\u0144, nasz \u201eABS Plus\u201d jest idealnym wyborem.<\/p>\n<p>Je\u015bli chcesz mie\u0107 w\u0142asne numery lub wygl\u0105d na swojej metce Assa, skontaktuj si\u0119 z nami, aby otrzyma\u0107 projekt ca\u0142kowicie bezp\u0142atnie.<b>\u00a0<\/b><\/p>","protected":false},"excerpt":{"rendered":"<p>Nasz najpopularniejszy znacznik dost\u0119pu RFID \u201eABS Plus\u201d \u2013 idealne rozwi\u0105zanie dla Twojego systemu kontroli dost\u0119pu \u2013 Assa<\/p>","protected":false},"featured_media":92188,"template":"","meta":{"_acf_changed":false},"product_brand":[],"product_cat":[3840],"product_tag":[],"class_list":{"0":"post-92195","1":"product","2":"type-product","3":"status-publish","4":"has-post-thumbnail","6":"product_cat-assa-abloy-taggar","7":"product_shipping_class-postnord-varubrev","8":"pa_brands-stonehouse-security","9":"pa_chip-teknik-kombi-em4200mifare1k-2","10":"pa_farg-bla-2","11":"pa_pro-larmsystem-assa-arx-solid-entro","12":"tm-no-options","14":"first","15":"instock","16":"featured","17":"taxable","18":"shipping-taxable","19":"purchasable","20":"product-type-simple"},"acf":[],"_links":{"self":[{"href":"https:\/\/secureus.se\/pl\/wp-json\/wp\/v2\/product\/92195","targetHints":{"allow":["GET"]}}],"collection":[{"href":"https:\/\/secureus.se\/pl\/wp-json\/wp\/v2\/product"}],"about":[{"href":"https:\/\/secureus.se\/pl\/wp-json\/wp\/v2\/types\/product"}],"wp:featuredmedia":[{"embeddable":true,"href":"https:\/\/secureus.se\/pl\/wp-json\/wp\/v2\/media\/92188"}],"wp:attachment":[{"href":"https:\/\/secureus.se\/pl\/wp-json\/wp\/v2\/media?parent=92195"}],"wp:term":[{"taxonomy":"product_brand","embeddable":true,"href":"https:\/\/secureus.se\/pl\/wp-json\/wp\/v2\/product_brand?post=92195"},{"taxonomy":"product_cat","embeddable":true,"href":"https:\/\/secureus.se\/pl\/wp-json\/wp\/v2\/product_cat?post=92195"},{"taxonomy":"product_tag","embeddable":true,"href":"https:\/\/secureus.se\/pl\/wp-json\/wp\/v2\/product_tag?post=92195"}],"curies":[{"name":"wp","href":"https:\/\/api.w.org\/{rel}","templated":true}]}}