{"id":92222,"date":"2024-06-04T14:54:36","date_gmt":"2024-06-04T12:54:36","guid":{"rendered":"https:\/\/secureus.se\/?post_type=product&#038;p=92222"},"modified":"2026-03-31T13:24:41","modified_gmt":"2026-03-31T11:24:41","slug":"axema-vaka-tagg-kombi-em4200-mifare1k-gul-anpassad-for-axema-vaka-passersystem","status":"publish","type":"product","link":"https:\/\/secureus.se\/pl\/axema-vaka-tagg-kombi-em4200-mifare1k-gul-anpassad-for-axema-vaka-passersystem\/","title":{"rendered":"Axema Tagg Combi EM4200\/Mifare1k \u017b\u00f3\u0142ty Przystosowany do systemu dost\u0119pu Axema Vaka"},"content":{"rendered":"<h1><strong>Taca podaj\u0105ca Axema Vaka Tag Combi EM4200\/Mifare1k\u00a0<\/strong><\/h1>\n<p><strong>Nasz identyfikator dost\u0119pu Combi EM4200\/Mifare1k \u201eABS Plus\u201d zosta\u0142 stworzony, aby sprosta\u0107 najwy\u017cszym wymaganiom w zakresie bezpiecze\u0144stwa i identyfikacji.<\/strong><\/p>\n<ul>\n<li>Ta zawieszka przechodnia Combi EM4200\/Mifare1k jest dost\u0119pna w 6 kolorach w standardzie i zawsze w naszym magazynie z natychmiastow\u0105 dostaw\u0105<\/li>\n<li>Solidna konstrukcja z materia\u0142u ABS o cienkim profilu wynosz\u0105cym zaledwie 2,9 mm<\/li>\n<li>Taggar Kombi EM4200\/Mifare1k jest wyposa\u017cony w numery dla firmy Axema Vaka, jednego z najwi\u0119kszych szwedzkich dostawc\u00f3w system\u00f3w bezpiecze\u0144stwa.<\/li>\n<\/ul>\n<p>Breloczki\/tagi RFID \u201eABS Plus\u201d sprzedawane s\u0105 w ponad 100 000 egzemplarzy i s\u0105 dost\u0119pne w 6 kolorach (czerwony, niebieski, bia\u0142y, czarny, zielony, \u017c\u00f3\u0142ty, pomara\u0144czowy) oraz z r\u00f3\u017cnymi chipami.<\/p>\n<p>Niezale\u017cnie od tego, czy potrzebujesz niezawodnego produktu do system\u00f3w dost\u0119pu, system\u00f3w dla go\u015bci, rezerwacji, alarm\u00f3w, \u0142adowarek samochodowych, zarz\u0105dzania magazynem czy innych zastosowa\u0144, nasz \u201eABS Plus\u201d jest idealnym wyborem.<\/p>\n<p>Je\u015bli chcesz mie\u0107 w\u0142asne numery lub wygl\u0105d na swojej metce Axema Vaka, skontaktuj si\u0119 z nami, aby uzyska\u0107 ca\u0142kowicie bezp\u0142atny projekt.<b>\u00a0<\/b><\/p>","protected":false},"excerpt":{"rendered":"<p>Nasz najpopularniejszy znacznik dost\u0119pu RFID \u201eABS Plus\u201d \u2013 idealne rozwi\u0105zanie dla Twojego systemu kontroli dost\u0119pu \u2013 Axema Vaka<\/p>","protected":false},"featured_media":92218,"template":"","meta":{"_acf_changed":false},"product_brand":[],"product_cat":[3842],"product_tag":[],"class_list":{"0":"post-92222","1":"product","2":"type-product","3":"status-publish","4":"has-post-thumbnail","6":"product_cat-axema-vaka-taggar","7":"product_shipping_class-postnord-varubrev","8":"pa_brands-stonehouse-security","9":"pa_chip-teknik-kombi-em4200mifare1k-2","10":"pa_farg-gul-2","11":"pa_pro-larmsystem-axema-vaka-2","12":"tm-no-options","14":"first","15":"instock","16":"featured","17":"taxable","18":"shipping-taxable","19":"purchasable","20":"product-type-simple"},"acf":[],"_links":{"self":[{"href":"https:\/\/secureus.se\/pl\/wp-json\/wp\/v2\/product\/92222","targetHints":{"allow":["GET"]}}],"collection":[{"href":"https:\/\/secureus.se\/pl\/wp-json\/wp\/v2\/product"}],"about":[{"href":"https:\/\/secureus.se\/pl\/wp-json\/wp\/v2\/types\/product"}],"wp:featuredmedia":[{"embeddable":true,"href":"https:\/\/secureus.se\/pl\/wp-json\/wp\/v2\/media\/92218"}],"wp:attachment":[{"href":"https:\/\/secureus.se\/pl\/wp-json\/wp\/v2\/media?parent=92222"}],"wp:term":[{"taxonomy":"product_brand","embeddable":true,"href":"https:\/\/secureus.se\/pl\/wp-json\/wp\/v2\/product_brand?post=92222"},{"taxonomy":"product_cat","embeddable":true,"href":"https:\/\/secureus.se\/pl\/wp-json\/wp\/v2\/product_cat?post=92222"},{"taxonomy":"product_tag","embeddable":true,"href":"https:\/\/secureus.se\/pl\/wp-json\/wp\/v2\/product_tag?post=92222"}],"curies":[{"name":"wp","href":"https:\/\/api.w.org\/{rel}","templated":true}]}}