{"id":92259,"date":"2024-06-05T11:03:52","date_gmt":"2024-06-05T09:03:52","guid":{"rendered":"https:\/\/secureus.se\/?post_type=product&#038;p=92259"},"modified":"2026-03-31T13:25:05","modified_gmt":"2026-03-31T11:25:05","slug":"vanderbilt-omnis-tagg-mifare1k-gron-anpassad-for-vanderbilt-omnis-passersystem","status":"publish","type":"product","link":"https:\/\/secureus.se\/pl\/vanderbilt-omnis-tagg-mifare1k-gron-anpassad-for-vanderbilt-omnis-passersystem\/","title":{"rendered":"Vanderbilt Omnis Tag Mifare1k Green Dostosowany do systemu Vanderbilt Omnis Passer"},"content":{"rendered":"<h1><strong>Identyfikator przechodnia tagu Vanderbilt Omnis Mifare1k\u00a0<\/strong><\/h1>\n<p><strong>Nasza karta dost\u0119powa Mifare1k \u201eABS Plus\u201d zosta\u0142a zaprojektowana tak, aby sprosta\u0107 najwy\u017cszym wymaganiom w zakresie bezpiecze\u0144stwa i identyfikacji.<\/strong><\/p>\n<ul>\n<li>Ten Passerbrick Mifare1k jest dost\u0119pny standardowo w 6 kolorach i zawsze w naszym magazynie z natychmiastow\u0105 dostaw\u0105<\/li>\n<li>Solidna konstrukcja z materia\u0142u ABS o cienkim profilu wynosz\u0105cym zaledwie 2,9 mm<\/li>\n<li>Tagi Mifare1k jest spersonalizowany za pomoc\u0105 numer\u00f3w dla Vanderbilt Omnis, jednego z najwi\u0119kszych szwedzkich dostawc\u00f3w system\u00f3w bezpiecze\u0144stwa.<\/li>\n<\/ul>\n<p>Breloczki\/tagi RFID \u201eABS Plus\u201d sprzedawane s\u0105 w ponad 100 000 egzemplarzy i s\u0105 dost\u0119pne w 6 kolorach (czerwony, niebieski, bia\u0142y, czarny, zielony, \u017c\u00f3\u0142ty, pomara\u0144czowy) oraz z r\u00f3\u017cnymi chipami.<\/p>\n<p>Niezale\u017cnie od tego, czy potrzebujesz niezawodnego produktu do system\u00f3w dost\u0119pu, system\u00f3w dla go\u015bci, rezerwacji, alarm\u00f3w, \u0142adowarek samochodowych, zarz\u0105dzania magazynem czy innych zastosowa\u0144, nasz \u201eABS Plus\u201d jest idealnym wyborem.<\/p>\n<p>Je\u015bli chcesz mie\u0107 w\u0142asne numery lub spojrze\u0107 na etykiet\u0119 Vanderbilt Omni, skontaktuj si\u0119 z nami, aby uzyska\u0107 bezp\u0142atny projekt.<b>\u00a0<\/b><\/p>","protected":false},"excerpt":{"rendered":"<p>Nasz najpopularniejszy znacznik dost\u0119pu RFID \u201eABS Plus\u201d \u2013 idealne rozwi\u0105zanie dla Twojego systemu kontroli dost\u0119pu \u2013 Vanderbilt Omnis<\/p>","protected":false},"featured_media":92102,"template":"","meta":{"_acf_changed":false},"product_brand":[],"product_cat":[3845],"product_tag":[],"class_list":{"0":"post-92259","1":"product","2":"type-product","3":"status-publish","4":"has-post-thumbnail","6":"product_cat-vanderbilt-omnis-taggar","7":"product_shipping_class-postnord-varubrev","8":"pa_brands-stonehouse-security","9":"pa_chip-teknik-mifare1k-2","10":"pa_farg-gron-2","11":"pa_pro-larmsystem-vanderbilt-bewator-omnis-bewator-2010-13-siffror-2","12":"tm-no-options","14":"first","15":"instock","16":"featured","17":"taxable","18":"shipping-taxable","19":"purchasable","20":"product-type-simple"},"acf":[],"_links":{"self":[{"href":"https:\/\/secureus.se\/pl\/wp-json\/wp\/v2\/product\/92259","targetHints":{"allow":["GET"]}}],"collection":[{"href":"https:\/\/secureus.se\/pl\/wp-json\/wp\/v2\/product"}],"about":[{"href":"https:\/\/secureus.se\/pl\/wp-json\/wp\/v2\/types\/product"}],"wp:featuredmedia":[{"embeddable":true,"href":"https:\/\/secureus.se\/pl\/wp-json\/wp\/v2\/media\/92102"}],"wp:attachment":[{"href":"https:\/\/secureus.se\/pl\/wp-json\/wp\/v2\/media?parent=92259"}],"wp:term":[{"taxonomy":"product_brand","embeddable":true,"href":"https:\/\/secureus.se\/pl\/wp-json\/wp\/v2\/product_brand?post=92259"},{"taxonomy":"product_cat","embeddable":true,"href":"https:\/\/secureus.se\/pl\/wp-json\/wp\/v2\/product_cat?post=92259"},{"taxonomy":"product_tag","embeddable":true,"href":"https:\/\/secureus.se\/pl\/wp-json\/wp\/v2\/product_tag?post=92259"}],"curies":[{"name":"wp","href":"https:\/\/api.w.org\/{rel}","templated":true}]}}