{"id":92671,"date":"2024-06-12T13:12:56","date_gmt":"2024-06-12T11:12:56","guid":{"rendered":"https:\/\/secureus.se\/?post_type=product&#038;p=92671"},"modified":"2026-03-26T12:27:58","modified_gmt":"2026-03-26T11:27:58","slug":"provkit-solo-2-27-m-provning-rok","status":"publish","type":"product","link":"https:\/\/secureus.se\/pl\/provkit-solo-2-27-m-provning-rok\/","title":{"rendered":"Zestaw testowy Solo 2 - 2,7 m - Testowanie dymu"},"content":{"rendered":"<h1>Zestaw testowy Solo 2 - 2,7 m - Testowanie dymu<\/h1>\n<h3 data-start=\"284\" data-end=\"325\">Skuteczny zestaw testowy do czujnik\u00f3w dymu<\/h3>\n<p data-start=\"326\" data-end=\"557\">Solo 2 to por\u0119czny zestaw testowy umo\u017cliwiaj\u0105cy sprawdzenie dzia\u0142ania czujnik\u00f3w dymu w instalacjach po\u0142o\u017conych ni\u017cej, do oko\u0142o 2,7 m.<\/p>\n<p data-start=\"326\" data-end=\"557\">Zestaw jest kompaktowy i \u0142atwy w obs\u0142udze, a przy tym pozwala uzyska\u0107 profesjonalne rezultaty przy u\u017cyciu minimalnej ilo\u015bci sprz\u0119tu.<\/p>\n<h3 data-start=\"559\" data-end=\"582\">Zawarto\u015b\u0107 Solo 2<\/h3>\n<ul data-start=\"583\" data-end=\"972\">\n<li data-start=\"583\" data-end=\"690\">\n<p data-start=\"585\" data-end=\"690\"><strong data-start=\"585\" data-end=\"613\">Tester detektor\u00f3w Solo 330<\/strong> \u2013 do czujnik\u00f3w dymu i czujnik\u00f3w tlenku w\u0119gla, stosowany z butlami z gazem testowym Solo A5.<\/p>\n<\/li>\n<li data-start=\"691\" data-end=\"908\">\n<p data-start=\"693\" data-end=\"908\"><strong data-start=\"693\" data-end=\"723\">Przed\u0142u\u017cacz Solo 101<\/strong> \u2013 1,13 m, wykonany z w\u0142\u00f3kna szklanego, nieprzewodz\u0105cy pr\u0105du.<\/p>\n<\/li>\n<li data-start=\"691\" data-end=\"908\">\n<p data-start=\"693\" data-end=\"908\">Mo\u017cna go po\u0142\u0105czy\u0107 z 1\u20133 Solo 101 lub po\u0142\u0105czy\u0107 z Solo 108\/Solo 100 w celu uzyskania wi\u0119kszego zasi\u0119gu do 7,3 m lub 9,3 m.<\/p>\n<\/li>\n<li data-start=\"909\" data-end=\"972\">\n<p data-start=\"911\" data-end=\"972\"><strong data-start=\"911\" data-end=\"940\">1 \u00d7 butla z gazem testowym Solo A5<\/strong> \u2013 wystarczy na oko\u0142o 400 pr\u00f3bek.<\/p>\n<\/li>\n<\/ul>\n<h3 data-start=\"974\" data-end=\"1006\">\u0141atwe i bezpieczne u\u017cytkowanie<\/h3>\n<ol data-start=\"1007\" data-end=\"1272\">\n<li data-start=\"1007\" data-end=\"1064\">\n<p data-start=\"1010\" data-end=\"1064\">Wstrz\u0105\u015bnij butl\u0105 z gazem testowym Solo A5 i zamontuj j\u0105 w Solo 330.<\/p>\n<\/li>\n<li data-start=\"1065\" data-end=\"1109\">\n<p data-start=\"1068\" data-end=\"1109\">Zakr\u0119\u0107 pojemnik i obr\u00f3\u0107 go o \u00bc obrotu.<\/p>\n<\/li>\n<li data-start=\"1110\" data-end=\"1192\">\n<p data-start=\"1113\" data-end=\"1192\">Umie\u015b\u0107 kubek wok\u00f3\u0142 detektora, lekko doci\u015bnij do sufitu i pozw\u00f3l, aby gaz wyp\u0142yn\u0105\u0142.<\/p>\n<\/li>\n<li data-start=\"1193\" data-end=\"1272\">\n<p data-start=\"1196\" data-end=\"1272\">Odczekaj oko\u0142o 10 sekund, a\u017c detektor uruchomi alarm. W razie potrzeby powt\u00f3rz kr\u00f3tki test.<\/p>\n<\/li>\n<\/ol>\n<h3 data-start=\"1274\" data-end=\"1299\">Zalety Solo 2<\/h3>\n<ul data-start=\"1300\" data-end=\"1531\">\n<li data-start=\"1300\" data-end=\"1337\">\n<p data-start=\"1302\" data-end=\"1337\">Kompaktowy i \u0142atwy w transporcie<\/p>\n<\/li>\n<li data-start=\"1338\" data-end=\"1409\">\n<p data-start=\"1340\" data-end=\"1409\">Zasi\u0119g do 2,7 m, mo\u017cliwo\u015b\u0107 rozszerzenia za pomoc\u0105 wi\u0119kszej liczby przed\u0142u\u017cek<\/p>\n<\/li>\n<li data-start=\"1410\" data-end=\"1455\">\n<p data-start=\"1412\" data-end=\"1455\">Prosty monta\u017c testera na dr\u0105\u017cku testowym<\/p>\n<\/li>\n<li data-start=\"1456\" data-end=\"1531\">\n<p data-start=\"1458\" data-end=\"1531\">Bezpieczne i profesjonalne testowanie wi\u0119kszo\u015bci marek czujnik\u00f3w dymu<\/p>\n<\/li>\n<\/ul>\n<h3 data-start=\"1533\" data-end=\"1563\">Specyfikacje techniczne<\/h3>\n<ul data-start=\"1564\" data-end=\"1816\">\n<li data-start=\"1564\" data-end=\"1626\">\n<p data-start=\"1566\" data-end=\"1626\">Wysoko\u015b\u0107 testowania: do 2,7 m (mo\u017cliwo\u015b\u0107 rozszerzenia o wi\u0119cej dr\u0105\u017ck\u00f3w)<\/p>\n<\/li>\n<li data-start=\"1627\" data-end=\"1672\">\n<p data-start=\"1629\" data-end=\"1672\">Zawarto\u015b\u0107: Solo 330, Solo 101, 1 \u00d7 Solo A5<\/p>\n<\/li>\n<li data-start=\"1673\" data-end=\"1727\">\n<p data-start=\"1675\" data-end=\"1727\">Materia\u0142 pr\u0119ta: W\u0142\u00f3kno szklane, nieprzewodz\u0105ce<\/p>\n<\/li>\n<li data-start=\"1728\" data-end=\"1768\">\n<p data-start=\"1730\" data-end=\"1768\">Pojemno\u015b\u0107 butli z gazem testowym: ok. 400 pr\u00f3bek<\/p>\n<\/li>\n<li data-start=\"1769\" data-end=\"1816\">\n<p data-start=\"1771\" data-end=\"1816\">Kompatybilny z: testerami Solo i Testifire<\/p>\n<\/li>\n<\/ul>","protected":false},"excerpt":{"rendered":"<p>Zestaw testowy Solo 2 to kompaktowy zestaw do testowania czujnik\u00f3w dymu do oko\u0142o 2,7 m. Zawiera dr\u0105\u017cek przed\u0142u\u017caj\u0105cy Solo 101, tester czujnik\u00f3w Solo 330 i 1 butl\u0119 z gazem testowym Solo A5.<\/p>\n<p>Idealne do prostszych instalacji i mniejszych wysoko\u015bci.<\/p>","protected":false},"featured_media":137668,"template":"","meta":{"_acf_changed":false},"product_brand":[],"product_cat":[3849,2945],"product_tag":[],"class_list":{"0":"post-92671","1":"product","2":"type-product","3":"status-publish","4":"has-post-thumbnail","6":"product_cat-solo-kit","7":"product_cat-solo","8":"product_shipping_class-tunga-paket","9":"tm-no-options","11":"first","12":"onbackorder","13":"taxable","14":"shipping-taxable","15":"purchasable","16":"product-type-simple"},"acf":[],"_links":{"self":[{"href":"https:\/\/secureus.se\/pl\/wp-json\/wp\/v2\/product\/92671","targetHints":{"allow":["GET"]}}],"collection":[{"href":"https:\/\/secureus.se\/pl\/wp-json\/wp\/v2\/product"}],"about":[{"href":"https:\/\/secureus.se\/pl\/wp-json\/wp\/v2\/types\/product"}],"wp:featuredmedia":[{"embeddable":true,"href":"https:\/\/secureus.se\/pl\/wp-json\/wp\/v2\/media\/137668"}],"wp:attachment":[{"href":"https:\/\/secureus.se\/pl\/wp-json\/wp\/v2\/media?parent=92671"}],"wp:term":[{"taxonomy":"product_brand","embeddable":true,"href":"https:\/\/secureus.se\/pl\/wp-json\/wp\/v2\/product_brand?post=92671"},{"taxonomy":"product_cat","embeddable":true,"href":"https:\/\/secureus.se\/pl\/wp-json\/wp\/v2\/product_cat?post=92671"},{"taxonomy":"product_tag","embeddable":true,"href":"https:\/\/secureus.se\/pl\/wp-json\/wp\/v2\/product_tag?post=92671"}],"curies":[{"name":"wp","href":"https:\/\/api.w.org\/{rel}","templated":true}]}}