{"id":92673,"date":"2024-06-12T13:12:50","date_gmt":"2024-06-12T11:12:50","guid":{"rendered":"https:\/\/secureus.se\/provkit-solo-3-4-m-provning-rok-roka-webbutik\/"},"modified":"2026-04-23T12:46:14","modified_gmt":"2026-04-23T10:46:14","slug":"provkit-solo-3-4-m-provning-rok","status":"publish","type":"product","link":"https:\/\/secureus.se\/pl\/provkit-solo-3-4-m-provning-rok\/","title":{"rendered":"Zestaw testowy Solo 3 \u2013 4 m \u2013 Testowanie dymu"},"content":{"rendered":"<h1>Zestaw testowy Solo 3 \u2013 4 m \u2013 Testowanie dymu<\/h1>\n<h3 data-start=\"303\" data-end=\"347\">Zestaw testowy do czujek dymu do 4 m<\/h3>\n<p data-start=\"348\" data-end=\"589\">Urz\u0105dzenie Solo 3 przeznaczone jest do \u0142atwego i bezpiecznego testowania czujnik\u00f3w dymu w automatycznych systemach alarmowych przeciwpo\u017carowych na mniejszych wysoko\u015bciach.<\/p>\n<p data-start=\"348\" data-end=\"589\">Zestaw sk\u0142ada si\u0119 z teleskopowego dr\u0105\u017cka, testera detektora i butli z gazem testowym, dzi\u0119ki czemu jest \u0142atwy w u\u017cyciu i transporcie.<\/p>\n<h3 data-start=\"591\" data-end=\"614\">Zawarto\u015b\u0107 Solo 3<\/h3>\n<ul data-start=\"615\" data-end=\"934\">\n<li data-start=\"615\" data-end=\"724\">\n<p data-start=\"617\" data-end=\"724\"><strong data-start=\"617\" data-end=\"645\">Tester detektor\u00f3w Solo 330<\/strong> \u2013 do czujnik\u00f3w dymu i tlenku w\u0119gla, do stosowania wy\u0142\u0105cznie z Solo A5 i Solo C3.<\/p>\n<\/li>\n<li data-start=\"725\" data-end=\"847\">\n<p data-start=\"727\" data-end=\"847\"><strong data-start=\"727\" data-end=\"753\">Kij teleskopowy Solo 108<\/strong> \u2013 2,5 m, w\u0142\u00f3kno szklane, lekkie i sztywne, mo\u017cna \u0142\u0105czy\u0107 z przed\u0142u\u017caczami Solo 101 w celu uzyskania wi\u0119kszych wysoko\u015bci.<\/p>\n<\/li>\n<li data-start=\"848\" data-end=\"934\">\n<p data-start=\"850\" data-end=\"934\"><strong data-start=\"850\" data-end=\"880\">3 \u00d7 butle z gazem testowym Solo A5<\/strong> \u2013 test dymowy, wystarcza na ok. 400 test\u00f3w na butelk\u0119.<\/p>\n<\/li>\n<\/ul>\n<h3 data-start=\"936\" data-end=\"968\">\u0141atwe i bezpieczne u\u017cytkowanie<\/h3>\n<ol data-start=\"969\" data-end=\"1249\">\n<li data-start=\"969\" data-end=\"1019\">\n<p data-start=\"972\" data-end=\"1019\">Zamontuj Solo 330 na Solo 108, aby uzyska\u0107 po\u017c\u0105dan\u0105 wysoko\u015b\u0107.<\/p>\n<\/li>\n<li data-start=\"1020\" data-end=\"1081\">\n<p data-start=\"1023\" data-end=\"1081\">Wstrz\u0105\u015bnij butl\u0105 z gazem testowym Solo A5 i umie\u015b\u0107 j\u0105 w testerze.<\/p>\n<\/li>\n<li data-start=\"1082\" data-end=\"1180\">\n<p data-start=\"1085\" data-end=\"1180\">Umie\u015b\u0107 kubek wok\u00f3\u0142 detektora, lekko doci\u015bnij do sufitu i pozw\u00f3l, aby gaz wyp\u0142ywa\u0142 przez oko\u0142o 1 sekund\u0119.<\/p>\n<\/li>\n<li data-start=\"1181\" data-end=\"1249\">\n<p data-start=\"1184\" data-end=\"1249\">Odczekaj oko\u0142o 10 sekund, a\u017c detektor uruchomi alarm; w razie potrzeby powt\u00f3rz czynno\u015b\u0107.<\/p>\n<\/li>\n<\/ol>\n<h3 data-start=\"1251\" data-end=\"1276\">Zalety Solo 3<\/h3>\n<ul data-start=\"1277\" data-end=\"1477\">\n<li data-start=\"1277\" data-end=\"1302\">\n<p data-start=\"1279\" data-end=\"1302\">Zasi\u0119g do 4 m<\/p>\n<\/li>\n<li data-start=\"1303\" data-end=\"1341\">\n<p data-start=\"1305\" data-end=\"1341\">Testuje zar\u00f3wno czujniki dymu, jak i tlenku w\u0119gla<\/p>\n<\/li>\n<li data-start=\"1342\" data-end=\"1374\">\n<p data-start=\"1344\" data-end=\"1374\">Kompaktowy i \u0142atwy w obs\u0142udze<\/p>\n<\/li>\n<li data-start=\"1375\" data-end=\"1420\">\n<p data-start=\"1377\" data-end=\"1420\">\u0141atwy monta\u017c i u\u017cytkowanie testera<\/p>\n<\/li>\n<li data-start=\"1421\" data-end=\"1477\">\n<p data-start=\"1423\" data-end=\"1477\">Butelki z gazem testowym wystarczaj\u0105 na oko\u0142o 400 pr\u00f3bek na butelk\u0119<\/p>\n<\/li>\n<\/ul>\n<h3 data-start=\"1479\" data-end=\"1509\">Specyfikacje techniczne<\/h3>\n<ul data-start=\"1510\" data-end=\"1738\">\n<li data-start=\"1510\" data-end=\"1541\">\n<p data-start=\"1512\" data-end=\"1541\">Wysoko\u015b\u0107 testowania: do 4 m<\/p>\n<\/li>\n<li data-start=\"1542\" data-end=\"1587\">\n<p data-start=\"1544\" data-end=\"1587\">Zawarto\u015b\u0107: Solo 330, Solo 108, 3 \u00d7 Solo A5<\/p>\n<\/li>\n<li data-start=\"1588\" data-end=\"1642\">\n<p data-start=\"1590\" data-end=\"1642\">Materia\u0142 pr\u0119ta: W\u0142\u00f3kno szklane, nieprzewodz\u0105ce<\/p>\n<\/li>\n<li data-start=\"1643\" data-end=\"1690\">\n<p data-start=\"1645\" data-end=\"1690\">Pojemno\u015b\u0107 butli z gazem testowym: ok. 400 pr\u00f3bek\/butelk\u0119<\/p>\n<\/li>\n<li data-start=\"1691\" data-end=\"1738\">\n<p data-start=\"1693\" data-end=\"1738\">Kompatybilny z: testerami Solo i Testifire<\/p>\n<\/li>\n<\/ul>","protected":false},"excerpt":{"rendered":"<p>Zestaw testowy Solo 3 to kompaktowy zestaw do testowania czujnik\u00f3w dymu w odleg\u0142o\u015bci do oko\u0142o 4 m.<\/p>\n<p>Zawiera teleskopowy dr\u0105\u017cek Solo 108, tester detektora Solo 330 i 3 butle z gazem testowym Solo A5 (dawniej Solo A3).<\/p>\n<p>Doskonale nadaje si\u0119 do miesi\u0119cznych i kwartalnych test\u00f3w na ma\u0142ych wysoko\u015bciach.<\/p>","protected":false},"featured_media":137525,"template":"","meta":{"_acf_changed":false},"product_brand":[],"product_cat":[3849,2945],"product_tag":[],"class_list":{"0":"post-92673","1":"product","2":"type-product","3":"status-publish","4":"has-post-thumbnail","6":"product_cat-solo-kit","7":"product_cat-solo","8":"product_shipping_class-tunga-paket","9":"tm-no-options","11":"first","12":"instock","13":"taxable","14":"shipping-taxable","15":"purchasable","16":"product-type-simple"},"acf":[],"_links":{"self":[{"href":"https:\/\/secureus.se\/pl\/wp-json\/wp\/v2\/product\/92673","targetHints":{"allow":["GET"]}}],"collection":[{"href":"https:\/\/secureus.se\/pl\/wp-json\/wp\/v2\/product"}],"about":[{"href":"https:\/\/secureus.se\/pl\/wp-json\/wp\/v2\/types\/product"}],"wp:featuredmedia":[{"embeddable":true,"href":"https:\/\/secureus.se\/pl\/wp-json\/wp\/v2\/media\/137525"}],"wp:attachment":[{"href":"https:\/\/secureus.se\/pl\/wp-json\/wp\/v2\/media?parent=92673"}],"wp:term":[{"taxonomy":"product_brand","embeddable":true,"href":"https:\/\/secureus.se\/pl\/wp-json\/wp\/v2\/product_brand?post=92673"},{"taxonomy":"product_cat","embeddable":true,"href":"https:\/\/secureus.se\/pl\/wp-json\/wp\/v2\/product_cat?post=92673"},{"taxonomy":"product_tag","embeddable":true,"href":"https:\/\/secureus.se\/pl\/wp-json\/wp\/v2\/product_tag?post=92673"}],"curies":[{"name":"wp","href":"https:\/\/api.w.org\/{rel}","templated":true}]}}