{"id":92677,"date":"2024-06-12T13:13:01","date_gmt":"2024-06-12T11:13:01","guid":{"rendered":"https:\/\/secureus.se\/provkit-solo-5-6-m-provning-rok\/"},"modified":"2026-04-08T16:06:35","modified_gmt":"2026-04-08T14:06:35","slug":"provkit-solo-5-6-m-provning-rok","status":"publish","type":"product","link":"https:\/\/secureus.se\/pl\/provkit-solo-5-6-m-provning-rok\/","title":{"rendered":"Zestaw testowy Solo 5 \u2013 6 m \u2013 Testowanie dymu"},"content":{"rendered":"<h1>Zestaw testowy Solo 5 \u2013 6 m \u2013 Testowanie dymu<\/h1>\n<h3 data-start=\"305\" data-end=\"358\">Kompletny zestaw testowy do czujek dymu do 6 m<\/h3>\n<p data-start=\"359\" data-end=\"687\">Solo 5 to kompletny zestaw testowy sk\u0142adaj\u0105cy si\u0119 z teleskopowego dr\u0105\u017cka Solo 100, uchwytu na gaz testowy Solo 330 i trzech butli z gazem testowym Solo A5 (dawniej Solo A3) umo\u017cliwiaj\u0105cy efektywne testowanie czujnik\u00f3w dymu.<\/p>\n<p data-start=\"359\" data-end=\"687\">Zestaw jest przystosowany do miesi\u0119cznych i kwartalnych test\u00f3w system\u00f3w sygnalizacji po\u017carowej, umo\u017cliwiaj\u0105c \u0142atwe wykonywanie test\u00f3w na sufitach o \u015bredniej wysoko\u015bci bez konieczno\u015bci u\u017cycia drabiny.<\/p>\n<h3 data-start=\"689\" data-end=\"717\">Kij teleskopowy Solo 100<\/h3>\n<p data-start=\"718\" data-end=\"994\">Wykonany z lekkiego i sztywnego w\u0142\u00f3kna szklanego, nie przewodzi pr\u0105du elektrycznego, co zapewnia dobr\u0105 stabilno\u015b\u0107 przy testowaniu na du\u017cych wysoko\u015bciach.<\/p>\n<p data-start=\"718\" data-end=\"994\">Teleskopowy dr\u0105\u017cek mo\u017cna \u0142\u0105czy\u0107 z 1\u20133 urz\u0105dzeniami Solo 101, co pozwala na uzyskanie ca\u0142kowitej wysoko\u015bci testowania wynosz\u0105cej do oko\u0142o 9,3 m. Pasuje do tester\u00f3w Solo i Testifire oraz downrigger\u00f3w.<\/p>\n<h3 data-start=\"996\" data-end=\"1025\">Pojemnik na gaz testowy Solo 330<\/h3>\n<p data-start=\"1026\" data-end=\"1404\">Urz\u0105dzenie Solo 330 s\u0142u\u017cy do kontroli funkcjonalno\u015bci czujnik\u00f3w dymu i tlenku w\u0119gla o \u015brednicy do 100 mm.<\/p>\n<p data-start=\"1026\" data-end=\"1404\">Dzi\u0119ki obrotowej misce mo\u017cliwe jest testowanie czujek, kt\u00f3re nie s\u0105 ustawione prostopadle do pod\u0142ogi lub do kt\u00f3rych trudno dotrze\u0107 bezpo\u015brednio od do\u0142u.<\/p>\n<p data-start=\"1026\" data-end=\"1404\">Butle z gazem testowym Solo A5 wytwarzaj\u0105 realistyczny dym, kt\u00f3ry aktywuje zar\u00f3wno optyczne, jak i jonizacyjne czujniki dymu.<\/p>\n<p data-start=\"1026\" data-end=\"1404\">Jedno opakowanie wystarcza na oko\u0142o 400 test\u00f3w.<\/p>\n<h3 data-start=\"1406\" data-end=\"1428\">\u0141atwy w u\u017cyciu<\/h3>\n<ol data-start=\"1429\" data-end=\"1793\">\n<li data-start=\"1429\" data-end=\"1487\">\n<p data-start=\"1432\" data-end=\"1487\">Dobrze wstrz\u0105\u015bnij butelk\u0105 Solo A5 i zamontuj j\u0105 w testerze.<\/p>\n<\/li>\n<li data-start=\"1488\" data-end=\"1536\">\n<p data-start=\"1491\" data-end=\"1536\">Zakr\u0119\u0107 pojemnik z powrotem i obr\u00f3\u0107 go o \u00bc obrotu.<\/p>\n<\/li>\n<li data-start=\"1537\" data-end=\"1634\">\n<p data-start=\"1540\" data-end=\"1634\">Umie\u015b\u0107 kubek wok\u00f3\u0142 detektora, lekko doci\u015bnij do sufitu i pozw\u00f3l, aby gaz wyp\u0142yn\u0105\u0142 przez 1 sekund\u0119.<\/p>\n<\/li>\n<li data-start=\"1635\" data-end=\"1717\">\n<p data-start=\"1638\" data-end=\"1717\">Odczekaj oko\u0142o 10 sekund, a\u017c detektor uruchomi alarm. W razie potrzeby powt\u00f3rz kr\u00f3tki test.<\/p>\n<\/li>\n<li data-start=\"1718\" data-end=\"1793\">\n<p data-start=\"1721\" data-end=\"1793\">Gaz szybko odparowuje, co pozwala na szybkie zresetowanie detektora.<\/p>\n<\/li>\n<\/ol>\n<h3 data-start=\"1795\" data-end=\"1820\">Zalety Solo 5<\/h3>\n<ul data-start=\"1821\" data-end=\"2144\">\n<li data-start=\"1821\" data-end=\"1875\">\n<p data-start=\"1823\" data-end=\"1875\">Kompletny zestaw z 3 butlami z gazem testowym do wielu test\u00f3w<\/p>\n<\/li>\n<li data-start=\"1876\" data-end=\"1921\">\n<p data-start=\"1878\" data-end=\"1921\">Lekki i wytrzyma\u0142y teleskopowy kij wykonany z w\u0142\u00f3kna szklanego<\/p>\n<\/li>\n<li data-start=\"1922\" data-end=\"1971\">\n<p data-start=\"1924\" data-end=\"1971\">Obrotowy tester do trudno dost\u0119pnych detektor\u00f3w<\/p>\n<\/li>\n<li data-start=\"1972\" data-end=\"2042\">\n<p data-start=\"1974\" data-end=\"2042\">Zasi\u0119g do 6 m (mo\u017cna \u0142\u0105czy\u0107 z Solo 101 do 9,3 m)<\/p>\n<\/li>\n<li data-start=\"2043\" data-end=\"2089\">\n<p data-start=\"2045\" data-end=\"2089\">Pasuje do wi\u0119kszo\u015bci marek czujnik\u00f3w dymu<\/p>\n<\/li>\n<li data-start=\"2090\" data-end=\"2144\">\n<p data-start=\"2092\" data-end=\"2144\">\u0141atwe i bezpieczne u\u017cytkowanie z szybkim odzyskiwaniem<\/p>\n<\/li>\n<\/ul>\n<h3 data-start=\"2146\" data-end=\"2161\">Transport<\/h3>\n<p data-start=\"2162\" data-end=\"2317\">Zestaw mo\u017cna umie\u015bci\u0107 w walizce Solo 610, w kt\u00f3rej jest miejsce na pr\u0119ty, testery i butle z gazem testowym, co u\u0142atwia transport i chroni sprz\u0119t.<\/p>\n<p data-start=\"2319\" data-end=\"2346\">SPECYFIKACJA TECHNICZNA:<\/p>\n<ul data-start=\"2347\" data-end=\"2781\">\n<li data-start=\"2347\" data-end=\"2374\">\n<p data-start=\"2349\" data-end=\"2374\">Produkt: Zestaw testowy Solo 5<\/p>\n<\/li>\n<li data-start=\"2375\" data-end=\"2462\">\n<p data-start=\"2377\" data-end=\"2462\">Zawarto\u015b\u0107: Tyczka teleskopowa Solo 100, uchwyt na gaz testowy Solo 330, 3 butle z gazem testowym Solo A5<\/p>\n<\/li>\n<li data-start=\"2463\" data-end=\"2534\">\n<p data-start=\"2465\" data-end=\"2534\">Zasi\u0119g: do 6 m (mo\u017cna \u0142\u0105czy\u0107 z Solo 101 do 9,3 m)<\/p>\n<\/li>\n<li data-start=\"2535\" data-end=\"2597\">\n<p data-start=\"2537\" data-end=\"2597\">Materia\u0142 teleskopowego kija: w\u0142\u00f3kno szklane, nieprzewodz\u0105ce pr\u0105du elektrycznego<\/p>\n<\/li>\n<li data-start=\"2598\" data-end=\"2670\">\n<p data-start=\"2600\" data-end=\"2670\">Zastosowanie: Testowanie funkcjonalne czujnik\u00f3w dymu (optycznych i jonizacyjnych)<\/p>\n<\/li>\n<li data-start=\"2671\" data-end=\"2717\">\n<p data-start=\"2673\" data-end=\"2717\">Pojemno\u015b\u0107 na butl\u0119 z gazem testowym: ok. 400 test\u00f3w<\/p>\n<\/li>\n<li data-start=\"2718\" data-end=\"2781\">\n<p data-start=\"2720\" data-end=\"2781\">Kompatybilny z: testerami Solo i Testifire, testerami Solo Takedown<\/p>\n<\/li>\n<\/ul>","protected":false},"excerpt":{"rendered":"<p>Zestaw testowy Solo 5 zawiera teleskopowy dr\u0105\u017cek Solo 100, uchwyt na gaz testowy Solo 330 i 3 butle z gazem testowym Solo A5 do testowania czujnik\u00f3w dymu na wysoko\u015bci do oko\u0142o 6 m.<\/p>\n<p>Idealne dla technik\u00f3w, kt\u00f3rzy potrzebuj\u0105 bezpiecznego i wydajnego testowania wielu detektor\u00f3w w tym samym obszarze roboczym.<\/p>","protected":false},"featured_media":137652,"template":"","meta":{"_acf_changed":false},"product_brand":[],"product_cat":[3849,2945],"product_tag":[],"class_list":{"0":"post-92677","1":"product","2":"type-product","3":"status-publish","4":"has-post-thumbnail","6":"product_cat-solo-kit","7":"product_cat-solo","8":"product_shipping_class-tunga-paket","9":"tm-no-options","11":"first","12":"instock","13":"taxable","14":"shipping-taxable","15":"purchasable","16":"product-type-simple"},"acf":[],"_links":{"self":[{"href":"https:\/\/secureus.se\/pl\/wp-json\/wp\/v2\/product\/92677","targetHints":{"allow":["GET"]}}],"collection":[{"href":"https:\/\/secureus.se\/pl\/wp-json\/wp\/v2\/product"}],"about":[{"href":"https:\/\/secureus.se\/pl\/wp-json\/wp\/v2\/types\/product"}],"wp:featuredmedia":[{"embeddable":true,"href":"https:\/\/secureus.se\/pl\/wp-json\/wp\/v2\/media\/137652"}],"wp:attachment":[{"href":"https:\/\/secureus.se\/pl\/wp-json\/wp\/v2\/media?parent=92677"}],"wp:term":[{"taxonomy":"product_brand","embeddable":true,"href":"https:\/\/secureus.se\/pl\/wp-json\/wp\/v2\/product_brand?post=92677"},{"taxonomy":"product_cat","embeddable":true,"href":"https:\/\/secureus.se\/pl\/wp-json\/wp\/v2\/product_cat?post=92677"},{"taxonomy":"product_tag","embeddable":true,"href":"https:\/\/secureus.se\/pl\/wp-json\/wp\/v2\/product_tag?post=92677"}],"curies":[{"name":"wp","href":"https:\/\/api.w.org\/{rel}","templated":true}]}}