{"id":92679,"date":"2024-06-12T13:13:02","date_gmt":"2024-06-12T11:13:02","guid":{"rendered":"https:\/\/secureus.se\/provkit-solo-6-6-m-provning-rok\/"},"modified":"2026-04-08T16:06:30","modified_gmt":"2026-04-08T14:06:30","slug":"provkit-solo-6-6-m-provning-rok","status":"publish","type":"product","link":"https:\/\/secureus.se\/pl\/provkit-solo-6-6-m-provning-rok\/","title":{"rendered":"Zestaw testowy Solo 6 \u2013 6 m \u2013 Testowanie dymu"},"content":{"rendered":"<h1>Zestaw testowy Solo 6 \u2013 6 m \u2013 Testowanie dymu<\/h1>\n<h3 data-start=\"282\" data-end=\"335\">Kompletny zestaw testowy do czujek dymu do 6 m<\/h3>\n<p data-start=\"336\" data-end=\"639\">Solo\u202f6 \u00e4r ett praktiskt provkit som kombinerar teleskopst\u00e5ng Solo\u202f100, detektortestare Solo\u202f330 och testgasflaskan Solo\u202fA5 (tidigare Solo\u202fA3) f\u00f6r effektiv provning av r\u00f6kdetektorer.<\/p>\n<p data-start=\"336\" data-end=\"639\">Kitet \u00e4r utformat f\u00f6r att underl\u00e4tta m\u00e5nads- och kvartalsprov p\u00e5 brandlarmsanl\u00e4ggningar, utan att beh\u00f6va anv\u00e4nda stege.<\/p>\n<h3 data-start=\"641\" data-end=\"669\">Kij teleskopowy Solo 100<\/h3>\n<p data-start=\"670\" data-end=\"896\">Tillverkad av h\u00f6gkvalitativt glasfibermaterial, icke elektriskt ledande, vilket g\u00f6r den l\u00e4tt men styv.<\/p>\n<p data-start=\"670\" data-end=\"896\">Kan monteras med 1\u20133 st Solo\u202f101 f\u00f6r att n\u00e5 upp till cirka 9,3\u202fm h\u00f6jd. Passar Solo\u2011 och Testifire\u2011provare samt nedtagare.<\/p>\n<h3 data-start=\"898\" data-end=\"928\">Tester detektor\u00f3w Solo 330<\/h3>\n<p data-start=\"929\" data-end=\"1312\">Urz\u0105dzenie Solo 330 s\u0142u\u017cy do kontroli funkcjonalno\u015bci czujnik\u00f3w dymu i tlenku w\u0119gla o \u015brednicy do 100 mm.<\/p>\n<p data-start=\"929\" data-end=\"1312\">Den pivotbara koppen g\u00f6r det m\u00f6jligt att testa detektorer som inte sitter vinkelr\u00e4tt mot golvet eller som \u00e4r sv\u00e5rt \u00e5tkomliga.<\/p>\n<p data-start=\"929\" data-end=\"1312\">Testgasflaskan Solo\u202fA5 ger en aerosol som simulerar verklig r\u00f6k och aktiverar b\u00e5de optiska och joniserande r\u00f6kdetektorer.<\/p>\n<p data-start=\"929\" data-end=\"1312\">Jedno opakowanie wystarcza na oko\u0142o 400 test\u00f3w.<\/p>\n<h3 data-start=\"1314\" data-end=\"1330\">U\u017cywa\u0107<\/h3>\n<ol data-start=\"1331\" data-end=\"1672\">\n<li data-start=\"1331\" data-end=\"1395\">\n<p data-start=\"1334\" data-end=\"1395\">Montera testaren p\u00e5 teleskopst\u00e5ngen tills den klickar fast.<\/p>\n<\/li>\n<li data-start=\"1396\" data-end=\"1452\">\n<p data-start=\"1399\" data-end=\"1452\">Placera Solo\u202fA5-flaskan i testaren och vrid \u00bc varv.<\/p>\n<\/li>\n<li data-start=\"1453\" data-end=\"1530\">\n<p data-start=\"1456\" data-end=\"1530\">Placera koppen runt detektorn och tryck l\u00e4tt mot taket i cirka 1 sekund.<\/p>\n<\/li>\n<li data-start=\"1531\" data-end=\"1603\">\n<p data-start=\"1534\" data-end=\"1603\">V\u00e4nta 10 sekunder p\u00e5 larm. Om det inte larmar, upprepa provet kort.<\/p>\n<\/li>\n<li data-start=\"1604\" data-end=\"1672\">\n<p data-start=\"1607\" data-end=\"1672\">Gasen dunstar snabbt, vilket m\u00f6jligg\u00f6r omedelbar \u00e5terst\u00e4llning.<\/p>\n<\/li>\n<\/ol>\n<h3 data-start=\"1674\" data-end=\"1699\">F\u00f6rdelar med Solo\u202f6<\/h3>\n<ul data-start=\"1700\" data-end=\"1933\">\n<li data-start=\"1700\" data-end=\"1742\">\n<p data-start=\"1702\" data-end=\"1742\">Komplett kit f\u00f6r provning upp till 6\u202fm<\/p>\n<\/li>\n<li data-start=\"1743\" data-end=\"1788\">\n<p data-start=\"1745\" data-end=\"1788\">L\u00e4tt, robust och s\u00e4kert glasfibermaterial<\/p>\n<\/li>\n<li data-start=\"1789\" data-end=\"1841\">\n<p data-start=\"1791\" data-end=\"1841\">Solo\u202fA5 testgasflaska f\u00f6r realistisk r\u00f6kprovning<\/p>\n<\/li>\n<li data-start=\"1842\" data-end=\"1886\">\n<p data-start=\"1844\" data-end=\"1886\">Kan anv\u00e4ndas med Solo\u202f101 f\u00f6r extra h\u00f6jd<\/p>\n<\/li>\n<li data-start=\"1887\" data-end=\"1933\">\n<p data-start=\"1889\" data-end=\"1933\">Pasuje do wi\u0119kszo\u015bci marek czujnik\u00f3w dymu<\/p>\n<\/li>\n<\/ul>\n<h3 data-start=\"1935\" data-end=\"1950\">Transport<\/h3>\n<p data-start=\"1951\" data-end=\"2063\">Kitet kan b\u00e4ras och organiseras i Solo\u202f610 f\u00f6rvaringsv\u00e4ska, med plats f\u00f6r st\u00e4nger, provare och testgasflaskor.<\/p>\n<p data-start=\"2065\" data-end=\"2092\">SPECYFIKACJA TECHNICZNA:<\/p>\n<ul data-start=\"2093\" data-end=\"2521\">\n<li data-start=\"2093\" data-end=\"2120\">\n<p data-start=\"2095\" data-end=\"2120\">Produkt: Provkit Solo\u202f6<\/p>\n<\/li>\n<li data-start=\"2121\" data-end=\"2206\">\n<p data-start=\"2123\" data-end=\"2206\">Inneh\u00e5ll: Teleskopst\u00e5ng Solo\u202f100, Detektortestare Solo\u202f330, Testgasflaska Solo\u202fA5<\/p>\n<\/li>\n<li data-start=\"2207\" data-end=\"2278\">\n<p data-start=\"2209\" data-end=\"2278\">Zasi\u0119g: do 6 m (mo\u017cna \u0142\u0105czy\u0107 z Solo 101 do 9,3 m)<\/p>\n<\/li>\n<li data-start=\"2279\" data-end=\"2341\">\n<p data-start=\"2281\" data-end=\"2341\">Materia\u0142 teleskopowego kija: w\u0142\u00f3kno szklane, nieprzewodz\u0105ce pr\u0105du elektrycznego<\/p>\n<\/li>\n<li data-start=\"2342\" data-end=\"2414\">\n<p data-start=\"2344\" data-end=\"2414\">Zastosowanie: Testowanie funkcjonalne czujnik\u00f3w dymu (optycznych i jonizacyjnych)<\/p>\n<\/li>\n<li data-start=\"2415\" data-end=\"2457\">\n<p data-start=\"2417\" data-end=\"2457\">Kapacitet testgasflaska: ca 400 tester<\/p>\n<\/li>\n<li data-start=\"2458\" data-end=\"2521\">\n<p data-start=\"2460\" data-end=\"2521\">Kompatybilny z: testerami Solo i Testifire, testerami Solo Takedown<\/p>\n<\/li>\n<\/ul>","protected":false},"excerpt":{"rendered":"<p>Zestaw testowy Solo 6 zawiera teleskopowy dr\u0105\u017cek Solo 100, tester detektor\u00f3w Solo 330 i butl\u0119 z gazem testowym Solo A5 do testowania detektor\u00f3w dymu na wysoko\u015bci do oko\u0142o 6 m.<\/p>\n<p>Idealne dla technik\u00f3w, kt\u00f3rzy potrzebuj\u0105 wydajnego i bezpiecznego testowania na sufitach o \u015bredniej wysoko\u015bci.<\/p>","protected":false},"featured_media":137216,"template":"","meta":{"_acf_changed":false},"product_brand":[],"product_cat":[3849,2945],"product_tag":[],"class_list":{"0":"post-92679","1":"product","2":"type-product","3":"status-publish","4":"has-post-thumbnail","6":"product_cat-solo-kit","7":"product_cat-solo","8":"product_shipping_class-tunga-paket","9":"tm-no-options","11":"first","12":"instock","13":"taxable","14":"shipping-taxable","15":"purchasable","16":"product-type-simple"},"acf":[],"_links":{"self":[{"href":"https:\/\/secureus.se\/pl\/wp-json\/wp\/v2\/product\/92679","targetHints":{"allow":["GET"]}}],"collection":[{"href":"https:\/\/secureus.se\/pl\/wp-json\/wp\/v2\/product"}],"about":[{"href":"https:\/\/secureus.se\/pl\/wp-json\/wp\/v2\/types\/product"}],"wp:featuredmedia":[{"embeddable":true,"href":"https:\/\/secureus.se\/pl\/wp-json\/wp\/v2\/media\/137216"}],"wp:attachment":[{"href":"https:\/\/secureus.se\/pl\/wp-json\/wp\/v2\/media?parent=92679"}],"wp:term":[{"taxonomy":"product_brand","embeddable":true,"href":"https:\/\/secureus.se\/pl\/wp-json\/wp\/v2\/product_brand?post=92679"},{"taxonomy":"product_cat","embeddable":true,"href":"https:\/\/secureus.se\/pl\/wp-json\/wp\/v2\/product_cat?post=92679"},{"taxonomy":"product_tag","embeddable":true,"href":"https:\/\/secureus.se\/pl\/wp-json\/wp\/v2\/product_tag?post=92679"}],"curies":[{"name":"wp","href":"https:\/\/api.w.org\/{rel}","templated":true}]}}