{"id":92681,"date":"2024-06-12T13:12:51","date_gmt":"2024-06-12T11:12:51","guid":{"rendered":"https:\/\/secureus.se\/provkit-solo-10-73-m-rok-barvaskor\/"},"modified":"2026-04-08T16:00:53","modified_gmt":"2026-04-08T14:00:53","slug":"provkit-solo-10-73-m-rok-barvaskor","status":"publish","type":"product","link":"https:\/\/secureus.se\/pl\/provkit-solo-10-73-m-rok-barvaskor\/","title":{"rendered":"Zestaw testowy Solo 10 - 7,3 m (Smoke) - Walizki transportowe"},"content":{"rendered":"<h1>Zestaw testowy Solo 10 - 7,3 m (Smoke) - Walizki transportowe<\/h1>\n<h3 data-start=\"357\" data-end=\"403\">Zestaw testowy do czujek dymu do 7,3 m<\/h3>\n<p data-start=\"404\" data-end=\"676\">Urz\u0105dzenie Solo 10 przeznaczone jest do bezpiecznego i efektywnego testowania czujnik\u00f3w dymu w automatycznych systemach alarmowych.<\/p>\n<p data-start=\"404\" data-end=\"676\">Zestaw zawiera dr\u0105\u017cki teleskopowe, dr\u0105\u017cki przed\u0142u\u017caj\u0105ce i sprz\u0119t testowy z torbami do przenoszenia i przechowywania, co u\u0142atwia transport i u\u017cytkowanie na placu budowy.<\/p>\n<h3 data-start=\"678\" data-end=\"702\">Zawarto\u015b\u0107 Solo 10<\/h3>\n<ul data-start=\"703\" data-end=\"1237\">\n<li data-start=\"703\" data-end=\"819\">\n<p data-start=\"705\" data-end=\"819\"><strong data-start=\"705\" data-end=\"733\">Tester detektor\u00f3w Solo 330<\/strong> \u2013 testuje czujniki dymu i tlenku w\u0119gla, kompatybilne z butlami z gazem testowym Solo A5 i Solo C3.<\/p>\n<\/li>\n<li data-start=\"820\" data-end=\"910\">\n<p data-start=\"822\" data-end=\"910\"><strong data-start=\"822\" data-end=\"848\">Kij teleskopowy Solo 108<\/strong> \u2013 2,5 m, w\u0142\u00f3kno szklane, nieprzewodz\u0105ce pr\u0105du, lekkie i sztywne.<\/p>\n<\/li>\n<li data-start=\"911\" data-end=\"1002\">\n<p data-start=\"913\" data-end=\"1002\"><strong data-start=\"913\" data-end=\"949\">3 x Przed\u0142u\u017cki Solo 101<\/strong> \u2013 1,13 m ka\u017cdy, mo\u017cna je \u0142\u0105czy\u0107 ze sob\u0105 w celu uzyskania wi\u0119kszej wysoko\u015bci.<\/p>\n<\/li>\n<li data-start=\"1003\" data-end=\"1150\">\n<p data-start=\"1005\" data-end=\"1150\"><strong data-start=\"1005\" data-end=\"1043\">Torby do przenoszenia i przechowywania Solo 610<\/strong> \u2013 dwie torby z wyjmowanymi przegrodami, ko\u0142czan na w\u0119dki, miejsce na testery, butle z gazem i akcesoria.<\/p>\n<\/li>\n<li data-start=\"1151\" data-end=\"1237\">\n<p data-start=\"1153\" data-end=\"1237\"><strong data-start=\"1153\" data-end=\"1183\">3 \u00d7 butle z gazem testowym Solo A5<\/strong> \u2013 test dymowy, wystarcza na ok. 400 test\u00f3w na butelk\u0119.<\/p>\n<\/li>\n<\/ul>\n<h3 data-start=\"1239\" data-end=\"1271\">\u0141atwe i bezpieczne u\u017cytkowanie<\/h3>\n<ol data-start=\"1272\" data-end=\"1587\">\n<li data-start=\"1272\" data-end=\"1354\">\n<p data-start=\"1275\" data-end=\"1354\">Zamontuj Solo 330 na Solo 108 i dowolnym dr\u0105\u017cku Solo 101, aby uzyska\u0107 po\u017c\u0105dan\u0105 wysoko\u015b\u0107.<\/p>\n<\/li>\n<li data-start=\"1355\" data-end=\"1416\">\n<p data-start=\"1358\" data-end=\"1416\">Wstrz\u0105\u015bnij butl\u0105 z gazem testowym Solo A5 i zamontuj j\u0105 w testerze.<\/p>\n<\/li>\n<li data-start=\"1417\" data-end=\"1518\">\n<p data-start=\"1420\" data-end=\"1518\">Umie\u015b\u0107 kubek wok\u00f3\u0142 detektora, lekko doci\u015bnij do sufitu i pozw\u00f3l, aby gaz wyp\u0142ywa\u0142 przez oko\u0142o 1 sekund\u0119.<\/p>\n<\/li>\n<li data-start=\"1519\" data-end=\"1587\">\n<p data-start=\"1522\" data-end=\"1587\">Odczekaj oko\u0142o 10 sekund, a\u017c detektor uruchomi alarm; w razie potrzeby powt\u00f3rz czynno\u015b\u0107.<\/p>\n<\/li>\n<\/ol>\n<h3 data-start=\"1589\" data-end=\"1615\">Zalety Solo 10<\/h3>\n<ul data-start=\"1616\" data-end=\"1836\">\n<li data-start=\"1616\" data-end=\"1643\">\n<p data-start=\"1618\" data-end=\"1643\">Zasi\u0119g do 7,3 m<\/p>\n<\/li>\n<li data-start=\"1644\" data-end=\"1682\">\n<p data-start=\"1646\" data-end=\"1682\">Testuje zar\u00f3wno czujniki dymu, jak i tlenku w\u0119gla<\/p>\n<\/li>\n<li data-start=\"1683\" data-end=\"1725\">\n<p data-start=\"1685\" data-end=\"1725\">Kompaktowy i przeno\u015bny z torbami Solo 610<\/p>\n<\/li>\n<li data-start=\"1726\" data-end=\"1782\">\n<p data-start=\"1728\" data-end=\"1782\">\u0141atwy monta\u017c i obs\u0142uga pr\u0119t\u00f3w i tester\u00f3w<\/p>\n<\/li>\n<li data-start=\"1783\" data-end=\"1836\">\n<p data-start=\"1785\" data-end=\"1836\">Butelki z gazem testowym wystarczaj\u0105 na oko\u0142o 400 pr\u00f3bek na butelk\u0119.<\/p>\n<\/li>\n<\/ul>\n<h3 data-start=\"1838\" data-end=\"1868\">Specyfikacje techniczne<\/h3>\n<ul data-start=\"1869\" data-end=\"2123\">\n<li data-start=\"1869\" data-end=\"1902\">\n<p data-start=\"1871\" data-end=\"1902\">Wysoko\u015b\u0107 testu: do 7,3 m<\/p>\n<\/li>\n<li data-start=\"1903\" data-end=\"1972\">\n<p data-start=\"1905\" data-end=\"1972\">Zawarto\u015b\u0107: Solo 330, Solo 108, 3 \u00d7 Solo 101, Solo 610, 3 \u00d7 Solo A5<\/p>\n<\/li>\n<li data-start=\"1973\" data-end=\"2027\">\n<p data-start=\"1975\" data-end=\"2027\">Materia\u0142 pr\u0119ta: W\u0142\u00f3kno szklane, nieprzewodz\u0105ce<\/p>\n<\/li>\n<li data-start=\"2028\" data-end=\"2075\">\n<p data-start=\"2030\" data-end=\"2075\">Pojemno\u015b\u0107 butli z gazem testowym: ok. 400 pr\u00f3bek\/butelk\u0119<\/p>\n<\/li>\n<li data-start=\"2076\" data-end=\"2123\">\n<p data-start=\"2078\" data-end=\"2123\">Kompatybilny z: testerami Solo i Testifire<\/p>\n<\/li>\n<\/ul>","protected":false},"excerpt":{"rendered":"<p>Zestaw testowy Solo 10 to kompletny zestaw do testowania czujnik\u00f3w dymu o d\u0142ugo\u015bci do oko\u0142o 7,3 m.<\/p>\n<p>Zawiera teleskopowy dr\u0105\u017cek Solo 108, 3 dr\u0105\u017cki przed\u0142u\u017caj\u0105ce Solo 101, tester detektora Solo 330, torby do przenoszenia i przechowywania Solo 610 oraz 3 butle z gazem testowym Solo A5.<\/p>\n<p>Praktyczne, por\u0119czne i przeno\u015bne do profesjonalnych test\u00f3w.<\/p>","protected":false},"featured_media":137682,"template":"","meta":{"_acf_changed":false},"product_brand":[],"product_cat":[3849,2945],"product_tag":[],"class_list":{"0":"post-92681","1":"product","2":"type-product","3":"status-publish","4":"has-post-thumbnail","6":"product_cat-solo-kit","7":"product_cat-solo","8":"product_shipping_class-tunga-paket","9":"tm-no-options","11":"first","12":"instock","13":"taxable","14":"shipping-taxable","15":"purchasable","16":"product-type-simple"},"acf":[],"_links":{"self":[{"href":"https:\/\/secureus.se\/pl\/wp-json\/wp\/v2\/product\/92681","targetHints":{"allow":["GET"]}}],"collection":[{"href":"https:\/\/secureus.se\/pl\/wp-json\/wp\/v2\/product"}],"about":[{"href":"https:\/\/secureus.se\/pl\/wp-json\/wp\/v2\/types\/product"}],"wp:featuredmedia":[{"embeddable":true,"href":"https:\/\/secureus.se\/pl\/wp-json\/wp\/v2\/media\/137682"}],"wp:attachment":[{"href":"https:\/\/secureus.se\/pl\/wp-json\/wp\/v2\/media?parent=92681"}],"wp:term":[{"taxonomy":"product_brand","embeddable":true,"href":"https:\/\/secureus.se\/pl\/wp-json\/wp\/v2\/product_brand?post=92681"},{"taxonomy":"product_cat","embeddable":true,"href":"https:\/\/secureus.se\/pl\/wp-json\/wp\/v2\/product_cat?post=92681"},{"taxonomy":"product_tag","embeddable":true,"href":"https:\/\/secureus.se\/pl\/wp-json\/wp\/v2\/product_tag?post=92681"}],"curies":[{"name":"wp","href":"https:\/\/api.w.org\/{rel}","templated":true}]}}