{"id":92775,"date":"2024-06-16T12:32:34","date_gmt":"2024-06-16T10:32:34","guid":{"rendered":"https:\/\/secureus.se\/?post_type=product&#038;p=92775"},"modified":"2026-03-25T15:38:51","modified_gmt":"2026-03-25T14:38:51","slug":"dorrbroms-1630-gra","status":"publish","type":"product","link":"https:\/\/secureus.se\/pl\/dorrbroms-1630-gra\/","title":{"rendered":"Hamulec drzwiowy 1630 Szary"},"content":{"rendered":"<div>Hamulec drzwiowy do drzwi otwieranych na zewn\u0105trz. Montowany po stronie uderzenia.<\/div>\n<div><b><br \/>W\u0142a\u015bciwo\u015bci:<\/b><\/div>\n<div>\n<ul>\n<li>Szeroko\u015b\u0107 drzwi 700-910 mm.<\/li>\n<li>Wsporniki i rura teleskopowa ze stali lakierowanej.<\/li>\n<li>Pr\u0119t ze stali nierdzewnej z g\u0142\u00f3wk\u0105 przegubow\u0105 i tulej\u0105 regulacyjn\u0105 z tworzywa sztucznego.<\/li>\n<\/ul>\n<\/div>","protected":false},"excerpt":{"rendered":"<p>Hamulec drzwiowy do drzwi otwieranych na zewn\u0105trz. Montowany po stronie uderzenia. W\u0142a\u015bciwo\u015bci: Szeroko\u015b\u0107 drzwi 700-910 mm. Wsporniki i rura teleskopowa ze stali lakierowanej. Pr\u0119t ze stali nierdzewnej z g\u0142\u00f3wk\u0105 przegubow\u0105 i tulej\u0105 regulacyjn\u0105 z tworzywa sztucznego.<\/p>","protected":false},"featured_media":137362,"template":"","meta":{"_acf_changed":false},"product_brand":[],"product_cat":[3370],"product_tag":[],"class_list":{"0":"post-92775","1":"product","2":"type-product","3":"status-publish","4":"has-post-thumbnail","6":"product_cat-dorrbroms-dorrbromsar","7":"product_shipping_class-tunga-paket","8":"pa_brands-habo","9":"tm-no-options","11":"first","12":"onbackorder","13":"sale","14":"taxable","15":"shipping-taxable","16":"purchasable","17":"product-type-simple"},"acf":[],"_links":{"self":[{"href":"https:\/\/secureus.se\/pl\/wp-json\/wp\/v2\/product\/92775","targetHints":{"allow":["GET"]}}],"collection":[{"href":"https:\/\/secureus.se\/pl\/wp-json\/wp\/v2\/product"}],"about":[{"href":"https:\/\/secureus.se\/pl\/wp-json\/wp\/v2\/types\/product"}],"wp:featuredmedia":[{"embeddable":true,"href":"https:\/\/secureus.se\/pl\/wp-json\/wp\/v2\/media\/137362"}],"wp:attachment":[{"href":"https:\/\/secureus.se\/pl\/wp-json\/wp\/v2\/media?parent=92775"}],"wp:term":[{"taxonomy":"product_brand","embeddable":true,"href":"https:\/\/secureus.se\/pl\/wp-json\/wp\/v2\/product_brand?post=92775"},{"taxonomy":"product_cat","embeddable":true,"href":"https:\/\/secureus.se\/pl\/wp-json\/wp\/v2\/product_cat?post=92775"},{"taxonomy":"product_tag","embeddable":true,"href":"https:\/\/secureus.se\/pl\/wp-json\/wp\/v2\/product_tag?post=92775"}],"curies":[{"name":"wp","href":"https:\/\/api.w.org\/{rel}","templated":true}]}}