{"id":92785,"date":"2024-06-16T12:32:34","date_gmt":"2024-06-16T10:32:34","guid":{"rendered":"https:\/\/secureus.se\/?post_type=product&#038;p=92785"},"modified":"2026-04-23T12:13:23","modified_gmt":"2026-04-23T10:13:23","slug":"dorrbroms-523t-1-vit","status":"publish","type":"product","link":"https:\/\/secureus.se\/pl\/dorrbroms-523t-1-vit\/","title":{"rendered":"ASSA ABLOY 523T\/1 Hamulec drzwiowy - bia\u0142y - 590-769 mm"},"content":{"rendered":"<div>\n<h2 data-section-id=\"v8l2mo\" data-start=\"287\" data-end=\"366\">Hamulec drzwiowy ASSA ABLOY 523T\/1 \u2013 bia\u0142y \u2013 do drzwi tarasowych i francuskich (590\u2013769 mm)<\/h2>\n<p data-start=\"368\" data-end=\"612\">ASSA ABLOY 523T to solidny hamulec do drzwi tarasowych otwieranych na zewn\u0105trz, okien francuskich i innych drzwi zewn\u0119trznych. Hamulec utrzymuje drzwi w \u017c\u0105danej pozycji otwarcia i zmniejsza ryzyko ich cofni\u0119cia lub niekontrolowanego otwarcia przy silnym wietrze.<\/p>\n<p data-start=\"614\" data-end=\"846\">Regulowany hamulec cierny pozwala \u0142atwo dostosowa\u0107 si\u0142\u0119 hamowania do ci\u0119\u017caru drzwi i \u017c\u0105danej funkcji. Oznacza to, \u017ce drzwi zatrzymuj\u0105 si\u0119 w pozycji, w kt\u00f3rej zosta\u0142y otwarte, co zwi\u0119ksza komfort i zmniejsza ryzyko przytrza\u015bni\u0119cia.<\/p>\n<p data-start=\"848\" data-end=\"994\">Model 523T pasuje zar\u00f3wno do drzwi otwieranych na praw\u0105, jak i na lew\u0105 stron\u0119 i jest powszechnie stosowany do drzwi tarasowych i drzwi francuskich w domach, pomieszczeniach gospodarczych i podobnych miejscach.<\/p>\n<hr data-start=\"996\" data-end=\"999\" \/>\n<h2 data-section-id=\"fnvs8i\" data-start=\"1001\" data-end=\"1014\">Charakterystyka<\/h2>\n<p data-start=\"1016\" data-end=\"1304\">\u2022 Do drzwi tarasowych otwieranych na zewn\u0105trz, okien francuskich i drzwi zewn\u0119trznych<br data-start=\"1075\" data-end=\"1078\" \/>\u2022 Utrzymuje drzwi w \u017c\u0105danej pozycji otwarcia<br data-start=\"1119\" data-end=\"1122\" \/>\u2022 Zapobiega zamykaniu si\u0119 drzwi pod wp\u0142ywem wiatru<br data-start=\"1166\" data-end=\"1169\" \/>\u2022 Regulowana si\u0142a hamowania z \u0142atw\u0105 regulacj\u0105 tarcia<br data-start=\"1220\" data-end=\"1223\" \/>\u2022 Pasuje do drzwi prawych i lewych<br data-start=\"1268\" data-end=\"1271\" \/>\u2022 Zmniejsza ryzyko uraz\u00f3w spowodowanych przytrza\u015bni\u0119ciem<\/p>\n<hr data-start=\"1306\" data-end=\"1309\" \/>\n<h2 data-section-id=\"zehbyt\" data-start=\"1311\" data-end=\"1337\">Budownictwo i materia\u0142y<\/h2>\n<p data-start=\"1339\" data-end=\"1474\">\u2022 Pr\u0119t ze stali nierdzewnej<br data-start=\"1364\" data-end=\"1367\" \/>\u2022 G\u0142owica przegubowa wykonana z wytrzyma\u0142ego tworzywa acetalowego<br data-start=\"1401\" data-end=\"1404\" \/>\u2022 Wspornik ramy i wspornik drzwi ze stali malowanej<br data-start=\"1445\" data-end=\"1448\" \/>\u2022 Pokrywa z tworzywa sztucznego acetalowego<\/p>\n<p data-start=\"1476\" data-end=\"1586\">Solidna konstrukcja hamulca drzwiowego sprawia, \u017ce nadaje si\u0119 on do codziennego u\u017cytku zar\u00f3wno w budynkach mieszkalnych, jak i podobnych miejscach.<\/p>\n<hr data-start=\"1588\" data-end=\"1591\" \/>\n<h2 data-section-id=\"10c1xz9\" data-start=\"1593\" data-end=\"1617\">Wymiary i kompatybilno\u015b\u0107<\/h2>\n<p data-start=\"1619\" data-end=\"1732\"><strong data-start=\"1619\" data-end=\"1630\">Model:<\/strong> 523T\/1<br data-start=\"1637\" data-end=\"1640\" \/><strong data-start=\"1640\" data-end=\"1656\">D\u0142ugo\u015b\u0107 ca\u0142kowita:<\/strong> 445 mm<br data-start=\"1663\" data-end=\"1666\" \/><strong data-start=\"1666\" data-end=\"1689\">Pasuje do ram o wymiarach:<\/strong> 590\u2013769 mm<br data-start=\"1700\" data-end=\"1703\" \/><strong data-start=\"1703\" data-end=\"1722\">K\u0105t otwarcia:<\/strong> oko\u0142o 95\u00b0<\/p>\n<hr data-start=\"1734\" data-end=\"1737\" \/>\n<h2 data-section-id=\"kejv24\" data-start=\"1739\" data-end=\"1763\">Dost\u0119pne w dw\u00f3ch rozmiarach<\/h2>\n<p data-start=\"1765\" data-end=\"1822\"><strong data-start=\"1765\" data-end=\"1775\">523T\/1<\/strong><br data-start=\"1775\" data-end=\"1778\" \/>Pasuje do drzwi o szeroko\u015bci ramy <strong data-start=\"1808\" data-end=\"1822\">590\u2013769 mm<\/strong><\/p>\n<p data-start=\"1824\" data-end=\"1881\"><strong data-start=\"1824\" data-end=\"1834\">523T\/2<\/strong><br data-start=\"1834\" data-end=\"1837\" \/>Pasuje do drzwi o szeroko\u015bci ramy <strong data-start=\"1867\" data-end=\"1881\">770\u2013910 mm<\/strong><\/p>\n<hr data-start=\"1883\" data-end=\"1886\" \/>\n<h2 data-section-id=\"1lu5w0y\" data-start=\"1888\" data-end=\"1910\">Zalecana \u015bruba \u2013 nie jest do\u0142\u0105czona<\/h2>\n<p data-start=\"1912\" data-end=\"1965\">Mocowanie ramki: <strong data-start=\"1923\" data-end=\"1937\">TFX 4,5 mm<\/strong><br data-start=\"1937\" data-end=\"1940\" \/>Uchwyt drzwi: <strong data-start=\"1951\" data-end=\"1965\">TFX 3,5 mm<\/strong><\/p>\n<\/div>","protected":false},"excerpt":{"rendered":"<p data-start=\"2252\" data-end=\"2487\">ASSA ABLOY 523T\/1 to hamulec drzwiowy do drzwi otwieranych na zewn\u0105trz, drzwi tarasowych i drzwi francuskich. Hamulec utrzymuje drzwi w \u017c\u0105danej pozycji otwarcia i zapobiega ich cofaniu. Pasuje do o\u015bcie\u017cnic o wymiarach 590\u2013769 mm oraz drzwi uchylnych zar\u00f3wno w prawo, jak i w lewo.<\/p>","protected":false},"featured_media":137348,"template":"","meta":{"_acf_changed":false},"product_brand":[],"product_cat":[3370],"product_tag":[],"class_list":{"0":"post-92785","1":"product","2":"type-product","3":"status-publish","4":"has-post-thumbnail","6":"product_cat-dorrbroms-dorrbromsar","7":"product_shipping_class-tunga-paket","8":"pa_brands-abloy","9":"tm-no-options","11":"first","12":"instock","13":"sale","14":"taxable","15":"shipping-taxable","16":"purchasable","17":"product-type-simple"},"acf":[],"_links":{"self":[{"href":"https:\/\/secureus.se\/pl\/wp-json\/wp\/v2\/product\/92785","targetHints":{"allow":["GET"]}}],"collection":[{"href":"https:\/\/secureus.se\/pl\/wp-json\/wp\/v2\/product"}],"about":[{"href":"https:\/\/secureus.se\/pl\/wp-json\/wp\/v2\/types\/product"}],"wp:featuredmedia":[{"embeddable":true,"href":"https:\/\/secureus.se\/pl\/wp-json\/wp\/v2\/media\/137348"}],"wp:attachment":[{"href":"https:\/\/secureus.se\/pl\/wp-json\/wp\/v2\/media?parent=92785"}],"wp:term":[{"taxonomy":"product_brand","embeddable":true,"href":"https:\/\/secureus.se\/pl\/wp-json\/wp\/v2\/product_brand?post=92785"},{"taxonomy":"product_cat","embeddable":true,"href":"https:\/\/secureus.se\/pl\/wp-json\/wp\/v2\/product_cat?post=92785"},{"taxonomy":"product_tag","embeddable":true,"href":"https:\/\/secureus.se\/pl\/wp-json\/wp\/v2\/product_tag?post=92785"}],"curies":[{"name":"wp","href":"https:\/\/api.w.org\/{rel}","templated":true}]}}