{"id":92793,"date":"2024-06-16T12:32:34","date_gmt":"2024-06-16T10:32:34","guid":{"rendered":"https:\/\/secureus.se\/?post_type=product&#038;p=92793"},"modified":"2026-04-15T16:57:30","modified_gmt":"2026-04-15T14:57:30","slug":"dorrbroms-533t-2-vit","status":"publish","type":"product","link":"https:\/\/secureus.se\/pl\/dorrbroms-533t-2-vit\/","title":{"rendered":"Zabezpieczenie drzwi ASSA ABLOY 533T\/2 \u2013 bia\u0142e \u2013 drzwi otwierane do wewn\u0105trz \u2013 700\u2013910 mm"},"content":{"rendered":"<h2 data-section-id=\"1kkk737\" data-start=\"158\" data-end=\"219\">Hamulec drzwiowy ASSA ABLOY 533T\/2 \u2013 drzwi otwierane do wewn\u0105trz \u2013 700\u2013910 mm<\/h2>\n<p data-start=\"221\" data-end=\"437\">ASSA ABLOY 533T\/2 to hamulec drzwiowy do drzwi zewn\u0119trznych otwieranych do wewn\u0105trz, drzwi francuskich i drzwi magazynowych. Hamulec utrzymuje drzwi w \u017c\u0105danej pozycji otwarcia i zmniejsza ryzyko ich cofni\u0119cia lub niekontrolowanego otwarcia.<\/p>\n<p data-start=\"439\" data-end=\"704\">Regulowany hamulec cierny pozwala \u0142atwo dostosowa\u0107 si\u0142\u0119 hamowania do ci\u0119\u017caru drzwi i oczekiwanego oporu. Oznacza to, \u017ce drzwi zatrzymuj\u0105 si\u0119 w wybranej pozycji otwarcia, co zwi\u0119ksza komfort i zmniejsza ryzyko przytrza\u015bni\u0119cia.<\/p>\n<p data-start=\"706\" data-end=\"835\">Model 533T\/2 to d\u0142u\u017csza wersja w serii, przeznaczona do szerszych drzwi. Pasuje zar\u00f3wno do drzwi prawych, jak i lewych.<\/p>\n<hr data-start=\"837\" data-end=\"840\" \/>\n<h2 data-section-id=\"fnvs8i\" data-start=\"842\" data-end=\"855\">Charakterystyka<\/h2>\n<p data-start=\"857\" data-end=\"1117\">\u2022 Do drzwi zewn\u0119trznych otwieranych do wewn\u0105trz i drzwi francuskich<br data-start=\"903\" data-end=\"906\" \/>\u2022 Utrzymuje drzwi w \u017c\u0105danej pozycji otwarcia<br data-start=\"947\" data-end=\"950\" \/>\u2022 Zapobiega cofaniu si\u0119 drzwi<br data-start=\"985\" data-end=\"988\" \/>\u2022 Regulowana si\u0142a hamowania z regulacj\u0105 tarcia<br data-start=\"1033\" data-end=\"1036\" \/>\u2022 Pasuje do drzwi prawych i lewych<br data-start=\"1081\" data-end=\"1084\" \/>\u2022 Zmniejsza ryzyko uraz\u00f3w spowodowanych przytrza\u015bni\u0119ciem<\/p>\n<hr data-start=\"1119\" data-end=\"1122\" \/>\n<h2 data-section-id=\"zehbyt\" data-start=\"1124\" data-end=\"1150\">Budownictwo i materia\u0142y<\/h2>\n<p data-start=\"1152\" data-end=\"1287\">\u2022 Pr\u0119t ze stali nierdzewnej<br data-start=\"1177\" data-end=\"1180\" \/>\u2022 G\u0142owica przegubowa wykonana z wytrzyma\u0142ego tworzywa acetalowego<br data-start=\"1214\" data-end=\"1217\" \/>\u2022 Wspornik ramy i wspornik drzwi ze stali malowanej<br data-start=\"1258\" data-end=\"1261\" \/>\u2022 Pokrywa z tworzywa sztucznego acetalowego<\/p>\n<p data-start=\"1289\" data-end=\"1394\">Solidna konstrukcja hamulca drzwiowego sprawia, \u017ce nadaje si\u0119 on do codziennego u\u017cytku w domach i podobnych miejscach.<\/p>\n<hr data-start=\"1396\" data-end=\"1399\" \/>\n<h2 data-section-id=\"10c1xz9\" data-start=\"1401\" data-end=\"1425\">Wymiary i kompatybilno\u015b\u0107<\/h2>\n<p data-start=\"1427\" data-end=\"1510\"><strong data-start=\"1427\" data-end=\"1438\">Model:<\/strong> 533T\/2<br data-start=\"1445\" data-end=\"1448\" \/><strong data-start=\"1448\" data-end=\"1464\">D\u0142ugo\u015b\u0107 ca\u0142kowita:<\/strong> 530 mm<br data-start=\"1471\" data-end=\"1474\" \/><strong data-start=\"1474\" data-end=\"1497\">Pasuje do ram o wymiarach:<\/strong> 700\u2013910 mm<\/p>\n<hr data-start=\"1512\" data-end=\"1515\" \/>\n<h2 data-section-id=\"kejv24\" data-start=\"1517\" data-end=\"1541\">Dost\u0119pne w dw\u00f3ch rozmiarach<\/h2>\n<p data-start=\"1543\" data-end=\"1600\"><strong data-start=\"1543\" data-end=\"1553\">533T\/1<\/strong><br data-start=\"1553\" data-end=\"1556\" \/>Pasuje do drzwi o szeroko\u015bci ramy <strong data-start=\"1586\" data-end=\"1600\">500\u2013700 mm<\/strong><\/p>\n<p data-start=\"1602\" data-end=\"1659\"><strong data-start=\"1602\" data-end=\"1612\">533T\/2<\/strong><br data-start=\"1612\" data-end=\"1615\" \/>Pasuje do drzwi o szeroko\u015bci ramy <strong data-start=\"1645\" data-end=\"1659\">700\u2013910 mm<\/strong><\/p>\n<hr data-start=\"1661\" data-end=\"1664\" \/>\n<h2 data-section-id=\"1lu5w0y\" data-start=\"1666\" data-end=\"1688\">Zalecana \u015bruba<\/h2>\n<p data-start=\"1690\" data-end=\"1743\">Mocowanie ramki: <strong data-start=\"1701\" data-end=\"1715\">TFX 4,5 mm<\/strong><br data-start=\"1715\" data-end=\"1718\" \/>Uchwyt drzwi: <strong data-start=\"1729\" data-end=\"1743\">TFX 3,5 mm<\/strong><\/p>\n<p data-start=\"1745\" data-end=\"1815\">\u015aruby nie s\u0105 zawarte w zestawie, ale mo\u017cna je u nas kupi\u0107 osobno.<\/p>","protected":false},"excerpt":{"rendered":"<p>ASSA ABLOY 533T\/2 to hamulec drzwiowy do drzwi zewn\u0119trznych otwieranych do wewn\u0105trz i drzwi francuskich. Hamulec utrzymuje drzwi w \u017c\u0105danej pozycji otwarcia i zmniejsza ryzyko ich cofni\u0119cia. Pasuje do o\u015bcie\u017cnic o wymiarach 700\u2013910 mm oraz drzwi uchylnych zar\u00f3wno w prawo, jak i w lewo.<\/p>","protected":false},"featured_media":164432,"template":"","meta":{"_acf_changed":false},"product_brand":[],"product_cat":[3370],"product_tag":[],"class_list":{"0":"post-92793","1":"product","2":"type-product","3":"status-publish","4":"has-post-thumbnail","6":"product_cat-dorrbroms-dorrbromsar","7":"product_shipping_class-tunga-paket","8":"pa_brands-abloy","9":"tm-no-options","11":"first","12":"instock","13":"sale","14":"taxable","15":"shipping-taxable","16":"purchasable","17":"product-type-simple"},"acf":[],"_links":{"self":[{"href":"https:\/\/secureus.se\/pl\/wp-json\/wp\/v2\/product\/92793","targetHints":{"allow":["GET"]}}],"collection":[{"href":"https:\/\/secureus.se\/pl\/wp-json\/wp\/v2\/product"}],"about":[{"href":"https:\/\/secureus.se\/pl\/wp-json\/wp\/v2\/types\/product"}],"wp:featuredmedia":[{"embeddable":true,"href":"https:\/\/secureus.se\/pl\/wp-json\/wp\/v2\/media\/164432"}],"wp:attachment":[{"href":"https:\/\/secureus.se\/pl\/wp-json\/wp\/v2\/media?parent=92793"}],"wp:term":[{"taxonomy":"product_brand","embeddable":true,"href":"https:\/\/secureus.se\/pl\/wp-json\/wp\/v2\/product_brand?post=92793"},{"taxonomy":"product_cat","embeddable":true,"href":"https:\/\/secureus.se\/pl\/wp-json\/wp\/v2\/product_cat?post=92793"},{"taxonomy":"product_tag","embeddable":true,"href":"https:\/\/secureus.se\/pl\/wp-json\/wp\/v2\/product_tag?post=92793"}],"curies":[{"name":"wp","href":"https:\/\/api.w.org\/{rel}","templated":true}]}}