{"id":92799,"date":"2024-06-16T12:32:35","date_gmt":"2024-06-16T10:32:35","guid":{"rendered":"https:\/\/secureus.se\/?post_type=product&#038;p=92799"},"modified":"2026-04-08T15:46:59","modified_gmt":"2026-04-08T13:46:59","slug":"dorrbroms-328a","status":"publish","type":"product","link":"https:\/\/secureus.se\/pl\/dorrbroms-328a\/","title":{"rendered":"Hamulec drzwiowy 328A"},"content":{"rendered":"<p>ASSA ABLOY 328A to hamulec do drzwi otwieranych do wewn\u0105trz. Utrzymuje drzwi w \u017c\u0105danej pozycji za pomoc\u0105 tarcia. Stosowany do drzwi do przechowywania i l\u017cejszych drzwi wewn\u0119trznych.\u00a0<\/p>\n<p><b>W\u0142a\u015bciwo\u015bci:\u00a0<\/b><br \/>\n<\/p>\n<ul>\n<li>Do drzwi otwieranych do wewn\u0105trz (328 do otwieranych na zewn\u0105trz)<\/li>\n<li>Utrzymuje drzwi z tarciem w \u017c\u0105danej pozycji otwarcia.<\/li>\n<li>Si\u0142\u0119 hamowania mo\u017cna zmienia\u0107 za pomoc\u0105 nakr\u0119tki regulacyjnej.<\/li>\n<li>Rami\u0119 mo\u017cna od\u0142\u0105czy\u0107 od mocowania ramy.<\/li>\n<li>Pasuje zar\u00f3wno na praw\u0105, jak i lew\u0105 stron\u0119.<\/li>\n<li>Zalecana \u015bruba: TKX 4,5 mm.<\/li>\n<\/ul>","protected":false},"excerpt":{"rendered":"<p>ASSA ABLOY 328A to hamulec do drzwi otwieranych do wewn\u0105trz. Utrzymuje drzwi w \u017c\u0105danej pozycji za pomoc\u0105 tarcia. Stosowany do drzwi do przechowywania i l\u017cejszych drzwi wewn\u0119trznych. Cechy: Do drzwi otwieranych do wewn\u0105trz (328<\/p>","protected":false},"featured_media":138015,"template":"","meta":{"_acf_changed":false},"product_brand":[],"product_cat":[3370],"product_tag":[],"class_list":{"0":"post-92799","1":"product","2":"type-product","3":"status-publish","4":"has-post-thumbnail","6":"product_cat-dorrbroms-dorrbromsar","7":"product_shipping_class-tunga-paket","8":"pa_brands-abloy","9":"tm-no-options","11":"first","12":"instock","13":"sale","14":"taxable","15":"shipping-taxable","16":"purchasable","17":"product-type-simple"},"acf":[],"_links":{"self":[{"href":"https:\/\/secureus.se\/pl\/wp-json\/wp\/v2\/product\/92799","targetHints":{"allow":["GET"]}}],"collection":[{"href":"https:\/\/secureus.se\/pl\/wp-json\/wp\/v2\/product"}],"about":[{"href":"https:\/\/secureus.se\/pl\/wp-json\/wp\/v2\/types\/product"}],"wp:featuredmedia":[{"embeddable":true,"href":"https:\/\/secureus.se\/pl\/wp-json\/wp\/v2\/media\/138015"}],"wp:attachment":[{"href":"https:\/\/secureus.se\/pl\/wp-json\/wp\/v2\/media?parent=92799"}],"wp:term":[{"taxonomy":"product_brand","embeddable":true,"href":"https:\/\/secureus.se\/pl\/wp-json\/wp\/v2\/product_brand?post=92799"},{"taxonomy":"product_cat","embeddable":true,"href":"https:\/\/secureus.se\/pl\/wp-json\/wp\/v2\/product_cat?post=92799"},{"taxonomy":"product_tag","embeddable":true,"href":"https:\/\/secureus.se\/pl\/wp-json\/wp\/v2\/product_tag?post=92799"}],"curies":[{"name":"wp","href":"https:\/\/api.w.org\/{rel}","templated":true}]}}