{"id":92805,"date":"2024-06-16T12:32:35","date_gmt":"2024-06-16T10:32:35","guid":{"rendered":"https:\/\/secureus.se\/?post_type=product&#038;p=92805"},"modified":"2026-04-23T12:12:53","modified_gmt":"2026-04-23T10:12:53","slug":"dorrbroms-523t-2-vit","status":"publish","type":"product","link":"https:\/\/secureus.se\/pl\/dorrbroms-523t-2-vit\/","title":{"rendered":"ASSA ABLOY 523T\/2 Hamulec drzwiowy - bia\u0142y - 770-910 mm"},"content":{"rendered":"<h2 data-section-id=\"i8tpgf\" data-start=\"241\" data-end=\"320\">Hamulec drzwiowy ASSA ABLOY 523T\/2 \u2013 bia\u0142y \u2013 do drzwi o wymiarach ramy 770\u2013910 mm<\/h2>\n<p data-start=\"322\" data-end=\"567\">ASSA ABLOY 523T\/2 to wytrzyma\u0142y hamulec do drzwi tarasowych, francuskich, zewn\u0119trznych i magazynowych otwieranych na zewn\u0105trz. Hamulec utrzymuje drzwi w \u017c\u0105danej pozycji otwarcia i zapobiega ich cofni\u0119ciu lub niekontrolowanemu otwarciu przy silnym wietrze.<\/p>\n<p data-start=\"569\" data-end=\"841\">Regulowany hamulec cierny pozwala \u0142atwo dostosowa\u0107 si\u0142\u0119 hamowania do ci\u0119\u017caru drzwi i oporu, jaki maj\u0105 one stawia\u0107 podczas otwierania. Oznacza to, \u017ce drzwi zatrzymuj\u0105 si\u0119 w pozycji, w kt\u00f3rej zosta\u0142y otwarte, co zwi\u0119ksza komfort i zmniejsza ryzyko przytrza\u015bni\u0119cia.<\/p>\n<p data-start=\"843\" data-end=\"1035\">Model 523T\/2 to d\u0142u\u017cszy model z serii 523T, przeznaczony do szerszych drzwi. Pasuje zar\u00f3wno do drzwi prawych, jak i lewych i jest cz\u0119sto stosowany do drzwi tarasowych i drzwi francuskich w budynkach mieszkalnych.<\/p>\n<hr data-start=\"1037\" data-end=\"1040\" \/>\n<h2 data-section-id=\"fnvs8i\" data-start=\"1042\" data-end=\"1055\">Charakterystyka<\/h2>\n<p data-start=\"1057\" data-end=\"1345\">\u2022 Do drzwi tarasowych otwieranych na zewn\u0105trz, okien francuskich i drzwi zewn\u0119trznych<br data-start=\"1116\" data-end=\"1119\" \/>\u2022 Utrzymuje drzwi w \u017c\u0105danej pozycji otwarcia<br data-start=\"1160\" data-end=\"1163\" \/>\u2022 Zapobiega zamykaniu si\u0119 drzwi pod wp\u0142ywem wiatru<br data-start=\"1207\" data-end=\"1210\" \/>\u2022 Regulowana si\u0142a hamowania z \u0142atw\u0105 regulacj\u0105 tarcia<br data-start=\"1261\" data-end=\"1264\" \/>\u2022 Pasuje do drzwi prawych i lewych<br data-start=\"1309\" data-end=\"1312\" \/>\u2022 Zmniejsza ryzyko uraz\u00f3w spowodowanych przytrza\u015bni\u0119ciem<\/p>\n<hr data-start=\"1347\" data-end=\"1350\" \/>\n<h2 data-section-id=\"zehbyt\" data-start=\"1352\" data-end=\"1378\">Budownictwo i materia\u0142y<\/h2>\n<p data-start=\"1380\" data-end=\"1515\">\u2022 Pr\u0119t ze stali nierdzewnej<br data-start=\"1405\" data-end=\"1408\" \/>\u2022 G\u0142owica przegubowa wykonana z wytrzyma\u0142ego tworzywa acetalowego<br data-start=\"1442\" data-end=\"1445\" \/>\u2022 Wspornik ramy i wspornik drzwi ze stali malowanej<br data-start=\"1486\" data-end=\"1489\" \/>\u2022 Pokrywa z tworzywa sztucznego acetalowego<\/p>\n<p data-start=\"1517\" data-end=\"1627\">Solidna konstrukcja hamulca drzwiowego sprawia, \u017ce nadaje si\u0119 on do codziennego u\u017cytku zar\u00f3wno w budynkach mieszkalnych, jak i podobnych miejscach.<\/p>\n<hr data-start=\"1629\" data-end=\"1632\" \/>\n<h2 data-section-id=\"10c1xz9\" data-start=\"1634\" data-end=\"1658\">Wymiary i kompatybilno\u015b\u0107<\/h2>\n<p data-start=\"1660\" data-end=\"1773\"><strong data-start=\"1660\" data-end=\"1671\">Model:<\/strong> 523T\/2<br data-start=\"1678\" data-end=\"1681\" \/><strong data-start=\"1681\" data-end=\"1697\">D\u0142ugo\u015b\u0107 ca\u0142kowita:<\/strong> 545 mm<br data-start=\"1704\" data-end=\"1707\" \/><strong data-start=\"1707\" data-end=\"1730\">Pasuje do ram o wymiarach:<\/strong> 770\u2013910 mm<br data-start=\"1741\" data-end=\"1744\" \/><strong data-start=\"1744\" data-end=\"1763\">K\u0105t otwarcia:<\/strong> oko\u0142o 95\u00b0<\/p>\n<hr data-start=\"1775\" data-end=\"1778\" \/>\n<h2 data-section-id=\"kejv24\" data-start=\"1780\" data-end=\"1804\">Dost\u0119pne w dw\u00f3ch rozmiarach<\/h2>\n<p data-start=\"1806\" data-end=\"1863\"><strong data-start=\"1806\" data-end=\"1816\">523T\/1<\/strong><br data-start=\"1816\" data-end=\"1819\" \/>Pasuje do drzwi o szeroko\u015bci ramy <strong data-start=\"1849\" data-end=\"1863\">590\u2013769 mm<\/strong><\/p>\n<p data-start=\"1865\" data-end=\"1922\"><strong data-start=\"1865\" data-end=\"1875\">523T\/2<\/strong><br data-start=\"1875\" data-end=\"1878\" \/>Pasuje do drzwi o szeroko\u015bci ramy <strong data-start=\"1908\" data-end=\"1922\">770\u2013910 mm<\/strong><\/p>\n<hr data-start=\"1924\" data-end=\"1927\" \/>\n<h2 data-section-id=\"1lu5w0y\" data-start=\"1929\" data-end=\"1951\">Zalecana \u015bruba \u2013 nie jest do\u0142\u0105czona<\/h2>\n<p data-start=\"1953\" data-end=\"2006\">Mocowanie ramki: <strong data-start=\"1964\" data-end=\"1978\">TFX 4,5 mm<\/strong><br data-start=\"1978\" data-end=\"1981\" \/>Uchwyt drzwi: <strong data-start=\"1992\" data-end=\"2006\">TFX 3,5 mm<\/strong><\/p>","protected":false},"excerpt":{"rendered":"<p>ASSA ABLOY 523T\/2 to hamulec drzwiowy do drzwi otwieranych na zewn\u0105trz. Hamulec utrzymuje drzwi w \u017c\u0105danej pozycji otwarcia i zapobiega ich cofaniu. Pasuje do o\u015bcie\u017cnic o wymiarach 770\u2013910 mm oraz drzwi uchylnych zar\u00f3wno w prawo, jak i w lewo.<\/p>","protected":false},"featured_media":137131,"template":"","meta":{"_acf_changed":false},"product_brand":[],"product_cat":[3370],"product_tag":[],"class_list":{"0":"post-92805","1":"product","2":"type-product","3":"status-publish","4":"has-post-thumbnail","6":"product_cat-dorrbroms-dorrbromsar","7":"product_shipping_class-tunga-paket","8":"pa_brands-abloy","9":"tm-no-options","11":"first","12":"instock","13":"sale","14":"taxable","15":"shipping-taxable","16":"purchasable","17":"product-type-simple"},"acf":[],"_links":{"self":[{"href":"https:\/\/secureus.se\/pl\/wp-json\/wp\/v2\/product\/92805","targetHints":{"allow":["GET"]}}],"collection":[{"href":"https:\/\/secureus.se\/pl\/wp-json\/wp\/v2\/product"}],"about":[{"href":"https:\/\/secureus.se\/pl\/wp-json\/wp\/v2\/types\/product"}],"wp:featuredmedia":[{"embeddable":true,"href":"https:\/\/secureus.se\/pl\/wp-json\/wp\/v2\/media\/137131"}],"wp:attachment":[{"href":"https:\/\/secureus.se\/pl\/wp-json\/wp\/v2\/media?parent=92805"}],"wp:term":[{"taxonomy":"product_brand","embeddable":true,"href":"https:\/\/secureus.se\/pl\/wp-json\/wp\/v2\/product_brand?post=92805"},{"taxonomy":"product_cat","embeddable":true,"href":"https:\/\/secureus.se\/pl\/wp-json\/wp\/v2\/product_cat?post=92805"},{"taxonomy":"product_tag","embeddable":true,"href":"https:\/\/secureus.se\/pl\/wp-json\/wp\/v2\/product_tag?post=92805"}],"curies":[{"name":"wp","href":"https:\/\/api.w.org\/{rel}","templated":true}]}}