{"id":92828,"date":"2024-06-16T23:12:00","date_gmt":"2024-06-16T21:12:00","guid":{"rendered":"https:\/\/secureus.se\/?post_type=product&#038;p=92828"},"modified":"2026-04-23T10:34:50","modified_gmt":"2026-04-23T08:34:50","slug":"elslutbleck-es-19m-rattvand","status":"publish","type":"product","link":"https:\/\/secureus.se\/pl\/elslutbleck-es-19m-rattvand\/","title":{"rendered":"Elektryczna p\u0142yta ko\u0144cowa ES19 Kierowana w prawo"},"content":{"rendered":"<h1>Elektryczna p\u0142yta ko\u0144cowa ES19 Kierowana w prawo<\/h1>\n<p class=\"\" data-start=\"659\" data-end=\"1027\">Zaczep elektryczny ES19 k\u0105towy firmy Safetron to zaawansowane rozwi\u0105zanie dla drzwi wymagaj\u0105cych normalnego poziomu bezpiecze\u0144stwa.<\/p>\n<p class=\"\" data-start=\"659\" data-end=\"1027\">Wyposa\u017cony w technologi\u0119 docisku listwowego, ten elektrozaczep zapewnia otwarcie drzwi nawet przy nacisku do 150 kg, co czyni go niezawodnym wyborem w przypadku drzwi nara\u017conych na przeszkody, takie jak \u017cwir, \u015bnieg lub nadmierny nacisk w budynku.<\/p>\n<p class=\"\" data-start=\"1029\" data-end=\"1353\">Jedn\u0105 z g\u0142\u00f3wnych zalet ES19 jest jego odporno\u015b\u0107 ogniowa (E\/EI 120), co oznacza, \u017ce jest on dopuszczony do stosowania w drzwiach pomieszcze\u0144 przeciwpo\u017carowych i zosta\u0142 zatwierdzony jako odporny na ogie\u0144 do 120 minut.<\/p>\n<p class=\"\" data-start=\"1029\" data-end=\"1353\">Dzi\u0119ki temu jest to doskona\u0142y wyb\u00f3r w przypadku budynk\u00f3w, w kt\u00f3rych odporno\u015b\u0107 ogniowa i bezpiecze\u0144stwo maj\u0105 kluczowe znaczenie.<\/p>\n<p class=\"\" data-start=\"1355\" data-end=\"1685\">ES19 to kompaktowe urz\u0105dzenie zaprojektowane tak, aby pasowa\u0142o do wi\u0119kszo\u015bci standardowych wn\u0119k na listwy zaczepowe, co u\u0142atwia jego monta\u017c.<\/p>\n<p class=\"\" data-start=\"1355\" data-end=\"1685\">Wyposa\u017cono go r\u00f3wnie\u017c w prze\u0142\u0105cznik t\u0142okowy, kt\u00f3ry pozwala na wskazanie, czy drzwi s\u0105 zamkni\u0119te i zablokowane, czy otwarte i odblokowane. Dzi\u0119ki temu urz\u0105dzenie to jest przydatne zar\u00f3wno do cel\u00f3w bezpiecze\u0144stwa, jak i monitorowania drzwi.<\/p>\n<p class=\"\" data-start=\"1687\" data-end=\"1975\">Posiada imponuj\u0105c\u0105 wytrzyma\u0142o\u015b\u0107 na rozerwanie wynosz\u0105c\u0105 1500 kg (15 kN) i jest zaprojektowana tak, aby wytrzymywa\u0107 uderzenia fizyczne, zachowuj\u0105c jednocze\u015bnie wysok\u0105 funkcjonalno\u015b\u0107 przy du\u017cej cz\u0119stotliwo\u015bci otwierania.<\/p>\n<p class=\"\" data-start=\"1687\" data-end=\"1975\">Dzi\u0119ki niskiemu poborowi pr\u0105du, wynosz\u0105cemu zaledwie 35 mA przy napi\u0119ciu 24 V DC, zamek elektryczny jest r\u00f3wnie\u017c energooszcz\u0119dny.<\/p>\n<p class=\"\" data-start=\"1977\" data-end=\"2007\"><strong data-start=\"1977\" data-end=\"2007\">G\u0142\u00f3wne cechy i korzy\u015bci:<\/strong><\/p>\n<ul data-start=\"2008\" data-end=\"2630\">\n<li class=\"\" data-start=\"2008\" data-end=\"2095\">\n<p class=\"\" data-start=\"2010\" data-end=\"2095\">Technologia List Pressure: Wytrzymuje nacisk do 150 kg bez wp\u0142ywu na funkcjonowanie drzwi.<\/p>\n<\/li>\n<li class=\"\" data-start=\"2096\" data-end=\"2180\">\n<p class=\"\" data-start=\"2098\" data-end=\"2180\">Ognioodporno\u015b\u0107: Certyfikat odporno\u015bci ogniowej E\/EI 120 (120 minut).<\/p>\n<\/li>\n<li class=\"\" data-start=\"2181\" data-end=\"2267\">\n<p class=\"\" data-start=\"2183\" data-end=\"2267\">Wysoka wytrzyma\u0142o\u015b\u0107 na zerwanie: wytrzymuje obci\u0105\u017cenie do 1500 kg (15 kN), zapewniaj\u0105c solidne bezpiecze\u0144stwo.<\/p>\n<\/li>\n<li class=\"\" data-start=\"2268\" data-end=\"2348\">\n<p class=\"\" data-start=\"2270\" data-end=\"2348\">Prze\u0142\u0105cznik t\u0142okowy: Informuje, czy drzwi s\u0105 zamkni\u0119te i zablokowane, czy otwarte i odblokowane.<\/p>\n<\/li>\n<li class=\"\" data-start=\"2349\" data-end=\"2447\">\n<p class=\"\" data-start=\"2351\" data-end=\"2447\">Funkcja odwrotna: drzwi pozostaj\u0105 odblokowane po od\u0142\u0105czeniu zasilania, co jest idealnym rozwi\u0105zaniem w sytuacjach awaryjnych.<\/p>\n<\/li>\n<li class=\"\" data-start=\"2448\" data-end=\"2552\">\n<p class=\"\" data-start=\"2450\" data-end=\"2552\">Energooszcz\u0119dno\u015b\u0107: Pob\u00f3r pr\u0105du wynosi 35 mA przy napi\u0119ciu 24 V DC, co czyni to rozwi\u0105zanie wydajnym.<\/p>\n<\/li>\n<li class=\"\" data-start=\"2553\" data-end=\"2630\">\n<p class=\"\" data-start=\"2555\" data-end=\"2630\">Ma\u0142y rozmiar: pasuje do wi\u0119kszo\u015bci standardowych gniazdek, co u\u0142atwia instalacj\u0119.<\/p>\n<\/li>\n<\/ul>\n<p class=\"\" data-start=\"2632\" data-end=\"2930\">Zgodno\u015b\u0107: Zamek elektryczny ES19 po prawej stronie jest kompatybilny zar\u00f3wno z zamkami z pojedynczym, jak i podw\u00f3jnym ryglem, dzi\u0119ki czemu sprawdza si\u0119 w drzwiach o standardowych wymaganiach bezpiecze\u0144stwa. Jest odwracalny, dzi\u0119ki czemu pasuje zar\u00f3wno do drzwi prawo-, jak i lewoskr\u0119tnych, co zapewnia elastyczno\u015b\u0107 monta\u017cu.<\/p>\n<p class=\"\" data-start=\"2932\" data-end=\"2955\">Wymagania dotycz\u0105ce zasilania:<\/p>\n<ul data-start=\"2956\" data-end=\"3120\">\n<li class=\"\" data-start=\"2956\" data-end=\"3000\">\n<p class=\"\" data-start=\"2958\" data-end=\"3000\">Napi\u0119cie: 12V lub 24V DC \u00b115 % -10 %<\/p>\n<\/li>\n<li class=\"\" data-start=\"3001\" data-end=\"3064\">\n<p class=\"\" data-start=\"3003\" data-end=\"3064\">Pob\u00f3r pr\u0105du: 35 mA przy 24 V DC (maks. 60 mA przy 12 V DC)<\/p>\n<\/li>\n<li class=\"\" data-start=\"3065\" data-end=\"3120\">\n<p class=\"\" data-start=\"3067\" data-end=\"3120\">Mikrowy\u0142\u0105cznik: Pojedynczy biegun prze\u0142\u0105czaj\u0105cy, maks. 30V pr\u0105du sta\u0142ego, 1A<\/p>\n<\/li>\n<\/ul>","protected":false},"excerpt":{"rendered":"<p>P\u0142ytka ochronna elektryczna ES19 prawa firmy Safetron z technologi\u0105 nadruku paskowego i wytrzyma\u0142o\u015bci\u0105 na zerwanie 1500 kg, ognioodporna do 120 minut.<\/p>\n<p>Idealny do drzwi o standardowych wymaganiach bezpiecze\u0144stwa i du\u017cej cz\u0119stotliwo\u015bci otwierania.<\/p>","protected":false},"featured_media":137582,"template":"","meta":{"_acf_changed":false},"product_brand":[],"product_cat":[3355],"product_tag":[4196,4200],"class_list":{"0":"post-92828","1":"product","2":"type-product","3":"status-publish","4":"has-post-thumbnail","6":"product_cat-elslutbleck","7":"product_tag-12-24v","8":"product_tag-rattvand","9":"product_shipping_class-tunga-paket","10":"pa_brands-7safetron","11":"pa_farg-rostfritt-stal","12":"tm-no-options","14":"first","15":"instock","16":"sale","17":"taxable","18":"shipping-taxable","19":"purchasable","20":"product-type-simple"},"acf":[],"_links":{"self":[{"href":"https:\/\/secureus.se\/pl\/wp-json\/wp\/v2\/product\/92828","targetHints":{"allow":["GET"]}}],"collection":[{"href":"https:\/\/secureus.se\/pl\/wp-json\/wp\/v2\/product"}],"about":[{"href":"https:\/\/secureus.se\/pl\/wp-json\/wp\/v2\/types\/product"}],"wp:featuredmedia":[{"embeddable":true,"href":"https:\/\/secureus.se\/pl\/wp-json\/wp\/v2\/media\/137582"}],"wp:attachment":[{"href":"https:\/\/secureus.se\/pl\/wp-json\/wp\/v2\/media?parent=92828"}],"wp:term":[{"taxonomy":"product_brand","embeddable":true,"href":"https:\/\/secureus.se\/pl\/wp-json\/wp\/v2\/product_brand?post=92828"},{"taxonomy":"product_cat","embeddable":true,"href":"https:\/\/secureus.se\/pl\/wp-json\/wp\/v2\/product_cat?post=92828"},{"taxonomy":"product_tag","embeddable":true,"href":"https:\/\/secureus.se\/pl\/wp-json\/wp\/v2\/product_tag?post=92828"}],"curies":[{"name":"wp","href":"https:\/\/api.w.org\/{rel}","templated":true}]}}