{"id":92833,"date":"2024-06-16T23:12:01","date_gmt":"2024-06-16T21:12:01","guid":{"rendered":"https:\/\/secureus.se\/?post_type=product&#038;p=92833"},"modified":"2026-02-20T11:47:17","modified_gmt":"2026-02-20T10:47:17","slug":"elslutbleck-st900-90-preload","status":"publish","type":"product","link":"https:\/\/secureus.se\/pl\/elslutbleck-st900-90-preload\/","title":{"rendered":"Elektryczna p\u0142yta ko\u0144cowa ST900 (90 napr\u0119\u017ce\u0144 wst\u0119pnych)"},"content":{"rendered":"<h1>Elektryczna p\u0142yta ko\u0144cowa ST900 (90 napr\u0119\u017ce\u0144 wst\u0119pnych)<\/h1>\n<p class=\"\" data-start=\"668\" data-end=\"1084\">Elektryczna p\u0142ytka zaczepowa ST900 (90 napr\u0119\u017ce\u0144 wst\u0119pnych) firmy STEP to <strong data-start=\"715\" data-end=\"748\">kompaktowe i wydajne rozwi\u0105zanie<\/strong> do drzwi wymagaj\u0105cych wysokiego poziomu bezpiecze\u0144stwa i elastyczno\u015bci.<\/p>\n<p class=\"\" data-start=\"668\" data-end=\"1084\">Z <strong data-start=\"809\" data-end=\"840\">opatentowana technologia druku paskowego<\/strong>, ten elektrozaczep mo\u017cna otworzy\u0107 nawet wtedy, gdy drzwi zostan\u0105 poddane ci\u015bnieniu do <strong data-start=\"916\" data-end=\"926\">250 kg<\/strong>.<\/p>\n<p class=\"\" data-start=\"668\" data-end=\"1084\">Dzi\u0119ki temu STEP 90 Preload doskonale sprawdza si\u0119 w przypadku drzwi, kt\u00f3re cz\u0119sto nara\u017cone s\u0105 na przeszkody takie jak \u017cwir lub \u015bnieg na progu, lub w przypadku drzwi, kt\u00f3re s\u0105 lekko krzywe.<\/p>\n<p class=\"\" data-start=\"1086\" data-end=\"1410\">The <strong data-start=\"1090\" data-end=\"1110\">wysoka wytrzyma\u0142o\u015b\u0107 na zerwanie<\/strong> NA <strong data-start=\"1114\" data-end=\"1133\">1200kg (12kN)<\/strong> zapewnia bezpiecze\u0144stwo i odporno\u015b\u0107 drzwi na napr\u0119\u017cenia, dzi\u0119ki czemu idealnie nadaj\u0105 si\u0119 do miejsc, w kt\u00f3rych cz\u0119sto si\u0119 otwiera drzwi.<\/p>\n<p class=\"\" data-start=\"1086\" data-end=\"1410\">Ponadto jest to <strong data-start=\"1285\" data-end=\"1303\">przetestowany fabrycznie<\/strong> wytrzyma\u0107 do <strong data-start=\"1326\" data-end=\"1354\">1 500 000 cykli otwierania<\/strong>, co czyni je rozwi\u0105zaniem niezawodnym i trwa\u0142ym.<\/p>\n<p class=\"\" data-start=\"1412\" data-end=\"1800\">KROK 90 Wst\u0119pne \u0142adowanie to <strong data-start=\"1431\" data-end=\"1463\">odporno\u015b\u0107 ogniowa wg E\/EI 120<\/strong>, co czyni go certyfikowanym do stosowania w <strong data-start=\"1509\" data-end=\"1537\">drzwi dziel\u0105ce pomieszczenie ogniowe<\/strong>, kt\u00f3ry jest wa\u017cnym elementem bezpiecze\u0144stwa w wielu budynkach.<\/p>\n<p class=\"\" data-start=\"1412\" data-end=\"1800\">Dodatkowo p\u0142yta elektrozaczepu posiada <strong data-start=\"1626\" data-end=\"1645\">funkcja odwrotna<\/strong>, co oznacza, \u017ce drzwi s\u0105 <strong data-start=\"1676\" data-end=\"1704\">odblokowany po od\u0142\u0105czeniu zasilania<\/strong>, co przydaje si\u0119 w sytuacjach awaryjnych lub gdy drzwi musz\u0105 zosta\u0107 odblokowane podczas przerwy w dostawie pr\u0105du.<\/p>\n<p class=\"\" data-start=\"1802\" data-end=\"2099\">Kolejn\u0105 zalet\u0105 STEP 90 Preload jest jego <strong data-start=\"1846\" data-end=\"1862\">elastyczno\u015b\u0107<\/strong>:jest odwracalny, aby pasowa\u0142 do obu <strong data-start=\"1898\" data-end=\"1933\">drzwi prawe i lewe<\/strong>i jego funkcj\u0119 mo\u017cna \u0142atwo zmieni\u0107 <strong data-start=\"1976\" data-end=\"1988\">sprawiedliwy<\/strong> Do <strong data-start=\"1994\" data-end=\"2004\">odwraca\u0107<\/strong> podczas instalacji, co zapewnia ni\u017csze koszty obs\u0142ugi i wi\u0119ksz\u0105 elastyczno\u015b\u0107 instalacji.<\/p>\n<p class=\"\" data-start=\"2101\" data-end=\"2131\"><strong data-start=\"2101\" data-end=\"2131\">G\u0142\u00f3wne cechy i korzy\u015bci:<\/strong><\/p>\n<ul data-start=\"2132\" data-end=\"2853\">\n<li class=\"\" data-start=\"2132\" data-end=\"2207\">\n<p class=\"\" data-start=\"2134\" data-end=\"2207\"><strong data-start=\"2134\" data-end=\"2156\">Prawid\u0142owa funkcja:<\/strong> W razie zaniku zasilania drzwi pozostaj\u0105 zamkni\u0119te ze wzgl\u0119d\u00f3w bezpiecze\u0144stwa.<\/p>\n<\/li>\n<li class=\"\" data-start=\"2208\" data-end=\"2291\">\n<p class=\"\" data-start=\"2210\" data-end=\"2291\"><strong data-start=\"2210\" data-end=\"2231\">Technologia drukowania list:<\/strong> Wytrzymuje nacisk do 250 kg i otwiera drzwi pomimo nacisku.<\/p>\n<\/li>\n<li class=\"\" data-start=\"2292\" data-end=\"2369\">\n<p class=\"\" data-start=\"2294\" data-end=\"2369\"><strong data-start=\"2294\" data-end=\"2313\">Wysoka wytrzyma\u0142o\u015b\u0107 na zerwanie:<\/strong> 1200 kg (12 kN) wytrzymuje napr\u0119\u017cenia fizyczne.<\/p>\n<\/li>\n<li class=\"\" data-start=\"2370\" data-end=\"2484\">\n<p class=\"\" data-start=\"2372\" data-end=\"2484\"><strong data-start=\"2372\" data-end=\"2389\">Zatwierdzone przez ogie\u0144:<\/strong> Posiadaj\u0105 certyfikat odporno\u015bci ogniowej E\/EI 120, co umo\u017cliwia bezpieczne stosowanie ich w drzwiach oddzielaj\u0105cych strefy przeciwpo\u017carowe.<\/p>\n<\/li>\n<li class=\"\" data-start=\"2485\" data-end=\"2562\">\n<p class=\"\" data-start=\"2487\" data-end=\"2562\"><strong data-start=\"2487\" data-end=\"2506\">Testowane fabrycznie:<\/strong> Przetestowano na 1 500 000 cykli otwierania, aby zapewni\u0107 d\u0142ug\u0105 \u017cywotno\u015b\u0107.<\/p>\n<\/li>\n<li class=\"\" data-start=\"2563\" data-end=\"2694\">\n<p class=\"\" data-start=\"2565\" data-end=\"2694\"><strong data-start=\"2565\" data-end=\"2591\">Elastyczna instalacja:<\/strong> Mo\u017cna go stosowa\u0107 zar\u00f3wno z zamkami z pojedynczym, jak i podw\u00f3jnym zatrzaskiem. Mo\u017cna go odwraca\u0107, aby pasowa\u0142 do drzwi otwieranych na praw\u0105 i lew\u0105 stron\u0119.<\/p>\n<\/li>\n<li class=\"\" data-start=\"2695\" data-end=\"2772\">\n<p class=\"\" data-start=\"2697\" data-end=\"2772\"><strong data-start=\"2697\" data-end=\"2724\">Ochrona przed manipulacj\u0105:<\/strong> Zabezpieczenie przed manipulacj\u0105, zapobiegaj\u0105ce nieautoryzowanemu dost\u0119powi.<\/p>\n<\/li>\n<li class=\"\" data-start=\"2773\" data-end=\"2853\">\n<p class=\"\" data-start=\"2775\" data-end=\"2853\"><strong data-start=\"2775\" data-end=\"2791\">Kontakt t\u0142okowy:<\/strong> Wskazuje, czy drzwi s\u0105 zamkni\u0119te i zablokowane czy otwarte i odblokowane.<\/p>\n<\/li>\n<\/ul>\n<p class=\"\" data-start=\"2855\" data-end=\"3141\"><strong data-start=\"2855\" data-end=\"2873\">Zgodno\u015b\u0107:<\/strong> Elektryczna p\u0142ytka zaczepowa ST900 (90 napr\u0119\u017cenie wst\u0119pne) jest kompatybilna z <strong data-start=\"2924\" data-end=\"2939\">zamek jednoskrzyd\u0142owy<\/strong> I <strong data-start=\"2944\" data-end=\"2960\">zamek dwuskrzyd\u0142owy<\/strong>i pasuje zar\u00f3wno do drzwi prawych, jak i lewych. Przeznaczony jest do drzwi nara\u017conych na nacisk i posiadaj\u0105cych: <strong data-start=\"3068\" data-end=\"3092\">wysoka cz\u0119stotliwo\u015b\u0107 otwierania<\/strong>i do stosowania w drzwiach oddzielaj\u0105cych pomieszczenia przeciwpo\u017carowe.<\/p>\n<p class=\"\" data-start=\"3143\" data-end=\"3166\"><strong data-start=\"3143\" data-end=\"3166\">Wymagania dotycz\u0105ce zasilania:<\/strong><\/p>\n<ul data-start=\"3167\" data-end=\"3336\">\n<li class=\"\" data-start=\"3167\" data-end=\"3211\">\n<p class=\"\" data-start=\"3169\" data-end=\"3211\"><strong data-start=\"3169\" data-end=\"3182\">Wolta\u017c:<\/strong> 12 V lub 24 V pr\u0105du sta\u0142ego \u00b115 % -10 %<\/p>\n<\/li>\n<li class=\"\" data-start=\"3212\" data-end=\"3267\">\n<p class=\"\" data-start=\"3214\" data-end=\"3267\"><strong data-start=\"3214\" data-end=\"3235\">Pob\u00f3r mocy:<\/strong> 110 mAh przy 24 V DC (maks. 300 mA)<\/p>\n<\/li>\n<li class=\"\" data-start=\"3268\" data-end=\"3336\">\n<p class=\"\" data-start=\"3270\" data-end=\"3336\"><strong data-start=\"3270\" data-end=\"3286\">Kontakt t\u0142okowy:<\/strong> Mikrowy\u0142\u0105cznik, prze\u0142\u0105czalny jednobiegunowy, max. 30V pr\u0105du sta\u0142ego, 1A<\/p>\n<\/li>\n<\/ul>","protected":false},"excerpt":{"rendered":"<p>Elektryczna blacha zaczepowa ST900 (90 Wst\u0119pne napr\u0119\u017cenie) firmy STEP z funkcj\u0105 prawostronn\u0105, wytrzyma\u0142o\u015bci\u0105 na zerwanie 1200 kg i naciskiem ta\u015bmy 250 kg.<\/p>\n<p>Zatwierdzone ognioodpornie zgodnie z norm\u0105 E\/EI 120, idealne do drzwi nara\u017conych na nacisk i du\u017c\u0105 cz\u0119stotliwo\u015b\u0107 otwierania.<\/p>","protected":false},"featured_media":137100,"template":"","meta":{"_acf_changed":false},"product_brand":[],"product_cat":[3355],"product_tag":[4197],"class_list":{"0":"post-92833","1":"product","2":"type-product","3":"status-publish","4":"has-post-thumbnail","6":"product_cat-elslutbleck","7":"product_tag-24v","8":"product_shipping_class-tunga-paket","9":"pa_brands-step","10":"tm-no-options","12":"first","13":"instock","14":"sale","15":"taxable","16":"shipping-taxable","17":"purchasable","18":"product-type-simple"},"acf":[],"_links":{"self":[{"href":"https:\/\/secureus.se\/pl\/wp-json\/wp\/v2\/product\/92833","targetHints":{"allow":["GET"]}}],"collection":[{"href":"https:\/\/secureus.se\/pl\/wp-json\/wp\/v2\/product"}],"about":[{"href":"https:\/\/secureus.se\/pl\/wp-json\/wp\/v2\/types\/product"}],"wp:featuredmedia":[{"embeddable":true,"href":"https:\/\/secureus.se\/pl\/wp-json\/wp\/v2\/media\/137100"}],"wp:attachment":[{"href":"https:\/\/secureus.se\/pl\/wp-json\/wp\/v2\/media?parent=92833"}],"wp:term":[{"taxonomy":"product_brand","embeddable":true,"href":"https:\/\/secureus.se\/pl\/wp-json\/wp\/v2\/product_brand?post=92833"},{"taxonomy":"product_cat","embeddable":true,"href":"https:\/\/secureus.se\/pl\/wp-json\/wp\/v2\/product_cat?post=92833"},{"taxonomy":"product_tag","embeddable":true,"href":"https:\/\/secureus.se\/pl\/wp-json\/wp\/v2\/product_tag?post=92833"}],"curies":[{"name":"wp","href":"https:\/\/api.w.org\/{rel}","templated":true}]}}