{"id":92835,"date":"2024-06-16T23:12:01","date_gmt":"2024-06-16T21:12:01","guid":{"rendered":"https:\/\/secureus.se\/?post_type=product&#038;p=92835"},"modified":"2026-02-20T11:51:21","modified_gmt":"2026-02-20T10:51:21","slug":"elslutbleck-60-st601","status":"publish","type":"product","link":"https:\/\/secureus.se\/pl\/elslutbleck-60-st601\/","title":{"rendered":"Elektryczna p\u0142yta ko\u0144cowa 60 ST601"},"content":{"rendered":"<h1>Elektryczna p\u0142yta ko\u0144cowa 60 ST601<\/h1>\n<p class=\"\" data-start=\"686\" data-end=\"1157\">Elektryczna p\u0142ytka zaczepowa 60 ST601 firmy STEP jest cz\u0119\u015bci\u0105 STEPs <strong data-start=\"736\" data-end=\"752\">Seria cicha<\/strong>, co oznacza, \u017ce oferuje <strong data-start=\"789\" data-end=\"833\">Prawie bezg\u0142o\u015bne otwieranie i zamykanie<\/strong> dzi\u0119ki opatentowanemu <strong data-start=\"860\" data-end=\"884\">Technologia STEP Silent<\/strong>.<\/p>\n<p class=\"\" data-start=\"686\" data-end=\"1157\">Dzi\u0119ki temu STEP 60 Silent jest idealnym wyborem do drzwi, z kt\u00f3rych korzysta si\u0119 cz\u0119sto, gdzie <strong data-start=\"975\" data-end=\"997\">obni\u017cony poziom ha\u0142asu<\/strong> jest po\u017c\u0105dane np. w szko\u0142ach, biurach i szpitalach.<\/p>\n<p class=\"\" data-start=\"686\" data-end=\"1157\">The <strong data-start=\"1060\" data-end=\"1073\">mi\u0119kki spacer<\/strong> I <strong data-start=\"1078\" data-end=\"1099\">funkcja cicha<\/strong> pomaga stworzy\u0107 lepsze i bardziej komfortowe \u015brodowisko przy drzwiach.<\/p>\n<p class=\"\" data-start=\"1159\" data-end=\"1592\">Z imponuj\u0105cym <strong data-start=\"1178\" data-end=\"1211\">wytrzyma\u0142o\u015b\u0107 na zerwanie 1600 kg (16 kN)<\/strong> i jeden <strong data-start=\"1219\" data-end=\"1252\">no\u015bno\u015b\u0107 ta\u015bmy 100 kg<\/strong>, p\u0142yta elektrozaczepu gwarantuje <strong data-start=\"1279\" data-end=\"1295\">wysokie bezpiecze\u0144stwo<\/strong> i niezawodno\u015b\u0107 dzia\u0142ania nawet w ekstremalnych warunkach.<\/p>\n<p class=\"\" data-start=\"1159\" data-end=\"1592\">Drzwi zosta\u0142y zaprojektowane tak, aby otwiera\u0142y si\u0119 bez problem\u00f3w, nawet je\u015bli s\u0105 nara\u017cone na nacisk, np. \u015bniegu, \u017cwiru lub gdy s\u0105 krzywe. Opatentowany <strong data-start=\"1499\" data-end=\"1521\">technika drukowania listy<\/strong> umo\u017cliwia odblokowanie drzwi, nawet je\u017celi zostan\u0105 poddane naciskowi.<\/p>\n<p class=\"\" data-start=\"1594\" data-end=\"1917\">Elektryczna p\u0142ytka zaczepowa 60 ST601 ma <strong data-start=\"1619\" data-end=\"1638\">funkcja odwrotna<\/strong>, co oznacza, \u017ce drzwi pozostaj\u0105 odblokowane po od\u0142\u0105czeniu zasilania, co jest idealnym rozwi\u0105zaniem w przypadku, gdy drzwi musz\u0105 pozosta\u0107 otwarte w nag\u0142ym wypadku lub w przypadku zaniku zasilania.<\/p>\n<p class=\"\" data-start=\"1594\" data-end=\"1917\">To jest <strong data-start=\"1810\" data-end=\"1826\">ognioodporny<\/strong> wed\u0142ug <strong data-start=\"1834\" data-end=\"1846\">EI 120<\/strong>, co czyni go certyfikowanym do stosowania w drzwiach oddzielaj\u0105cych pomieszczenia przeciwpo\u017carowe.<\/p>\n<p class=\"\" data-start=\"1919\" data-end=\"1949\"><strong data-start=\"1919\" data-end=\"1949\">G\u0142\u00f3wne cechy i korzy\u015bci:<\/strong><\/p>\n<ul data-start=\"1950\" data-end=\"2568\">\n<li class=\"\" data-start=\"1950\" data-end=\"2034\">\n<p class=\"\" data-start=\"1952\" data-end=\"2034\"><strong data-start=\"1952\" data-end=\"1973\">Technologia drukowania list:<\/strong> Wytrzymuje nacisk do 100 kg i otwiera drzwi pomimo przeszk\u00f3d.<\/p>\n<\/li>\n<li class=\"\" data-start=\"2035\" data-end=\"2130\">\n<p class=\"\" data-start=\"2037\" data-end=\"2130\"><strong data-start=\"2037\" data-end=\"2068\">Wytrzyma\u0142o\u015b\u0107 na zerwanie 1600 kg (16 kN):<\/strong> Zapewnia bardzo wysoki poziom bezpiecze\u0144stwa dla drzwi nara\u017conych na obci\u0105\u017cenia.<\/p>\n<\/li>\n<li class=\"\" data-start=\"2131\" data-end=\"2231\">\n<p class=\"\" data-start=\"2133\" data-end=\"2231\"><strong data-start=\"2133\" data-end=\"2156\">Cicha i spokojna praca:<\/strong> Opatentowana technologia, dzi\u0119ki kt\u00f3rej otwieranie i zamykanie drzwi jest niemal bezg\u0142o\u015bne.<\/p>\n<\/li>\n<li class=\"\" data-start=\"2232\" data-end=\"2298\">\n<p class=\"\" data-start=\"2234\" data-end=\"2298\"><strong data-start=\"2234\" data-end=\"2251\">Zatwierdzone przez ogie\u0144:<\/strong> Certyfikowany pod k\u0105tem ognioodporno\u015bci zgodnie z norm\u0105 E\/EI 120.<\/p>\n<\/li>\n<li class=\"\" data-start=\"2299\" data-end=\"2401\">\n<p class=\"\" data-start=\"2301\" data-end=\"2401\"><strong data-start=\"2301\" data-end=\"2321\">Funkcja odwrotna:<\/strong> Drzwi pozostaj\u0105 odblokowane po od\u0142\u0105czeniu zasilania, co czyni je przydatnym rozwi\u0105zaniem w sytuacjach awaryjnych.<\/p>\n<\/li>\n<li class=\"\" data-start=\"2402\" data-end=\"2489\">\n<p class=\"\" data-start=\"2404\" data-end=\"2489\"><strong data-start=\"2404\" data-end=\"2420\">Kontakt t\u0142okowy:<\/strong> Aby wskaza\u0107, czy drzwi s\u0105 zamkni\u0119te i zablokowane, czy otwarte i odblokowane.<\/p>\n<\/li>\n<li class=\"\" data-start=\"2490\" data-end=\"2568\">\n<p class=\"\" data-start=\"2492\" data-end=\"2568\"><strong data-start=\"2492\" data-end=\"2517\">Wysoka odporno\u015b\u0107 na w\u0142amania:<\/strong> Zabezpieczone przed manipulacj\u0105 i nieautoryzowan\u0105 manipulacj\u0105.<\/p>\n<\/li>\n<\/ul>\n<p class=\"\" data-start=\"2570\" data-end=\"2812\"><strong data-start=\"2570\" data-end=\"2588\">Zgodno\u015b\u0107:<\/strong> Elektryczna p\u0142ytka zaczepowa 60 ST601 przeznaczona jest do <strong data-start=\"2626\" data-end=\"2641\">zamek jednoskrzyd\u0142owy<\/strong> I <strong data-start=\"2646\" data-end=\"2662\">zamek dwuskrzyd\u0142owy<\/strong> i pasuje do obu <strong data-start=\"2679\" data-end=\"2714\">drzwi prawe i lewe<\/strong>. Szczeg\u00f3lnie przydatny do drzwi z <strong data-start=\"2758\" data-end=\"2772\">du\u017cy ruch<\/strong> lub tam <strong data-start=\"2783\" data-end=\"2799\">niski poziom ha\u0142asu<\/strong> jest wymogiem.<\/p>\n<p class=\"\" data-start=\"2814\" data-end=\"2837\"><strong data-start=\"2814\" data-end=\"2837\">Wymagania dotycz\u0105ce zasilania:<\/strong><\/p>\n<ul data-start=\"2838\" data-end=\"3010\">\n<li class=\"\" data-start=\"2838\" data-end=\"2882\">\n<p class=\"\" data-start=\"2840\" data-end=\"2882\"><strong data-start=\"2840\" data-end=\"2853\">Wolta\u017c:<\/strong> 12 V lub 24 V pr\u0105du sta\u0142ego \u00b115 % -10 %<\/p>\n<\/li>\n<li class=\"\" data-start=\"2883\" data-end=\"2942\">\n<p class=\"\" data-start=\"2885\" data-end=\"2942\"><strong data-start=\"2885\" data-end=\"2906\">Pob\u00f3r mocy:<\/strong> Maksymalnie 250 mA przy 24 V DC, 121 mA odblokowane<\/p>\n<\/li>\n<li class=\"\" data-start=\"2943\" data-end=\"3010\">\n<p class=\"\" data-start=\"2945\" data-end=\"3010\"><strong data-start=\"2945\" data-end=\"2961\">Kontakt t\u0142okowy:<\/strong> Mikroprze\u0142\u0105cznik, jednobiegunowy, maks. 30 V DC, 1 A<\/p>\n<\/li>\n<\/ul>","protected":false},"excerpt":{"rendered":"<p>Elektryczna blacha zaczepowa 60 ST601, wyposa\u017cona w technologi\u0119 docisku listwy i wytrzyma\u0142o\u015b\u0107 na zerwanie 1600 kg, charakteryzuje si\u0119 p\u0142ynn\u0105 i cich\u0105 prac\u0105.<\/p>\n<p>Posiadaj\u0105 klas\u0119 odporno\u015bci ogniowej E\/EI 120, idealne do drzwi o du\u017cym nat\u0119\u017ceniu ruchu, np. w szko\u0142ach, biurach i szpitalach.<\/p>","protected":false},"featured_media":137574,"template":"","meta":{"_acf_changed":false},"product_brand":[],"product_cat":[3355],"product_tag":[4197,4202],"class_list":{"0":"post-92835","1":"product","2":"type-product","3":"status-publish","4":"has-post-thumbnail","6":"product_cat-elslutbleck","7":"product_tag-24v","8":"product_tag-omstallbar-rattvand-omvand","9":"product_shipping_class-tunga-paket","10":"pa_brands-step","11":"tm-no-options","13":"first","14":"instock","15":"sale","16":"taxable","17":"shipping-taxable","18":"purchasable","19":"product-type-simple"},"acf":[],"_links":{"self":[{"href":"https:\/\/secureus.se\/pl\/wp-json\/wp\/v2\/product\/92835","targetHints":{"allow":["GET"]}}],"collection":[{"href":"https:\/\/secureus.se\/pl\/wp-json\/wp\/v2\/product"}],"about":[{"href":"https:\/\/secureus.se\/pl\/wp-json\/wp\/v2\/types\/product"}],"wp:featuredmedia":[{"embeddable":true,"href":"https:\/\/secureus.se\/pl\/wp-json\/wp\/v2\/media\/137574"}],"wp:attachment":[{"href":"https:\/\/secureus.se\/pl\/wp-json\/wp\/v2\/media?parent=92835"}],"wp:term":[{"taxonomy":"product_brand","embeddable":true,"href":"https:\/\/secureus.se\/pl\/wp-json\/wp\/v2\/product_brand?post=92835"},{"taxonomy":"product_cat","embeddable":true,"href":"https:\/\/secureus.se\/pl\/wp-json\/wp\/v2\/product_cat?post=92835"},{"taxonomy":"product_tag","embeddable":true,"href":"https:\/\/secureus.se\/pl\/wp-json\/wp\/v2\/product_tag?post=92835"}],"curies":[{"name":"wp","href":"https:\/\/api.w.org\/{rel}","templated":true}]}}